{"id":837,"date":"2018-05-22T16:33:32","date_gmt":"2018-05-22T09:33:32","guid":{"rendered":"https:\/\/snsvietnam.com\/?post_type=product&#038;p=837"},"modified":"2019-02-12T13:19:38","modified_gmt":"2019-02-12T06:19:38","slug":"van-dien-tu-sns-mvsc220-series","status":"publish","type":"product","link":"https:\/\/snsvietnam.com\/en\/san-pham\/van-dien-tu-sns-mvsc220-series\/","title":{"rendered":"MVSC220 SERIES SOLENOID VALVE"},"content":{"rendered":"<p><img decoding=\"async\" src=\"https:\/\/snsvietnam.com\/wp-content\/uploads\/2018\/05\/MVSC-Series-Solenoid-Valve-1.jpg\" alt=\"\" width=\"1440\" height=\"1628\" class=\"alignnone size-full wp-image-839\" srcset=\"https:\/\/snsvietnam.com\/wp-content\/uploads\/2018\/05\/MVSC-Series-Solenoid-Valve-1.jpg 1440w, https:\/\/snsvietnam.com\/wp-content\/uploads\/2018\/05\/MVSC-Series-Solenoid-Valve-1-265x300.jpg 265w, https:\/\/snsvietnam.com\/wp-content\/uploads\/2018\/05\/MVSC-Series-Solenoid-Valve-1-768x868.jpg 768w, https:\/\/snsvietnam.com\/wp-content\/uploads\/2018\/05\/MVSC-Series-Solenoid-Valve-1-906x1024.jpg 906w, https:\/\/snsvietnam.com\/wp-content\/uploads\/2018\/05\/MVSC-Series-Solenoid-Valve-1-129x146.jpg 129w, https:\/\/snsvietnam.com\/wp-content\/uploads\/2018\/05\/MVSC-Series-Solenoid-Valve-1-44x50.jpg 44w, https:\/\/snsvietnam.com\/wp-content\/uploads\/2018\/05\/MVSC-Series-Solenoid-Valve-1-66x75.jpg 66w, https:\/\/snsvietnam.com\/wp-content\/uploads\/2018\/05\/MVSC-Series-Solenoid-Valve-1-600x678.jpg 600w\" sizes=\"(max-width: 1440px) 100vw, 1440px\" \/><\/p>","protected":false},"excerpt":{"rendered":"<p><img loading=\"lazy\" decoding=\"async\" src=\"https:\/\/snsvietnam.com\/wp-content\/uploads\/2018\/05\/MVSC-Series-Solenoid-Valve.jpg\" alt=\"\" width=\"480\" height=\"97\" class=\"alignnone size-full wp-image-840\" srcset=\"https:\/\/snsvietnam.com\/wp-content\/uploads\/2018\/05\/MVSC-Series-Solenoid-Valve.jpg 480w, https:\/\/snsvietnam.com\/wp-content\/uploads\/2018\/05\/MVSC-Series-Solenoid-Valve-300x61.jpg 300w, https:\/\/snsvietnam.com\/wp-content\/uploads\/2018\/05\/MVSC-Series-Solenoid-Valve-260x53.jpg 260w, https:\/\/snsvietnam.com\/wp-content\/uploads\/2018\/05\/MVSC-Series-Solenoid-Valve-50x10.jpg 50w, https:\/\/snsvietnam.com\/wp-content\/uploads\/2018\/05\/MVSC-Series-Solenoid-Valve-150x30.jpg 150w\" sizes=\"(max-width: 480px) 100vw, 480px\" \/><\/p>\n","protected":false},"featured_media":841,"comment_status":"open","ping_status":"closed","template":"","meta":[],"product_brand":[],"product_cat":[22],"product_tag":[39,47,49,55,44,45],"class_list":{"0":"post-837","1":"product","2":"type-product","3":"status-publish","4":"has-post-thumbnail","6":"product_cat-van-khi-nen-sns","7":"product_tag-khi-nen","8":"product_tag-thiet-bi-khi-nen","9":"product_tag-thiet-bi-khi-nen-sns","10":"product_tag-van-dien-tu-sns","11":"product_tag-van-khi-nen","12":"product_tag-van-khi-nen-sns","14":"first","15":"instock","16":"shipping-taxable","17":"purchasable","18":"product-type-simple"},"yoast_head":"<!-- This site is optimized with the Yoast SEO plugin v27.3 - https:\/\/yoast.com\/product\/yoast-seo-wordpress\/ -->\n<title>VAN \u0110I\u1ec6N T\u1eea SNS MVSC220 SERIES<\/title>\n<meta name=\"description\" content=\"thi\u1ebft b\u1ecb kh\u00ed n\u00e9n, thi\u1ebft b\u1ecb kh\u00ed n\u00e9n sns, kh\u00ed n\u00e9n, van kh\u00ed n\u00e9n, van kh\u00ed n\u00e9n sns, van \u0111i\u1ec7n t\u1eeb sns\" \/>\n<meta name=\"robots\" content=\"index, follow, max-snippet:-1, max-image-preview:large, max-video-preview:-1\" \/>\n<link rel=\"canonical\" href=\"https:\/\/snsvietnam.com\/san-pham\/van-dien-tu-sns-mvsc220-series\/\" \/>\n<script type=\"application\/ld+json\" class=\"yoast-schema-graph\">{\"@context\":\"https:\\\/\\\/schema.org\",\"@graph\":[{\"@type\":\"WebPage\",\"@id\":\"https:\\\/\\\/snsvietnam.com\\\/san-pham\\\/van-dien-tu-sns-mvsc220-series\\\/\",\"url\":\"https:\\\/\\\/snsvietnam.com\\\/san-pham\\\/van-dien-tu-sns-mvsc220-series\\\/\",\"name\":\"VAN \u0110I\u1ec6N T\u1eea SNS MVSC220 SERIES\",\"isPartOf\":{\"@id\":\"https:\\\/\\\/snsvietnam.com\\\/#website\"},\"primaryImageOfPage\":{\"@id\":\"https:\\\/\\\/snsvietnam.com\\\/san-pham\\\/van-dien-tu-sns-mvsc220-series\\\/#primaryimage\"},\"image\":{\"@id\":\"https:\\\/\\\/snsvietnam.com\\\/san-pham\\\/van-dien-tu-sns-mvsc220-series\\\/#primaryimage\"},\"thumbnailUrl\":\"https:\\\/\\\/snsvietnam.com\\\/wp-content\\\/uploads\\\/2018\\\/05\\\/mvsc220-1-1.jpg\",\"datePublished\":\"2018-05-22T09:33:32+00:00\",\"dateModified\":\"2019-02-12T06:19:38+00:00\",\"description\":\"thi\u1ebft b\u1ecb kh\u00ed n\u00e9n, thi\u1ebft b\u1ecb kh\u00ed n\u00e9n sns, kh\u00ed n\u00e9n, van kh\u00ed n\u00e9n, van kh\u00ed n\u00e9n sns, van \u0111i\u1ec7n t\u1eeb sns\",\"breadcrumb\":{\"@id\":\"https:\\\/\\\/snsvietnam.com\\\/san-pham\\\/van-dien-tu-sns-mvsc220-series\\\/#breadcrumb\"},\"inLanguage\":\"en-US\",\"potentialAction\":[{\"@type\":\"ReadAction\",\"target\":[\"https:\\\/\\\/snsvietnam.com\\\/san-pham\\\/van-dien-tu-sns-mvsc220-series\\\/\"]}]},{\"@type\":\"ImageObject\",\"inLanguage\":\"en-US\",\"@id\":\"https:\\\/\\\/snsvietnam.com\\\/san-pham\\\/van-dien-tu-sns-mvsc220-series\\\/#primaryimage\",\"url\":\"https:\\\/\\\/snsvietnam.com\\\/wp-content\\\/uploads\\\/2018\\\/05\\\/mvsc220-1-1.jpg\",\"contentUrl\":\"https:\\\/\\\/snsvietnam.com\\\/wp-content\\\/uploads\\\/2018\\\/05\\\/mvsc220-1-1.jpg\",\"width\":500,\"height\":500},{\"@type\":\"BreadcrumbList\",\"@id\":\"https:\\\/\\\/snsvietnam.com\\\/san-pham\\\/van-dien-tu-sns-mvsc220-series\\\/#breadcrumb\",\"itemListElement\":[{\"@type\":\"ListItem\",\"position\":1,\"name\":\"Home\",\"item\":\"https:\\\/\\\/snsvietnam.com\\\/\"},{\"@type\":\"ListItem\",\"position\":2,\"name\":\"C\u1eeda h\u00e0ng\",\"item\":\"https:\\\/\\\/snsvietnam.com\\\/cua-hang-thiet-bi-sns\\\/\"},{\"@type\":\"ListItem\",\"position\":3,\"name\":\"00A6-VAN \u0110I\u1ec6N T\u1eea SNS MVSC220 SERIES\"}]},{\"@type\":\"WebSite\",\"@id\":\"https:\\\/\\\/snsvietnam.com\\\/#website\",\"url\":\"https:\\\/\\\/snsvietnam.com\\\/\",\"name\":\"Thi\u1ebft b\u1ecb kh\u00ed n\u00e9n\",\"description\":\"SNS\",\"publisher\":{\"@id\":\"https:\\\/\\\/snsvietnam.com\\\/#organization\"},\"potentialAction\":[{\"@type\":\"SearchAction\",\"target\":{\"@type\":\"EntryPoint\",\"urlTemplate\":\"https:\\\/\\\/snsvietnam.com\\\/?s={search_term_string}\"},\"query-input\":{\"@type\":\"PropertyValueSpecification\",\"valueRequired\":true,\"valueName\":\"search_term_string\"}}],\"inLanguage\":\"en-US\"},{\"@type\":\"Organization\",\"@id\":\"https:\\\/\\\/snsvietnam.com\\\/#organization\",\"name\":\"Cty Thi\u1ebft B\u1ecb Kh\u00ed N\u00e9n SNS Vi\u1ec7t Nam\",\"url\":\"https:\\\/\\\/snsvietnam.com\\\/\",\"logo\":{\"@type\":\"ImageObject\",\"inLanguage\":\"en-US\",\"@id\":\"https:\\\/\\\/snsvietnam.com\\\/#\\\/schema\\\/logo\\\/image\\\/\",\"url\":\"https:\\\/\\\/snsvietnam.com\\\/wp-content\\\/uploads\\\/2018\\\/05\\\/logo.png\",\"contentUrl\":\"https:\\\/\\\/snsvietnam.com\\\/wp-content\\\/uploads\\\/2018\\\/05\\\/logo.png\",\"width\":320,\"height\":41,\"caption\":\"Cty Thi\u1ebft B\u1ecb Kh\u00ed N\u00e9n SNS Vi\u1ec7t Nam\"},\"image\":{\"@id\":\"https:\\\/\\\/snsvietnam.com\\\/#\\\/schema\\\/logo\\\/image\\\/\"}}]}<\/script>\n<!-- \/ Yoast SEO plugin. -->","yoast_head_json":{"title":"VAN \u0110I\u1ec6N T\u1eea SNS MVSC220 SERIES","description":"thi\u1ebft b\u1ecb kh\u00ed n\u00e9n, thi\u1ebft b\u1ecb kh\u00ed n\u00e9n sns, kh\u00ed n\u00e9n, van kh\u00ed n\u00e9n, van kh\u00ed n\u00e9n sns, van \u0111i\u1ec7n t\u1eeb sns","robots":{"index":"index","follow":"follow","max-snippet":"max-snippet:-1","max-image-preview":"max-image-preview:large","max-video-preview":"max-video-preview:-1"},"canonical":"https:\/\/snsvietnam.com\/san-pham\/van-dien-tu-sns-mvsc220-series\/","schema":{"@context":"https:\/\/schema.org","@graph":[{"@type":"WebPage","@id":"https:\/\/snsvietnam.com\/san-pham\/van-dien-tu-sns-mvsc220-series\/","url":"https:\/\/snsvietnam.com\/san-pham\/van-dien-tu-sns-mvsc220-series\/","name":"VAN \u0110I\u1ec6N T\u1eea SNS MVSC220 SERIES","isPartOf":{"@id":"https:\/\/snsvietnam.com\/#website"},"primaryImageOfPage":{"@id":"https:\/\/snsvietnam.com\/san-pham\/van-dien-tu-sns-mvsc220-series\/#primaryimage"},"image":{"@id":"https:\/\/snsvietnam.com\/san-pham\/van-dien-tu-sns-mvsc220-series\/#primaryimage"},"thumbnailUrl":"https:\/\/snsvietnam.com\/wp-content\/uploads\/2018\/05\/mvsc220-1-1.jpg","datePublished":"2018-05-22T09:33:32+00:00","dateModified":"2019-02-12T06:19:38+00:00","description":"thi\u1ebft b\u1ecb kh\u00ed n\u00e9n, thi\u1ebft b\u1ecb kh\u00ed n\u00e9n sns, kh\u00ed n\u00e9n, van kh\u00ed n\u00e9n, van kh\u00ed n\u00e9n sns, van \u0111i\u1ec7n t\u1eeb sns","breadcrumb":{"@id":"https:\/\/snsvietnam.com\/san-pham\/van-dien-tu-sns-mvsc220-series\/#breadcrumb"},"inLanguage":"en-US","potentialAction":[{"@type":"ReadAction","target":["https:\/\/snsvietnam.com\/san-pham\/van-dien-tu-sns-mvsc220-series\/"]}]},{"@type":"ImageObject","inLanguage":"en-US","@id":"https:\/\/snsvietnam.com\/san-pham\/van-dien-tu-sns-mvsc220-series\/#primaryimage","url":"https:\/\/snsvietnam.com\/wp-content\/uploads\/2018\/05\/mvsc220-1-1.jpg","contentUrl":"https:\/\/snsvietnam.com\/wp-content\/uploads\/2018\/05\/mvsc220-1-1.jpg","width":500,"height":500},{"@type":"BreadcrumbList","@id":"https:\/\/snsvietnam.com\/san-pham\/van-dien-tu-sns-mvsc220-series\/#breadcrumb","itemListElement":[{"@type":"ListItem","position":1,"name":"Home","item":"https:\/\/snsvietnam.com\/"},{"@type":"ListItem","position":2,"name":"C\u1eeda h\u00e0ng","item":"https:\/\/snsvietnam.com\/cua-hang-thiet-bi-sns\/"},{"@type":"ListItem","position":3,"name":"00A6-VAN \u0110I\u1ec6N T\u1eea SNS MVSC220 SERIES"}]},{"@type":"WebSite","@id":"https:\/\/snsvietnam.com\/#website","url":"https:\/\/snsvietnam.com\/","name":"Thi\u1ebft b\u1ecb kh\u00ed n\u00e9n","description":"SNS","publisher":{"@id":"https:\/\/snsvietnam.com\/#organization"},"potentialAction":[{"@type":"SearchAction","target":{"@type":"EntryPoint","urlTemplate":"https:\/\/snsvietnam.com\/?s={search_term_string}"},"query-input":{"@type":"PropertyValueSpecification","valueRequired":true,"valueName":"search_term_string"}}],"inLanguage":"en-US"},{"@type":"Organization","@id":"https:\/\/snsvietnam.com\/#organization","name":"Cty Thi\u1ebft B\u1ecb Kh\u00ed N\u00e9n SNS Vi\u1ec7t Nam","url":"https:\/\/snsvietnam.com\/","logo":{"@type":"ImageObject","inLanguage":"en-US","@id":"https:\/\/snsvietnam.com\/#\/schema\/logo\/image\/","url":"https:\/\/snsvietnam.com\/wp-content\/uploads\/2018\/05\/logo.png","contentUrl":"https:\/\/snsvietnam.com\/wp-content\/uploads\/2018\/05\/logo.png","width":320,"height":41,"caption":"Cty Thi\u1ebft B\u1ecb Kh\u00ed N\u00e9n SNS Vi\u1ec7t Nam"},"image":{"@id":"https:\/\/snsvietnam.com\/#\/schema\/logo\/image\/"}}]}},"_links":{"self":[{"href":"https:\/\/snsvietnam.com\/en\/wp-json\/wp\/v2\/product\/837","targetHints":{"allow":["GET"]}}],"collection":[{"href":"https:\/\/snsvietnam.com\/en\/wp-json\/wp\/v2\/product"}],"about":[{"href":"https:\/\/snsvietnam.com\/en\/wp-json\/wp\/v2\/types\/product"}],"replies":[{"embeddable":true,"href":"https:\/\/snsvietnam.com\/en\/wp-json\/wp\/v2\/comments?post=837"}],"wp:featuredmedia":[{"embeddable":true,"href":"https:\/\/snsvietnam.com\/en\/wp-json\/wp\/v2\/media\/841"}],"wp:attachment":[{"href":"https:\/\/snsvietnam.com\/en\/wp-json\/wp\/v2\/media?parent=837"}],"wp:term":[{"taxonomy":"product_brand","embeddable":true,"href":"https:\/\/snsvietnam.com\/en\/wp-json\/wp\/v2\/product_brand?post=837"},{"taxonomy":"product_cat","embeddable":true,"href":"https:\/\/snsvietnam.com\/en\/wp-json\/wp\/v2\/product_cat?post=837"},{"taxonomy":"product_tag","embeddable":true,"href":"https:\/\/snsvietnam.com\/en\/wp-json\/wp\/v2\/product_tag?post=837"}],"curies":[{"name":"wp","href":"https:\/\/api.w.org\/{rel}","templated":true}]}}