{"id":737,"date":"2018-05-22T13:35:25","date_gmt":"2018-05-22T06:35:25","guid":{"rendered":"https:\/\/snsvietnam.com\/?post_type=product&#038;p=737"},"modified":"2018-10-13T16:59:00","modified_gmt":"2018-10-13T09:59:00","slug":"van-dieu-ap-sns-series","status":"publish","type":"product","link":"https:\/\/snsvietnam.com\/en\/san-pham\/van-dieu-ap-sns-series\/","title":{"rendered":"SNS SERIES PRESSURE CONTROLLER"},"content":{"rendered":"<p><img decoding=\"async\" src=\"https:\/\/snsvietnam.com\/wp-content\/uploads\/2018\/05\/SNS-Series-Pressure-Controller-1.jpg\" alt=\"\" width=\"1440\" height=\"1436\" class=\"alignnone size-full wp-image-739\" srcset=\"https:\/\/snsvietnam.com\/wp-content\/uploads\/2018\/05\/SNS-Series-Pressure-Controller-1.jpg 1440w, https:\/\/snsvietnam.com\/wp-content\/uploads\/2018\/05\/SNS-Series-Pressure-Controller-1-150x150.jpg 150w, https:\/\/snsvietnam.com\/wp-content\/uploads\/2018\/05\/SNS-Series-Pressure-Controller-1-300x300.jpg 300w, https:\/\/snsvietnam.com\/wp-content\/uploads\/2018\/05\/SNS-Series-Pressure-Controller-1-768x766.jpg 768w, https:\/\/snsvietnam.com\/wp-content\/uploads\/2018\/05\/SNS-Series-Pressure-Controller-1-1024x1021.jpg 1024w, https:\/\/snsvietnam.com\/wp-content\/uploads\/2018\/05\/SNS-Series-Pressure-Controller-1-146x146.jpg 146w, https:\/\/snsvietnam.com\/wp-content\/uploads\/2018\/05\/SNS-Series-Pressure-Controller-1-50x50.jpg 50w, https:\/\/snsvietnam.com\/wp-content\/uploads\/2018\/05\/SNS-Series-Pressure-Controller-1-75x75.jpg 75w, https:\/\/snsvietnam.com\/wp-content\/uploads\/2018\/05\/SNS-Series-Pressure-Controller-1-85x85.jpg 85w, https:\/\/snsvietnam.com\/wp-content\/uploads\/2018\/05\/SNS-Series-Pressure-Controller-1-80x80.jpg 80w, https:\/\/snsvietnam.com\/wp-content\/uploads\/2018\/05\/SNS-Series-Pressure-Controller-1-600x598.jpg 600w, https:\/\/snsvietnam.com\/wp-content\/uploads\/2018\/05\/SNS-Series-Pressure-Controller-1-100x100.jpg 100w\" sizes=\"(max-width: 1440px) 100vw, 1440px\" \/><\/p>","protected":false},"excerpt":{"rendered":"<p><img loading=\"lazy\" decoding=\"async\" src=\"https:\/\/snsvietnam.com\/wp-content\/uploads\/2018\/05\/SNS-Series-Pressure-Controller.jpg\" alt=\"\" width=\"480\" height=\"187\" class=\"alignnone size-full wp-image-740\" srcset=\"https:\/\/snsvietnam.com\/wp-content\/uploads\/2018\/05\/SNS-Series-Pressure-Controller.jpg 480w, https:\/\/snsvietnam.com\/wp-content\/uploads\/2018\/05\/SNS-Series-Pressure-Controller-300x117.jpg 300w, https:\/\/snsvietnam.com\/wp-content\/uploads\/2018\/05\/SNS-Series-Pressure-Controller-260x101.jpg 260w, https:\/\/snsvietnam.com\/wp-content\/uploads\/2018\/05\/SNS-Series-Pressure-Controller-50x19.jpg 50w, https:\/\/snsvietnam.com\/wp-content\/uploads\/2018\/05\/SNS-Series-Pressure-Controller-150x58.jpg 150w\" sizes=\"(max-width: 480px) 100vw, 480px\" \/><\/p>\n","protected":false},"featured_media":741,"comment_status":"open","ping_status":"closed","template":"","meta":[],"product_brand":[],"product_cat":[22],"product_tag":[39,47,49,105,44,45],"class_list":{"0":"post-737","1":"product","2":"type-product","3":"status-publish","4":"has-post-thumbnail","6":"product_cat-van-khi-nen-sns","7":"product_tag-khi-nen","8":"product_tag-thiet-bi-khi-nen","9":"product_tag-thiet-bi-khi-nen-sns","10":"product_tag-van-dieu-ap-sns","11":"product_tag-van-khi-nen","12":"product_tag-van-khi-nen-sns","14":"first","15":"instock","16":"shipping-taxable","17":"purchasable","18":"product-type-simple"},"yoast_head":"<!-- This site is optimized with the Yoast SEO plugin v27.4 - https:\/\/yoast.com\/product\/yoast-seo-wordpress\/ -->\n<title>VAN \u0110I\u1ec0U \u00c1P SNS SNS SERIES<\/title>\n<meta name=\"description\" content=\"thi\u1ebft b\u1ecb kh\u00ed n\u00e9n, thi\u1ebft b\u1ecb kh\u00ed n\u00e9n sns, kh\u00ed n\u00e9n, van kh\u00ed n\u00e9n, van kh\u00ed n\u00e9n sns, van \u0111i\u1ec1u \u00e1p sns\" \/>\n<meta name=\"robots\" content=\"index, follow, max-snippet:-1, max-image-preview:large, max-video-preview:-1\" \/>\n<link rel=\"canonical\" href=\"https:\/\/snsvietnam.com\/san-pham\/van-dieu-ap-sns-series\/\" \/>\n<script type=\"application\/ld+json\" class=\"yoast-schema-graph\">{\"@context\":\"https:\\\/\\\/schema.org\",\"@graph\":[{\"@type\":\"WebPage\",\"@id\":\"https:\\\/\\\/snsvietnam.com\\\/san-pham\\\/van-dieu-ap-sns-series\\\/\",\"url\":\"https:\\\/\\\/snsvietnam.com\\\/san-pham\\\/van-dieu-ap-sns-series\\\/\",\"name\":\"VAN \u0110I\u1ec0U \u00c1P SNS SNS SERIES\",\"isPartOf\":{\"@id\":\"https:\\\/\\\/snsvietnam.com\\\/#website\"},\"primaryImageOfPage\":{\"@id\":\"https:\\\/\\\/snsvietnam.com\\\/san-pham\\\/van-dieu-ap-sns-series\\\/#primaryimage\"},\"image\":{\"@id\":\"https:\\\/\\\/snsvietnam.com\\\/san-pham\\\/van-dieu-ap-sns-series\\\/#primaryimage\"},\"thumbnailUrl\":\"https:\\\/\\\/snsvietnam.com\\\/wp-content\\\/uploads\\\/2018\\\/05\\\/SNS-Series-Pressure-Controller-2.jpg\",\"datePublished\":\"2018-05-22T06:35:25+00:00\",\"dateModified\":\"2018-10-13T09:59:00+00:00\",\"description\":\"thi\u1ebft b\u1ecb kh\u00ed n\u00e9n, thi\u1ebft b\u1ecb kh\u00ed n\u00e9n sns, kh\u00ed n\u00e9n, van kh\u00ed n\u00e9n, van kh\u00ed n\u00e9n sns, van \u0111i\u1ec1u \u00e1p sns\",\"breadcrumb\":{\"@id\":\"https:\\\/\\\/snsvietnam.com\\\/san-pham\\\/van-dieu-ap-sns-series\\\/#breadcrumb\"},\"inLanguage\":\"en-US\",\"potentialAction\":[{\"@type\":\"ReadAction\",\"target\":[\"https:\\\/\\\/snsvietnam.com\\\/san-pham\\\/van-dieu-ap-sns-series\\\/\"]}]},{\"@type\":\"ImageObject\",\"inLanguage\":\"en-US\",\"@id\":\"https:\\\/\\\/snsvietnam.com\\\/san-pham\\\/van-dieu-ap-sns-series\\\/#primaryimage\",\"url\":\"https:\\\/\\\/snsvietnam.com\\\/wp-content\\\/uploads\\\/2018\\\/05\\\/SNS-Series-Pressure-Controller-2.jpg\",\"contentUrl\":\"https:\\\/\\\/snsvietnam.com\\\/wp-content\\\/uploads\\\/2018\\\/05\\\/SNS-Series-Pressure-Controller-2.jpg\",\"width\":500,\"height\":500},{\"@type\":\"BreadcrumbList\",\"@id\":\"https:\\\/\\\/snsvietnam.com\\\/san-pham\\\/van-dieu-ap-sns-series\\\/#breadcrumb\",\"itemListElement\":[{\"@type\":\"ListItem\",\"position\":1,\"name\":\"Home\",\"item\":\"https:\\\/\\\/snsvietnam.com\\\/\"},{\"@type\":\"ListItem\",\"position\":2,\"name\":\"C\u1eeda h\u00e0ng\",\"item\":\"https:\\\/\\\/snsvietnam.com\\\/cua-hang-thiet-bi-sns\\\/\"},{\"@type\":\"ListItem\",\"position\":3,\"name\":\"VAN \u0110I\u1ec0U \u00c1P SNS SNS SERIES\"}]},{\"@type\":\"WebSite\",\"@id\":\"https:\\\/\\\/snsvietnam.com\\\/#website\",\"url\":\"https:\\\/\\\/snsvietnam.com\\\/\",\"name\":\"Thi\u1ebft b\u1ecb kh\u00ed n\u00e9n\",\"description\":\"SNS\",\"publisher\":{\"@id\":\"https:\\\/\\\/snsvietnam.com\\\/#organization\"},\"potentialAction\":[{\"@type\":\"SearchAction\",\"target\":{\"@type\":\"EntryPoint\",\"urlTemplate\":\"https:\\\/\\\/snsvietnam.com\\\/?s={search_term_string}\"},\"query-input\":{\"@type\":\"PropertyValueSpecification\",\"valueRequired\":true,\"valueName\":\"search_term_string\"}}],\"inLanguage\":\"en-US\"},{\"@type\":\"Organization\",\"@id\":\"https:\\\/\\\/snsvietnam.com\\\/#organization\",\"name\":\"Cty Thi\u1ebft B\u1ecb Kh\u00ed N\u00e9n SNS Vi\u1ec7t Nam\",\"url\":\"https:\\\/\\\/snsvietnam.com\\\/\",\"logo\":{\"@type\":\"ImageObject\",\"inLanguage\":\"en-US\",\"@id\":\"https:\\\/\\\/snsvietnam.com\\\/#\\\/schema\\\/logo\\\/image\\\/\",\"url\":\"https:\\\/\\\/snsvietnam.com\\\/wp-content\\\/uploads\\\/2018\\\/05\\\/logo.png\",\"contentUrl\":\"https:\\\/\\\/snsvietnam.com\\\/wp-content\\\/uploads\\\/2018\\\/05\\\/logo.png\",\"width\":320,\"height\":41,\"caption\":\"Cty Thi\u1ebft B\u1ecb Kh\u00ed N\u00e9n SNS Vi\u1ec7t Nam\"},\"image\":{\"@id\":\"https:\\\/\\\/snsvietnam.com\\\/#\\\/schema\\\/logo\\\/image\\\/\"}}]}<\/script>\n<!-- \/ Yoast SEO plugin. -->","yoast_head_json":{"title":"VAN \u0110I\u1ec0U \u00c1P SNS SNS SERIES","description":"thi\u1ebft b\u1ecb kh\u00ed n\u00e9n, thi\u1ebft b\u1ecb kh\u00ed n\u00e9n sns, kh\u00ed n\u00e9n, van kh\u00ed n\u00e9n, van kh\u00ed n\u00e9n sns, van \u0111i\u1ec1u \u00e1p sns","robots":{"index":"index","follow":"follow","max-snippet":"max-snippet:-1","max-image-preview":"max-image-preview:large","max-video-preview":"max-video-preview:-1"},"canonical":"https:\/\/snsvietnam.com\/san-pham\/van-dieu-ap-sns-series\/","schema":{"@context":"https:\/\/schema.org","@graph":[{"@type":"WebPage","@id":"https:\/\/snsvietnam.com\/san-pham\/van-dieu-ap-sns-series\/","url":"https:\/\/snsvietnam.com\/san-pham\/van-dieu-ap-sns-series\/","name":"VAN \u0110I\u1ec0U \u00c1P SNS SNS SERIES","isPartOf":{"@id":"https:\/\/snsvietnam.com\/#website"},"primaryImageOfPage":{"@id":"https:\/\/snsvietnam.com\/san-pham\/van-dieu-ap-sns-series\/#primaryimage"},"image":{"@id":"https:\/\/snsvietnam.com\/san-pham\/van-dieu-ap-sns-series\/#primaryimage"},"thumbnailUrl":"https:\/\/snsvietnam.com\/wp-content\/uploads\/2018\/05\/SNS-Series-Pressure-Controller-2.jpg","datePublished":"2018-05-22T06:35:25+00:00","dateModified":"2018-10-13T09:59:00+00:00","description":"thi\u1ebft b\u1ecb kh\u00ed n\u00e9n, thi\u1ebft b\u1ecb kh\u00ed n\u00e9n sns, kh\u00ed n\u00e9n, van kh\u00ed n\u00e9n, van kh\u00ed n\u00e9n sns, van \u0111i\u1ec1u \u00e1p sns","breadcrumb":{"@id":"https:\/\/snsvietnam.com\/san-pham\/van-dieu-ap-sns-series\/#breadcrumb"},"inLanguage":"en-US","potentialAction":[{"@type":"ReadAction","target":["https:\/\/snsvietnam.com\/san-pham\/van-dieu-ap-sns-series\/"]}]},{"@type":"ImageObject","inLanguage":"en-US","@id":"https:\/\/snsvietnam.com\/san-pham\/van-dieu-ap-sns-series\/#primaryimage","url":"https:\/\/snsvietnam.com\/wp-content\/uploads\/2018\/05\/SNS-Series-Pressure-Controller-2.jpg","contentUrl":"https:\/\/snsvietnam.com\/wp-content\/uploads\/2018\/05\/SNS-Series-Pressure-Controller-2.jpg","width":500,"height":500},{"@type":"BreadcrumbList","@id":"https:\/\/snsvietnam.com\/san-pham\/van-dieu-ap-sns-series\/#breadcrumb","itemListElement":[{"@type":"ListItem","position":1,"name":"Home","item":"https:\/\/snsvietnam.com\/"},{"@type":"ListItem","position":2,"name":"C\u1eeda h\u00e0ng","item":"https:\/\/snsvietnam.com\/cua-hang-thiet-bi-sns\/"},{"@type":"ListItem","position":3,"name":"VAN \u0110I\u1ec0U \u00c1P SNS SNS SERIES"}]},{"@type":"WebSite","@id":"https:\/\/snsvietnam.com\/#website","url":"https:\/\/snsvietnam.com\/","name":"Thi\u1ebft b\u1ecb kh\u00ed n\u00e9n","description":"SNS","publisher":{"@id":"https:\/\/snsvietnam.com\/#organization"},"potentialAction":[{"@type":"SearchAction","target":{"@type":"EntryPoint","urlTemplate":"https:\/\/snsvietnam.com\/?s={search_term_string}"},"query-input":{"@type":"PropertyValueSpecification","valueRequired":true,"valueName":"search_term_string"}}],"inLanguage":"en-US"},{"@type":"Organization","@id":"https:\/\/snsvietnam.com\/#organization","name":"Cty Thi\u1ebft B\u1ecb Kh\u00ed N\u00e9n SNS Vi\u1ec7t Nam","url":"https:\/\/snsvietnam.com\/","logo":{"@type":"ImageObject","inLanguage":"en-US","@id":"https:\/\/snsvietnam.com\/#\/schema\/logo\/image\/","url":"https:\/\/snsvietnam.com\/wp-content\/uploads\/2018\/05\/logo.png","contentUrl":"https:\/\/snsvietnam.com\/wp-content\/uploads\/2018\/05\/logo.png","width":320,"height":41,"caption":"Cty Thi\u1ebft B\u1ecb Kh\u00ed N\u00e9n SNS Vi\u1ec7t Nam"},"image":{"@id":"https:\/\/snsvietnam.com\/#\/schema\/logo\/image\/"}}]}},"_links":{"self":[{"href":"https:\/\/snsvietnam.com\/en\/wp-json\/wp\/v2\/product\/737","targetHints":{"allow":["GET"]}}],"collection":[{"href":"https:\/\/snsvietnam.com\/en\/wp-json\/wp\/v2\/product"}],"about":[{"href":"https:\/\/snsvietnam.com\/en\/wp-json\/wp\/v2\/types\/product"}],"replies":[{"embeddable":true,"href":"https:\/\/snsvietnam.com\/en\/wp-json\/wp\/v2\/comments?post=737"}],"wp:featuredmedia":[{"embeddable":true,"href":"https:\/\/snsvietnam.com\/en\/wp-json\/wp\/v2\/media\/741"}],"wp:attachment":[{"href":"https:\/\/snsvietnam.com\/en\/wp-json\/wp\/v2\/media?parent=737"}],"wp:term":[{"taxonomy":"product_brand","embeddable":true,"href":"https:\/\/snsvietnam.com\/en\/wp-json\/wp\/v2\/product_brand?post=737"},{"taxonomy":"product_cat","embeddable":true,"href":"https:\/\/snsvietnam.com\/en\/wp-json\/wp\/v2\/product_cat?post=737"},{"taxonomy":"product_tag","embeddable":true,"href":"https:\/\/snsvietnam.com\/en\/wp-json\/wp\/v2\/product_tag?post=737"}],"curies":[{"name":"wp","href":"https:\/\/api.w.org\/{rel}","templated":true}]}}