{"id":568,"date":"2018-05-21T16:43:39","date_gmt":"2018-05-21T09:43:39","guid":{"rendered":"https:\/\/snsvietnam.com\/?post_type=product&#038;p=568"},"modified":"2019-02-12T13:52:44","modified_gmt":"2019-02-12T06:52:44","slug":"xi-lanh-khi-nen-hop-kim-nhom-sns-mal-series","status":"publish","type":"product","link":"https:\/\/snsvietnam.com\/en\/san-pham\/xi-lanh-khi-nen-hop-kim-nhom-sns-mal-series\/","title":{"rendered":"MAL SERIES ALUMINUM ALLOY MINI CYLINDER"},"content":{"rendered":"<p><img decoding=\"async\" src=\"https:\/\/snsvietnam.com\/wp-content\/uploads\/2018\/05\/MAL-Series-Aluminum-Alloy-Mini-Cylinder.jpg\" alt=\"\" width=\"1440\" height=\"1887\" class=\"alignnone size-full wp-image-569\" srcset=\"https:\/\/snsvietnam.com\/wp-content\/uploads\/2018\/05\/MAL-Series-Aluminum-Alloy-Mini-Cylinder.jpg 1440w, https:\/\/snsvietnam.com\/wp-content\/uploads\/2018\/05\/MAL-Series-Aluminum-Alloy-Mini-Cylinder-229x300.jpg 229w, https:\/\/snsvietnam.com\/wp-content\/uploads\/2018\/05\/MAL-Series-Aluminum-Alloy-Mini-Cylinder-768x1006.jpg 768w, https:\/\/snsvietnam.com\/wp-content\/uploads\/2018\/05\/MAL-Series-Aluminum-Alloy-Mini-Cylinder-781x1024.jpg 781w, https:\/\/snsvietnam.com\/wp-content\/uploads\/2018\/05\/MAL-Series-Aluminum-Alloy-Mini-Cylinder-111x146.jpg 111w, https:\/\/snsvietnam.com\/wp-content\/uploads\/2018\/05\/MAL-Series-Aluminum-Alloy-Mini-Cylinder-38x50.jpg 38w, https:\/\/snsvietnam.com\/wp-content\/uploads\/2018\/05\/MAL-Series-Aluminum-Alloy-Mini-Cylinder-57x75.jpg 57w, https:\/\/snsvietnam.com\/wp-content\/uploads\/2018\/05\/MAL-Series-Aluminum-Alloy-Mini-Cylinder-600x786.jpg 600w\" sizes=\"(max-width: 1440px) 100vw, 1440px\" \/><\/p>","protected":false},"excerpt":{"rendered":"<p>MAL SERIES ALUMINUM ALLOY MINI CYLINDER<\/p>\n","protected":false},"featured_media":570,"comment_status":"open","ping_status":"closed","template":"","meta":[],"product_brand":[],"product_cat":[21],"product_tag":[39,47,49,38,123,40],"class_list":{"0":"post-568","1":"product","2":"type-product","3":"status-publish","4":"has-post-thumbnail","6":"product_cat-xi-lanh-khi-nen-sns","7":"product_tag-khi-nen","8":"product_tag-thiet-bi-khi-nen","9":"product_tag-thiet-bi-khi-nen-sns","10":"product_tag-xi-lanh-khi-nen","11":"product_tag-xi-lanh-khi-nen-hop-kim-nhom-sns","12":"product_tag-xi-lanh-khi-nen-sns","14":"first","15":"instock","16":"shipping-taxable","17":"purchasable","18":"product-type-simple"},"yoast_head":"<!-- This site is optimized with the Yoast SEO plugin v27.4 - https:\/\/yoast.com\/product\/yoast-seo-wordpress\/ -->\n<title>XI LANH H\u1ee2P KIM NH\u00d4M MINI SNS MAL SERIES<\/title>\n<meta name=\"description\" content=\"thi\u1ebft b\u1ecb kh\u00ed n\u00e9n, thi\u1ebft b\u1ecb kh\u00ed n\u00e9n sns, kh\u00ed n\u00e9n, xi lanh kh\u00ed n\u00e9n, xi lanh kh\u00ed n\u00e9n sns, xi lanh kh\u00ed n\u00e9n h\u1ee3p kim nh\u00f4m sns\" \/>\n<meta name=\"robots\" content=\"index, follow, max-snippet:-1, max-image-preview:large, max-video-preview:-1\" \/>\n<link rel=\"canonical\" href=\"https:\/\/snsvietnam.com\/san-pham\/xi-lanh-khi-nen-hop-kim-nhom-sns-mal-series\/\" \/>\n<script type=\"application\/ld+json\" class=\"yoast-schema-graph\">{\"@context\":\"https:\\\/\\\/schema.org\",\"@graph\":[{\"@type\":\"WebPage\",\"@id\":\"https:\\\/\\\/snsvietnam.com\\\/san-pham\\\/xi-lanh-khi-nen-hop-kim-nhom-sns-mal-series\\\/\",\"url\":\"https:\\\/\\\/snsvietnam.com\\\/san-pham\\\/xi-lanh-khi-nen-hop-kim-nhom-sns-mal-series\\\/\",\"name\":\"XI LANH H\u1ee2P KIM NH\u00d4M MINI SNS MAL SERIES\",\"isPartOf\":{\"@id\":\"https:\\\/\\\/snsvietnam.com\\\/#website\"},\"primaryImageOfPage\":{\"@id\":\"https:\\\/\\\/snsvietnam.com\\\/san-pham\\\/xi-lanh-khi-nen-hop-kim-nhom-sns-mal-series\\\/#primaryimage\"},\"image\":{\"@id\":\"https:\\\/\\\/snsvietnam.com\\\/san-pham\\\/xi-lanh-khi-nen-hop-kim-nhom-sns-mal-series\\\/#primaryimage\"},\"thumbnailUrl\":\"https:\\\/\\\/snsvietnam.com\\\/wp-content\\\/uploads\\\/2018\\\/05\\\/mal.jpg\",\"datePublished\":\"2018-05-21T09:43:39+00:00\",\"dateModified\":\"2019-02-12T06:52:44+00:00\",\"description\":\"thi\u1ebft b\u1ecb kh\u00ed n\u00e9n, thi\u1ebft b\u1ecb kh\u00ed n\u00e9n sns, kh\u00ed n\u00e9n, xi lanh kh\u00ed n\u00e9n, xi lanh kh\u00ed n\u00e9n sns, xi lanh kh\u00ed n\u00e9n h\u1ee3p kim nh\u00f4m sns\",\"breadcrumb\":{\"@id\":\"https:\\\/\\\/snsvietnam.com\\\/san-pham\\\/xi-lanh-khi-nen-hop-kim-nhom-sns-mal-series\\\/#breadcrumb\"},\"inLanguage\":\"en-US\",\"potentialAction\":[{\"@type\":\"ReadAction\",\"target\":[\"https:\\\/\\\/snsvietnam.com\\\/san-pham\\\/xi-lanh-khi-nen-hop-kim-nhom-sns-mal-series\\\/\"]}]},{\"@type\":\"ImageObject\",\"inLanguage\":\"en-US\",\"@id\":\"https:\\\/\\\/snsvietnam.com\\\/san-pham\\\/xi-lanh-khi-nen-hop-kim-nhom-sns-mal-series\\\/#primaryimage\",\"url\":\"https:\\\/\\\/snsvietnam.com\\\/wp-content\\\/uploads\\\/2018\\\/05\\\/mal.jpg\",\"contentUrl\":\"https:\\\/\\\/snsvietnam.com\\\/wp-content\\\/uploads\\\/2018\\\/05\\\/mal.jpg\",\"width\":500,\"height\":500},{\"@type\":\"BreadcrumbList\",\"@id\":\"https:\\\/\\\/snsvietnam.com\\\/san-pham\\\/xi-lanh-khi-nen-hop-kim-nhom-sns-mal-series\\\/#breadcrumb\",\"itemListElement\":[{\"@type\":\"ListItem\",\"position\":1,\"name\":\"Home\",\"item\":\"https:\\\/\\\/snsvietnam.com\\\/\"},{\"@type\":\"ListItem\",\"position\":2,\"name\":\"C\u1eeda h\u00e0ng\",\"item\":\"https:\\\/\\\/snsvietnam.com\\\/cua-hang-thiet-bi-sns\\\/\"},{\"@type\":\"ListItem\",\"position\":3,\"name\":\"00A5-XI LANH SNS MAL SERIES\"}]},{\"@type\":\"WebSite\",\"@id\":\"https:\\\/\\\/snsvietnam.com\\\/#website\",\"url\":\"https:\\\/\\\/snsvietnam.com\\\/\",\"name\":\"Thi\u1ebft b\u1ecb kh\u00ed n\u00e9n\",\"description\":\"SNS\",\"publisher\":{\"@id\":\"https:\\\/\\\/snsvietnam.com\\\/#organization\"},\"potentialAction\":[{\"@type\":\"SearchAction\",\"target\":{\"@type\":\"EntryPoint\",\"urlTemplate\":\"https:\\\/\\\/snsvietnam.com\\\/?s={search_term_string}\"},\"query-input\":{\"@type\":\"PropertyValueSpecification\",\"valueRequired\":true,\"valueName\":\"search_term_string\"}}],\"inLanguage\":\"en-US\"},{\"@type\":\"Organization\",\"@id\":\"https:\\\/\\\/snsvietnam.com\\\/#organization\",\"name\":\"Cty Thi\u1ebft B\u1ecb Kh\u00ed N\u00e9n SNS Vi\u1ec7t Nam\",\"url\":\"https:\\\/\\\/snsvietnam.com\\\/\",\"logo\":{\"@type\":\"ImageObject\",\"inLanguage\":\"en-US\",\"@id\":\"https:\\\/\\\/snsvietnam.com\\\/#\\\/schema\\\/logo\\\/image\\\/\",\"url\":\"https:\\\/\\\/snsvietnam.com\\\/wp-content\\\/uploads\\\/2018\\\/05\\\/logo.png\",\"contentUrl\":\"https:\\\/\\\/snsvietnam.com\\\/wp-content\\\/uploads\\\/2018\\\/05\\\/logo.png\",\"width\":320,\"height\":41,\"caption\":\"Cty Thi\u1ebft B\u1ecb Kh\u00ed N\u00e9n SNS Vi\u1ec7t Nam\"},\"image\":{\"@id\":\"https:\\\/\\\/snsvietnam.com\\\/#\\\/schema\\\/logo\\\/image\\\/\"}}]}<\/script>\n<!-- \/ Yoast SEO plugin. -->","yoast_head_json":{"title":"XI LANH H\u1ee2P KIM NH\u00d4M MINI SNS MAL SERIES","description":"thi\u1ebft b\u1ecb kh\u00ed n\u00e9n, thi\u1ebft b\u1ecb kh\u00ed n\u00e9n sns, kh\u00ed n\u00e9n, xi lanh kh\u00ed n\u00e9n, xi lanh kh\u00ed n\u00e9n sns, xi lanh kh\u00ed n\u00e9n h\u1ee3p kim nh\u00f4m sns","robots":{"index":"index","follow":"follow","max-snippet":"max-snippet:-1","max-image-preview":"max-image-preview:large","max-video-preview":"max-video-preview:-1"},"canonical":"https:\/\/snsvietnam.com\/san-pham\/xi-lanh-khi-nen-hop-kim-nhom-sns-mal-series\/","schema":{"@context":"https:\/\/schema.org","@graph":[{"@type":"WebPage","@id":"https:\/\/snsvietnam.com\/san-pham\/xi-lanh-khi-nen-hop-kim-nhom-sns-mal-series\/","url":"https:\/\/snsvietnam.com\/san-pham\/xi-lanh-khi-nen-hop-kim-nhom-sns-mal-series\/","name":"XI LANH H\u1ee2P KIM NH\u00d4M MINI SNS MAL SERIES","isPartOf":{"@id":"https:\/\/snsvietnam.com\/#website"},"primaryImageOfPage":{"@id":"https:\/\/snsvietnam.com\/san-pham\/xi-lanh-khi-nen-hop-kim-nhom-sns-mal-series\/#primaryimage"},"image":{"@id":"https:\/\/snsvietnam.com\/san-pham\/xi-lanh-khi-nen-hop-kim-nhom-sns-mal-series\/#primaryimage"},"thumbnailUrl":"https:\/\/snsvietnam.com\/wp-content\/uploads\/2018\/05\/mal.jpg","datePublished":"2018-05-21T09:43:39+00:00","dateModified":"2019-02-12T06:52:44+00:00","description":"thi\u1ebft b\u1ecb kh\u00ed n\u00e9n, thi\u1ebft b\u1ecb kh\u00ed n\u00e9n sns, kh\u00ed n\u00e9n, xi lanh kh\u00ed n\u00e9n, xi lanh kh\u00ed n\u00e9n sns, xi lanh kh\u00ed n\u00e9n h\u1ee3p kim nh\u00f4m sns","breadcrumb":{"@id":"https:\/\/snsvietnam.com\/san-pham\/xi-lanh-khi-nen-hop-kim-nhom-sns-mal-series\/#breadcrumb"},"inLanguage":"en-US","potentialAction":[{"@type":"ReadAction","target":["https:\/\/snsvietnam.com\/san-pham\/xi-lanh-khi-nen-hop-kim-nhom-sns-mal-series\/"]}]},{"@type":"ImageObject","inLanguage":"en-US","@id":"https:\/\/snsvietnam.com\/san-pham\/xi-lanh-khi-nen-hop-kim-nhom-sns-mal-series\/#primaryimage","url":"https:\/\/snsvietnam.com\/wp-content\/uploads\/2018\/05\/mal.jpg","contentUrl":"https:\/\/snsvietnam.com\/wp-content\/uploads\/2018\/05\/mal.jpg","width":500,"height":500},{"@type":"BreadcrumbList","@id":"https:\/\/snsvietnam.com\/san-pham\/xi-lanh-khi-nen-hop-kim-nhom-sns-mal-series\/#breadcrumb","itemListElement":[{"@type":"ListItem","position":1,"name":"Home","item":"https:\/\/snsvietnam.com\/"},{"@type":"ListItem","position":2,"name":"C\u1eeda h\u00e0ng","item":"https:\/\/snsvietnam.com\/cua-hang-thiet-bi-sns\/"},{"@type":"ListItem","position":3,"name":"00A5-XI LANH SNS MAL SERIES"}]},{"@type":"WebSite","@id":"https:\/\/snsvietnam.com\/#website","url":"https:\/\/snsvietnam.com\/","name":"Thi\u1ebft b\u1ecb kh\u00ed n\u00e9n","description":"SNS","publisher":{"@id":"https:\/\/snsvietnam.com\/#organization"},"potentialAction":[{"@type":"SearchAction","target":{"@type":"EntryPoint","urlTemplate":"https:\/\/snsvietnam.com\/?s={search_term_string}"},"query-input":{"@type":"PropertyValueSpecification","valueRequired":true,"valueName":"search_term_string"}}],"inLanguage":"en-US"},{"@type":"Organization","@id":"https:\/\/snsvietnam.com\/#organization","name":"Cty Thi\u1ebft B\u1ecb Kh\u00ed N\u00e9n SNS Vi\u1ec7t Nam","url":"https:\/\/snsvietnam.com\/","logo":{"@type":"ImageObject","inLanguage":"en-US","@id":"https:\/\/snsvietnam.com\/#\/schema\/logo\/image\/","url":"https:\/\/snsvietnam.com\/wp-content\/uploads\/2018\/05\/logo.png","contentUrl":"https:\/\/snsvietnam.com\/wp-content\/uploads\/2018\/05\/logo.png","width":320,"height":41,"caption":"Cty Thi\u1ebft B\u1ecb Kh\u00ed N\u00e9n SNS Vi\u1ec7t Nam"},"image":{"@id":"https:\/\/snsvietnam.com\/#\/schema\/logo\/image\/"}}]}},"_links":{"self":[{"href":"https:\/\/snsvietnam.com\/en\/wp-json\/wp\/v2\/product\/568","targetHints":{"allow":["GET"]}}],"collection":[{"href":"https:\/\/snsvietnam.com\/en\/wp-json\/wp\/v2\/product"}],"about":[{"href":"https:\/\/snsvietnam.com\/en\/wp-json\/wp\/v2\/types\/product"}],"replies":[{"embeddable":true,"href":"https:\/\/snsvietnam.com\/en\/wp-json\/wp\/v2\/comments?post=568"}],"wp:featuredmedia":[{"embeddable":true,"href":"https:\/\/snsvietnam.com\/en\/wp-json\/wp\/v2\/media\/570"}],"wp:attachment":[{"href":"https:\/\/snsvietnam.com\/en\/wp-json\/wp\/v2\/media?parent=568"}],"wp:term":[{"taxonomy":"product_brand","embeddable":true,"href":"https:\/\/snsvietnam.com\/en\/wp-json\/wp\/v2\/product_brand?post=568"},{"taxonomy":"product_cat","embeddable":true,"href":"https:\/\/snsvietnam.com\/en\/wp-json\/wp\/v2\/product_cat?post=568"},{"taxonomy":"product_tag","embeddable":true,"href":"https:\/\/snsvietnam.com\/en\/wp-json\/wp\/v2\/product_tag?post=568"}],"curies":[{"name":"wp","href":"https:\/\/api.w.org\/{rel}","templated":true}]}}