{"id":561,"date":"2018-05-21T16:38:20","date_gmt":"2018-05-21T09:38:20","guid":{"rendered":"https:\/\/snsvietnam.com\/?post_type=product&#038;p=561"},"modified":"2019-02-12T14:34:39","modified_gmt":"2019-02-12T07:34:39","slug":"dieu-huong-xi-lanh-sns-mgp-series","status":"publish","type":"product","link":"https:\/\/snsvietnam.com\/en\/san-pham\/dieu-huong-xi-lanh-sns-mgp-series\/","title":{"rendered":"MGP SERIES COMPACT GUIDE CYLINDER"},"content":{"rendered":"<p><img decoding=\"async\" src=\"https:\/\/snsvietnam.com\/wp-content\/uploads\/2018\/05\/MGP-Series-Compact-Guide-Cylinder-1.jpg\" alt=\"\" width=\"1082\" height=\"1112\" class=\"alignnone size-full wp-image-562\" srcset=\"https:\/\/snsvietnam.com\/wp-content\/uploads\/2018\/05\/MGP-Series-Compact-Guide-Cylinder-1.jpg 1082w, https:\/\/snsvietnam.com\/wp-content\/uploads\/2018\/05\/MGP-Series-Compact-Guide-Cylinder-1-292x300.jpg 292w, https:\/\/snsvietnam.com\/wp-content\/uploads\/2018\/05\/MGP-Series-Compact-Guide-Cylinder-1-768x789.jpg 768w, https:\/\/snsvietnam.com\/wp-content\/uploads\/2018\/05\/MGP-Series-Compact-Guide-Cylinder-1-996x1024.jpg 996w, https:\/\/snsvietnam.com\/wp-content\/uploads\/2018\/05\/MGP-Series-Compact-Guide-Cylinder-1-142x146.jpg 142w, https:\/\/snsvietnam.com\/wp-content\/uploads\/2018\/05\/MGP-Series-Compact-Guide-Cylinder-1-50x50.jpg 50w, https:\/\/snsvietnam.com\/wp-content\/uploads\/2018\/05\/MGP-Series-Compact-Guide-Cylinder-1-73x75.jpg 73w, https:\/\/snsvietnam.com\/wp-content\/uploads\/2018\/05\/MGP-Series-Compact-Guide-Cylinder-1-600x617.jpg 600w\" sizes=\"(max-width: 1082px) 100vw, 1082px\" \/><\/p>","protected":false},"excerpt":{"rendered":"<p><img loading=\"lazy\" decoding=\"async\" src=\"https:\/\/snsvietnam.com\/wp-content\/uploads\/2018\/05\/MGP-Series-Compact-Guide-Cylinder.jpg\" alt=\"\" width=\"480\" height=\"170\" class=\"alignnone size-full wp-image-563\" srcset=\"https:\/\/snsvietnam.com\/wp-content\/uploads\/2018\/05\/MGP-Series-Compact-Guide-Cylinder.jpg 480w, https:\/\/snsvietnam.com\/wp-content\/uploads\/2018\/05\/MGP-Series-Compact-Guide-Cylinder-300x106.jpg 300w, https:\/\/snsvietnam.com\/wp-content\/uploads\/2018\/05\/MGP-Series-Compact-Guide-Cylinder-260x92.jpg 260w, https:\/\/snsvietnam.com\/wp-content\/uploads\/2018\/05\/MGP-Series-Compact-Guide-Cylinder-50x18.jpg 50w, https:\/\/snsvietnam.com\/wp-content\/uploads\/2018\/05\/MGP-Series-Compact-Guide-Cylinder-150x53.jpg 150w\" sizes=\"(max-width: 480px) 100vw, 480px\" \/><\/p>\n","protected":false},"featured_media":1949,"comment_status":"open","ping_status":"closed","template":"","meta":[],"product_brand":[],"product_cat":[21],"product_tag":[124,39,50,51,47,49,38,40],"class_list":{"0":"post-561","1":"product","2":"type-product","3":"status-publish","4":"has-post-thumbnail","6":"product_cat-xi-lanh-khi-nen-sns","7":"product_tag-dieu-huong-xi-lanh-sns","8":"product_tag-khi-nen","9":"product_tag-phu-kien-khi-nen","10":"product_tag-phu-kien-khi-nen-sns","11":"product_tag-thiet-bi-khi-nen","12":"product_tag-thiet-bi-khi-nen-sns","13":"product_tag-xi-lanh-khi-nen","14":"product_tag-xi-lanh-khi-nen-sns","16":"first","17":"instock","18":"shipping-taxable","19":"purchasable","20":"product-type-simple"},"yoast_head":"<!-- This site is optimized with the Yoast SEO plugin v27.4 - https:\/\/yoast.com\/product\/yoast-seo-wordpress\/ -->\n<title>\u0110I\u1ec0U H\u01af\u1edaNG XI LANH KH\u00cd N\u00c9N SNS COMPACT<\/title>\n<meta name=\"description\" content=\"thi\u1ebft b\u1ecb kh\u00ed n\u00e9n, thi\u1ebft b\u1ecb kh\u00ed n\u00e9n sns, kh\u00ed n\u00e9n, ph\u1ee5 ki\u1ec7n kh\u00ed n\u00e9n, ph\u1ee5 ki\u1ec7n kh\u00ed n\u00e9n sns, \u0111i\u1ec1u h\u01b0\u1edbng xi lanh sns\" \/>\n<meta name=\"robots\" content=\"index, follow, max-snippet:-1, max-image-preview:large, max-video-preview:-1\" \/>\n<link rel=\"canonical\" href=\"https:\/\/snsvietnam.com\/san-pham\/dieu-huong-xi-lanh-sns-mgp-series\/\" \/>\n<script type=\"application\/ld+json\" class=\"yoast-schema-graph\">{\"@context\":\"https:\\\/\\\/schema.org\",\"@graph\":[{\"@type\":\"WebPage\",\"@id\":\"https:\\\/\\\/snsvietnam.com\\\/san-pham\\\/dieu-huong-xi-lanh-sns-mgp-series\\\/\",\"url\":\"https:\\\/\\\/snsvietnam.com\\\/san-pham\\\/dieu-huong-xi-lanh-sns-mgp-series\\\/\",\"name\":\"\u0110I\u1ec0U H\u01af\u1edaNG XI LANH KH\u00cd N\u00c9N SNS COMPACT\",\"isPartOf\":{\"@id\":\"https:\\\/\\\/snsvietnam.com\\\/#website\"},\"primaryImageOfPage\":{\"@id\":\"https:\\\/\\\/snsvietnam.com\\\/san-pham\\\/dieu-huong-xi-lanh-sns-mgp-series\\\/#primaryimage\"},\"image\":{\"@id\":\"https:\\\/\\\/snsvietnam.com\\\/san-pham\\\/dieu-huong-xi-lanh-sns-mgp-series\\\/#primaryimage\"},\"thumbnailUrl\":\"https:\\\/\\\/snsvietnam.com\\\/wp-content\\\/uploads\\\/2018\\\/05\\\/dieu-huong-xi-lanh-khi-nen-sns.jpg\",\"datePublished\":\"2018-05-21T09:38:20+00:00\",\"dateModified\":\"2019-02-12T07:34:39+00:00\",\"description\":\"thi\u1ebft b\u1ecb kh\u00ed n\u00e9n, thi\u1ebft b\u1ecb kh\u00ed n\u00e9n sns, kh\u00ed n\u00e9n, ph\u1ee5 ki\u1ec7n kh\u00ed n\u00e9n, ph\u1ee5 ki\u1ec7n kh\u00ed n\u00e9n sns, \u0111i\u1ec1u h\u01b0\u1edbng xi lanh sns\",\"breadcrumb\":{\"@id\":\"https:\\\/\\\/snsvietnam.com\\\/san-pham\\\/dieu-huong-xi-lanh-sns-mgp-series\\\/#breadcrumb\"},\"inLanguage\":\"en-US\",\"potentialAction\":[{\"@type\":\"ReadAction\",\"target\":[\"https:\\\/\\\/snsvietnam.com\\\/san-pham\\\/dieu-huong-xi-lanh-sns-mgp-series\\\/\"]}]},{\"@type\":\"ImageObject\",\"inLanguage\":\"en-US\",\"@id\":\"https:\\\/\\\/snsvietnam.com\\\/san-pham\\\/dieu-huong-xi-lanh-sns-mgp-series\\\/#primaryimage\",\"url\":\"https:\\\/\\\/snsvietnam.com\\\/wp-content\\\/uploads\\\/2018\\\/05\\\/dieu-huong-xi-lanh-khi-nen-sns.jpg\",\"contentUrl\":\"https:\\\/\\\/snsvietnam.com\\\/wp-content\\\/uploads\\\/2018\\\/05\\\/dieu-huong-xi-lanh-khi-nen-sns.jpg\",\"width\":500,\"height\":500},{\"@type\":\"BreadcrumbList\",\"@id\":\"https:\\\/\\\/snsvietnam.com\\\/san-pham\\\/dieu-huong-xi-lanh-sns-mgp-series\\\/#breadcrumb\",\"itemListElement\":[{\"@type\":\"ListItem\",\"position\":1,\"name\":\"Home\",\"item\":\"https:\\\/\\\/snsvietnam.com\\\/\"},{\"@type\":\"ListItem\",\"position\":2,\"name\":\"C\u1eeda h\u00e0ng\",\"item\":\"https:\\\/\\\/snsvietnam.com\\\/cua-hang-thiet-bi-sns\\\/\"},{\"@type\":\"ListItem\",\"position\":3,\"name\":\"00A9-XI LANH KH\u00cd N\u00c9N SNS MGP SERIES\"}]},{\"@type\":\"WebSite\",\"@id\":\"https:\\\/\\\/snsvietnam.com\\\/#website\",\"url\":\"https:\\\/\\\/snsvietnam.com\\\/\",\"name\":\"Thi\u1ebft b\u1ecb kh\u00ed n\u00e9n\",\"description\":\"SNS\",\"publisher\":{\"@id\":\"https:\\\/\\\/snsvietnam.com\\\/#organization\"},\"potentialAction\":[{\"@type\":\"SearchAction\",\"target\":{\"@type\":\"EntryPoint\",\"urlTemplate\":\"https:\\\/\\\/snsvietnam.com\\\/?s={search_term_string}\"},\"query-input\":{\"@type\":\"PropertyValueSpecification\",\"valueRequired\":true,\"valueName\":\"search_term_string\"}}],\"inLanguage\":\"en-US\"},{\"@type\":\"Organization\",\"@id\":\"https:\\\/\\\/snsvietnam.com\\\/#organization\",\"name\":\"Cty Thi\u1ebft B\u1ecb Kh\u00ed N\u00e9n SNS Vi\u1ec7t Nam\",\"url\":\"https:\\\/\\\/snsvietnam.com\\\/\",\"logo\":{\"@type\":\"ImageObject\",\"inLanguage\":\"en-US\",\"@id\":\"https:\\\/\\\/snsvietnam.com\\\/#\\\/schema\\\/logo\\\/image\\\/\",\"url\":\"https:\\\/\\\/snsvietnam.com\\\/wp-content\\\/uploads\\\/2018\\\/05\\\/logo.png\",\"contentUrl\":\"https:\\\/\\\/snsvietnam.com\\\/wp-content\\\/uploads\\\/2018\\\/05\\\/logo.png\",\"width\":320,\"height\":41,\"caption\":\"Cty Thi\u1ebft B\u1ecb Kh\u00ed N\u00e9n SNS Vi\u1ec7t Nam\"},\"image\":{\"@id\":\"https:\\\/\\\/snsvietnam.com\\\/#\\\/schema\\\/logo\\\/image\\\/\"}}]}<\/script>\n<!-- \/ Yoast SEO plugin. -->","yoast_head_json":{"title":"\u0110I\u1ec0U H\u01af\u1edaNG XI LANH KH\u00cd N\u00c9N SNS COMPACT","description":"thi\u1ebft b\u1ecb kh\u00ed n\u00e9n, thi\u1ebft b\u1ecb kh\u00ed n\u00e9n sns, kh\u00ed n\u00e9n, ph\u1ee5 ki\u1ec7n kh\u00ed n\u00e9n, ph\u1ee5 ki\u1ec7n kh\u00ed n\u00e9n sns, \u0111i\u1ec1u h\u01b0\u1edbng xi lanh sns","robots":{"index":"index","follow":"follow","max-snippet":"max-snippet:-1","max-image-preview":"max-image-preview:large","max-video-preview":"max-video-preview:-1"},"canonical":"https:\/\/snsvietnam.com\/san-pham\/dieu-huong-xi-lanh-sns-mgp-series\/","schema":{"@context":"https:\/\/schema.org","@graph":[{"@type":"WebPage","@id":"https:\/\/snsvietnam.com\/san-pham\/dieu-huong-xi-lanh-sns-mgp-series\/","url":"https:\/\/snsvietnam.com\/san-pham\/dieu-huong-xi-lanh-sns-mgp-series\/","name":"\u0110I\u1ec0U H\u01af\u1edaNG XI LANH KH\u00cd N\u00c9N SNS COMPACT","isPartOf":{"@id":"https:\/\/snsvietnam.com\/#website"},"primaryImageOfPage":{"@id":"https:\/\/snsvietnam.com\/san-pham\/dieu-huong-xi-lanh-sns-mgp-series\/#primaryimage"},"image":{"@id":"https:\/\/snsvietnam.com\/san-pham\/dieu-huong-xi-lanh-sns-mgp-series\/#primaryimage"},"thumbnailUrl":"https:\/\/snsvietnam.com\/wp-content\/uploads\/2018\/05\/dieu-huong-xi-lanh-khi-nen-sns.jpg","datePublished":"2018-05-21T09:38:20+00:00","dateModified":"2019-02-12T07:34:39+00:00","description":"thi\u1ebft b\u1ecb kh\u00ed n\u00e9n, thi\u1ebft b\u1ecb kh\u00ed n\u00e9n sns, kh\u00ed n\u00e9n, ph\u1ee5 ki\u1ec7n kh\u00ed n\u00e9n, ph\u1ee5 ki\u1ec7n kh\u00ed n\u00e9n sns, \u0111i\u1ec1u h\u01b0\u1edbng xi lanh sns","breadcrumb":{"@id":"https:\/\/snsvietnam.com\/san-pham\/dieu-huong-xi-lanh-sns-mgp-series\/#breadcrumb"},"inLanguage":"en-US","potentialAction":[{"@type":"ReadAction","target":["https:\/\/snsvietnam.com\/san-pham\/dieu-huong-xi-lanh-sns-mgp-series\/"]}]},{"@type":"ImageObject","inLanguage":"en-US","@id":"https:\/\/snsvietnam.com\/san-pham\/dieu-huong-xi-lanh-sns-mgp-series\/#primaryimage","url":"https:\/\/snsvietnam.com\/wp-content\/uploads\/2018\/05\/dieu-huong-xi-lanh-khi-nen-sns.jpg","contentUrl":"https:\/\/snsvietnam.com\/wp-content\/uploads\/2018\/05\/dieu-huong-xi-lanh-khi-nen-sns.jpg","width":500,"height":500},{"@type":"BreadcrumbList","@id":"https:\/\/snsvietnam.com\/san-pham\/dieu-huong-xi-lanh-sns-mgp-series\/#breadcrumb","itemListElement":[{"@type":"ListItem","position":1,"name":"Home","item":"https:\/\/snsvietnam.com\/"},{"@type":"ListItem","position":2,"name":"C\u1eeda h\u00e0ng","item":"https:\/\/snsvietnam.com\/cua-hang-thiet-bi-sns\/"},{"@type":"ListItem","position":3,"name":"00A9-XI LANH KH\u00cd N\u00c9N SNS MGP SERIES"}]},{"@type":"WebSite","@id":"https:\/\/snsvietnam.com\/#website","url":"https:\/\/snsvietnam.com\/","name":"Thi\u1ebft b\u1ecb kh\u00ed n\u00e9n","description":"SNS","publisher":{"@id":"https:\/\/snsvietnam.com\/#organization"},"potentialAction":[{"@type":"SearchAction","target":{"@type":"EntryPoint","urlTemplate":"https:\/\/snsvietnam.com\/?s={search_term_string}"},"query-input":{"@type":"PropertyValueSpecification","valueRequired":true,"valueName":"search_term_string"}}],"inLanguage":"en-US"},{"@type":"Organization","@id":"https:\/\/snsvietnam.com\/#organization","name":"Cty Thi\u1ebft B\u1ecb Kh\u00ed N\u00e9n SNS Vi\u1ec7t Nam","url":"https:\/\/snsvietnam.com\/","logo":{"@type":"ImageObject","inLanguage":"en-US","@id":"https:\/\/snsvietnam.com\/#\/schema\/logo\/image\/","url":"https:\/\/snsvietnam.com\/wp-content\/uploads\/2018\/05\/logo.png","contentUrl":"https:\/\/snsvietnam.com\/wp-content\/uploads\/2018\/05\/logo.png","width":320,"height":41,"caption":"Cty Thi\u1ebft B\u1ecb Kh\u00ed N\u00e9n SNS Vi\u1ec7t Nam"},"image":{"@id":"https:\/\/snsvietnam.com\/#\/schema\/logo\/image\/"}}]}},"_links":{"self":[{"href":"https:\/\/snsvietnam.com\/en\/wp-json\/wp\/v2\/product\/561","targetHints":{"allow":["GET"]}}],"collection":[{"href":"https:\/\/snsvietnam.com\/en\/wp-json\/wp\/v2\/product"}],"about":[{"href":"https:\/\/snsvietnam.com\/en\/wp-json\/wp\/v2\/types\/product"}],"replies":[{"embeddable":true,"href":"https:\/\/snsvietnam.com\/en\/wp-json\/wp\/v2\/comments?post=561"}],"wp:featuredmedia":[{"embeddable":true,"href":"https:\/\/snsvietnam.com\/en\/wp-json\/wp\/v2\/media\/1949"}],"wp:attachment":[{"href":"https:\/\/snsvietnam.com\/en\/wp-json\/wp\/v2\/media?parent=561"}],"wp:term":[{"taxonomy":"product_brand","embeddable":true,"href":"https:\/\/snsvietnam.com\/en\/wp-json\/wp\/v2\/product_brand?post=561"},{"taxonomy":"product_cat","embeddable":true,"href":"https:\/\/snsvietnam.com\/en\/wp-json\/wp\/v2\/product_cat?post=561"},{"taxonomy":"product_tag","embeddable":true,"href":"https:\/\/snsvietnam.com\/en\/wp-json\/wp\/v2\/product_tag?post=561"}],"curies":[{"name":"wp","href":"https:\/\/api.w.org\/{rel}","templated":true}]}}