{"id":545,"date":"2018-05-21T16:29:45","date_gmt":"2018-05-21T09:29:45","guid":{"rendered":"https:\/\/snsvietnam.com\/?post_type=product&#038;p=545"},"modified":"2019-02-12T14:33:09","modified_gmt":"2019-02-12T07:33:09","slug":"tay-gap-khi-nen-sns-mhz2-series","status":"publish","type":"product","link":"https:\/\/snsvietnam.com\/en\/san-pham\/tay-gap-khi-nen-sns-mhz2-series\/","title":{"rendered":"MHZ2 SERIES PNEUMATIC FINGER"},"content":{"rendered":"<p><img decoding=\"async\" src=\"https:\/\/snsvietnam.com\/wp-content\/uploads\/2018\/05\/MHZ2-Series-Pneumatic-Finger-1.jpg\" alt=\"\" width=\"1082\" height=\"1120\" class=\"alignnone size-full wp-image-546\" srcset=\"https:\/\/snsvietnam.com\/wp-content\/uploads\/2018\/05\/MHZ2-Series-Pneumatic-Finger-1.jpg 1082w, https:\/\/snsvietnam.com\/wp-content\/uploads\/2018\/05\/MHZ2-Series-Pneumatic-Finger-1-290x300.jpg 290w, https:\/\/snsvietnam.com\/wp-content\/uploads\/2018\/05\/MHZ2-Series-Pneumatic-Finger-1-768x795.jpg 768w, https:\/\/snsvietnam.com\/wp-content\/uploads\/2018\/05\/MHZ2-Series-Pneumatic-Finger-1-989x1024.jpg 989w, https:\/\/snsvietnam.com\/wp-content\/uploads\/2018\/05\/MHZ2-Series-Pneumatic-Finger-1-141x146.jpg 141w, https:\/\/snsvietnam.com\/wp-content\/uploads\/2018\/05\/MHZ2-Series-Pneumatic-Finger-1-48x50.jpg 48w, https:\/\/snsvietnam.com\/wp-content\/uploads\/2018\/05\/MHZ2-Series-Pneumatic-Finger-1-72x75.jpg 72w, https:\/\/snsvietnam.com\/wp-content\/uploads\/2018\/05\/MHZ2-Series-Pneumatic-Finger-1-600x621.jpg 600w\" sizes=\"(max-width: 1082px) 100vw, 1082px\" \/><\/p>","protected":false},"excerpt":{"rendered":"<p><img loading=\"lazy\" decoding=\"async\" src=\"https:\/\/snsvietnam.com\/wp-content\/uploads\/2018\/05\/MHZ2-Series-Pneumatic-Finger.jpg\" alt=\"\" width=\"480\" height=\"204\" class=\"alignnone size-full wp-image-547\" srcset=\"https:\/\/snsvietnam.com\/wp-content\/uploads\/2018\/05\/MHZ2-Series-Pneumatic-Finger.jpg 480w, https:\/\/snsvietnam.com\/wp-content\/uploads\/2018\/05\/MHZ2-Series-Pneumatic-Finger-300x128.jpg 300w, https:\/\/snsvietnam.com\/wp-content\/uploads\/2018\/05\/MHZ2-Series-Pneumatic-Finger-260x111.jpg 260w, https:\/\/snsvietnam.com\/wp-content\/uploads\/2018\/05\/MHZ2-Series-Pneumatic-Finger-50x21.jpg 50w, https:\/\/snsvietnam.com\/wp-content\/uploads\/2018\/05\/MHZ2-Series-Pneumatic-Finger-150x64.jpg 150w\" sizes=\"(max-width: 480px) 100vw, 480px\" \/><\/p>\n","protected":false},"featured_media":548,"comment_status":"open","ping_status":"closed","template":"","meta":[],"product_brand":[],"product_cat":[21],"product_tag":[39,50,51,126,47,49],"class_list":{"0":"post-545","1":"product","2":"type-product","3":"status-publish","4":"has-post-thumbnail","6":"product_cat-xi-lanh-khi-nen-sns","7":"product_tag-khi-nen","8":"product_tag-phu-kien-khi-nen","9":"product_tag-phu-kien-khi-nen-sns","10":"product_tag-tay-gap-khi-nen-sns","11":"product_tag-thiet-bi-khi-nen","12":"product_tag-thiet-bi-khi-nen-sns","14":"first","15":"instock","16":"shipping-taxable","17":"purchasable","18":"product-type-simple"},"yoast_head":"<!-- This site is optimized with the Yoast SEO plugin v27.3 - https:\/\/yoast.com\/product\/yoast-seo-wordpress\/ -->\n<title>TAY G\u1eaeP KH\u00cd N\u00c9N MHZ2 SERIES<\/title>\n<meta name=\"description\" content=\"thi\u1ebft b\u1ecb kh\u00ed n\u00e9n, thi\u1ebft b\u1ecb kh\u00ed n\u00e9n sns, kh\u00ed n\u00e9n, ph\u1ee5 ki\u1ec7n kh\u00ed n\u00e9n, ph\u1ee5 ki\u1ec7n kh\u00ed n\u00e9n sns, tay g\u1eafp kh\u00ed n\u00e9n sns\" \/>\n<meta name=\"robots\" content=\"index, follow, max-snippet:-1, max-image-preview:large, max-video-preview:-1\" \/>\n<link rel=\"canonical\" href=\"https:\/\/snsvietnam.com\/san-pham\/tay-gap-khi-nen-sns-mhz2-series\/\" \/>\n<script type=\"application\/ld+json\" class=\"yoast-schema-graph\">{\"@context\":\"https:\\\/\\\/schema.org\",\"@graph\":[{\"@type\":\"WebPage\",\"@id\":\"https:\\\/\\\/snsvietnam.com\\\/san-pham\\\/tay-gap-khi-nen-sns-mhz2-series\\\/\",\"url\":\"https:\\\/\\\/snsvietnam.com\\\/san-pham\\\/tay-gap-khi-nen-sns-mhz2-series\\\/\",\"name\":\"TAY G\u1eaeP KH\u00cd N\u00c9N MHZ2 SERIES\",\"isPartOf\":{\"@id\":\"https:\\\/\\\/snsvietnam.com\\\/#website\"},\"primaryImageOfPage\":{\"@id\":\"https:\\\/\\\/snsvietnam.com\\\/san-pham\\\/tay-gap-khi-nen-sns-mhz2-series\\\/#primaryimage\"},\"image\":{\"@id\":\"https:\\\/\\\/snsvietnam.com\\\/san-pham\\\/tay-gap-khi-nen-sns-mhz2-series\\\/#primaryimage\"},\"thumbnailUrl\":\"https:\\\/\\\/snsvietnam.com\\\/wp-content\\\/uploads\\\/2018\\\/05\\\/MHZ2-Series-Pneumatic-Finger-3.jpg\",\"datePublished\":\"2018-05-21T09:29:45+00:00\",\"dateModified\":\"2019-02-12T07:33:09+00:00\",\"description\":\"thi\u1ebft b\u1ecb kh\u00ed n\u00e9n, thi\u1ebft b\u1ecb kh\u00ed n\u00e9n sns, kh\u00ed n\u00e9n, ph\u1ee5 ki\u1ec7n kh\u00ed n\u00e9n, ph\u1ee5 ki\u1ec7n kh\u00ed n\u00e9n sns, tay g\u1eafp kh\u00ed n\u00e9n sns\",\"breadcrumb\":{\"@id\":\"https:\\\/\\\/snsvietnam.com\\\/san-pham\\\/tay-gap-khi-nen-sns-mhz2-series\\\/#breadcrumb\"},\"inLanguage\":\"en-US\",\"potentialAction\":[{\"@type\":\"ReadAction\",\"target\":[\"https:\\\/\\\/snsvietnam.com\\\/san-pham\\\/tay-gap-khi-nen-sns-mhz2-series\\\/\"]}]},{\"@type\":\"ImageObject\",\"inLanguage\":\"en-US\",\"@id\":\"https:\\\/\\\/snsvietnam.com\\\/san-pham\\\/tay-gap-khi-nen-sns-mhz2-series\\\/#primaryimage\",\"url\":\"https:\\\/\\\/snsvietnam.com\\\/wp-content\\\/uploads\\\/2018\\\/05\\\/MHZ2-Series-Pneumatic-Finger-3.jpg\",\"contentUrl\":\"https:\\\/\\\/snsvietnam.com\\\/wp-content\\\/uploads\\\/2018\\\/05\\\/MHZ2-Series-Pneumatic-Finger-3.jpg\",\"width\":500,\"height\":500},{\"@type\":\"BreadcrumbList\",\"@id\":\"https:\\\/\\\/snsvietnam.com\\\/san-pham\\\/tay-gap-khi-nen-sns-mhz2-series\\\/#breadcrumb\",\"itemListElement\":[{\"@type\":\"ListItem\",\"position\":1,\"name\":\"Home\",\"item\":\"https:\\\/\\\/snsvietnam.com\\\/\"},{\"@type\":\"ListItem\",\"position\":2,\"name\":\"C\u1eeda h\u00e0ng\",\"item\":\"https:\\\/\\\/snsvietnam.com\\\/cua-hang-thiet-bi-sns\\\/\"},{\"@type\":\"ListItem\",\"position\":3,\"name\":\"00A7-TAY G\u1eaeP KH\u00cd N\u00c9N MHZ2 SERIES\"}]},{\"@type\":\"WebSite\",\"@id\":\"https:\\\/\\\/snsvietnam.com\\\/#website\",\"url\":\"https:\\\/\\\/snsvietnam.com\\\/\",\"name\":\"Thi\u1ebft b\u1ecb kh\u00ed n\u00e9n\",\"description\":\"SNS\",\"publisher\":{\"@id\":\"https:\\\/\\\/snsvietnam.com\\\/#organization\"},\"potentialAction\":[{\"@type\":\"SearchAction\",\"target\":{\"@type\":\"EntryPoint\",\"urlTemplate\":\"https:\\\/\\\/snsvietnam.com\\\/?s={search_term_string}\"},\"query-input\":{\"@type\":\"PropertyValueSpecification\",\"valueRequired\":true,\"valueName\":\"search_term_string\"}}],\"inLanguage\":\"en-US\"},{\"@type\":\"Organization\",\"@id\":\"https:\\\/\\\/snsvietnam.com\\\/#organization\",\"name\":\"Cty Thi\u1ebft B\u1ecb Kh\u00ed N\u00e9n SNS Vi\u1ec7t Nam\",\"url\":\"https:\\\/\\\/snsvietnam.com\\\/\",\"logo\":{\"@type\":\"ImageObject\",\"inLanguage\":\"en-US\",\"@id\":\"https:\\\/\\\/snsvietnam.com\\\/#\\\/schema\\\/logo\\\/image\\\/\",\"url\":\"https:\\\/\\\/snsvietnam.com\\\/wp-content\\\/uploads\\\/2018\\\/05\\\/logo.png\",\"contentUrl\":\"https:\\\/\\\/snsvietnam.com\\\/wp-content\\\/uploads\\\/2018\\\/05\\\/logo.png\",\"width\":320,\"height\":41,\"caption\":\"Cty Thi\u1ebft B\u1ecb Kh\u00ed N\u00e9n SNS Vi\u1ec7t Nam\"},\"image\":{\"@id\":\"https:\\\/\\\/snsvietnam.com\\\/#\\\/schema\\\/logo\\\/image\\\/\"}}]}<\/script>\n<!-- \/ Yoast SEO plugin. -->","yoast_head_json":{"title":"TAY G\u1eaeP KH\u00cd N\u00c9N MHZ2 SERIES","description":"thi\u1ebft b\u1ecb kh\u00ed n\u00e9n, thi\u1ebft b\u1ecb kh\u00ed n\u00e9n sns, kh\u00ed n\u00e9n, ph\u1ee5 ki\u1ec7n kh\u00ed n\u00e9n, ph\u1ee5 ki\u1ec7n kh\u00ed n\u00e9n sns, tay g\u1eafp kh\u00ed n\u00e9n sns","robots":{"index":"index","follow":"follow","max-snippet":"max-snippet:-1","max-image-preview":"max-image-preview:large","max-video-preview":"max-video-preview:-1"},"canonical":"https:\/\/snsvietnam.com\/san-pham\/tay-gap-khi-nen-sns-mhz2-series\/","schema":{"@context":"https:\/\/schema.org","@graph":[{"@type":"WebPage","@id":"https:\/\/snsvietnam.com\/san-pham\/tay-gap-khi-nen-sns-mhz2-series\/","url":"https:\/\/snsvietnam.com\/san-pham\/tay-gap-khi-nen-sns-mhz2-series\/","name":"TAY G\u1eaeP KH\u00cd N\u00c9N MHZ2 SERIES","isPartOf":{"@id":"https:\/\/snsvietnam.com\/#website"},"primaryImageOfPage":{"@id":"https:\/\/snsvietnam.com\/san-pham\/tay-gap-khi-nen-sns-mhz2-series\/#primaryimage"},"image":{"@id":"https:\/\/snsvietnam.com\/san-pham\/tay-gap-khi-nen-sns-mhz2-series\/#primaryimage"},"thumbnailUrl":"https:\/\/snsvietnam.com\/wp-content\/uploads\/2018\/05\/MHZ2-Series-Pneumatic-Finger-3.jpg","datePublished":"2018-05-21T09:29:45+00:00","dateModified":"2019-02-12T07:33:09+00:00","description":"thi\u1ebft b\u1ecb kh\u00ed n\u00e9n, thi\u1ebft b\u1ecb kh\u00ed n\u00e9n sns, kh\u00ed n\u00e9n, ph\u1ee5 ki\u1ec7n kh\u00ed n\u00e9n, ph\u1ee5 ki\u1ec7n kh\u00ed n\u00e9n sns, tay g\u1eafp kh\u00ed n\u00e9n sns","breadcrumb":{"@id":"https:\/\/snsvietnam.com\/san-pham\/tay-gap-khi-nen-sns-mhz2-series\/#breadcrumb"},"inLanguage":"en-US","potentialAction":[{"@type":"ReadAction","target":["https:\/\/snsvietnam.com\/san-pham\/tay-gap-khi-nen-sns-mhz2-series\/"]}]},{"@type":"ImageObject","inLanguage":"en-US","@id":"https:\/\/snsvietnam.com\/san-pham\/tay-gap-khi-nen-sns-mhz2-series\/#primaryimage","url":"https:\/\/snsvietnam.com\/wp-content\/uploads\/2018\/05\/MHZ2-Series-Pneumatic-Finger-3.jpg","contentUrl":"https:\/\/snsvietnam.com\/wp-content\/uploads\/2018\/05\/MHZ2-Series-Pneumatic-Finger-3.jpg","width":500,"height":500},{"@type":"BreadcrumbList","@id":"https:\/\/snsvietnam.com\/san-pham\/tay-gap-khi-nen-sns-mhz2-series\/#breadcrumb","itemListElement":[{"@type":"ListItem","position":1,"name":"Home","item":"https:\/\/snsvietnam.com\/"},{"@type":"ListItem","position":2,"name":"C\u1eeda h\u00e0ng","item":"https:\/\/snsvietnam.com\/cua-hang-thiet-bi-sns\/"},{"@type":"ListItem","position":3,"name":"00A7-TAY G\u1eaeP KH\u00cd N\u00c9N MHZ2 SERIES"}]},{"@type":"WebSite","@id":"https:\/\/snsvietnam.com\/#website","url":"https:\/\/snsvietnam.com\/","name":"Thi\u1ebft b\u1ecb kh\u00ed n\u00e9n","description":"SNS","publisher":{"@id":"https:\/\/snsvietnam.com\/#organization"},"potentialAction":[{"@type":"SearchAction","target":{"@type":"EntryPoint","urlTemplate":"https:\/\/snsvietnam.com\/?s={search_term_string}"},"query-input":{"@type":"PropertyValueSpecification","valueRequired":true,"valueName":"search_term_string"}}],"inLanguage":"en-US"},{"@type":"Organization","@id":"https:\/\/snsvietnam.com\/#organization","name":"Cty Thi\u1ebft B\u1ecb Kh\u00ed N\u00e9n SNS Vi\u1ec7t Nam","url":"https:\/\/snsvietnam.com\/","logo":{"@type":"ImageObject","inLanguage":"en-US","@id":"https:\/\/snsvietnam.com\/#\/schema\/logo\/image\/","url":"https:\/\/snsvietnam.com\/wp-content\/uploads\/2018\/05\/logo.png","contentUrl":"https:\/\/snsvietnam.com\/wp-content\/uploads\/2018\/05\/logo.png","width":320,"height":41,"caption":"Cty Thi\u1ebft B\u1ecb Kh\u00ed N\u00e9n SNS Vi\u1ec7t Nam"},"image":{"@id":"https:\/\/snsvietnam.com\/#\/schema\/logo\/image\/"}}]}},"_links":{"self":[{"href":"https:\/\/snsvietnam.com\/en\/wp-json\/wp\/v2\/product\/545","targetHints":{"allow":["GET"]}}],"collection":[{"href":"https:\/\/snsvietnam.com\/en\/wp-json\/wp\/v2\/product"}],"about":[{"href":"https:\/\/snsvietnam.com\/en\/wp-json\/wp\/v2\/types\/product"}],"replies":[{"embeddable":true,"href":"https:\/\/snsvietnam.com\/en\/wp-json\/wp\/v2\/comments?post=545"}],"wp:featuredmedia":[{"embeddable":true,"href":"https:\/\/snsvietnam.com\/en\/wp-json\/wp\/v2\/media\/548"}],"wp:attachment":[{"href":"https:\/\/snsvietnam.com\/en\/wp-json\/wp\/v2\/media?parent=545"}],"wp:term":[{"taxonomy":"product_brand","embeddable":true,"href":"https:\/\/snsvietnam.com\/en\/wp-json\/wp\/v2\/product_brand?post=545"},{"taxonomy":"product_cat","embeddable":true,"href":"https:\/\/snsvietnam.com\/en\/wp-json\/wp\/v2\/product_cat?post=545"},{"taxonomy":"product_tag","embeddable":true,"href":"https:\/\/snsvietnam.com\/en\/wp-json\/wp\/v2\/product_tag?post=545"}],"curies":[{"name":"wp","href":"https:\/\/api.w.org\/{rel}","templated":true}]}}