{"id":516,"date":"2018-05-21T16:12:22","date_gmt":"2018-05-21T09:12:22","guid":{"rendered":"https:\/\/snsvietnam.com\/?post_type=product&#038;p=516"},"modified":"2019-02-12T15:27:26","modified_gmt":"2019-02-12T08:27:26","slug":"xi-lanh-khi-nen-sns-truot-mxq-series","status":"publish","type":"product","link":"https:\/\/snsvietnam.com\/en\/san-pham\/xi-lanh-khi-nen-sns-truot-mxq-series\/","title":{"rendered":"MXQ SERIES SLIDER CYLINDER"},"content":{"rendered":"<p><img decoding=\"async\" src=\"https:\/\/snsvietnam.com\/wp-content\/uploads\/2018\/05\/MXQ-Series-Slider-Cylinder-1.jpg\" alt=\"\" width=\"1082\" height=\"1406\" class=\"alignnone size-full wp-image-517\" srcset=\"https:\/\/snsvietnam.com\/wp-content\/uploads\/2018\/05\/MXQ-Series-Slider-Cylinder-1.jpg 1082w, https:\/\/snsvietnam.com\/wp-content\/uploads\/2018\/05\/MXQ-Series-Slider-Cylinder-1-231x300.jpg 231w, https:\/\/snsvietnam.com\/wp-content\/uploads\/2018\/05\/MXQ-Series-Slider-Cylinder-1-768x998.jpg 768w, https:\/\/snsvietnam.com\/wp-content\/uploads\/2018\/05\/MXQ-Series-Slider-Cylinder-1-788x1024.jpg 788w, https:\/\/snsvietnam.com\/wp-content\/uploads\/2018\/05\/MXQ-Series-Slider-Cylinder-1-112x146.jpg 112w, https:\/\/snsvietnam.com\/wp-content\/uploads\/2018\/05\/MXQ-Series-Slider-Cylinder-1-38x50.jpg 38w, https:\/\/snsvietnam.com\/wp-content\/uploads\/2018\/05\/MXQ-Series-Slider-Cylinder-1-58x75.jpg 58w, https:\/\/snsvietnam.com\/wp-content\/uploads\/2018\/05\/MXQ-Series-Slider-Cylinder-1-600x780.jpg 600w\" sizes=\"(max-width: 1082px) 100vw, 1082px\" \/><\/p>","protected":false},"excerpt":{"rendered":"<p><img loading=\"lazy\" decoding=\"async\" src=\"https:\/\/snsvietnam.com\/wp-content\/uploads\/2018\/05\/MXQ-Series-Slider-Cylinder.jpg\" alt=\"\" width=\"480\" height=\"154\" class=\"alignnone size-full wp-image-518\" srcset=\"https:\/\/snsvietnam.com\/wp-content\/uploads\/2018\/05\/MXQ-Series-Slider-Cylinder.jpg 480w, https:\/\/snsvietnam.com\/wp-content\/uploads\/2018\/05\/MXQ-Series-Slider-Cylinder-300x96.jpg 300w, https:\/\/snsvietnam.com\/wp-content\/uploads\/2018\/05\/MXQ-Series-Slider-Cylinder-260x83.jpg 260w, https:\/\/snsvietnam.com\/wp-content\/uploads\/2018\/05\/MXQ-Series-Slider-Cylinder-50x16.jpg 50w, https:\/\/snsvietnam.com\/wp-content\/uploads\/2018\/05\/MXQ-Series-Slider-Cylinder-150x48.jpg 150w\" sizes=\"(max-width: 480px) 100vw, 480px\" \/><\/p>\n","protected":false},"featured_media":1959,"comment_status":"open","ping_status":"closed","template":"","meta":[],"product_brand":[],"product_cat":[21],"product_tag":[39,47,49,38,40,129],"class_list":{"0":"post-516","1":"product","2":"type-product","3":"status-publish","4":"has-post-thumbnail","6":"product_cat-xi-lanh-khi-nen-sns","7":"product_tag-khi-nen","8":"product_tag-thiet-bi-khi-nen","9":"product_tag-thiet-bi-khi-nen-sns","10":"product_tag-xi-lanh-khi-nen","11":"product_tag-xi-lanh-khi-nen-sns","12":"product_tag-xi-lanh-khi-nen-sns-truot","14":"first","15":"instock","16":"shipping-taxable","17":"purchasable","18":"product-type-simple"},"yoast_head":"<!-- This site is optimized with the Yoast SEO plugin v27.4 - https:\/\/yoast.com\/product\/yoast-seo-wordpress\/ -->\n<title>XI LANH KH\u00cd N\u00c9N SNS TR\u01af\u1ee2T MXQ SERIES<\/title>\n<meta name=\"description\" content=\"thi\u1ebft b\u1ecb kh\u00ed n\u00e9n, thi\u1ebft b\u1ecb kh\u00ed n\u00e9n sns, kh\u00ed n\u00e9n, xi lanh kh\u00ed n\u00e9n, xi lanh kh\u00ed n\u00e9n sns, XI LANH KH\u00cd N\u00c9N SNS TR\u01af\u1ee2T\" \/>\n<meta name=\"robots\" content=\"index, follow, max-snippet:-1, max-image-preview:large, max-video-preview:-1\" \/>\n<link rel=\"canonical\" href=\"https:\/\/snsvietnam.com\/san-pham\/xi-lanh-khi-nen-sns-truot-mxq-series\/\" \/>\n<script type=\"application\/ld+json\" class=\"yoast-schema-graph\">{\"@context\":\"https:\\\/\\\/schema.org\",\"@graph\":[{\"@type\":\"WebPage\",\"@id\":\"https:\\\/\\\/snsvietnam.com\\\/san-pham\\\/xi-lanh-khi-nen-sns-truot-mxq-series\\\/\",\"url\":\"https:\\\/\\\/snsvietnam.com\\\/san-pham\\\/xi-lanh-khi-nen-sns-truot-mxq-series\\\/\",\"name\":\"XI LANH KH\u00cd N\u00c9N SNS TR\u01af\u1ee2T MXQ SERIES\",\"isPartOf\":{\"@id\":\"https:\\\/\\\/snsvietnam.com\\\/#website\"},\"primaryImageOfPage\":{\"@id\":\"https:\\\/\\\/snsvietnam.com\\\/san-pham\\\/xi-lanh-khi-nen-sns-truot-mxq-series\\\/#primaryimage\"},\"image\":{\"@id\":\"https:\\\/\\\/snsvietnam.com\\\/san-pham\\\/xi-lanh-khi-nen-sns-truot-mxq-series\\\/#primaryimage\"},\"thumbnailUrl\":\"https:\\\/\\\/snsvietnam.com\\\/wp-content\\\/uploads\\\/2018\\\/05\\\/xi-lanh-khi-nen-sns-truot-1-1.jpg\",\"datePublished\":\"2018-05-21T09:12:22+00:00\",\"dateModified\":\"2019-02-12T08:27:26+00:00\",\"description\":\"thi\u1ebft b\u1ecb kh\u00ed n\u00e9n, thi\u1ebft b\u1ecb kh\u00ed n\u00e9n sns, kh\u00ed n\u00e9n, xi lanh kh\u00ed n\u00e9n, xi lanh kh\u00ed n\u00e9n sns, XI LANH KH\u00cd N\u00c9N SNS TR\u01af\u1ee2T\",\"breadcrumb\":{\"@id\":\"https:\\\/\\\/snsvietnam.com\\\/san-pham\\\/xi-lanh-khi-nen-sns-truot-mxq-series\\\/#breadcrumb\"},\"inLanguage\":\"en-US\",\"potentialAction\":[{\"@type\":\"ReadAction\",\"target\":[\"https:\\\/\\\/snsvietnam.com\\\/san-pham\\\/xi-lanh-khi-nen-sns-truot-mxq-series\\\/\"]}]},{\"@type\":\"ImageObject\",\"inLanguage\":\"en-US\",\"@id\":\"https:\\\/\\\/snsvietnam.com\\\/san-pham\\\/xi-lanh-khi-nen-sns-truot-mxq-series\\\/#primaryimage\",\"url\":\"https:\\\/\\\/snsvietnam.com\\\/wp-content\\\/uploads\\\/2018\\\/05\\\/xi-lanh-khi-nen-sns-truot-1-1.jpg\",\"contentUrl\":\"https:\\\/\\\/snsvietnam.com\\\/wp-content\\\/uploads\\\/2018\\\/05\\\/xi-lanh-khi-nen-sns-truot-1-1.jpg\",\"width\":500,\"height\":500},{\"@type\":\"BreadcrumbList\",\"@id\":\"https:\\\/\\\/snsvietnam.com\\\/san-pham\\\/xi-lanh-khi-nen-sns-truot-mxq-series\\\/#breadcrumb\",\"itemListElement\":[{\"@type\":\"ListItem\",\"position\":1,\"name\":\"Home\",\"item\":\"https:\\\/\\\/snsvietnam.com\\\/\"},{\"@type\":\"ListItem\",\"position\":2,\"name\":\"C\u1eeda h\u00e0ng\",\"item\":\"https:\\\/\\\/snsvietnam.com\\\/cua-hang-thiet-bi-sns\\\/\"},{\"@type\":\"ListItem\",\"position\":3,\"name\":\"00B4-XI LANH KH\u00cd N\u00c9N SNS TR\u01af\u1ee2T MXQ SERIES\"}]},{\"@type\":\"WebSite\",\"@id\":\"https:\\\/\\\/snsvietnam.com\\\/#website\",\"url\":\"https:\\\/\\\/snsvietnam.com\\\/\",\"name\":\"Thi\u1ebft b\u1ecb kh\u00ed n\u00e9n\",\"description\":\"SNS\",\"publisher\":{\"@id\":\"https:\\\/\\\/snsvietnam.com\\\/#organization\"},\"potentialAction\":[{\"@type\":\"SearchAction\",\"target\":{\"@type\":\"EntryPoint\",\"urlTemplate\":\"https:\\\/\\\/snsvietnam.com\\\/?s={search_term_string}\"},\"query-input\":{\"@type\":\"PropertyValueSpecification\",\"valueRequired\":true,\"valueName\":\"search_term_string\"}}],\"inLanguage\":\"en-US\"},{\"@type\":\"Organization\",\"@id\":\"https:\\\/\\\/snsvietnam.com\\\/#organization\",\"name\":\"Cty Thi\u1ebft B\u1ecb Kh\u00ed N\u00e9n SNS Vi\u1ec7t Nam\",\"url\":\"https:\\\/\\\/snsvietnam.com\\\/\",\"logo\":{\"@type\":\"ImageObject\",\"inLanguage\":\"en-US\",\"@id\":\"https:\\\/\\\/snsvietnam.com\\\/#\\\/schema\\\/logo\\\/image\\\/\",\"url\":\"https:\\\/\\\/snsvietnam.com\\\/wp-content\\\/uploads\\\/2018\\\/05\\\/logo.png\",\"contentUrl\":\"https:\\\/\\\/snsvietnam.com\\\/wp-content\\\/uploads\\\/2018\\\/05\\\/logo.png\",\"width\":320,\"height\":41,\"caption\":\"Cty Thi\u1ebft B\u1ecb Kh\u00ed N\u00e9n SNS Vi\u1ec7t Nam\"},\"image\":{\"@id\":\"https:\\\/\\\/snsvietnam.com\\\/#\\\/schema\\\/logo\\\/image\\\/\"}}]}<\/script>\n<!-- \/ Yoast SEO plugin. -->","yoast_head_json":{"title":"XI LANH KH\u00cd N\u00c9N SNS TR\u01af\u1ee2T MXQ SERIES","description":"thi\u1ebft b\u1ecb kh\u00ed n\u00e9n, thi\u1ebft b\u1ecb kh\u00ed n\u00e9n sns, kh\u00ed n\u00e9n, xi lanh kh\u00ed n\u00e9n, xi lanh kh\u00ed n\u00e9n sns, XI LANH KH\u00cd N\u00c9N SNS TR\u01af\u1ee2T","robots":{"index":"index","follow":"follow","max-snippet":"max-snippet:-1","max-image-preview":"max-image-preview:large","max-video-preview":"max-video-preview:-1"},"canonical":"https:\/\/snsvietnam.com\/san-pham\/xi-lanh-khi-nen-sns-truot-mxq-series\/","schema":{"@context":"https:\/\/schema.org","@graph":[{"@type":"WebPage","@id":"https:\/\/snsvietnam.com\/san-pham\/xi-lanh-khi-nen-sns-truot-mxq-series\/","url":"https:\/\/snsvietnam.com\/san-pham\/xi-lanh-khi-nen-sns-truot-mxq-series\/","name":"XI LANH KH\u00cd N\u00c9N SNS TR\u01af\u1ee2T MXQ SERIES","isPartOf":{"@id":"https:\/\/snsvietnam.com\/#website"},"primaryImageOfPage":{"@id":"https:\/\/snsvietnam.com\/san-pham\/xi-lanh-khi-nen-sns-truot-mxq-series\/#primaryimage"},"image":{"@id":"https:\/\/snsvietnam.com\/san-pham\/xi-lanh-khi-nen-sns-truot-mxq-series\/#primaryimage"},"thumbnailUrl":"https:\/\/snsvietnam.com\/wp-content\/uploads\/2018\/05\/xi-lanh-khi-nen-sns-truot-1-1.jpg","datePublished":"2018-05-21T09:12:22+00:00","dateModified":"2019-02-12T08:27:26+00:00","description":"thi\u1ebft b\u1ecb kh\u00ed n\u00e9n, thi\u1ebft b\u1ecb kh\u00ed n\u00e9n sns, kh\u00ed n\u00e9n, xi lanh kh\u00ed n\u00e9n, xi lanh kh\u00ed n\u00e9n sns, XI LANH KH\u00cd N\u00c9N SNS TR\u01af\u1ee2T","breadcrumb":{"@id":"https:\/\/snsvietnam.com\/san-pham\/xi-lanh-khi-nen-sns-truot-mxq-series\/#breadcrumb"},"inLanguage":"en-US","potentialAction":[{"@type":"ReadAction","target":["https:\/\/snsvietnam.com\/san-pham\/xi-lanh-khi-nen-sns-truot-mxq-series\/"]}]},{"@type":"ImageObject","inLanguage":"en-US","@id":"https:\/\/snsvietnam.com\/san-pham\/xi-lanh-khi-nen-sns-truot-mxq-series\/#primaryimage","url":"https:\/\/snsvietnam.com\/wp-content\/uploads\/2018\/05\/xi-lanh-khi-nen-sns-truot-1-1.jpg","contentUrl":"https:\/\/snsvietnam.com\/wp-content\/uploads\/2018\/05\/xi-lanh-khi-nen-sns-truot-1-1.jpg","width":500,"height":500},{"@type":"BreadcrumbList","@id":"https:\/\/snsvietnam.com\/san-pham\/xi-lanh-khi-nen-sns-truot-mxq-series\/#breadcrumb","itemListElement":[{"@type":"ListItem","position":1,"name":"Home","item":"https:\/\/snsvietnam.com\/"},{"@type":"ListItem","position":2,"name":"C\u1eeda h\u00e0ng","item":"https:\/\/snsvietnam.com\/cua-hang-thiet-bi-sns\/"},{"@type":"ListItem","position":3,"name":"00B4-XI LANH KH\u00cd N\u00c9N SNS TR\u01af\u1ee2T MXQ SERIES"}]},{"@type":"WebSite","@id":"https:\/\/snsvietnam.com\/#website","url":"https:\/\/snsvietnam.com\/","name":"Thi\u1ebft b\u1ecb kh\u00ed n\u00e9n","description":"SNS","publisher":{"@id":"https:\/\/snsvietnam.com\/#organization"},"potentialAction":[{"@type":"SearchAction","target":{"@type":"EntryPoint","urlTemplate":"https:\/\/snsvietnam.com\/?s={search_term_string}"},"query-input":{"@type":"PropertyValueSpecification","valueRequired":true,"valueName":"search_term_string"}}],"inLanguage":"en-US"},{"@type":"Organization","@id":"https:\/\/snsvietnam.com\/#organization","name":"Cty Thi\u1ebft B\u1ecb Kh\u00ed N\u00e9n SNS Vi\u1ec7t Nam","url":"https:\/\/snsvietnam.com\/","logo":{"@type":"ImageObject","inLanguage":"en-US","@id":"https:\/\/snsvietnam.com\/#\/schema\/logo\/image\/","url":"https:\/\/snsvietnam.com\/wp-content\/uploads\/2018\/05\/logo.png","contentUrl":"https:\/\/snsvietnam.com\/wp-content\/uploads\/2018\/05\/logo.png","width":320,"height":41,"caption":"Cty Thi\u1ebft B\u1ecb Kh\u00ed N\u00e9n SNS Vi\u1ec7t Nam"},"image":{"@id":"https:\/\/snsvietnam.com\/#\/schema\/logo\/image\/"}}]}},"_links":{"self":[{"href":"https:\/\/snsvietnam.com\/en\/wp-json\/wp\/v2\/product\/516","targetHints":{"allow":["GET"]}}],"collection":[{"href":"https:\/\/snsvietnam.com\/en\/wp-json\/wp\/v2\/product"}],"about":[{"href":"https:\/\/snsvietnam.com\/en\/wp-json\/wp\/v2\/types\/product"}],"replies":[{"embeddable":true,"href":"https:\/\/snsvietnam.com\/en\/wp-json\/wp\/v2\/comments?post=516"}],"wp:featuredmedia":[{"embeddable":true,"href":"https:\/\/snsvietnam.com\/en\/wp-json\/wp\/v2\/media\/1959"}],"wp:attachment":[{"href":"https:\/\/snsvietnam.com\/en\/wp-json\/wp\/v2\/media?parent=516"}],"wp:term":[{"taxonomy":"product_brand","embeddable":true,"href":"https:\/\/snsvietnam.com\/en\/wp-json\/wp\/v2\/product_brand?post=516"},{"taxonomy":"product_cat","embeddable":true,"href":"https:\/\/snsvietnam.com\/en\/wp-json\/wp\/v2\/product_cat?post=516"},{"taxonomy":"product_tag","embeddable":true,"href":"https:\/\/snsvietnam.com\/en\/wp-json\/wp\/v2\/product_tag?post=516"}],"curies":[{"name":"wp","href":"https:\/\/api.w.org\/{rel}","templated":true}]}}