{"id":435,"date":"2018-05-21T14:49:39","date_gmt":"2018-05-21T07:49:39","guid":{"rendered":"https:\/\/snsvietnam.com\/?post_type=product&#038;p=435"},"modified":"2018-10-18T14:37:19","modified_gmt":"2018-10-18T07:37:19","slug":"cong-tac-ap-suat-sns-gct-gclt-series","status":"publish","type":"product","link":"https:\/\/snsvietnam.com\/en\/san-pham\/cong-tac-ap-suat-sns-gct-gclt-series\/","title":{"rendered":"GCT\/GCLT SERIES PRESSURE SWITCH"},"content":{"rendered":"<p><img decoding=\"async\" src=\"https:\/\/snsvietnam.com\/wp-content\/uploads\/2018\/05\/GCT.GCLT-Series-Pressure-Switch-1.jpg\" alt=\"\" width=\"1082\" height=\"840\" class=\"alignnone size-full wp-image-436\" srcset=\"https:\/\/snsvietnam.com\/wp-content\/uploads\/2018\/05\/GCT.GCLT-Series-Pressure-Switch-1.jpg 1082w, https:\/\/snsvietnam.com\/wp-content\/uploads\/2018\/05\/GCT.GCLT-Series-Pressure-Switch-1-300x233.jpg 300w, https:\/\/snsvietnam.com\/wp-content\/uploads\/2018\/05\/GCT.GCLT-Series-Pressure-Switch-1-768x596.jpg 768w, https:\/\/snsvietnam.com\/wp-content\/uploads\/2018\/05\/GCT.GCLT-Series-Pressure-Switch-1-1024x795.jpg 1024w, https:\/\/snsvietnam.com\/wp-content\/uploads\/2018\/05\/GCT.GCLT-Series-Pressure-Switch-1-188x146.jpg 188w, https:\/\/snsvietnam.com\/wp-content\/uploads\/2018\/05\/GCT.GCLT-Series-Pressure-Switch-1-50x39.jpg 50w, https:\/\/snsvietnam.com\/wp-content\/uploads\/2018\/05\/GCT.GCLT-Series-Pressure-Switch-1-97x75.jpg 97w, https:\/\/snsvietnam.com\/wp-content\/uploads\/2018\/05\/GCT.GCLT-Series-Pressure-Switch-1-600x466.jpg 600w\" sizes=\"(max-width: 1082px) 100vw, 1082px\" \/><\/p>","protected":false},"excerpt":{"rendered":"<p><img loading=\"lazy\" decoding=\"async\" src=\"https:\/\/snsvietnam.com\/wp-content\/uploads\/2018\/05\/GCT.GCLT-Series-Pressure-Switch.jpg\" alt=\"\" width=\"480\" height=\"204\" class=\"alignnone size-full wp-image-437\" srcset=\"https:\/\/snsvietnam.com\/wp-content\/uploads\/2018\/05\/GCT.GCLT-Series-Pressure-Switch.jpg 480w, https:\/\/snsvietnam.com\/wp-content\/uploads\/2018\/05\/GCT.GCLT-Series-Pressure-Switch-300x128.jpg 300w, https:\/\/snsvietnam.com\/wp-content\/uploads\/2018\/05\/GCT.GCLT-Series-Pressure-Switch-260x111.jpg 260w, https:\/\/snsvietnam.com\/wp-content\/uploads\/2018\/05\/GCT.GCLT-Series-Pressure-Switch-50x21.jpg 50w, https:\/\/snsvietnam.com\/wp-content\/uploads\/2018\/05\/GCT.GCLT-Series-Pressure-Switch-150x64.jpg 150w\" sizes=\"(max-width: 480px) 100vw, 480px\" \/><\/p>\n","protected":false},"featured_media":438,"comment_status":"open","ping_status":"closed","template":"","meta":[],"product_brand":[],"product_cat":[19],"product_tag":[143,39,50,51,47,49],"class_list":{"0":"post-435","1":"product","2":"type-product","3":"status-publish","4":"has-post-thumbnail","6":"product_cat-thiet-bi-thuy-luc-sns","7":"product_tag-cong-tac-ap-suat-sns","8":"product_tag-khi-nen","9":"product_tag-phu-kien-khi-nen","10":"product_tag-phu-kien-khi-nen-sns","11":"product_tag-thiet-bi-khi-nen","12":"product_tag-thiet-bi-khi-nen-sns","14":"first","15":"instock","16":"shipping-taxable","17":"purchasable","18":"product-type-simple"},"yoast_head":"<!-- This site is optimized with the Yoast SEO plugin v27.4 - https:\/\/yoast.com\/product\/yoast-seo-wordpress\/ -->\n<title>C\u00d4NG T\u1eaeC \u00c1P SU\u1ea4T SNS GCT\/GCLT SERIES<\/title>\n<meta name=\"description\" content=\"thi\u1ebft b\u1ecb kh\u00ed n\u00e9n, thi\u1ebft b\u1ecb kh\u00ed n\u00e9n sns, kh\u00ed n\u00e9n, ph\u1ee5 ki\u1ec7n kh\u00ed n\u00e9n, ph\u1ee5 ki\u1ec7n kh\u00ed n\u00e9n sns, C\u00d4NG T\u1eaeC \u00c1P SU\u1ea4T SNS\" \/>\n<meta name=\"robots\" content=\"index, follow, max-snippet:-1, max-image-preview:large, max-video-preview:-1\" \/>\n<link rel=\"canonical\" href=\"https:\/\/snsvietnam.com\/san-pham\/cong-tac-ap-suat-sns-gct-gclt-series\/\" \/>\n<script type=\"application\/ld+json\" class=\"yoast-schema-graph\">{\"@context\":\"https:\\\/\\\/schema.org\",\"@graph\":[{\"@type\":\"WebPage\",\"@id\":\"https:\\\/\\\/snsvietnam.com\\\/san-pham\\\/cong-tac-ap-suat-sns-gct-gclt-series\\\/\",\"url\":\"https:\\\/\\\/snsvietnam.com\\\/san-pham\\\/cong-tac-ap-suat-sns-gct-gclt-series\\\/\",\"name\":\"C\u00d4NG T\u1eaeC \u00c1P SU\u1ea4T SNS GCT\\\/GCLT SERIES\",\"isPartOf\":{\"@id\":\"https:\\\/\\\/snsvietnam.com\\\/#website\"},\"primaryImageOfPage\":{\"@id\":\"https:\\\/\\\/snsvietnam.com\\\/san-pham\\\/cong-tac-ap-suat-sns-gct-gclt-series\\\/#primaryimage\"},\"image\":{\"@id\":\"https:\\\/\\\/snsvietnam.com\\\/san-pham\\\/cong-tac-ap-suat-sns-gct-gclt-series\\\/#primaryimage\"},\"thumbnailUrl\":\"https:\\\/\\\/snsvietnam.com\\\/wp-content\\\/uploads\\\/2018\\\/05\\\/GCT-GCLT-Series-Pressure-Switch.jpg\",\"datePublished\":\"2018-05-21T07:49:39+00:00\",\"dateModified\":\"2018-10-18T07:37:19+00:00\",\"description\":\"thi\u1ebft b\u1ecb kh\u00ed n\u00e9n, thi\u1ebft b\u1ecb kh\u00ed n\u00e9n sns, kh\u00ed n\u00e9n, ph\u1ee5 ki\u1ec7n kh\u00ed n\u00e9n, ph\u1ee5 ki\u1ec7n kh\u00ed n\u00e9n sns, C\u00d4NG T\u1eaeC \u00c1P SU\u1ea4T SNS\",\"breadcrumb\":{\"@id\":\"https:\\\/\\\/snsvietnam.com\\\/san-pham\\\/cong-tac-ap-suat-sns-gct-gclt-series\\\/#breadcrumb\"},\"inLanguage\":\"en-US\",\"potentialAction\":[{\"@type\":\"ReadAction\",\"target\":[\"https:\\\/\\\/snsvietnam.com\\\/san-pham\\\/cong-tac-ap-suat-sns-gct-gclt-series\\\/\"]}]},{\"@type\":\"ImageObject\",\"inLanguage\":\"en-US\",\"@id\":\"https:\\\/\\\/snsvietnam.com\\\/san-pham\\\/cong-tac-ap-suat-sns-gct-gclt-series\\\/#primaryimage\",\"url\":\"https:\\\/\\\/snsvietnam.com\\\/wp-content\\\/uploads\\\/2018\\\/05\\\/GCT-GCLT-Series-Pressure-Switch.jpg\",\"contentUrl\":\"https:\\\/\\\/snsvietnam.com\\\/wp-content\\\/uploads\\\/2018\\\/05\\\/GCT-GCLT-Series-Pressure-Switch.jpg\",\"width\":500,\"height\":500},{\"@type\":\"BreadcrumbList\",\"@id\":\"https:\\\/\\\/snsvietnam.com\\\/san-pham\\\/cong-tac-ap-suat-sns-gct-gclt-series\\\/#breadcrumb\",\"itemListElement\":[{\"@type\":\"ListItem\",\"position\":1,\"name\":\"Home\",\"item\":\"https:\\\/\\\/snsvietnam.com\\\/\"},{\"@type\":\"ListItem\",\"position\":2,\"name\":\"C\u1eeda h\u00e0ng\",\"item\":\"https:\\\/\\\/snsvietnam.com\\\/cua-hang-thiet-bi-sns\\\/\"},{\"@type\":\"ListItem\",\"position\":3,\"name\":\"C\u00d4NG T\u1eaeC \u00c1P SU\u1ea4T SNS GCT\\\/GCLT SERIES\"}]},{\"@type\":\"WebSite\",\"@id\":\"https:\\\/\\\/snsvietnam.com\\\/#website\",\"url\":\"https:\\\/\\\/snsvietnam.com\\\/\",\"name\":\"Thi\u1ebft b\u1ecb kh\u00ed n\u00e9n\",\"description\":\"SNS\",\"publisher\":{\"@id\":\"https:\\\/\\\/snsvietnam.com\\\/#organization\"},\"potentialAction\":[{\"@type\":\"SearchAction\",\"target\":{\"@type\":\"EntryPoint\",\"urlTemplate\":\"https:\\\/\\\/snsvietnam.com\\\/?s={search_term_string}\"},\"query-input\":{\"@type\":\"PropertyValueSpecification\",\"valueRequired\":true,\"valueName\":\"search_term_string\"}}],\"inLanguage\":\"en-US\"},{\"@type\":\"Organization\",\"@id\":\"https:\\\/\\\/snsvietnam.com\\\/#organization\",\"name\":\"Cty Thi\u1ebft B\u1ecb Kh\u00ed N\u00e9n SNS Vi\u1ec7t Nam\",\"url\":\"https:\\\/\\\/snsvietnam.com\\\/\",\"logo\":{\"@type\":\"ImageObject\",\"inLanguage\":\"en-US\",\"@id\":\"https:\\\/\\\/snsvietnam.com\\\/#\\\/schema\\\/logo\\\/image\\\/\",\"url\":\"https:\\\/\\\/snsvietnam.com\\\/wp-content\\\/uploads\\\/2018\\\/05\\\/logo.png\",\"contentUrl\":\"https:\\\/\\\/snsvietnam.com\\\/wp-content\\\/uploads\\\/2018\\\/05\\\/logo.png\",\"width\":320,\"height\":41,\"caption\":\"Cty Thi\u1ebft B\u1ecb Kh\u00ed N\u00e9n SNS Vi\u1ec7t Nam\"},\"image\":{\"@id\":\"https:\\\/\\\/snsvietnam.com\\\/#\\\/schema\\\/logo\\\/image\\\/\"}}]}<\/script>\n<!-- \/ Yoast SEO plugin. -->","yoast_head_json":{"title":"C\u00d4NG T\u1eaeC \u00c1P SU\u1ea4T SNS GCT\/GCLT SERIES","description":"thi\u1ebft b\u1ecb kh\u00ed n\u00e9n, thi\u1ebft b\u1ecb kh\u00ed n\u00e9n sns, kh\u00ed n\u00e9n, ph\u1ee5 ki\u1ec7n kh\u00ed n\u00e9n, ph\u1ee5 ki\u1ec7n kh\u00ed n\u00e9n sns, C\u00d4NG T\u1eaeC \u00c1P SU\u1ea4T SNS","robots":{"index":"index","follow":"follow","max-snippet":"max-snippet:-1","max-image-preview":"max-image-preview:large","max-video-preview":"max-video-preview:-1"},"canonical":"https:\/\/snsvietnam.com\/san-pham\/cong-tac-ap-suat-sns-gct-gclt-series\/","schema":{"@context":"https:\/\/schema.org","@graph":[{"@type":"WebPage","@id":"https:\/\/snsvietnam.com\/san-pham\/cong-tac-ap-suat-sns-gct-gclt-series\/","url":"https:\/\/snsvietnam.com\/san-pham\/cong-tac-ap-suat-sns-gct-gclt-series\/","name":"C\u00d4NG T\u1eaeC \u00c1P SU\u1ea4T SNS GCT\/GCLT SERIES","isPartOf":{"@id":"https:\/\/snsvietnam.com\/#website"},"primaryImageOfPage":{"@id":"https:\/\/snsvietnam.com\/san-pham\/cong-tac-ap-suat-sns-gct-gclt-series\/#primaryimage"},"image":{"@id":"https:\/\/snsvietnam.com\/san-pham\/cong-tac-ap-suat-sns-gct-gclt-series\/#primaryimage"},"thumbnailUrl":"https:\/\/snsvietnam.com\/wp-content\/uploads\/2018\/05\/GCT-GCLT-Series-Pressure-Switch.jpg","datePublished":"2018-05-21T07:49:39+00:00","dateModified":"2018-10-18T07:37:19+00:00","description":"thi\u1ebft b\u1ecb kh\u00ed n\u00e9n, thi\u1ebft b\u1ecb kh\u00ed n\u00e9n sns, kh\u00ed n\u00e9n, ph\u1ee5 ki\u1ec7n kh\u00ed n\u00e9n, ph\u1ee5 ki\u1ec7n kh\u00ed n\u00e9n sns, C\u00d4NG T\u1eaeC \u00c1P SU\u1ea4T SNS","breadcrumb":{"@id":"https:\/\/snsvietnam.com\/san-pham\/cong-tac-ap-suat-sns-gct-gclt-series\/#breadcrumb"},"inLanguage":"en-US","potentialAction":[{"@type":"ReadAction","target":["https:\/\/snsvietnam.com\/san-pham\/cong-tac-ap-suat-sns-gct-gclt-series\/"]}]},{"@type":"ImageObject","inLanguage":"en-US","@id":"https:\/\/snsvietnam.com\/san-pham\/cong-tac-ap-suat-sns-gct-gclt-series\/#primaryimage","url":"https:\/\/snsvietnam.com\/wp-content\/uploads\/2018\/05\/GCT-GCLT-Series-Pressure-Switch.jpg","contentUrl":"https:\/\/snsvietnam.com\/wp-content\/uploads\/2018\/05\/GCT-GCLT-Series-Pressure-Switch.jpg","width":500,"height":500},{"@type":"BreadcrumbList","@id":"https:\/\/snsvietnam.com\/san-pham\/cong-tac-ap-suat-sns-gct-gclt-series\/#breadcrumb","itemListElement":[{"@type":"ListItem","position":1,"name":"Home","item":"https:\/\/snsvietnam.com\/"},{"@type":"ListItem","position":2,"name":"C\u1eeda h\u00e0ng","item":"https:\/\/snsvietnam.com\/cua-hang-thiet-bi-sns\/"},{"@type":"ListItem","position":3,"name":"C\u00d4NG T\u1eaeC \u00c1P SU\u1ea4T SNS GCT\/GCLT SERIES"}]},{"@type":"WebSite","@id":"https:\/\/snsvietnam.com\/#website","url":"https:\/\/snsvietnam.com\/","name":"Thi\u1ebft b\u1ecb kh\u00ed n\u00e9n","description":"SNS","publisher":{"@id":"https:\/\/snsvietnam.com\/#organization"},"potentialAction":[{"@type":"SearchAction","target":{"@type":"EntryPoint","urlTemplate":"https:\/\/snsvietnam.com\/?s={search_term_string}"},"query-input":{"@type":"PropertyValueSpecification","valueRequired":true,"valueName":"search_term_string"}}],"inLanguage":"en-US"},{"@type":"Organization","@id":"https:\/\/snsvietnam.com\/#organization","name":"Cty Thi\u1ebft B\u1ecb Kh\u00ed N\u00e9n SNS Vi\u1ec7t Nam","url":"https:\/\/snsvietnam.com\/","logo":{"@type":"ImageObject","inLanguage":"en-US","@id":"https:\/\/snsvietnam.com\/#\/schema\/logo\/image\/","url":"https:\/\/snsvietnam.com\/wp-content\/uploads\/2018\/05\/logo.png","contentUrl":"https:\/\/snsvietnam.com\/wp-content\/uploads\/2018\/05\/logo.png","width":320,"height":41,"caption":"Cty Thi\u1ebft B\u1ecb Kh\u00ed N\u00e9n SNS Vi\u1ec7t Nam"},"image":{"@id":"https:\/\/snsvietnam.com\/#\/schema\/logo\/image\/"}}]}},"_links":{"self":[{"href":"https:\/\/snsvietnam.com\/en\/wp-json\/wp\/v2\/product\/435","targetHints":{"allow":["GET"]}}],"collection":[{"href":"https:\/\/snsvietnam.com\/en\/wp-json\/wp\/v2\/product"}],"about":[{"href":"https:\/\/snsvietnam.com\/en\/wp-json\/wp\/v2\/types\/product"}],"replies":[{"embeddable":true,"href":"https:\/\/snsvietnam.com\/en\/wp-json\/wp\/v2\/comments?post=435"}],"wp:featuredmedia":[{"embeddable":true,"href":"https:\/\/snsvietnam.com\/en\/wp-json\/wp\/v2\/media\/438"}],"wp:attachment":[{"href":"https:\/\/snsvietnam.com\/en\/wp-json\/wp\/v2\/media?parent=435"}],"wp:term":[{"taxonomy":"product_brand","embeddable":true,"href":"https:\/\/snsvietnam.com\/en\/wp-json\/wp\/v2\/product_brand?post=435"},{"taxonomy":"product_cat","embeddable":true,"href":"https:\/\/snsvietnam.com\/en\/wp-json\/wp\/v2\/product_cat?post=435"},{"taxonomy":"product_tag","embeddable":true,"href":"https:\/\/snsvietnam.com\/en\/wp-json\/wp\/v2\/product_tag?post=435"}],"curies":[{"name":"wp","href":"https:\/\/api.w.org\/{rel}","templated":true}]}}