{"id":415,"date":"2018-05-18T11:33:24","date_gmt":"2018-05-18T04:33:24","guid":{"rendered":"https:\/\/snsvietnam.com\/?post_type=product&#038;p=415"},"modified":"2018-10-18T14:43:39","modified_gmt":"2018-10-18T07:43:39","slug":"xi-lanh-dau-sns-htb-series","status":"publish","type":"product","link":"https:\/\/snsvietnam.com\/en\/san-pham\/xi-lanh-dau-sns-htb-series\/","title":{"rendered":"HTB SERIES THIN OIL CYLINDER"},"content":{"rendered":"<p><img decoding=\"async\" src=\"https:\/\/snsvietnam.com\/wp-content\/uploads\/2018\/05\/HTB-Series-Thin-Oil-Cylinder-1.jpg\" alt=\"\" width=\"1082\" height=\"1140\" class=\"alignnone size-full wp-image-416\" srcset=\"https:\/\/snsvietnam.com\/wp-content\/uploads\/2018\/05\/HTB-Series-Thin-Oil-Cylinder-1.jpg 1082w, https:\/\/snsvietnam.com\/wp-content\/uploads\/2018\/05\/HTB-Series-Thin-Oil-Cylinder-1-285x300.jpg 285w, https:\/\/snsvietnam.com\/wp-content\/uploads\/2018\/05\/HTB-Series-Thin-Oil-Cylinder-1-768x809.jpg 768w, https:\/\/snsvietnam.com\/wp-content\/uploads\/2018\/05\/HTB-Series-Thin-Oil-Cylinder-1-972x1024.jpg 972w, https:\/\/snsvietnam.com\/wp-content\/uploads\/2018\/05\/HTB-Series-Thin-Oil-Cylinder-1-139x146.jpg 139w, https:\/\/snsvietnam.com\/wp-content\/uploads\/2018\/05\/HTB-Series-Thin-Oil-Cylinder-1-47x50.jpg 47w, https:\/\/snsvietnam.com\/wp-content\/uploads\/2018\/05\/HTB-Series-Thin-Oil-Cylinder-1-71x75.jpg 71w, https:\/\/snsvietnam.com\/wp-content\/uploads\/2018\/05\/HTB-Series-Thin-Oil-Cylinder-1-600x632.jpg 600w\" sizes=\"(max-width: 1082px) 100vw, 1082px\" \/><\/p>","protected":false},"excerpt":{"rendered":"<p><img loading=\"lazy\" decoding=\"async\" src=\"https:\/\/snsvietnam.com\/wp-content\/uploads\/2018\/05\/HTB-Series-Thin-Oil-Cylinder.jpg\" alt=\"\" width=\"480\" height=\"204\" class=\"alignnone size-full wp-image-417\" srcset=\"https:\/\/snsvietnam.com\/wp-content\/uploads\/2018\/05\/HTB-Series-Thin-Oil-Cylinder.jpg 480w, https:\/\/snsvietnam.com\/wp-content\/uploads\/2018\/05\/HTB-Series-Thin-Oil-Cylinder-300x128.jpg 300w, https:\/\/snsvietnam.com\/wp-content\/uploads\/2018\/05\/HTB-Series-Thin-Oil-Cylinder-260x111.jpg 260w, https:\/\/snsvietnam.com\/wp-content\/uploads\/2018\/05\/HTB-Series-Thin-Oil-Cylinder-50x21.jpg 50w, https:\/\/snsvietnam.com\/wp-content\/uploads\/2018\/05\/HTB-Series-Thin-Oil-Cylinder-150x64.jpg 150w\" sizes=\"(max-width: 480px) 100vw, 480px\" \/><\/p>\n","protected":false},"featured_media":418,"comment_status":"open","ping_status":"closed","template":"","meta":[],"product_brand":[],"product_cat":[19],"product_tag":[39,47,49,144,38,40],"class_list":{"0":"post-415","1":"product","2":"type-product","3":"status-publish","4":"has-post-thumbnail","6":"product_cat-thiet-bi-thuy-luc-sns","7":"product_tag-khi-nen","8":"product_tag-thiet-bi-khi-nen","9":"product_tag-thiet-bi-khi-nen-sns","10":"product_tag-xi-lanh-dau-sns","11":"product_tag-xi-lanh-khi-nen","12":"product_tag-xi-lanh-khi-nen-sns","14":"first","15":"instock","16":"shipping-taxable","17":"purchasable","18":"product-type-simple"},"yoast_head":"<!-- This site is optimized with the Yoast SEO plugin v27.4 - https:\/\/yoast.com\/product\/yoast-seo-wordpress\/ -->\n<title>XI LANH D\u1ea6U SNS HTB SERIES<\/title>\n<meta name=\"description\" content=\"thi\u1ebft b\u1ecb kh\u00ed n\u00e9n, thi\u1ebft b\u1ecb kh\u00ed n\u00e9n sns, kh\u00ed n\u00e9n, xi lanh kh\u00ed n\u00e9n, xi lanh kh\u00ed n\u00e9n sns, XI LANH D\u1ea6U SNS\" \/>\n<meta name=\"robots\" content=\"index, follow, max-snippet:-1, max-image-preview:large, max-video-preview:-1\" \/>\n<link rel=\"canonical\" href=\"https:\/\/snsvietnam.com\/san-pham\/xi-lanh-dau-sns-htb-series\/\" \/>\n<script type=\"application\/ld+json\" class=\"yoast-schema-graph\">{\"@context\":\"https:\\\/\\\/schema.org\",\"@graph\":[{\"@type\":\"WebPage\",\"@id\":\"https:\\\/\\\/snsvietnam.com\\\/san-pham\\\/xi-lanh-dau-sns-htb-series\\\/\",\"url\":\"https:\\\/\\\/snsvietnam.com\\\/san-pham\\\/xi-lanh-dau-sns-htb-series\\\/\",\"name\":\"XI LANH D\u1ea6U SNS HTB SERIES\",\"isPartOf\":{\"@id\":\"https:\\\/\\\/snsvietnam.com\\\/#website\"},\"primaryImageOfPage\":{\"@id\":\"https:\\\/\\\/snsvietnam.com\\\/san-pham\\\/xi-lanh-dau-sns-htb-series\\\/#primaryimage\"},\"image\":{\"@id\":\"https:\\\/\\\/snsvietnam.com\\\/san-pham\\\/xi-lanh-dau-sns-htb-series\\\/#primaryimage\"},\"thumbnailUrl\":\"https:\\\/\\\/snsvietnam.com\\\/wp-content\\\/uploads\\\/2018\\\/05\\\/HTB-Series-Thin-Oil-Cylinder-2.jpg\",\"datePublished\":\"2018-05-18T04:33:24+00:00\",\"dateModified\":\"2018-10-18T07:43:39+00:00\",\"description\":\"thi\u1ebft b\u1ecb kh\u00ed n\u00e9n, thi\u1ebft b\u1ecb kh\u00ed n\u00e9n sns, kh\u00ed n\u00e9n, xi lanh kh\u00ed n\u00e9n, xi lanh kh\u00ed n\u00e9n sns, XI LANH D\u1ea6U SNS\",\"breadcrumb\":{\"@id\":\"https:\\\/\\\/snsvietnam.com\\\/san-pham\\\/xi-lanh-dau-sns-htb-series\\\/#breadcrumb\"},\"inLanguage\":\"en-US\",\"potentialAction\":[{\"@type\":\"ReadAction\",\"target\":[\"https:\\\/\\\/snsvietnam.com\\\/san-pham\\\/xi-lanh-dau-sns-htb-series\\\/\"]}]},{\"@type\":\"ImageObject\",\"inLanguage\":\"en-US\",\"@id\":\"https:\\\/\\\/snsvietnam.com\\\/san-pham\\\/xi-lanh-dau-sns-htb-series\\\/#primaryimage\",\"url\":\"https:\\\/\\\/snsvietnam.com\\\/wp-content\\\/uploads\\\/2018\\\/05\\\/HTB-Series-Thin-Oil-Cylinder-2.jpg\",\"contentUrl\":\"https:\\\/\\\/snsvietnam.com\\\/wp-content\\\/uploads\\\/2018\\\/05\\\/HTB-Series-Thin-Oil-Cylinder-2.jpg\",\"width\":500,\"height\":500},{\"@type\":\"BreadcrumbList\",\"@id\":\"https:\\\/\\\/snsvietnam.com\\\/san-pham\\\/xi-lanh-dau-sns-htb-series\\\/#breadcrumb\",\"itemListElement\":[{\"@type\":\"ListItem\",\"position\":1,\"name\":\"Home\",\"item\":\"https:\\\/\\\/snsvietnam.com\\\/\"},{\"@type\":\"ListItem\",\"position\":2,\"name\":\"C\u1eeda h\u00e0ng\",\"item\":\"https:\\\/\\\/snsvietnam.com\\\/cua-hang-thiet-bi-sns\\\/\"},{\"@type\":\"ListItem\",\"position\":3,\"name\":\"XI LANH D\u1ea6U SNS HTB SERIES\"}]},{\"@type\":\"WebSite\",\"@id\":\"https:\\\/\\\/snsvietnam.com\\\/#website\",\"url\":\"https:\\\/\\\/snsvietnam.com\\\/\",\"name\":\"Thi\u1ebft b\u1ecb kh\u00ed n\u00e9n\",\"description\":\"SNS\",\"publisher\":{\"@id\":\"https:\\\/\\\/snsvietnam.com\\\/#organization\"},\"potentialAction\":[{\"@type\":\"SearchAction\",\"target\":{\"@type\":\"EntryPoint\",\"urlTemplate\":\"https:\\\/\\\/snsvietnam.com\\\/?s={search_term_string}\"},\"query-input\":{\"@type\":\"PropertyValueSpecification\",\"valueRequired\":true,\"valueName\":\"search_term_string\"}}],\"inLanguage\":\"en-US\"},{\"@type\":\"Organization\",\"@id\":\"https:\\\/\\\/snsvietnam.com\\\/#organization\",\"name\":\"Cty Thi\u1ebft B\u1ecb Kh\u00ed N\u00e9n SNS Vi\u1ec7t Nam\",\"url\":\"https:\\\/\\\/snsvietnam.com\\\/\",\"logo\":{\"@type\":\"ImageObject\",\"inLanguage\":\"en-US\",\"@id\":\"https:\\\/\\\/snsvietnam.com\\\/#\\\/schema\\\/logo\\\/image\\\/\",\"url\":\"https:\\\/\\\/snsvietnam.com\\\/wp-content\\\/uploads\\\/2018\\\/05\\\/logo.png\",\"contentUrl\":\"https:\\\/\\\/snsvietnam.com\\\/wp-content\\\/uploads\\\/2018\\\/05\\\/logo.png\",\"width\":320,\"height\":41,\"caption\":\"Cty Thi\u1ebft B\u1ecb Kh\u00ed N\u00e9n SNS Vi\u1ec7t Nam\"},\"image\":{\"@id\":\"https:\\\/\\\/snsvietnam.com\\\/#\\\/schema\\\/logo\\\/image\\\/\"}}]}<\/script>\n<!-- \/ Yoast SEO plugin. -->","yoast_head_json":{"title":"XI LANH D\u1ea6U SNS HTB SERIES","description":"thi\u1ebft b\u1ecb kh\u00ed n\u00e9n, thi\u1ebft b\u1ecb kh\u00ed n\u00e9n sns, kh\u00ed n\u00e9n, xi lanh kh\u00ed n\u00e9n, xi lanh kh\u00ed n\u00e9n sns, XI LANH D\u1ea6U SNS","robots":{"index":"index","follow":"follow","max-snippet":"max-snippet:-1","max-image-preview":"max-image-preview:large","max-video-preview":"max-video-preview:-1"},"canonical":"https:\/\/snsvietnam.com\/san-pham\/xi-lanh-dau-sns-htb-series\/","schema":{"@context":"https:\/\/schema.org","@graph":[{"@type":"WebPage","@id":"https:\/\/snsvietnam.com\/san-pham\/xi-lanh-dau-sns-htb-series\/","url":"https:\/\/snsvietnam.com\/san-pham\/xi-lanh-dau-sns-htb-series\/","name":"XI LANH D\u1ea6U SNS HTB SERIES","isPartOf":{"@id":"https:\/\/snsvietnam.com\/#website"},"primaryImageOfPage":{"@id":"https:\/\/snsvietnam.com\/san-pham\/xi-lanh-dau-sns-htb-series\/#primaryimage"},"image":{"@id":"https:\/\/snsvietnam.com\/san-pham\/xi-lanh-dau-sns-htb-series\/#primaryimage"},"thumbnailUrl":"https:\/\/snsvietnam.com\/wp-content\/uploads\/2018\/05\/HTB-Series-Thin-Oil-Cylinder-2.jpg","datePublished":"2018-05-18T04:33:24+00:00","dateModified":"2018-10-18T07:43:39+00:00","description":"thi\u1ebft b\u1ecb kh\u00ed n\u00e9n, thi\u1ebft b\u1ecb kh\u00ed n\u00e9n sns, kh\u00ed n\u00e9n, xi lanh kh\u00ed n\u00e9n, xi lanh kh\u00ed n\u00e9n sns, XI LANH D\u1ea6U SNS","breadcrumb":{"@id":"https:\/\/snsvietnam.com\/san-pham\/xi-lanh-dau-sns-htb-series\/#breadcrumb"},"inLanguage":"en-US","potentialAction":[{"@type":"ReadAction","target":["https:\/\/snsvietnam.com\/san-pham\/xi-lanh-dau-sns-htb-series\/"]}]},{"@type":"ImageObject","inLanguage":"en-US","@id":"https:\/\/snsvietnam.com\/san-pham\/xi-lanh-dau-sns-htb-series\/#primaryimage","url":"https:\/\/snsvietnam.com\/wp-content\/uploads\/2018\/05\/HTB-Series-Thin-Oil-Cylinder-2.jpg","contentUrl":"https:\/\/snsvietnam.com\/wp-content\/uploads\/2018\/05\/HTB-Series-Thin-Oil-Cylinder-2.jpg","width":500,"height":500},{"@type":"BreadcrumbList","@id":"https:\/\/snsvietnam.com\/san-pham\/xi-lanh-dau-sns-htb-series\/#breadcrumb","itemListElement":[{"@type":"ListItem","position":1,"name":"Home","item":"https:\/\/snsvietnam.com\/"},{"@type":"ListItem","position":2,"name":"C\u1eeda h\u00e0ng","item":"https:\/\/snsvietnam.com\/cua-hang-thiet-bi-sns\/"},{"@type":"ListItem","position":3,"name":"XI LANH D\u1ea6U SNS HTB SERIES"}]},{"@type":"WebSite","@id":"https:\/\/snsvietnam.com\/#website","url":"https:\/\/snsvietnam.com\/","name":"Thi\u1ebft b\u1ecb kh\u00ed n\u00e9n","description":"SNS","publisher":{"@id":"https:\/\/snsvietnam.com\/#organization"},"potentialAction":[{"@type":"SearchAction","target":{"@type":"EntryPoint","urlTemplate":"https:\/\/snsvietnam.com\/?s={search_term_string}"},"query-input":{"@type":"PropertyValueSpecification","valueRequired":true,"valueName":"search_term_string"}}],"inLanguage":"en-US"},{"@type":"Organization","@id":"https:\/\/snsvietnam.com\/#organization","name":"Cty Thi\u1ebft B\u1ecb Kh\u00ed N\u00e9n SNS Vi\u1ec7t Nam","url":"https:\/\/snsvietnam.com\/","logo":{"@type":"ImageObject","inLanguage":"en-US","@id":"https:\/\/snsvietnam.com\/#\/schema\/logo\/image\/","url":"https:\/\/snsvietnam.com\/wp-content\/uploads\/2018\/05\/logo.png","contentUrl":"https:\/\/snsvietnam.com\/wp-content\/uploads\/2018\/05\/logo.png","width":320,"height":41,"caption":"Cty Thi\u1ebft B\u1ecb Kh\u00ed N\u00e9n SNS Vi\u1ec7t Nam"},"image":{"@id":"https:\/\/snsvietnam.com\/#\/schema\/logo\/image\/"}}]}},"_links":{"self":[{"href":"https:\/\/snsvietnam.com\/en\/wp-json\/wp\/v2\/product\/415","targetHints":{"allow":["GET"]}}],"collection":[{"href":"https:\/\/snsvietnam.com\/en\/wp-json\/wp\/v2\/product"}],"about":[{"href":"https:\/\/snsvietnam.com\/en\/wp-json\/wp\/v2\/types\/product"}],"replies":[{"embeddable":true,"href":"https:\/\/snsvietnam.com\/en\/wp-json\/wp\/v2\/comments?post=415"}],"wp:featuredmedia":[{"embeddable":true,"href":"https:\/\/snsvietnam.com\/en\/wp-json\/wp\/v2\/media\/418"}],"wp:attachment":[{"href":"https:\/\/snsvietnam.com\/en\/wp-json\/wp\/v2\/media?parent=415"}],"wp:term":[{"taxonomy":"product_brand","embeddable":true,"href":"https:\/\/snsvietnam.com\/en\/wp-json\/wp\/v2\/product_brand?post=415"},{"taxonomy":"product_cat","embeddable":true,"href":"https:\/\/snsvietnam.com\/en\/wp-json\/wp\/v2\/product_cat?post=415"},{"taxonomy":"product_tag","embeddable":true,"href":"https:\/\/snsvietnam.com\/en\/wp-json\/wp\/v2\/product_tag?post=415"}],"curies":[{"name":"wp","href":"https:\/\/api.w.org\/{rel}","templated":true}]}}