{"id":379,"date":"2018-05-18T11:09:34","date_gmt":"2018-05-18T04:09:34","guid":{"rendered":"https:\/\/snsvietnam.com\/?post_type=product&#038;p=379"},"modified":"2019-01-07T15:32:23","modified_gmt":"2019-01-07T08:32:23","slug":"bo-loc-sns-a-b-series-2","status":"publish","type":"product","link":"https:\/\/snsvietnam.com\/en\/san-pham\/bo-loc-sns-a-b-series-2\/","title":{"rendered":"A\/B SERIES F.R.L. UNITS"},"content":{"rendered":"<p><img fetchpriority=\"high\" decoding=\"async\" class=\"alignnone size-full wp-image-380\" src=\"https:\/\/snsvietnam.com\/wp-content\/uploads\/2018\/05\/A-B-Series-F.R.L.-Units-a2.jpg\" alt=\"\" width=\"1440\" height=\"1602\" srcset=\"https:\/\/snsvietnam.com\/wp-content\/uploads\/2018\/05\/A-B-Series-F.R.L.-Units-a2.jpg 1440w, https:\/\/snsvietnam.com\/wp-content\/uploads\/2018\/05\/A-B-Series-F.R.L.-Units-a2-270x300.jpg 270w, https:\/\/snsvietnam.com\/wp-content\/uploads\/2018\/05\/A-B-Series-F.R.L.-Units-a2-768x854.jpg 768w, https:\/\/snsvietnam.com\/wp-content\/uploads\/2018\/05\/A-B-Series-F.R.L.-Units-a2-920x1024.jpg 920w, https:\/\/snsvietnam.com\/wp-content\/uploads\/2018\/05\/A-B-Series-F.R.L.-Units-a2-131x146.jpg 131w, https:\/\/snsvietnam.com\/wp-content\/uploads\/2018\/05\/A-B-Series-F.R.L.-Units-a2-45x50.jpg 45w, https:\/\/snsvietnam.com\/wp-content\/uploads\/2018\/05\/A-B-Series-F.R.L.-Units-a2-67x75.jpg 67w, https:\/\/snsvietnam.com\/wp-content\/uploads\/2018\/05\/A-B-Series-F.R.L.-Units-a2-600x668.jpg 600w\" sizes=\"(max-width: 1440px) 100vw, 1440px\" \/><\/p>","protected":false},"excerpt":{"rendered":"<p><img decoding=\"async\" class=\"alignnone size-full wp-image-381\" src=\"https:\/\/snsvietnam.com\/wp-content\/uploads\/2018\/05\/A-B-Series-F.R.L.-Units-a1.jpg\" alt=\"\" width=\"480\" height=\"155\" srcset=\"https:\/\/snsvietnam.com\/wp-content\/uploads\/2018\/05\/A-B-Series-F.R.L.-Units-a1.jpg 480w, https:\/\/snsvietnam.com\/wp-content\/uploads\/2018\/05\/A-B-Series-F.R.L.-Units-a1-300x97.jpg 300w, https:\/\/snsvietnam.com\/wp-content\/uploads\/2018\/05\/A-B-Series-F.R.L.-Units-a1-260x84.jpg 260w, https:\/\/snsvietnam.com\/wp-content\/uploads\/2018\/05\/A-B-Series-F.R.L.-Units-a1-50x16.jpg 50w, https:\/\/snsvietnam.com\/wp-content\/uploads\/2018\/05\/A-B-Series-F.R.L.-Units-a1-150x48.jpg 150w\" sizes=\"(max-width: 480px) 100vw, 480px\" \/><\/p>\n","protected":false},"featured_media":382,"comment_status":"open","ping_status":"closed","template":"","meta":[],"product_brand":[],"product_cat":[23],"product_tag":[61,62,39,47,49],"class_list":{"0":"post-379","1":"product","2":"type-product","3":"status-publish","4":"has-post-thumbnail","6":"product_cat-bo-loc-khi-nen-sns","7":"product_tag-bo-loc-khi-nen","8":"product_tag-bo-loc-khi-nen-sns","9":"product_tag-khi-nen","10":"product_tag-thiet-bi-khi-nen","11":"product_tag-thiet-bi-khi-nen-sns","13":"first","14":"instock","15":"shipping-taxable","16":"purchasable","17":"product-type-simple"},"yoast_head":"<!-- This site is optimized with the Yoast SEO plugin v27.4 - https:\/\/yoast.com\/product\/yoast-seo-wordpress\/ -->\n<title>B\u1ed8 L\u1eccC SNS A\/B SERIES<\/title>\n<meta name=\"description\" content=\"thi\u1ebft b\u1ecb kh\u00ed n\u00e9n, thi\u1ebft b\u1ecb kh\u00ed n\u00e9n sns, kh\u00ed n\u00e9n, b\u1ed9 l\u1ecdc kh\u00ed n\u00e9n, b\u1ed9 l\u1ecdc kh\u00ed n\u00e9n sns\" \/>\n<meta name=\"robots\" content=\"index, follow, max-snippet:-1, max-image-preview:large, max-video-preview:-1\" \/>\n<link rel=\"canonical\" href=\"https:\/\/snsvietnam.com\/san-pham\/bo-loc-sns-a-b-series-2\/\" \/>\n<script type=\"application\/ld+json\" class=\"yoast-schema-graph\">{\"@context\":\"https:\\\/\\\/schema.org\",\"@graph\":[{\"@type\":\"WebPage\",\"@id\":\"https:\\\/\\\/snsvietnam.com\\\/san-pham\\\/bo-loc-sns-a-b-series-2\\\/\",\"url\":\"https:\\\/\\\/snsvietnam.com\\\/san-pham\\\/bo-loc-sns-a-b-series-2\\\/\",\"name\":\"B\u1ed8 L\u1eccC SNS A\\\/B SERIES\",\"isPartOf\":{\"@id\":\"https:\\\/\\\/snsvietnam.com\\\/#website\"},\"primaryImageOfPage\":{\"@id\":\"https:\\\/\\\/snsvietnam.com\\\/san-pham\\\/bo-loc-sns-a-b-series-2\\\/#primaryimage\"},\"image\":{\"@id\":\"https:\\\/\\\/snsvietnam.com\\\/san-pham\\\/bo-loc-sns-a-b-series-2\\\/#primaryimage\"},\"thumbnailUrl\":\"https:\\\/\\\/snsvietnam.com\\\/wp-content\\\/uploads\\\/2018\\\/05\\\/a-b-afc.jpg\",\"datePublished\":\"2018-05-18T04:09:34+00:00\",\"dateModified\":\"2019-01-07T08:32:23+00:00\",\"description\":\"thi\u1ebft b\u1ecb kh\u00ed n\u00e9n, thi\u1ebft b\u1ecb kh\u00ed n\u00e9n sns, kh\u00ed n\u00e9n, b\u1ed9 l\u1ecdc kh\u00ed n\u00e9n, b\u1ed9 l\u1ecdc kh\u00ed n\u00e9n sns\",\"breadcrumb\":{\"@id\":\"https:\\\/\\\/snsvietnam.com\\\/san-pham\\\/bo-loc-sns-a-b-series-2\\\/#breadcrumb\"},\"inLanguage\":\"en-US\",\"potentialAction\":[{\"@type\":\"ReadAction\",\"target\":[\"https:\\\/\\\/snsvietnam.com\\\/san-pham\\\/bo-loc-sns-a-b-series-2\\\/\"]}]},{\"@type\":\"ImageObject\",\"inLanguage\":\"en-US\",\"@id\":\"https:\\\/\\\/snsvietnam.com\\\/san-pham\\\/bo-loc-sns-a-b-series-2\\\/#primaryimage\",\"url\":\"https:\\\/\\\/snsvietnam.com\\\/wp-content\\\/uploads\\\/2018\\\/05\\\/a-b-afc.jpg\",\"contentUrl\":\"https:\\\/\\\/snsvietnam.com\\\/wp-content\\\/uploads\\\/2018\\\/05\\\/a-b-afc.jpg\",\"width\":500,\"height\":500},{\"@type\":\"BreadcrumbList\",\"@id\":\"https:\\\/\\\/snsvietnam.com\\\/san-pham\\\/bo-loc-sns-a-b-series-2\\\/#breadcrumb\",\"itemListElement\":[{\"@type\":\"ListItem\",\"position\":1,\"name\":\"Home\",\"item\":\"https:\\\/\\\/snsvietnam.com\\\/\"},{\"@type\":\"ListItem\",\"position\":2,\"name\":\"C\u1eeda h\u00e0ng\",\"item\":\"https:\\\/\\\/snsvietnam.com\\\/cua-hang-thiet-bi-sns\\\/\"},{\"@type\":\"ListItem\",\"position\":3,\"name\":\"B\u1ed8 L\u1eccC SNS A\\\/B SERIES\"}]},{\"@type\":\"WebSite\",\"@id\":\"https:\\\/\\\/snsvietnam.com\\\/#website\",\"url\":\"https:\\\/\\\/snsvietnam.com\\\/\",\"name\":\"Thi\u1ebft b\u1ecb kh\u00ed n\u00e9n\",\"description\":\"SNS\",\"publisher\":{\"@id\":\"https:\\\/\\\/snsvietnam.com\\\/#organization\"},\"potentialAction\":[{\"@type\":\"SearchAction\",\"target\":{\"@type\":\"EntryPoint\",\"urlTemplate\":\"https:\\\/\\\/snsvietnam.com\\\/?s={search_term_string}\"},\"query-input\":{\"@type\":\"PropertyValueSpecification\",\"valueRequired\":true,\"valueName\":\"search_term_string\"}}],\"inLanguage\":\"en-US\"},{\"@type\":\"Organization\",\"@id\":\"https:\\\/\\\/snsvietnam.com\\\/#organization\",\"name\":\"Cty Thi\u1ebft B\u1ecb Kh\u00ed N\u00e9n SNS Vi\u1ec7t Nam\",\"url\":\"https:\\\/\\\/snsvietnam.com\\\/\",\"logo\":{\"@type\":\"ImageObject\",\"inLanguage\":\"en-US\",\"@id\":\"https:\\\/\\\/snsvietnam.com\\\/#\\\/schema\\\/logo\\\/image\\\/\",\"url\":\"https:\\\/\\\/snsvietnam.com\\\/wp-content\\\/uploads\\\/2018\\\/05\\\/logo.png\",\"contentUrl\":\"https:\\\/\\\/snsvietnam.com\\\/wp-content\\\/uploads\\\/2018\\\/05\\\/logo.png\",\"width\":320,\"height\":41,\"caption\":\"Cty Thi\u1ebft B\u1ecb Kh\u00ed N\u00e9n SNS Vi\u1ec7t Nam\"},\"image\":{\"@id\":\"https:\\\/\\\/snsvietnam.com\\\/#\\\/schema\\\/logo\\\/image\\\/\"}}]}<\/script>\n<!-- \/ Yoast SEO plugin. -->","yoast_head_json":{"title":"B\u1ed8 L\u1eccC SNS A\/B SERIES","description":"thi\u1ebft b\u1ecb kh\u00ed n\u00e9n, thi\u1ebft b\u1ecb kh\u00ed n\u00e9n sns, kh\u00ed n\u00e9n, b\u1ed9 l\u1ecdc kh\u00ed n\u00e9n, b\u1ed9 l\u1ecdc kh\u00ed n\u00e9n sns","robots":{"index":"index","follow":"follow","max-snippet":"max-snippet:-1","max-image-preview":"max-image-preview:large","max-video-preview":"max-video-preview:-1"},"canonical":"https:\/\/snsvietnam.com\/san-pham\/bo-loc-sns-a-b-series-2\/","schema":{"@context":"https:\/\/schema.org","@graph":[{"@type":"WebPage","@id":"https:\/\/snsvietnam.com\/san-pham\/bo-loc-sns-a-b-series-2\/","url":"https:\/\/snsvietnam.com\/san-pham\/bo-loc-sns-a-b-series-2\/","name":"B\u1ed8 L\u1eccC SNS A\/B SERIES","isPartOf":{"@id":"https:\/\/snsvietnam.com\/#website"},"primaryImageOfPage":{"@id":"https:\/\/snsvietnam.com\/san-pham\/bo-loc-sns-a-b-series-2\/#primaryimage"},"image":{"@id":"https:\/\/snsvietnam.com\/san-pham\/bo-loc-sns-a-b-series-2\/#primaryimage"},"thumbnailUrl":"https:\/\/snsvietnam.com\/wp-content\/uploads\/2018\/05\/a-b-afc.jpg","datePublished":"2018-05-18T04:09:34+00:00","dateModified":"2019-01-07T08:32:23+00:00","description":"thi\u1ebft b\u1ecb kh\u00ed n\u00e9n, thi\u1ebft b\u1ecb kh\u00ed n\u00e9n sns, kh\u00ed n\u00e9n, b\u1ed9 l\u1ecdc kh\u00ed n\u00e9n, b\u1ed9 l\u1ecdc kh\u00ed n\u00e9n sns","breadcrumb":{"@id":"https:\/\/snsvietnam.com\/san-pham\/bo-loc-sns-a-b-series-2\/#breadcrumb"},"inLanguage":"en-US","potentialAction":[{"@type":"ReadAction","target":["https:\/\/snsvietnam.com\/san-pham\/bo-loc-sns-a-b-series-2\/"]}]},{"@type":"ImageObject","inLanguage":"en-US","@id":"https:\/\/snsvietnam.com\/san-pham\/bo-loc-sns-a-b-series-2\/#primaryimage","url":"https:\/\/snsvietnam.com\/wp-content\/uploads\/2018\/05\/a-b-afc.jpg","contentUrl":"https:\/\/snsvietnam.com\/wp-content\/uploads\/2018\/05\/a-b-afc.jpg","width":500,"height":500},{"@type":"BreadcrumbList","@id":"https:\/\/snsvietnam.com\/san-pham\/bo-loc-sns-a-b-series-2\/#breadcrumb","itemListElement":[{"@type":"ListItem","position":1,"name":"Home","item":"https:\/\/snsvietnam.com\/"},{"@type":"ListItem","position":2,"name":"C\u1eeda h\u00e0ng","item":"https:\/\/snsvietnam.com\/cua-hang-thiet-bi-sns\/"},{"@type":"ListItem","position":3,"name":"B\u1ed8 L\u1eccC SNS A\/B SERIES"}]},{"@type":"WebSite","@id":"https:\/\/snsvietnam.com\/#website","url":"https:\/\/snsvietnam.com\/","name":"Thi\u1ebft b\u1ecb kh\u00ed n\u00e9n","description":"SNS","publisher":{"@id":"https:\/\/snsvietnam.com\/#organization"},"potentialAction":[{"@type":"SearchAction","target":{"@type":"EntryPoint","urlTemplate":"https:\/\/snsvietnam.com\/?s={search_term_string}"},"query-input":{"@type":"PropertyValueSpecification","valueRequired":true,"valueName":"search_term_string"}}],"inLanguage":"en-US"},{"@type":"Organization","@id":"https:\/\/snsvietnam.com\/#organization","name":"Cty Thi\u1ebft B\u1ecb Kh\u00ed N\u00e9n SNS Vi\u1ec7t Nam","url":"https:\/\/snsvietnam.com\/","logo":{"@type":"ImageObject","inLanguage":"en-US","@id":"https:\/\/snsvietnam.com\/#\/schema\/logo\/image\/","url":"https:\/\/snsvietnam.com\/wp-content\/uploads\/2018\/05\/logo.png","contentUrl":"https:\/\/snsvietnam.com\/wp-content\/uploads\/2018\/05\/logo.png","width":320,"height":41,"caption":"Cty Thi\u1ebft B\u1ecb Kh\u00ed N\u00e9n SNS Vi\u1ec7t Nam"},"image":{"@id":"https:\/\/snsvietnam.com\/#\/schema\/logo\/image\/"}}]}},"_links":{"self":[{"href":"https:\/\/snsvietnam.com\/en\/wp-json\/wp\/v2\/product\/379","targetHints":{"allow":["GET"]}}],"collection":[{"href":"https:\/\/snsvietnam.com\/en\/wp-json\/wp\/v2\/product"}],"about":[{"href":"https:\/\/snsvietnam.com\/en\/wp-json\/wp\/v2\/types\/product"}],"replies":[{"embeddable":true,"href":"https:\/\/snsvietnam.com\/en\/wp-json\/wp\/v2\/comments?post=379"}],"wp:featuredmedia":[{"embeddable":true,"href":"https:\/\/snsvietnam.com\/en\/wp-json\/wp\/v2\/media\/382"}],"wp:attachment":[{"href":"https:\/\/snsvietnam.com\/en\/wp-json\/wp\/v2\/media?parent=379"}],"wp:term":[{"taxonomy":"product_brand","embeddable":true,"href":"https:\/\/snsvietnam.com\/en\/wp-json\/wp\/v2\/product_brand?post=379"},{"taxonomy":"product_cat","embeddable":true,"href":"https:\/\/snsvietnam.com\/en\/wp-json\/wp\/v2\/product_cat?post=379"},{"taxonomy":"product_tag","embeddable":true,"href":"https:\/\/snsvietnam.com\/en\/wp-json\/wp\/v2\/product_tag?post=379"}],"curies":[{"name":"wp","href":"https:\/\/api.w.org\/{rel}","templated":true}]}}