{"id":363,"date":"2018-05-18T10:36:05","date_gmt":"2018-05-18T03:36:05","guid":{"rendered":"https:\/\/snsvietnam.com\/?post_type=product&#038;p=363"},"modified":"2019-01-07T15:34:24","modified_gmt":"2019-01-07T08:34:24","slug":"bo-loc-sns-ac-series","status":"publish","type":"product","link":"https:\/\/snsvietnam.com\/en\/san-pham\/bo-loc-sns-ac-series\/","title":{"rendered":"AC SERIES (RELIEF TYPE) F.R.L. UNITS"},"content":{"rendered":"<p><img fetchpriority=\"high\" decoding=\"async\" class=\"alignnone size-full wp-image-364\" src=\"https:\/\/snsvietnam.com\/wp-content\/uploads\/2018\/05\/AC-1.jpg\" alt=\"\" width=\"1440\" height=\"1425\" srcset=\"https:\/\/snsvietnam.com\/wp-content\/uploads\/2018\/05\/AC-1.jpg 1440w, https:\/\/snsvietnam.com\/wp-content\/uploads\/2018\/05\/AC-1-300x297.jpg 300w, https:\/\/snsvietnam.com\/wp-content\/uploads\/2018\/05\/AC-1-768x760.jpg 768w, https:\/\/snsvietnam.com\/wp-content\/uploads\/2018\/05\/AC-1-1024x1013.jpg 1024w, https:\/\/snsvietnam.com\/wp-content\/uploads\/2018\/05\/AC-1-148x146.jpg 148w, https:\/\/snsvietnam.com\/wp-content\/uploads\/2018\/05\/AC-1-50x50.jpg 50w, https:\/\/snsvietnam.com\/wp-content\/uploads\/2018\/05\/AC-1-76x75.jpg 76w, https:\/\/snsvietnam.com\/wp-content\/uploads\/2018\/05\/AC-1-85x85.jpg 85w, https:\/\/snsvietnam.com\/wp-content\/uploads\/2018\/05\/AC-1-80x80.jpg 80w, https:\/\/snsvietnam.com\/wp-content\/uploads\/2018\/05\/AC-1-600x594.jpg 600w, https:\/\/snsvietnam.com\/wp-content\/uploads\/2018\/05\/AC-1-100x100.jpg 100w\" sizes=\"(max-width: 1440px) 100vw, 1440px\" \/><\/p>","protected":false},"excerpt":{"rendered":"<p><img decoding=\"async\" class=\"alignnone size-full wp-image-1805\" src=\"https:\/\/snsvietnam.com\/wp-content\/uploads\/2018\/05\/AC.jpg\" alt=\"\" width=\"406\" height=\"204\" srcset=\"https:\/\/snsvietnam.com\/wp-content\/uploads\/2018\/05\/AC.jpg 406w, https:\/\/snsvietnam.com\/wp-content\/uploads\/2018\/05\/AC-300x151.jpg 300w, https:\/\/snsvietnam.com\/wp-content\/uploads\/2018\/05\/AC-260x131.jpg 260w, https:\/\/snsvietnam.com\/wp-content\/uploads\/2018\/05\/AC-50x25.jpg 50w, https:\/\/snsvietnam.com\/wp-content\/uploads\/2018\/05\/AC-150x75.jpg 150w\" sizes=\"(max-width: 406px) 100vw, 406px\" \/><\/p>\n","protected":false},"featured_media":365,"comment_status":"open","ping_status":"closed","template":"","meta":[],"product_brand":[],"product_cat":[23],"product_tag":[61,62,39,47,49],"class_list":{"0":"post-363","1":"product","2":"type-product","3":"status-publish","4":"has-post-thumbnail","6":"product_cat-bo-loc-khi-nen-sns","7":"product_tag-bo-loc-khi-nen","8":"product_tag-bo-loc-khi-nen-sns","9":"product_tag-khi-nen","10":"product_tag-thiet-bi-khi-nen","11":"product_tag-thiet-bi-khi-nen-sns","13":"first","14":"instock","15":"shipping-taxable","16":"purchasable","17":"product-type-simple"},"yoast_head":"<!-- This site is optimized with the Yoast SEO plugin v27.4 - https:\/\/yoast.com\/product\/yoast-seo-wordpress\/ -->\n<title>B\u1ed8 L\u1eccC SNS AC SERIES<\/title>\n<meta name=\"description\" content=\"thi\u1ebft b\u1ecb kh\u00ed n\u00e9n, thi\u1ebft b\u1ecb kh\u00ed n\u00e9n sns, kh\u00ed n\u00e9n, b\u1ed9 l\u1ecdc kh\u00ed n\u00e9n, b\u1ed9 l\u1ecdc kh\u00ed n\u00e9n sns\" \/>\n<meta name=\"robots\" content=\"index, follow, max-snippet:-1, max-image-preview:large, max-video-preview:-1\" \/>\n<link rel=\"canonical\" href=\"https:\/\/snsvietnam.com\/san-pham\/bo-loc-sns-ac-series\/\" \/>\n<script type=\"application\/ld+json\" class=\"yoast-schema-graph\">{\"@context\":\"https:\\\/\\\/schema.org\",\"@graph\":[{\"@type\":\"WebPage\",\"@id\":\"https:\\\/\\\/snsvietnam.com\\\/san-pham\\\/bo-loc-sns-ac-series\\\/\",\"url\":\"https:\\\/\\\/snsvietnam.com\\\/san-pham\\\/bo-loc-sns-ac-series\\\/\",\"name\":\"B\u1ed8 L\u1eccC SNS AC SERIES\",\"isPartOf\":{\"@id\":\"https:\\\/\\\/snsvietnam.com\\\/#website\"},\"primaryImageOfPage\":{\"@id\":\"https:\\\/\\\/snsvietnam.com\\\/san-pham\\\/bo-loc-sns-ac-series\\\/#primaryimage\"},\"image\":{\"@id\":\"https:\\\/\\\/snsvietnam.com\\\/san-pham\\\/bo-loc-sns-ac-series\\\/#primaryimage\"},\"thumbnailUrl\":\"https:\\\/\\\/snsvietnam.com\\\/wp-content\\\/uploads\\\/2018\\\/05\\\/AC-Series-Relief-Type-F.R.L.-Units.jpg\",\"datePublished\":\"2018-05-18T03:36:05+00:00\",\"dateModified\":\"2019-01-07T08:34:24+00:00\",\"description\":\"thi\u1ebft b\u1ecb kh\u00ed n\u00e9n, thi\u1ebft b\u1ecb kh\u00ed n\u00e9n sns, kh\u00ed n\u00e9n, b\u1ed9 l\u1ecdc kh\u00ed n\u00e9n, b\u1ed9 l\u1ecdc kh\u00ed n\u00e9n sns\",\"breadcrumb\":{\"@id\":\"https:\\\/\\\/snsvietnam.com\\\/san-pham\\\/bo-loc-sns-ac-series\\\/#breadcrumb\"},\"inLanguage\":\"en-US\",\"potentialAction\":[{\"@type\":\"ReadAction\",\"target\":[\"https:\\\/\\\/snsvietnam.com\\\/san-pham\\\/bo-loc-sns-ac-series\\\/\"]}]},{\"@type\":\"ImageObject\",\"inLanguage\":\"en-US\",\"@id\":\"https:\\\/\\\/snsvietnam.com\\\/san-pham\\\/bo-loc-sns-ac-series\\\/#primaryimage\",\"url\":\"https:\\\/\\\/snsvietnam.com\\\/wp-content\\\/uploads\\\/2018\\\/05\\\/AC-Series-Relief-Type-F.R.L.-Units.jpg\",\"contentUrl\":\"https:\\\/\\\/snsvietnam.com\\\/wp-content\\\/uploads\\\/2018\\\/05\\\/AC-Series-Relief-Type-F.R.L.-Units.jpg\",\"width\":500,\"height\":500},{\"@type\":\"BreadcrumbList\",\"@id\":\"https:\\\/\\\/snsvietnam.com\\\/san-pham\\\/bo-loc-sns-ac-series\\\/#breadcrumb\",\"itemListElement\":[{\"@type\":\"ListItem\",\"position\":1,\"name\":\"Home\",\"item\":\"https:\\\/\\\/snsvietnam.com\\\/\"},{\"@type\":\"ListItem\",\"position\":2,\"name\":\"C\u1eeda h\u00e0ng\",\"item\":\"https:\\\/\\\/snsvietnam.com\\\/cua-hang-thiet-bi-sns\\\/\"},{\"@type\":\"ListItem\",\"position\":3,\"name\":\"B\u1ed8 L\u1eccC SNS AC SERIES\"}]},{\"@type\":\"WebSite\",\"@id\":\"https:\\\/\\\/snsvietnam.com\\\/#website\",\"url\":\"https:\\\/\\\/snsvietnam.com\\\/\",\"name\":\"Thi\u1ebft b\u1ecb kh\u00ed n\u00e9n\",\"description\":\"SNS\",\"publisher\":{\"@id\":\"https:\\\/\\\/snsvietnam.com\\\/#organization\"},\"potentialAction\":[{\"@type\":\"SearchAction\",\"target\":{\"@type\":\"EntryPoint\",\"urlTemplate\":\"https:\\\/\\\/snsvietnam.com\\\/?s={search_term_string}\"},\"query-input\":{\"@type\":\"PropertyValueSpecification\",\"valueRequired\":true,\"valueName\":\"search_term_string\"}}],\"inLanguage\":\"en-US\"},{\"@type\":\"Organization\",\"@id\":\"https:\\\/\\\/snsvietnam.com\\\/#organization\",\"name\":\"Cty Thi\u1ebft B\u1ecb Kh\u00ed N\u00e9n SNS Vi\u1ec7t Nam\",\"url\":\"https:\\\/\\\/snsvietnam.com\\\/\",\"logo\":{\"@type\":\"ImageObject\",\"inLanguage\":\"en-US\",\"@id\":\"https:\\\/\\\/snsvietnam.com\\\/#\\\/schema\\\/logo\\\/image\\\/\",\"url\":\"https:\\\/\\\/snsvietnam.com\\\/wp-content\\\/uploads\\\/2018\\\/05\\\/logo.png\",\"contentUrl\":\"https:\\\/\\\/snsvietnam.com\\\/wp-content\\\/uploads\\\/2018\\\/05\\\/logo.png\",\"width\":320,\"height\":41,\"caption\":\"Cty Thi\u1ebft B\u1ecb Kh\u00ed N\u00e9n SNS Vi\u1ec7t Nam\"},\"image\":{\"@id\":\"https:\\\/\\\/snsvietnam.com\\\/#\\\/schema\\\/logo\\\/image\\\/\"}}]}<\/script>\n<!-- \/ Yoast SEO plugin. -->","yoast_head_json":{"title":"B\u1ed8 L\u1eccC SNS AC SERIES","description":"thi\u1ebft b\u1ecb kh\u00ed n\u00e9n, thi\u1ebft b\u1ecb kh\u00ed n\u00e9n sns, kh\u00ed n\u00e9n, b\u1ed9 l\u1ecdc kh\u00ed n\u00e9n, b\u1ed9 l\u1ecdc kh\u00ed n\u00e9n sns","robots":{"index":"index","follow":"follow","max-snippet":"max-snippet:-1","max-image-preview":"max-image-preview:large","max-video-preview":"max-video-preview:-1"},"canonical":"https:\/\/snsvietnam.com\/san-pham\/bo-loc-sns-ac-series\/","schema":{"@context":"https:\/\/schema.org","@graph":[{"@type":"WebPage","@id":"https:\/\/snsvietnam.com\/san-pham\/bo-loc-sns-ac-series\/","url":"https:\/\/snsvietnam.com\/san-pham\/bo-loc-sns-ac-series\/","name":"B\u1ed8 L\u1eccC SNS AC SERIES","isPartOf":{"@id":"https:\/\/snsvietnam.com\/#website"},"primaryImageOfPage":{"@id":"https:\/\/snsvietnam.com\/san-pham\/bo-loc-sns-ac-series\/#primaryimage"},"image":{"@id":"https:\/\/snsvietnam.com\/san-pham\/bo-loc-sns-ac-series\/#primaryimage"},"thumbnailUrl":"https:\/\/snsvietnam.com\/wp-content\/uploads\/2018\/05\/AC-Series-Relief-Type-F.R.L.-Units.jpg","datePublished":"2018-05-18T03:36:05+00:00","dateModified":"2019-01-07T08:34:24+00:00","description":"thi\u1ebft b\u1ecb kh\u00ed n\u00e9n, thi\u1ebft b\u1ecb kh\u00ed n\u00e9n sns, kh\u00ed n\u00e9n, b\u1ed9 l\u1ecdc kh\u00ed n\u00e9n, b\u1ed9 l\u1ecdc kh\u00ed n\u00e9n sns","breadcrumb":{"@id":"https:\/\/snsvietnam.com\/san-pham\/bo-loc-sns-ac-series\/#breadcrumb"},"inLanguage":"en-US","potentialAction":[{"@type":"ReadAction","target":["https:\/\/snsvietnam.com\/san-pham\/bo-loc-sns-ac-series\/"]}]},{"@type":"ImageObject","inLanguage":"en-US","@id":"https:\/\/snsvietnam.com\/san-pham\/bo-loc-sns-ac-series\/#primaryimage","url":"https:\/\/snsvietnam.com\/wp-content\/uploads\/2018\/05\/AC-Series-Relief-Type-F.R.L.-Units.jpg","contentUrl":"https:\/\/snsvietnam.com\/wp-content\/uploads\/2018\/05\/AC-Series-Relief-Type-F.R.L.-Units.jpg","width":500,"height":500},{"@type":"BreadcrumbList","@id":"https:\/\/snsvietnam.com\/san-pham\/bo-loc-sns-ac-series\/#breadcrumb","itemListElement":[{"@type":"ListItem","position":1,"name":"Home","item":"https:\/\/snsvietnam.com\/"},{"@type":"ListItem","position":2,"name":"C\u1eeda h\u00e0ng","item":"https:\/\/snsvietnam.com\/cua-hang-thiet-bi-sns\/"},{"@type":"ListItem","position":3,"name":"B\u1ed8 L\u1eccC SNS AC SERIES"}]},{"@type":"WebSite","@id":"https:\/\/snsvietnam.com\/#website","url":"https:\/\/snsvietnam.com\/","name":"Thi\u1ebft b\u1ecb kh\u00ed n\u00e9n","description":"SNS","publisher":{"@id":"https:\/\/snsvietnam.com\/#organization"},"potentialAction":[{"@type":"SearchAction","target":{"@type":"EntryPoint","urlTemplate":"https:\/\/snsvietnam.com\/?s={search_term_string}"},"query-input":{"@type":"PropertyValueSpecification","valueRequired":true,"valueName":"search_term_string"}}],"inLanguage":"en-US"},{"@type":"Organization","@id":"https:\/\/snsvietnam.com\/#organization","name":"Cty Thi\u1ebft B\u1ecb Kh\u00ed N\u00e9n SNS Vi\u1ec7t Nam","url":"https:\/\/snsvietnam.com\/","logo":{"@type":"ImageObject","inLanguage":"en-US","@id":"https:\/\/snsvietnam.com\/#\/schema\/logo\/image\/","url":"https:\/\/snsvietnam.com\/wp-content\/uploads\/2018\/05\/logo.png","contentUrl":"https:\/\/snsvietnam.com\/wp-content\/uploads\/2018\/05\/logo.png","width":320,"height":41,"caption":"Cty Thi\u1ebft B\u1ecb Kh\u00ed N\u00e9n SNS Vi\u1ec7t Nam"},"image":{"@id":"https:\/\/snsvietnam.com\/#\/schema\/logo\/image\/"}}]}},"_links":{"self":[{"href":"https:\/\/snsvietnam.com\/en\/wp-json\/wp\/v2\/product\/363","targetHints":{"allow":["GET"]}}],"collection":[{"href":"https:\/\/snsvietnam.com\/en\/wp-json\/wp\/v2\/product"}],"about":[{"href":"https:\/\/snsvietnam.com\/en\/wp-json\/wp\/v2\/types\/product"}],"replies":[{"embeddable":true,"href":"https:\/\/snsvietnam.com\/en\/wp-json\/wp\/v2\/comments?post=363"}],"wp:featuredmedia":[{"embeddable":true,"href":"https:\/\/snsvietnam.com\/en\/wp-json\/wp\/v2\/media\/365"}],"wp:attachment":[{"href":"https:\/\/snsvietnam.com\/en\/wp-json\/wp\/v2\/media?parent=363"}],"wp:term":[{"taxonomy":"product_brand","embeddable":true,"href":"https:\/\/snsvietnam.com\/en\/wp-json\/wp\/v2\/product_brand?post=363"},{"taxonomy":"product_cat","embeddable":true,"href":"https:\/\/snsvietnam.com\/en\/wp-json\/wp\/v2\/product_cat?post=363"},{"taxonomy":"product_tag","embeddable":true,"href":"https:\/\/snsvietnam.com\/en\/wp-json\/wp\/v2\/product_tag?post=363"}],"curies":[{"name":"wp","href":"https:\/\/api.w.org\/{rel}","templated":true}]}}