{"id":261,"date":"2018-05-17T16:35:24","date_gmt":"2018-05-17T09:35:24","guid":{"rendered":"https:\/\/snsvietnam.com\/?post_type=product&#038;p=261"},"modified":"2019-01-08T09:00:18","modified_gmt":"2019-01-08T02:00:18","slug":"loc-va-dieu-ap-sns-fr-series","status":"publish","type":"product","link":"https:\/\/snsvietnam.com\/en\/san-pham\/loc-va-dieu-ap-sns-fr-series\/","title":{"rendered":"FR SERIES FILTER REGULATOR"},"content":{"rendered":"<p><img fetchpriority=\"high\" decoding=\"async\" class=\"alignnone size-full wp-image-262\" src=\"https:\/\/snsvietnam.com\/wp-content\/uploads\/2018\/05\/FR-Series-Filter-Regulator-1.jpg\" alt=\"\" width=\"1440\" height=\"1598\" srcset=\"https:\/\/snsvietnam.com\/wp-content\/uploads\/2018\/05\/FR-Series-Filter-Regulator-1.jpg 1440w, https:\/\/snsvietnam.com\/wp-content\/uploads\/2018\/05\/FR-Series-Filter-Regulator-1-270x300.jpg 270w, https:\/\/snsvietnam.com\/wp-content\/uploads\/2018\/05\/FR-Series-Filter-Regulator-1-768x852.jpg 768w, https:\/\/snsvietnam.com\/wp-content\/uploads\/2018\/05\/FR-Series-Filter-Regulator-1-923x1024.jpg 923w, https:\/\/snsvietnam.com\/wp-content\/uploads\/2018\/05\/FR-Series-Filter-Regulator-1-132x146.jpg 132w, https:\/\/snsvietnam.com\/wp-content\/uploads\/2018\/05\/FR-Series-Filter-Regulator-1-45x50.jpg 45w, https:\/\/snsvietnam.com\/wp-content\/uploads\/2018\/05\/FR-Series-Filter-Regulator-1-68x75.jpg 68w, https:\/\/snsvietnam.com\/wp-content\/uploads\/2018\/05\/FR-Series-Filter-Regulator-1-600x666.jpg 600w\" sizes=\"(max-width: 1440px) 100vw, 1440px\" \/><\/p>","protected":false},"excerpt":{"rendered":"<p><img decoding=\"async\" class=\"alignnone size-full wp-image-263\" src=\"https:\/\/snsvietnam.com\/wp-content\/uploads\/2018\/05\/FR-Series-Filter-Regulator.jpg\" alt=\"\" width=\"480\" height=\"151\" srcset=\"https:\/\/snsvietnam.com\/wp-content\/uploads\/2018\/05\/FR-Series-Filter-Regulator.jpg 480w, https:\/\/snsvietnam.com\/wp-content\/uploads\/2018\/05\/FR-Series-Filter-Regulator-300x94.jpg 300w, https:\/\/snsvietnam.com\/wp-content\/uploads\/2018\/05\/FR-Series-Filter-Regulator-260x82.jpg 260w, https:\/\/snsvietnam.com\/wp-content\/uploads\/2018\/05\/FR-Series-Filter-Regulator-50x16.jpg 50w, https:\/\/snsvietnam.com\/wp-content\/uploads\/2018\/05\/FR-Series-Filter-Regulator-150x47.jpg 150w\" sizes=\"(max-width: 480px) 100vw, 480px\" \/><\/p>\n","protected":false},"featured_media":265,"comment_status":"open","ping_status":"closed","template":"","meta":[],"product_brand":[],"product_cat":[23],"product_tag":[61,62,39,147,47,49],"class_list":{"0":"post-261","1":"product","2":"type-product","3":"status-publish","4":"has-post-thumbnail","6":"product_cat-bo-loc-khi-nen-sns","7":"product_tag-bo-loc-khi-nen","8":"product_tag-bo-loc-khi-nen-sns","9":"product_tag-khi-nen","10":"product_tag-loc-va-dieu-ap-sns","11":"product_tag-thiet-bi-khi-nen","12":"product_tag-thiet-bi-khi-nen-sns","14":"first","15":"instock","16":"shipping-taxable","17":"purchasable","18":"product-type-simple"},"yoast_head":"<!-- This site is optimized with the Yoast SEO plugin v27.4 - https:\/\/yoast.com\/product\/yoast-seo-wordpress\/ -->\n<title>L\u1eccC V\u00c0 \u0110I\u1ec0U \u00c1P SNS FR SERIES<\/title>\n<meta name=\"description\" content=\"thi\u1ebft b\u1ecb kh\u00ed n\u00e9n, thi\u1ebft b\u1ecb kh\u00ed n\u00e9n sns, kh\u00ed n\u00e9n, b\u1ed9 l\u1ecdc kh\u00ed n\u00e9n, b\u1ed9 l\u1ecdc kh\u00ed n\u00e9n sns, L\u1eccC V\u00c0 \u0110I\u1ec0U \u00c1P SNS\" \/>\n<meta name=\"robots\" content=\"index, follow, max-snippet:-1, max-image-preview:large, max-video-preview:-1\" \/>\n<link rel=\"canonical\" href=\"https:\/\/snsvietnam.com\/san-pham\/loc-va-dieu-ap-sns-fr-series\/\" \/>\n<script type=\"application\/ld+json\" class=\"yoast-schema-graph\">{\"@context\":\"https:\\\/\\\/schema.org\",\"@graph\":[{\"@type\":\"WebPage\",\"@id\":\"https:\\\/\\\/snsvietnam.com\\\/san-pham\\\/loc-va-dieu-ap-sns-fr-series\\\/\",\"url\":\"https:\\\/\\\/snsvietnam.com\\\/san-pham\\\/loc-va-dieu-ap-sns-fr-series\\\/\",\"name\":\"L\u1eccC V\u00c0 \u0110I\u1ec0U \u00c1P SNS FR SERIES\",\"isPartOf\":{\"@id\":\"https:\\\/\\\/snsvietnam.com\\\/#website\"},\"primaryImageOfPage\":{\"@id\":\"https:\\\/\\\/snsvietnam.com\\\/san-pham\\\/loc-va-dieu-ap-sns-fr-series\\\/#primaryimage\"},\"image\":{\"@id\":\"https:\\\/\\\/snsvietnam.com\\\/san-pham\\\/loc-va-dieu-ap-sns-fr-series\\\/#primaryimage\"},\"thumbnailUrl\":\"https:\\\/\\\/snsvietnam.com\\\/wp-content\\\/uploads\\\/2018\\\/05\\\/FR-Series-Filter-Regulator-2.jpg\",\"datePublished\":\"2018-05-17T09:35:24+00:00\",\"dateModified\":\"2019-01-08T02:00:18+00:00\",\"description\":\"thi\u1ebft b\u1ecb kh\u00ed n\u00e9n, thi\u1ebft b\u1ecb kh\u00ed n\u00e9n sns, kh\u00ed n\u00e9n, b\u1ed9 l\u1ecdc kh\u00ed n\u00e9n, b\u1ed9 l\u1ecdc kh\u00ed n\u00e9n sns, L\u1eccC V\u00c0 \u0110I\u1ec0U \u00c1P SNS\",\"breadcrumb\":{\"@id\":\"https:\\\/\\\/snsvietnam.com\\\/san-pham\\\/loc-va-dieu-ap-sns-fr-series\\\/#breadcrumb\"},\"inLanguage\":\"en-US\",\"potentialAction\":[{\"@type\":\"ReadAction\",\"target\":[\"https:\\\/\\\/snsvietnam.com\\\/san-pham\\\/loc-va-dieu-ap-sns-fr-series\\\/\"]}]},{\"@type\":\"ImageObject\",\"inLanguage\":\"en-US\",\"@id\":\"https:\\\/\\\/snsvietnam.com\\\/san-pham\\\/loc-va-dieu-ap-sns-fr-series\\\/#primaryimage\",\"url\":\"https:\\\/\\\/snsvietnam.com\\\/wp-content\\\/uploads\\\/2018\\\/05\\\/FR-Series-Filter-Regulator-2.jpg\",\"contentUrl\":\"https:\\\/\\\/snsvietnam.com\\\/wp-content\\\/uploads\\\/2018\\\/05\\\/FR-Series-Filter-Regulator-2.jpg\",\"width\":500,\"height\":500},{\"@type\":\"BreadcrumbList\",\"@id\":\"https:\\\/\\\/snsvietnam.com\\\/san-pham\\\/loc-va-dieu-ap-sns-fr-series\\\/#breadcrumb\",\"itemListElement\":[{\"@type\":\"ListItem\",\"position\":1,\"name\":\"Home\",\"item\":\"https:\\\/\\\/snsvietnam.com\\\/\"},{\"@type\":\"ListItem\",\"position\":2,\"name\":\"C\u1eeda h\u00e0ng\",\"item\":\"https:\\\/\\\/snsvietnam.com\\\/cua-hang-thiet-bi-sns\\\/\"},{\"@type\":\"ListItem\",\"position\":3,\"name\":\"L\u1eccC V\u00c0 \u0110I\u1ec0U \u00c1P SNS FR SERIES\"}]},{\"@type\":\"WebSite\",\"@id\":\"https:\\\/\\\/snsvietnam.com\\\/#website\",\"url\":\"https:\\\/\\\/snsvietnam.com\\\/\",\"name\":\"Thi\u1ebft b\u1ecb kh\u00ed n\u00e9n\",\"description\":\"SNS\",\"publisher\":{\"@id\":\"https:\\\/\\\/snsvietnam.com\\\/#organization\"},\"potentialAction\":[{\"@type\":\"SearchAction\",\"target\":{\"@type\":\"EntryPoint\",\"urlTemplate\":\"https:\\\/\\\/snsvietnam.com\\\/?s={search_term_string}\"},\"query-input\":{\"@type\":\"PropertyValueSpecification\",\"valueRequired\":true,\"valueName\":\"search_term_string\"}}],\"inLanguage\":\"en-US\"},{\"@type\":\"Organization\",\"@id\":\"https:\\\/\\\/snsvietnam.com\\\/#organization\",\"name\":\"Cty Thi\u1ebft B\u1ecb Kh\u00ed N\u00e9n SNS Vi\u1ec7t Nam\",\"url\":\"https:\\\/\\\/snsvietnam.com\\\/\",\"logo\":{\"@type\":\"ImageObject\",\"inLanguage\":\"en-US\",\"@id\":\"https:\\\/\\\/snsvietnam.com\\\/#\\\/schema\\\/logo\\\/image\\\/\",\"url\":\"https:\\\/\\\/snsvietnam.com\\\/wp-content\\\/uploads\\\/2018\\\/05\\\/logo.png\",\"contentUrl\":\"https:\\\/\\\/snsvietnam.com\\\/wp-content\\\/uploads\\\/2018\\\/05\\\/logo.png\",\"width\":320,\"height\":41,\"caption\":\"Cty Thi\u1ebft B\u1ecb Kh\u00ed N\u00e9n SNS Vi\u1ec7t Nam\"},\"image\":{\"@id\":\"https:\\\/\\\/snsvietnam.com\\\/#\\\/schema\\\/logo\\\/image\\\/\"}}]}<\/script>\n<!-- \/ Yoast SEO plugin. -->","yoast_head_json":{"title":"L\u1eccC V\u00c0 \u0110I\u1ec0U \u00c1P SNS FR SERIES","description":"thi\u1ebft b\u1ecb kh\u00ed n\u00e9n, thi\u1ebft b\u1ecb kh\u00ed n\u00e9n sns, kh\u00ed n\u00e9n, b\u1ed9 l\u1ecdc kh\u00ed n\u00e9n, b\u1ed9 l\u1ecdc kh\u00ed n\u00e9n sns, L\u1eccC V\u00c0 \u0110I\u1ec0U \u00c1P SNS","robots":{"index":"index","follow":"follow","max-snippet":"max-snippet:-1","max-image-preview":"max-image-preview:large","max-video-preview":"max-video-preview:-1"},"canonical":"https:\/\/snsvietnam.com\/san-pham\/loc-va-dieu-ap-sns-fr-series\/","schema":{"@context":"https:\/\/schema.org","@graph":[{"@type":"WebPage","@id":"https:\/\/snsvietnam.com\/san-pham\/loc-va-dieu-ap-sns-fr-series\/","url":"https:\/\/snsvietnam.com\/san-pham\/loc-va-dieu-ap-sns-fr-series\/","name":"L\u1eccC V\u00c0 \u0110I\u1ec0U \u00c1P SNS FR SERIES","isPartOf":{"@id":"https:\/\/snsvietnam.com\/#website"},"primaryImageOfPage":{"@id":"https:\/\/snsvietnam.com\/san-pham\/loc-va-dieu-ap-sns-fr-series\/#primaryimage"},"image":{"@id":"https:\/\/snsvietnam.com\/san-pham\/loc-va-dieu-ap-sns-fr-series\/#primaryimage"},"thumbnailUrl":"https:\/\/snsvietnam.com\/wp-content\/uploads\/2018\/05\/FR-Series-Filter-Regulator-2.jpg","datePublished":"2018-05-17T09:35:24+00:00","dateModified":"2019-01-08T02:00:18+00:00","description":"thi\u1ebft b\u1ecb kh\u00ed n\u00e9n, thi\u1ebft b\u1ecb kh\u00ed n\u00e9n sns, kh\u00ed n\u00e9n, b\u1ed9 l\u1ecdc kh\u00ed n\u00e9n, b\u1ed9 l\u1ecdc kh\u00ed n\u00e9n sns, L\u1eccC V\u00c0 \u0110I\u1ec0U \u00c1P SNS","breadcrumb":{"@id":"https:\/\/snsvietnam.com\/san-pham\/loc-va-dieu-ap-sns-fr-series\/#breadcrumb"},"inLanguage":"en-US","potentialAction":[{"@type":"ReadAction","target":["https:\/\/snsvietnam.com\/san-pham\/loc-va-dieu-ap-sns-fr-series\/"]}]},{"@type":"ImageObject","inLanguage":"en-US","@id":"https:\/\/snsvietnam.com\/san-pham\/loc-va-dieu-ap-sns-fr-series\/#primaryimage","url":"https:\/\/snsvietnam.com\/wp-content\/uploads\/2018\/05\/FR-Series-Filter-Regulator-2.jpg","contentUrl":"https:\/\/snsvietnam.com\/wp-content\/uploads\/2018\/05\/FR-Series-Filter-Regulator-2.jpg","width":500,"height":500},{"@type":"BreadcrumbList","@id":"https:\/\/snsvietnam.com\/san-pham\/loc-va-dieu-ap-sns-fr-series\/#breadcrumb","itemListElement":[{"@type":"ListItem","position":1,"name":"Home","item":"https:\/\/snsvietnam.com\/"},{"@type":"ListItem","position":2,"name":"C\u1eeda h\u00e0ng","item":"https:\/\/snsvietnam.com\/cua-hang-thiet-bi-sns\/"},{"@type":"ListItem","position":3,"name":"L\u1eccC V\u00c0 \u0110I\u1ec0U \u00c1P SNS FR SERIES"}]},{"@type":"WebSite","@id":"https:\/\/snsvietnam.com\/#website","url":"https:\/\/snsvietnam.com\/","name":"Thi\u1ebft b\u1ecb kh\u00ed n\u00e9n","description":"SNS","publisher":{"@id":"https:\/\/snsvietnam.com\/#organization"},"potentialAction":[{"@type":"SearchAction","target":{"@type":"EntryPoint","urlTemplate":"https:\/\/snsvietnam.com\/?s={search_term_string}"},"query-input":{"@type":"PropertyValueSpecification","valueRequired":true,"valueName":"search_term_string"}}],"inLanguage":"en-US"},{"@type":"Organization","@id":"https:\/\/snsvietnam.com\/#organization","name":"Cty Thi\u1ebft B\u1ecb Kh\u00ed N\u00e9n SNS Vi\u1ec7t Nam","url":"https:\/\/snsvietnam.com\/","logo":{"@type":"ImageObject","inLanguage":"en-US","@id":"https:\/\/snsvietnam.com\/#\/schema\/logo\/image\/","url":"https:\/\/snsvietnam.com\/wp-content\/uploads\/2018\/05\/logo.png","contentUrl":"https:\/\/snsvietnam.com\/wp-content\/uploads\/2018\/05\/logo.png","width":320,"height":41,"caption":"Cty Thi\u1ebft B\u1ecb Kh\u00ed N\u00e9n SNS Vi\u1ec7t Nam"},"image":{"@id":"https:\/\/snsvietnam.com\/#\/schema\/logo\/image\/"}}]}},"_links":{"self":[{"href":"https:\/\/snsvietnam.com\/en\/wp-json\/wp\/v2\/product\/261","targetHints":{"allow":["GET"]}}],"collection":[{"href":"https:\/\/snsvietnam.com\/en\/wp-json\/wp\/v2\/product"}],"about":[{"href":"https:\/\/snsvietnam.com\/en\/wp-json\/wp\/v2\/types\/product"}],"replies":[{"embeddable":true,"href":"https:\/\/snsvietnam.com\/en\/wp-json\/wp\/v2\/comments?post=261"}],"wp:featuredmedia":[{"embeddable":true,"href":"https:\/\/snsvietnam.com\/en\/wp-json\/wp\/v2\/media\/265"}],"wp:attachment":[{"href":"https:\/\/snsvietnam.com\/en\/wp-json\/wp\/v2\/media?parent=261"}],"wp:term":[{"taxonomy":"product_brand","embeddable":true,"href":"https:\/\/snsvietnam.com\/en\/wp-json\/wp\/v2\/product_brand?post=261"},{"taxonomy":"product_cat","embeddable":true,"href":"https:\/\/snsvietnam.com\/en\/wp-json\/wp\/v2\/product_cat?post=261"},{"taxonomy":"product_tag","embeddable":true,"href":"https:\/\/snsvietnam.com\/en\/wp-json\/wp\/v2\/product_tag?post=261"}],"curies":[{"name":"wp","href":"https:\/\/api.w.org\/{rel}","templated":true}]}}