{"id":1849,"date":"2018-07-31T15:48:24","date_gmt":"2018-07-31T08:48:24","guid":{"rendered":"https:\/\/snsvietnam.com\/?post_type=product&#038;p=1849"},"modified":"2018-11-28T03:08:17","modified_gmt":"2018-11-27T20:08:17","slug":"xi-lanh-khi-nen-sc-63x400","status":"publish","type":"product","link":"https:\/\/snsvietnam.com\/en\/san-pham\/xi-lanh-khi-nen-sc-63x400\/","title":{"rendered":"(Ti\u1ebfng Vi\u1ec7t) XI LANH KH\u00cd N\u00c9N SNS SC 63&#215;400"},"content":{"rendered":"<p class=\"qtranxs-available-languages-message qtranxs-available-languages-message-en\">Sorry, this entry is only available in <a href=\"https:\/\/snsvietnam.com\/vi\/wp-json\/wp\/v2\/product\/1849\" class=\"qtranxs-available-language-link qtranxs-available-language-link-vi\" title=\"Ti\u1ebfng Vi\u1ec7t\">Ti\u1ebfng Vi\u1ec7t<\/a>.<\/p>","protected":false},"excerpt":{"rendered":"<p>Sorry, this entry is only available in Ti\u1ebfng Vi\u1ec7t.<\/p>\n","protected":false},"featured_media":1969,"comment_status":"open","ping_status":"closed","template":"","meta":[],"product_brand":[],"product_cat":[21],"product_tag":[39,47,208,209,49,220,232,233,234,38,224,225,40,228,229,237,239,240,236,235,227,231,226,238,230],"class_list":{"0":"post-1849","1":"product","2":"type-product","3":"status-publish","4":"has-post-thumbnail","6":"product_cat-xi-lanh-khi-nen-sns","7":"product_tag-khi-nen","8":"product_tag-thiet-bi-khi-nen","9":"product_tag-thiet-bi-khi-nen-chat-luong","10":"product_tag-thiet-bi-khi-nen-gia-re","11":"product_tag-thiet-bi-khi-nen-sns","12":"product_tag-thiet-khi-khi-nen-sns","13":"product_tag-xi-lanh-advu","14":"product_tag-xi-lanh-cq2","15":"product_tag-xi-lanh-cu","16":"product_tag-xi-lanh-khi-nen","17":"product_tag-xi-lanh-khi-nen-chat-luong","18":"product_tag-xi-lanh-khi-nen-gia-re","19":"product_tag-xi-lanh-khi-nen-sns","20":"product_tag-xi-lanh-ma","21":"product_tag-xi-lanh-mal","22":"product_tag-xi-lanh-mgp","23":"product_tag-xi-lanh-mhy2","24":"product_tag-xi-lanh-mhz2","25":"product_tag-xi-lanh-msq","26":"product_tag-xi-lanh-mxq","27":"product_tag-xi-lanh-sc","28":"product_tag-xi-lanh-sda","29":"product_tag-xi-lanh-sns","30":"product_tag-xi-lanh-tang-ap","31":"product_tag-xi-lanh-tn","33":"first","34":"instock","35":"shipping-taxable","36":"purchasable","37":"product-type-simple"},"yoast_head":"<!-- This site is optimized with the Yoast SEO plugin v27.4 - https:\/\/yoast.com\/product\/yoast-seo-wordpress\/ -->\n<title>(Ti\u1ebfng Vi\u1ec7t) xi lanh kh\u00ed n\u00e9n sns SC 63x400<\/title>\n<meta name=\"description\" content=\"(Ti\u1ebfng Vi\u1ec7t) xi lanh kh\u00ed n\u00e9n sns SC 63x400, xi lanh kh\u00ed n\u00e9n, xi lanh kh\u00ed n\u00e9n sns, thi\u1ebft b\u1ecb kh\u00ed n\u00e9n, thi\u1ebft b\u1ecb kh\u00ed n\u00e9n sns, kh\u00ed n\u00e9n\" \/>\n<meta name=\"robots\" content=\"index, follow, max-snippet:-1, max-image-preview:large, max-video-preview:-1\" \/>\n<link rel=\"canonical\" href=\"https:\/\/snsvietnam.com\/en\/san-pham\/xi-lanh-khi-nen-sc-63x400\/\" \/>\n<script type=\"application\/ld+json\" class=\"yoast-schema-graph\">{\"@context\":\"https:\\\/\\\/schema.org\",\"@graph\":[{\"@type\":\"WebPage\",\"@id\":\"https:\\\/\\\/snsvietnam.com\\\/en\\\/san-pham\\\/xi-lanh-khi-nen-sc-63x400\\\/\",\"url\":\"https:\\\/\\\/snsvietnam.com\\\/en\\\/san-pham\\\/xi-lanh-khi-nen-sc-63x400\\\/\",\"name\":\"(Ti\u1ebfng Vi\u1ec7t) xi lanh kh\u00ed n\u00e9n sns SC 63x400\",\"isPartOf\":{\"@id\":\"https:\\\/\\\/snsvietnam.com\\\/#website\"},\"primaryImageOfPage\":{\"@id\":\"https:\\\/\\\/snsvietnam.com\\\/en\\\/san-pham\\\/xi-lanh-khi-nen-sc-63x400\\\/#primaryimage\"},\"image\":{\"@id\":\"https:\\\/\\\/snsvietnam.com\\\/en\\\/san-pham\\\/xi-lanh-khi-nen-sc-63x400\\\/#primaryimage\"},\"thumbnailUrl\":\"https:\\\/\\\/snsvietnam.com\\\/wp-content\\\/uploads\\\/2018\\\/07\\\/xi-lanh-khi-nen-sns-SC-63\u00d7400.jpg\",\"datePublished\":\"2018-07-31T08:48:24+00:00\",\"dateModified\":\"2018-11-27T20:08:17+00:00\",\"description\":\"(Ti\u1ebfng Vi\u1ec7t) xi lanh kh\u00ed n\u00e9n sns SC 63x400, xi lanh kh\u00ed n\u00e9n, xi lanh kh\u00ed n\u00e9n sns, thi\u1ebft b\u1ecb kh\u00ed n\u00e9n, thi\u1ebft b\u1ecb kh\u00ed n\u00e9n sns, kh\u00ed n\u00e9n\",\"breadcrumb\":{\"@id\":\"https:\\\/\\\/snsvietnam.com\\\/en\\\/san-pham\\\/xi-lanh-khi-nen-sc-63x400\\\/#breadcrumb\"},\"inLanguage\":\"en-US\",\"potentialAction\":[{\"@type\":\"ReadAction\",\"target\":[\"https:\\\/\\\/snsvietnam.com\\\/en\\\/san-pham\\\/xi-lanh-khi-nen-sc-63x400\\\/\"]}]},{\"@type\":\"ImageObject\",\"inLanguage\":\"en-US\",\"@id\":\"https:\\\/\\\/snsvietnam.com\\\/en\\\/san-pham\\\/xi-lanh-khi-nen-sc-63x400\\\/#primaryimage\",\"url\":\"https:\\\/\\\/snsvietnam.com\\\/wp-content\\\/uploads\\\/2018\\\/07\\\/xi-lanh-khi-nen-sns-SC-63\u00d7400.jpg\",\"contentUrl\":\"https:\\\/\\\/snsvietnam.com\\\/wp-content\\\/uploads\\\/2018\\\/07\\\/xi-lanh-khi-nen-sns-SC-63\u00d7400.jpg\",\"width\":500,\"height\":500},{\"@type\":\"BreadcrumbList\",\"@id\":\"https:\\\/\\\/snsvietnam.com\\\/en\\\/san-pham\\\/xi-lanh-khi-nen-sc-63x400\\\/#breadcrumb\",\"itemListElement\":[{\"@type\":\"ListItem\",\"position\":1,\"name\":\"Home\",\"item\":\"https:\\\/\\\/snsvietnam.com\\\/\"},{\"@type\":\"ListItem\",\"position\":2,\"name\":\"C\u1eeda h\u00e0ng\",\"item\":\"https:\\\/\\\/snsvietnam.com\\\/cua-hang-thiet-bi-sns\\\/\"},{\"@type\":\"ListItem\",\"position\":3,\"name\":\"(Ti\u1ebfng Vi\u1ec7t) XI LANH KH\u00cd N\u00c9N SNS SC 63&#215;400\"}]},{\"@type\":\"WebSite\",\"@id\":\"https:\\\/\\\/snsvietnam.com\\\/#website\",\"url\":\"https:\\\/\\\/snsvietnam.com\\\/\",\"name\":\"Thi\u1ebft b\u1ecb kh\u00ed n\u00e9n\",\"description\":\"SNS\",\"publisher\":{\"@id\":\"https:\\\/\\\/snsvietnam.com\\\/#organization\"},\"potentialAction\":[{\"@type\":\"SearchAction\",\"target\":{\"@type\":\"EntryPoint\",\"urlTemplate\":\"https:\\\/\\\/snsvietnam.com\\\/?s={search_term_string}\"},\"query-input\":{\"@type\":\"PropertyValueSpecification\",\"valueRequired\":true,\"valueName\":\"search_term_string\"}}],\"inLanguage\":\"en-US\"},{\"@type\":\"Organization\",\"@id\":\"https:\\\/\\\/snsvietnam.com\\\/#organization\",\"name\":\"Cty Thi\u1ebft B\u1ecb Kh\u00ed N\u00e9n SNS Vi\u1ec7t Nam\",\"url\":\"https:\\\/\\\/snsvietnam.com\\\/\",\"logo\":{\"@type\":\"ImageObject\",\"inLanguage\":\"en-US\",\"@id\":\"https:\\\/\\\/snsvietnam.com\\\/#\\\/schema\\\/logo\\\/image\\\/\",\"url\":\"https:\\\/\\\/snsvietnam.com\\\/wp-content\\\/uploads\\\/2018\\\/05\\\/logo.png\",\"contentUrl\":\"https:\\\/\\\/snsvietnam.com\\\/wp-content\\\/uploads\\\/2018\\\/05\\\/logo.png\",\"width\":320,\"height\":41,\"caption\":\"Cty Thi\u1ebft B\u1ecb Kh\u00ed N\u00e9n SNS Vi\u1ec7t Nam\"},\"image\":{\"@id\":\"https:\\\/\\\/snsvietnam.com\\\/#\\\/schema\\\/logo\\\/image\\\/\"}}]}<\/script>\n<!-- \/ Yoast SEO plugin. -->","yoast_head_json":{"title":"(Ti\u1ebfng Vi\u1ec7t) xi lanh kh\u00ed n\u00e9n sns SC 63x400","description":"(Ti\u1ebfng Vi\u1ec7t) xi lanh kh\u00ed n\u00e9n sns SC 63x400, xi lanh kh\u00ed n\u00e9n, xi lanh kh\u00ed n\u00e9n sns, thi\u1ebft b\u1ecb kh\u00ed n\u00e9n, thi\u1ebft b\u1ecb kh\u00ed n\u00e9n sns, kh\u00ed n\u00e9n","robots":{"index":"index","follow":"follow","max-snippet":"max-snippet:-1","max-image-preview":"max-image-preview:large","max-video-preview":"max-video-preview:-1"},"canonical":"https:\/\/snsvietnam.com\/en\/san-pham\/xi-lanh-khi-nen-sc-63x400\/","schema":{"@context":"https:\/\/schema.org","@graph":[{"@type":"WebPage","@id":"https:\/\/snsvietnam.com\/en\/san-pham\/xi-lanh-khi-nen-sc-63x400\/","url":"https:\/\/snsvietnam.com\/en\/san-pham\/xi-lanh-khi-nen-sc-63x400\/","name":"(Ti\u1ebfng Vi\u1ec7t) xi lanh kh\u00ed n\u00e9n sns SC 63x400","isPartOf":{"@id":"https:\/\/snsvietnam.com\/#website"},"primaryImageOfPage":{"@id":"https:\/\/snsvietnam.com\/en\/san-pham\/xi-lanh-khi-nen-sc-63x400\/#primaryimage"},"image":{"@id":"https:\/\/snsvietnam.com\/en\/san-pham\/xi-lanh-khi-nen-sc-63x400\/#primaryimage"},"thumbnailUrl":"https:\/\/snsvietnam.com\/wp-content\/uploads\/2018\/07\/xi-lanh-khi-nen-sns-SC-63\u00d7400.jpg","datePublished":"2018-07-31T08:48:24+00:00","dateModified":"2018-11-27T20:08:17+00:00","description":"(Ti\u1ebfng Vi\u1ec7t) xi lanh kh\u00ed n\u00e9n sns SC 63x400, xi lanh kh\u00ed n\u00e9n, xi lanh kh\u00ed n\u00e9n sns, thi\u1ebft b\u1ecb kh\u00ed n\u00e9n, thi\u1ebft b\u1ecb kh\u00ed n\u00e9n sns, kh\u00ed n\u00e9n","breadcrumb":{"@id":"https:\/\/snsvietnam.com\/en\/san-pham\/xi-lanh-khi-nen-sc-63x400\/#breadcrumb"},"inLanguage":"en-US","potentialAction":[{"@type":"ReadAction","target":["https:\/\/snsvietnam.com\/en\/san-pham\/xi-lanh-khi-nen-sc-63x400\/"]}]},{"@type":"ImageObject","inLanguage":"en-US","@id":"https:\/\/snsvietnam.com\/en\/san-pham\/xi-lanh-khi-nen-sc-63x400\/#primaryimage","url":"https:\/\/snsvietnam.com\/wp-content\/uploads\/2018\/07\/xi-lanh-khi-nen-sns-SC-63\u00d7400.jpg","contentUrl":"https:\/\/snsvietnam.com\/wp-content\/uploads\/2018\/07\/xi-lanh-khi-nen-sns-SC-63\u00d7400.jpg","width":500,"height":500},{"@type":"BreadcrumbList","@id":"https:\/\/snsvietnam.com\/en\/san-pham\/xi-lanh-khi-nen-sc-63x400\/#breadcrumb","itemListElement":[{"@type":"ListItem","position":1,"name":"Home","item":"https:\/\/snsvietnam.com\/"},{"@type":"ListItem","position":2,"name":"C\u1eeda h\u00e0ng","item":"https:\/\/snsvietnam.com\/cua-hang-thiet-bi-sns\/"},{"@type":"ListItem","position":3,"name":"(Ti\u1ebfng Vi\u1ec7t) XI LANH KH\u00cd N\u00c9N SNS SC 63&#215;400"}]},{"@type":"WebSite","@id":"https:\/\/snsvietnam.com\/#website","url":"https:\/\/snsvietnam.com\/","name":"Thi\u1ebft b\u1ecb kh\u00ed n\u00e9n","description":"SNS","publisher":{"@id":"https:\/\/snsvietnam.com\/#organization"},"potentialAction":[{"@type":"SearchAction","target":{"@type":"EntryPoint","urlTemplate":"https:\/\/snsvietnam.com\/?s={search_term_string}"},"query-input":{"@type":"PropertyValueSpecification","valueRequired":true,"valueName":"search_term_string"}}],"inLanguage":"en-US"},{"@type":"Organization","@id":"https:\/\/snsvietnam.com\/#organization","name":"Cty Thi\u1ebft B\u1ecb Kh\u00ed N\u00e9n SNS Vi\u1ec7t Nam","url":"https:\/\/snsvietnam.com\/","logo":{"@type":"ImageObject","inLanguage":"en-US","@id":"https:\/\/snsvietnam.com\/#\/schema\/logo\/image\/","url":"https:\/\/snsvietnam.com\/wp-content\/uploads\/2018\/05\/logo.png","contentUrl":"https:\/\/snsvietnam.com\/wp-content\/uploads\/2018\/05\/logo.png","width":320,"height":41,"caption":"Cty Thi\u1ebft B\u1ecb Kh\u00ed N\u00e9n SNS Vi\u1ec7t Nam"},"image":{"@id":"https:\/\/snsvietnam.com\/#\/schema\/logo\/image\/"}}]}},"_links":{"self":[{"href":"https:\/\/snsvietnam.com\/en\/wp-json\/wp\/v2\/product\/1849","targetHints":{"allow":["GET"]}}],"collection":[{"href":"https:\/\/snsvietnam.com\/en\/wp-json\/wp\/v2\/product"}],"about":[{"href":"https:\/\/snsvietnam.com\/en\/wp-json\/wp\/v2\/types\/product"}],"replies":[{"embeddable":true,"href":"https:\/\/snsvietnam.com\/en\/wp-json\/wp\/v2\/comments?post=1849"}],"wp:featuredmedia":[{"embeddable":true,"href":"https:\/\/snsvietnam.com\/en\/wp-json\/wp\/v2\/media\/1969"}],"wp:attachment":[{"href":"https:\/\/snsvietnam.com\/en\/wp-json\/wp\/v2\/media?parent=1849"}],"wp:term":[{"taxonomy":"product_brand","embeddable":true,"href":"https:\/\/snsvietnam.com\/en\/wp-json\/wp\/v2\/product_brand?post=1849"},{"taxonomy":"product_cat","embeddable":true,"href":"https:\/\/snsvietnam.com\/en\/wp-json\/wp\/v2\/product_cat?post=1849"},{"taxonomy":"product_tag","embeddable":true,"href":"https:\/\/snsvietnam.com\/en\/wp-json\/wp\/v2\/product_tag?post=1849"}],"curies":[{"name":"wp","href":"https:\/\/api.w.org\/{rel}","templated":true}]}}