{"id":1773,"date":"2018-05-28T17:17:13","date_gmt":"2018-05-28T10:17:13","guid":{"rendered":"https:\/\/snsvietnam.com\/?post_type=product&#038;p=1773"},"modified":"2018-11-28T08:37:46","modified_gmt":"2018-11-28T01:37:46","slug":"van-dien-tu-sns-dc231-y-series-solenoid-valve","status":"publish","type":"product","link":"https:\/\/snsvietnam.com\/en\/san-pham\/van-dien-tu-sns-dc231-y-series-solenoid-valve\/","title":{"rendered":"DC231-Y SERIES SOLENOID VALVE"},"content":{"rendered":"<p><img decoding=\"async\" class=\"alignnone size-full wp-image-1775\" src=\"https:\/\/snsvietnam.com\/wp-content\/uploads\/2018\/05\/DC231-Y-Series-Solenoid-Valve-1.jpg\" alt=\"\" width=\"1440\" height=\"459\" srcset=\"https:\/\/snsvietnam.com\/wp-content\/uploads\/2018\/05\/DC231-Y-Series-Solenoid-Valve-1.jpg 1440w, https:\/\/snsvietnam.com\/wp-content\/uploads\/2018\/05\/DC231-Y-Series-Solenoid-Valve-1-300x96.jpg 300w, https:\/\/snsvietnam.com\/wp-content\/uploads\/2018\/05\/DC231-Y-Series-Solenoid-Valve-1-768x245.jpg 768w, https:\/\/snsvietnam.com\/wp-content\/uploads\/2018\/05\/DC231-Y-Series-Solenoid-Valve-1-1024x326.jpg 1024w, https:\/\/snsvietnam.com\/wp-content\/uploads\/2018\/05\/DC231-Y-Series-Solenoid-Valve-1-260x83.jpg 260w, https:\/\/snsvietnam.com\/wp-content\/uploads\/2018\/05\/DC231-Y-Series-Solenoid-Valve-1-50x16.jpg 50w, https:\/\/snsvietnam.com\/wp-content\/uploads\/2018\/05\/DC231-Y-Series-Solenoid-Valve-1-150x48.jpg 150w, https:\/\/snsvietnam.com\/wp-content\/uploads\/2018\/05\/DC231-Y-Series-Solenoid-Valve-1-600x191.jpg 600w\" sizes=\"(max-width: 1440px) 100vw, 1440px\" \/><\/p>","protected":false},"excerpt":{"rendered":"<p><img loading=\"lazy\" decoding=\"async\" class=\"alignnone size-full wp-image-1774\" src=\"https:\/\/snsvietnam.com\/wp-content\/uploads\/2018\/05\/DC231-Y-Series-Solenoid-Valve.jpg\" alt=\"\" width=\"480\" height=\"204\" srcset=\"https:\/\/snsvietnam.com\/wp-content\/uploads\/2018\/05\/DC231-Y-Series-Solenoid-Valve.jpg 480w, https:\/\/snsvietnam.com\/wp-content\/uploads\/2018\/05\/DC231-Y-Series-Solenoid-Valve-300x128.jpg 300w, https:\/\/snsvietnam.com\/wp-content\/uploads\/2018\/05\/DC231-Y-Series-Solenoid-Valve-260x111.jpg 260w, https:\/\/snsvietnam.com\/wp-content\/uploads\/2018\/05\/DC231-Y-Series-Solenoid-Valve-50x21.jpg 50w, https:\/\/snsvietnam.com\/wp-content\/uploads\/2018\/05\/DC231-Y-Series-Solenoid-Valve-150x64.jpg 150w\" sizes=\"(max-width: 480px) 100vw, 480px\" \/><\/p>\n","protected":false},"featured_media":0,"comment_status":"open","ping_status":"closed","template":"","meta":[],"product_brand":[],"product_cat":[22],"product_tag":[39,47,208,209,49,220,218,212,213,55,210,214,215,211,44,216,217,45,219],"class_list":{"0":"post-1773","1":"product","2":"type-product","3":"status-publish","5":"product_cat-van-khi-nen-sns","6":"product_tag-khi-nen","7":"product_tag-thiet-bi-khi-nen","8":"product_tag-thiet-bi-khi-nen-chat-luong","9":"product_tag-thiet-bi-khi-nen-gia-re","10":"product_tag-thiet-bi-khi-nen-sns","11":"product_tag-thiet-khi-khi-nen-sns","12":"product_tag-van-4v","13":"product_tag-van-dien-tu-chat-luong","14":"product_tag-van-dien-tu-gia-re","15":"product_tag-van-dien-tu-sns","16":"product_tag-van-gat-tay","17":"product_tag-van-gat-tay-chat-luong","18":"product_tag-van-gat-tay-gia-re","19":"product_tag-van-gat-tay-sns","20":"product_tag-van-khi-nen","21":"product_tag-van-khi-nen-chat-luong","22":"product_tag-van-khi-nen-gia-re","23":"product_tag-van-khi-nen-sns","24":"product_tag-van-sy","26":"first","27":"instock","28":"shipping-taxable","29":"purchasable","30":"product-type-simple"},"yoast_head":"<!-- This site is optimized with the Yoast SEO plugin v27.4 - https:\/\/yoast.com\/product\/yoast-seo-wordpress\/ -->\n<title>(Ti\u1ebfng Vi\u1ec7t) VAN \u0110I\u1ec6N T\u1eea SNS DC231-Y SERIES<\/title>\n<meta name=\"description\" content=\"(Ti\u1ebfng Vi\u1ec7t) Kh\u00ed n\u00e9n, thi\u1ebft b\u1ecb kh\u00ed n\u00e9n, Thi\u1ebft b\u1ecb kh\u00ed n\u00e9n ch\u1ea5t l\u01b0\u1ee3ng, Thi\u1ebft b\u1ecb kh\u00ed n\u00e9n gi\u00e1 r\u1ebb, Van \u0111i\u1ec7n t\u1eeb sns, Van g\u1ea1t tay, Van g\u1ea1t tay sns, van kh\u00ed n\u00e9n, van kh\u00ed n\u00e9n sns, Van \u0111i\u1ec7n t\u1eeb ch\u1ea5t l\u01b0\u1ee3ng, Van \u0111i\u1ec7n t\u1eeb gi\u00e1 r\u1ebb, Van g\u1ea1t tay ch\u1ea5t l\u01b0\u1ee3ng, Van g\u1ea1t tay gi\u00e1 r\u1ebb, van kh\u00ed n\u00e9n ch\u1ea5t l\u01b0\u1ee3ng, van kh\u00ed n\u00e9n gi\u00e1 r\u1ebb, Van 4V, Van SY\" \/>\n<meta name=\"robots\" content=\"index, follow, max-snippet:-1, max-image-preview:large, max-video-preview:-1\" \/>\n<link rel=\"canonical\" href=\"https:\/\/snsvietnam.com\/en\/san-pham\/van-dien-tu-sns-dc231-y-series-solenoid-valve\/\" \/>\n<script type=\"application\/ld+json\" class=\"yoast-schema-graph\">{\"@context\":\"https:\\\/\\\/schema.org\",\"@graph\":[{\"@type\":\"WebPage\",\"@id\":\"https:\\\/\\\/snsvietnam.com\\\/en\\\/san-pham\\\/van-dien-tu-sns-dc231-y-series-solenoid-valve\\\/\",\"url\":\"https:\\\/\\\/snsvietnam.com\\\/en\\\/san-pham\\\/van-dien-tu-sns-dc231-y-series-solenoid-valve\\\/\",\"name\":\"(Ti\u1ebfng Vi\u1ec7t) VAN \u0110I\u1ec6N T\u1eea SNS DC231-Y SERIES\",\"isPartOf\":{\"@id\":\"https:\\\/\\\/snsvietnam.com\\\/#website\"},\"primaryImageOfPage\":{\"@id\":\"https:\\\/\\\/snsvietnam.com\\\/en\\\/san-pham\\\/van-dien-tu-sns-dc231-y-series-solenoid-valve\\\/#primaryimage\"},\"image\":{\"@id\":\"https:\\\/\\\/snsvietnam.com\\\/en\\\/san-pham\\\/van-dien-tu-sns-dc231-y-series-solenoid-valve\\\/#primaryimage\"},\"thumbnailUrl\":\"https:\\\/\\\/snsvietnam.com\\\/wp-content\\\/uploads\\\/2018\\\/05\\\/DC231-Y-Series-Solenoid-Valve-1.jpg\",\"datePublished\":\"2018-05-28T10:17:13+00:00\",\"dateModified\":\"2018-11-28T01:37:46+00:00\",\"description\":\"(Ti\u1ebfng Vi\u1ec7t) Kh\u00ed n\u00e9n, thi\u1ebft b\u1ecb kh\u00ed n\u00e9n, Thi\u1ebft b\u1ecb kh\u00ed n\u00e9n ch\u1ea5t l\u01b0\u1ee3ng, Thi\u1ebft b\u1ecb kh\u00ed n\u00e9n gi\u00e1 r\u1ebb, Van \u0111i\u1ec7n t\u1eeb sns, Van g\u1ea1t tay, Van g\u1ea1t tay sns, van kh\u00ed n\u00e9n, van kh\u00ed n\u00e9n sns, Van \u0111i\u1ec7n t\u1eeb ch\u1ea5t l\u01b0\u1ee3ng, Van \u0111i\u1ec7n t\u1eeb gi\u00e1 r\u1ebb, Van g\u1ea1t tay ch\u1ea5t l\u01b0\u1ee3ng, Van g\u1ea1t tay gi\u00e1 r\u1ebb, van kh\u00ed n\u00e9n ch\u1ea5t l\u01b0\u1ee3ng, van kh\u00ed n\u00e9n gi\u00e1 r\u1ebb, Van 4V, Van SY\",\"breadcrumb\":{\"@id\":\"https:\\\/\\\/snsvietnam.com\\\/en\\\/san-pham\\\/van-dien-tu-sns-dc231-y-series-solenoid-valve\\\/#breadcrumb\"},\"inLanguage\":\"en-US\",\"potentialAction\":[{\"@type\":\"ReadAction\",\"target\":[\"https:\\\/\\\/snsvietnam.com\\\/en\\\/san-pham\\\/van-dien-tu-sns-dc231-y-series-solenoid-valve\\\/\"]}]},{\"@type\":\"ImageObject\",\"inLanguage\":\"en-US\",\"@id\":\"https:\\\/\\\/snsvietnam.com\\\/en\\\/san-pham\\\/van-dien-tu-sns-dc231-y-series-solenoid-valve\\\/#primaryimage\",\"url\":\"https:\\\/\\\/snsvietnam.com\\\/wp-content\\\/uploads\\\/2018\\\/05\\\/DC231-Y-Series-Solenoid-Valve-1.jpg\",\"contentUrl\":\"https:\\\/\\\/snsvietnam.com\\\/wp-content\\\/uploads\\\/2018\\\/05\\\/DC231-Y-Series-Solenoid-Valve-1.jpg\"},{\"@type\":\"BreadcrumbList\",\"@id\":\"https:\\\/\\\/snsvietnam.com\\\/en\\\/san-pham\\\/van-dien-tu-sns-dc231-y-series-solenoid-valve\\\/#breadcrumb\",\"itemListElement\":[{\"@type\":\"ListItem\",\"position\":1,\"name\":\"Home\",\"item\":\"https:\\\/\\\/snsvietnam.com\\\/\"},{\"@type\":\"ListItem\",\"position\":2,\"name\":\"C\u1eeda h\u00e0ng\",\"item\":\"https:\\\/\\\/snsvietnam.com\\\/cua-hang-thiet-bi-sns\\\/\"},{\"@type\":\"ListItem\",\"position\":3,\"name\":\"DC231-Y SERIES SOLENOID VALVE\"}]},{\"@type\":\"WebSite\",\"@id\":\"https:\\\/\\\/snsvietnam.com\\\/#website\",\"url\":\"https:\\\/\\\/snsvietnam.com\\\/\",\"name\":\"Thi\u1ebft b\u1ecb kh\u00ed n\u00e9n\",\"description\":\"SNS\",\"publisher\":{\"@id\":\"https:\\\/\\\/snsvietnam.com\\\/#organization\"},\"potentialAction\":[{\"@type\":\"SearchAction\",\"target\":{\"@type\":\"EntryPoint\",\"urlTemplate\":\"https:\\\/\\\/snsvietnam.com\\\/?s={search_term_string}\"},\"query-input\":{\"@type\":\"PropertyValueSpecification\",\"valueRequired\":true,\"valueName\":\"search_term_string\"}}],\"inLanguage\":\"en-US\"},{\"@type\":\"Organization\",\"@id\":\"https:\\\/\\\/snsvietnam.com\\\/#organization\",\"name\":\"Cty Thi\u1ebft B\u1ecb Kh\u00ed N\u00e9n SNS Vi\u1ec7t Nam\",\"url\":\"https:\\\/\\\/snsvietnam.com\\\/\",\"logo\":{\"@type\":\"ImageObject\",\"inLanguage\":\"en-US\",\"@id\":\"https:\\\/\\\/snsvietnam.com\\\/#\\\/schema\\\/logo\\\/image\\\/\",\"url\":\"https:\\\/\\\/snsvietnam.com\\\/wp-content\\\/uploads\\\/2018\\\/05\\\/logo.png\",\"contentUrl\":\"https:\\\/\\\/snsvietnam.com\\\/wp-content\\\/uploads\\\/2018\\\/05\\\/logo.png\",\"width\":320,\"height\":41,\"caption\":\"Cty Thi\u1ebft B\u1ecb Kh\u00ed N\u00e9n SNS Vi\u1ec7t Nam\"},\"image\":{\"@id\":\"https:\\\/\\\/snsvietnam.com\\\/#\\\/schema\\\/logo\\\/image\\\/\"}}]}<\/script>\n<!-- \/ Yoast SEO plugin. -->","yoast_head_json":{"title":"(Ti\u1ebfng Vi\u1ec7t) VAN \u0110I\u1ec6N T\u1eea SNS DC231-Y SERIES","description":"(Ti\u1ebfng Vi\u1ec7t) Kh\u00ed n\u00e9n, thi\u1ebft b\u1ecb kh\u00ed n\u00e9n, Thi\u1ebft b\u1ecb kh\u00ed n\u00e9n ch\u1ea5t l\u01b0\u1ee3ng, Thi\u1ebft b\u1ecb kh\u00ed n\u00e9n gi\u00e1 r\u1ebb, Van \u0111i\u1ec7n t\u1eeb sns, Van g\u1ea1t tay, Van g\u1ea1t tay sns, van kh\u00ed n\u00e9n, van kh\u00ed n\u00e9n sns, Van \u0111i\u1ec7n t\u1eeb ch\u1ea5t l\u01b0\u1ee3ng, Van \u0111i\u1ec7n t\u1eeb gi\u00e1 r\u1ebb, Van g\u1ea1t tay ch\u1ea5t l\u01b0\u1ee3ng, Van g\u1ea1t tay gi\u00e1 r\u1ebb, van kh\u00ed n\u00e9n ch\u1ea5t l\u01b0\u1ee3ng, van kh\u00ed n\u00e9n gi\u00e1 r\u1ebb, Van 4V, Van SY","robots":{"index":"index","follow":"follow","max-snippet":"max-snippet:-1","max-image-preview":"max-image-preview:large","max-video-preview":"max-video-preview:-1"},"canonical":"https:\/\/snsvietnam.com\/en\/san-pham\/van-dien-tu-sns-dc231-y-series-solenoid-valve\/","schema":{"@context":"https:\/\/schema.org","@graph":[{"@type":"WebPage","@id":"https:\/\/snsvietnam.com\/en\/san-pham\/van-dien-tu-sns-dc231-y-series-solenoid-valve\/","url":"https:\/\/snsvietnam.com\/en\/san-pham\/van-dien-tu-sns-dc231-y-series-solenoid-valve\/","name":"(Ti\u1ebfng Vi\u1ec7t) VAN \u0110I\u1ec6N T\u1eea SNS DC231-Y SERIES","isPartOf":{"@id":"https:\/\/snsvietnam.com\/#website"},"primaryImageOfPage":{"@id":"https:\/\/snsvietnam.com\/en\/san-pham\/van-dien-tu-sns-dc231-y-series-solenoid-valve\/#primaryimage"},"image":{"@id":"https:\/\/snsvietnam.com\/en\/san-pham\/van-dien-tu-sns-dc231-y-series-solenoid-valve\/#primaryimage"},"thumbnailUrl":"https:\/\/snsvietnam.com\/wp-content\/uploads\/2018\/05\/DC231-Y-Series-Solenoid-Valve-1.jpg","datePublished":"2018-05-28T10:17:13+00:00","dateModified":"2018-11-28T01:37:46+00:00","description":"(Ti\u1ebfng Vi\u1ec7t) Kh\u00ed n\u00e9n, thi\u1ebft b\u1ecb kh\u00ed n\u00e9n, Thi\u1ebft b\u1ecb kh\u00ed n\u00e9n ch\u1ea5t l\u01b0\u1ee3ng, Thi\u1ebft b\u1ecb kh\u00ed n\u00e9n gi\u00e1 r\u1ebb, Van \u0111i\u1ec7n t\u1eeb sns, Van g\u1ea1t tay, Van g\u1ea1t tay sns, van kh\u00ed n\u00e9n, van kh\u00ed n\u00e9n sns, Van \u0111i\u1ec7n t\u1eeb ch\u1ea5t l\u01b0\u1ee3ng, Van \u0111i\u1ec7n t\u1eeb gi\u00e1 r\u1ebb, Van g\u1ea1t tay ch\u1ea5t l\u01b0\u1ee3ng, Van g\u1ea1t tay gi\u00e1 r\u1ebb, van kh\u00ed n\u00e9n ch\u1ea5t l\u01b0\u1ee3ng, van kh\u00ed n\u00e9n gi\u00e1 r\u1ebb, Van 4V, Van SY","breadcrumb":{"@id":"https:\/\/snsvietnam.com\/en\/san-pham\/van-dien-tu-sns-dc231-y-series-solenoid-valve\/#breadcrumb"},"inLanguage":"en-US","potentialAction":[{"@type":"ReadAction","target":["https:\/\/snsvietnam.com\/en\/san-pham\/van-dien-tu-sns-dc231-y-series-solenoid-valve\/"]}]},{"@type":"ImageObject","inLanguage":"en-US","@id":"https:\/\/snsvietnam.com\/en\/san-pham\/van-dien-tu-sns-dc231-y-series-solenoid-valve\/#primaryimage","url":"https:\/\/snsvietnam.com\/wp-content\/uploads\/2018\/05\/DC231-Y-Series-Solenoid-Valve-1.jpg","contentUrl":"https:\/\/snsvietnam.com\/wp-content\/uploads\/2018\/05\/DC231-Y-Series-Solenoid-Valve-1.jpg"},{"@type":"BreadcrumbList","@id":"https:\/\/snsvietnam.com\/en\/san-pham\/van-dien-tu-sns-dc231-y-series-solenoid-valve\/#breadcrumb","itemListElement":[{"@type":"ListItem","position":1,"name":"Home","item":"https:\/\/snsvietnam.com\/"},{"@type":"ListItem","position":2,"name":"C\u1eeda h\u00e0ng","item":"https:\/\/snsvietnam.com\/cua-hang-thiet-bi-sns\/"},{"@type":"ListItem","position":3,"name":"DC231-Y SERIES SOLENOID VALVE"}]},{"@type":"WebSite","@id":"https:\/\/snsvietnam.com\/#website","url":"https:\/\/snsvietnam.com\/","name":"Thi\u1ebft b\u1ecb kh\u00ed n\u00e9n","description":"SNS","publisher":{"@id":"https:\/\/snsvietnam.com\/#organization"},"potentialAction":[{"@type":"SearchAction","target":{"@type":"EntryPoint","urlTemplate":"https:\/\/snsvietnam.com\/?s={search_term_string}"},"query-input":{"@type":"PropertyValueSpecification","valueRequired":true,"valueName":"search_term_string"}}],"inLanguage":"en-US"},{"@type":"Organization","@id":"https:\/\/snsvietnam.com\/#organization","name":"Cty Thi\u1ebft B\u1ecb Kh\u00ed N\u00e9n SNS Vi\u1ec7t Nam","url":"https:\/\/snsvietnam.com\/","logo":{"@type":"ImageObject","inLanguage":"en-US","@id":"https:\/\/snsvietnam.com\/#\/schema\/logo\/image\/","url":"https:\/\/snsvietnam.com\/wp-content\/uploads\/2018\/05\/logo.png","contentUrl":"https:\/\/snsvietnam.com\/wp-content\/uploads\/2018\/05\/logo.png","width":320,"height":41,"caption":"Cty Thi\u1ebft B\u1ecb Kh\u00ed N\u00e9n SNS Vi\u1ec7t Nam"},"image":{"@id":"https:\/\/snsvietnam.com\/#\/schema\/logo\/image\/"}}]}},"_links":{"self":[{"href":"https:\/\/snsvietnam.com\/en\/wp-json\/wp\/v2\/product\/1773","targetHints":{"allow":["GET"]}}],"collection":[{"href":"https:\/\/snsvietnam.com\/en\/wp-json\/wp\/v2\/product"}],"about":[{"href":"https:\/\/snsvietnam.com\/en\/wp-json\/wp\/v2\/types\/product"}],"replies":[{"embeddable":true,"href":"https:\/\/snsvietnam.com\/en\/wp-json\/wp\/v2\/comments?post=1773"}],"wp:attachment":[{"href":"https:\/\/snsvietnam.com\/en\/wp-json\/wp\/v2\/media?parent=1773"}],"wp:term":[{"taxonomy":"product_brand","embeddable":true,"href":"https:\/\/snsvietnam.com\/en\/wp-json\/wp\/v2\/product_brand?post=1773"},{"taxonomy":"product_cat","embeddable":true,"href":"https:\/\/snsvietnam.com\/en\/wp-json\/wp\/v2\/product_cat?post=1773"},{"taxonomy":"product_tag","embeddable":true,"href":"https:\/\/snsvietnam.com\/en\/wp-json\/wp\/v2\/product_tag?post=1773"}],"curies":[{"name":"wp","href":"https:\/\/api.w.org\/{rel}","templated":true}]}}