{"id":1766,"date":"2018-05-28T17:13:39","date_gmt":"2018-05-28T10:13:39","guid":{"rendered":"https:\/\/snsvietnam.com\/?post_type=product&#038;p=1766"},"modified":"2018-11-28T08:41:18","modified_gmt":"2018-11-28T01:41:18","slug":"van-tay-sns-3h-4h-series-hand-valve","status":"publish","type":"product","link":"https:\/\/snsvietnam.com\/en\/san-pham\/van-tay-sns-3h-4h-series-hand-valve\/","title":{"rendered":"3H\/4H SERIES HAND VALVE"},"content":{"rendered":"<p><img decoding=\"async\" src=\"https:\/\/snsvietnam.com\/wp-content\/uploads\/2018\/05\/3H\u30024H-Series-Hand-Valve-1.jpg\" alt=\"\" width=\"1440\" height=\"1726\" class=\"alignnone size-full wp-image-1767\" srcset=\"https:\/\/snsvietnam.com\/wp-content\/uploads\/2018\/05\/3H\u30024H-Series-Hand-Valve-1.jpg 1440w, https:\/\/snsvietnam.com\/wp-content\/uploads\/2018\/05\/3H\u30024H-Series-Hand-Valve-1-250x300.jpg 250w, https:\/\/snsvietnam.com\/wp-content\/uploads\/2018\/05\/3H\u30024H-Series-Hand-Valve-1-768x921.jpg 768w, https:\/\/snsvietnam.com\/wp-content\/uploads\/2018\/05\/3H\u30024H-Series-Hand-Valve-1-854x1024.jpg 854w, https:\/\/snsvietnam.com\/wp-content\/uploads\/2018\/05\/3H\u30024H-Series-Hand-Valve-1-122x146.jpg 122w, https:\/\/snsvietnam.com\/wp-content\/uploads\/2018\/05\/3H\u30024H-Series-Hand-Valve-1-42x50.jpg 42w, https:\/\/snsvietnam.com\/wp-content\/uploads\/2018\/05\/3H\u30024H-Series-Hand-Valve-1-63x75.jpg 63w, https:\/\/snsvietnam.com\/wp-content\/uploads\/2018\/05\/3H\u30024H-Series-Hand-Valve-1-600x719.jpg 600w\" sizes=\"(max-width: 1440px) 100vw, 1440px\" \/><\/p>","protected":false},"excerpt":{"rendered":"<p><img loading=\"lazy\" decoding=\"async\" src=\"https:\/\/snsvietnam.com\/wp-content\/uploads\/2018\/05\/3H\u30024H-Series-Hand-Valve.jpg\" alt=\"\" width=\"480\" height=\"135\" class=\"alignnone size-full wp-image-1768\" srcset=\"https:\/\/snsvietnam.com\/wp-content\/uploads\/2018\/05\/3H\u30024H-Series-Hand-Valve.jpg 480w, https:\/\/snsvietnam.com\/wp-content\/uploads\/2018\/05\/3H\u30024H-Series-Hand-Valve-300x84.jpg 300w, https:\/\/snsvietnam.com\/wp-content\/uploads\/2018\/05\/3H\u30024H-Series-Hand-Valve-260x73.jpg 260w, https:\/\/snsvietnam.com\/wp-content\/uploads\/2018\/05\/3H\u30024H-Series-Hand-Valve-50x14.jpg 50w, https:\/\/snsvietnam.com\/wp-content\/uploads\/2018\/05\/3H\u30024H-Series-Hand-Valve-150x42.jpg 150w\" sizes=\"(max-width: 480px) 100vw, 480px\" \/><\/p>\n","protected":false},"featured_media":1769,"comment_status":"open","ping_status":"closed","template":"","meta":[],"product_brand":[],"product_cat":[22],"product_tag":[39,47,208,209,49,220,218,212,213,55,210,214,215,211,44,216,217,45,219],"class_list":{"0":"post-1766","1":"product","2":"type-product","3":"status-publish","4":"has-post-thumbnail","6":"product_cat-van-khi-nen-sns","7":"product_tag-khi-nen","8":"product_tag-thiet-bi-khi-nen","9":"product_tag-thiet-bi-khi-nen-chat-luong","10":"product_tag-thiet-bi-khi-nen-gia-re","11":"product_tag-thiet-bi-khi-nen-sns","12":"product_tag-thiet-khi-khi-nen-sns","13":"product_tag-van-4v","14":"product_tag-van-dien-tu-chat-luong","15":"product_tag-van-dien-tu-gia-re","16":"product_tag-van-dien-tu-sns","17":"product_tag-van-gat-tay","18":"product_tag-van-gat-tay-chat-luong","19":"product_tag-van-gat-tay-gia-re","20":"product_tag-van-gat-tay-sns","21":"product_tag-van-khi-nen","22":"product_tag-van-khi-nen-chat-luong","23":"product_tag-van-khi-nen-gia-re","24":"product_tag-van-khi-nen-sns","25":"product_tag-van-sy","27":"first","28":"instock","29":"shipping-taxable","30":"purchasable","31":"product-type-simple"},"yoast_head":"<!-- This site is optimized with the Yoast SEO plugin v27.4 - https:\/\/yoast.com\/product\/yoast-seo-wordpress\/ -->\n<title>VAN TAY SNS 3H\/4H SERIES<\/title>\n<meta name=\"description\" content=\"Kh\u00ed n\u00e9n, thi\u1ebft b\u1ecb kh\u00ed n\u00e9n, Thi\u1ebft b\u1ecb kh\u00ed n\u00e9n ch\u1ea5t l\u01b0\u1ee3ng, Thi\u1ebft b\u1ecb kh\u00ed n\u00e9n gi\u00e1 r\u1ebb, Van \u0111i\u1ec7n t\u1eeb sns, Van g\u1ea1t tay, Van g\u1ea1t tay sns, van kh\u00ed n\u00e9n, van kh\u00ed n\u00e9n sns, Van \u0111i\u1ec7n t\u1eeb ch\u1ea5t l\u01b0\u1ee3ng, Van \u0111i\u1ec7n t\u1eeb gi\u00e1 r\u1ebb, Van g\u1ea1t tay ch\u1ea5t l\u01b0\u1ee3ng, Van g\u1ea1t tay gi\u00e1 r\u1ebb, van kh\u00ed n\u00e9n ch\u1ea5t l\u01b0\u1ee3ng, van kh\u00ed n\u00e9n gi\u00e1 r\u1ebb, Van 4V, Van SY\" \/>\n<meta name=\"robots\" content=\"index, follow, max-snippet:-1, max-image-preview:large, max-video-preview:-1\" \/>\n<link rel=\"canonical\" href=\"https:\/\/snsvietnam.com\/san-pham\/van-tay-sns-3h-4h-series-hand-valve\/\" \/>\n<script type=\"application\/ld+json\" class=\"yoast-schema-graph\">{\"@context\":\"https:\\\/\\\/schema.org\",\"@graph\":[{\"@type\":\"WebPage\",\"@id\":\"https:\\\/\\\/snsvietnam.com\\\/san-pham\\\/van-tay-sns-3h-4h-series-hand-valve\\\/\",\"url\":\"https:\\\/\\\/snsvietnam.com\\\/san-pham\\\/van-tay-sns-3h-4h-series-hand-valve\\\/\",\"name\":\"VAN TAY SNS 3H\\\/4H SERIES\",\"isPartOf\":{\"@id\":\"https:\\\/\\\/snsvietnam.com\\\/#website\"},\"primaryImageOfPage\":{\"@id\":\"https:\\\/\\\/snsvietnam.com\\\/san-pham\\\/van-tay-sns-3h-4h-series-hand-valve\\\/#primaryimage\"},\"image\":{\"@id\":\"https:\\\/\\\/snsvietnam.com\\\/san-pham\\\/van-tay-sns-3h-4h-series-hand-valve\\\/#primaryimage\"},\"thumbnailUrl\":\"https:\\\/\\\/snsvietnam.com\\\/wp-content\\\/uploads\\\/2018\\\/05\\\/3h-4h.jpg\",\"datePublished\":\"2018-05-28T10:13:39+00:00\",\"dateModified\":\"2018-11-28T01:41:18+00:00\",\"description\":\"Kh\u00ed n\u00e9n, thi\u1ebft b\u1ecb kh\u00ed n\u00e9n, Thi\u1ebft b\u1ecb kh\u00ed n\u00e9n ch\u1ea5t l\u01b0\u1ee3ng, Thi\u1ebft b\u1ecb kh\u00ed n\u00e9n gi\u00e1 r\u1ebb, Van \u0111i\u1ec7n t\u1eeb sns, Van g\u1ea1t tay, Van g\u1ea1t tay sns, van kh\u00ed n\u00e9n, van kh\u00ed n\u00e9n sns, Van \u0111i\u1ec7n t\u1eeb ch\u1ea5t l\u01b0\u1ee3ng, Van \u0111i\u1ec7n t\u1eeb gi\u00e1 r\u1ebb, Van g\u1ea1t tay ch\u1ea5t l\u01b0\u1ee3ng, Van g\u1ea1t tay gi\u00e1 r\u1ebb, van kh\u00ed n\u00e9n ch\u1ea5t l\u01b0\u1ee3ng, van kh\u00ed n\u00e9n gi\u00e1 r\u1ebb, Van 4V, Van SY\",\"breadcrumb\":{\"@id\":\"https:\\\/\\\/snsvietnam.com\\\/san-pham\\\/van-tay-sns-3h-4h-series-hand-valve\\\/#breadcrumb\"},\"inLanguage\":\"en-US\",\"potentialAction\":[{\"@type\":\"ReadAction\",\"target\":[\"https:\\\/\\\/snsvietnam.com\\\/san-pham\\\/van-tay-sns-3h-4h-series-hand-valve\\\/\"]}]},{\"@type\":\"ImageObject\",\"inLanguage\":\"en-US\",\"@id\":\"https:\\\/\\\/snsvietnam.com\\\/san-pham\\\/van-tay-sns-3h-4h-series-hand-valve\\\/#primaryimage\",\"url\":\"https:\\\/\\\/snsvietnam.com\\\/wp-content\\\/uploads\\\/2018\\\/05\\\/3h-4h.jpg\",\"contentUrl\":\"https:\\\/\\\/snsvietnam.com\\\/wp-content\\\/uploads\\\/2018\\\/05\\\/3h-4h.jpg\",\"width\":500,\"height\":500},{\"@type\":\"BreadcrumbList\",\"@id\":\"https:\\\/\\\/snsvietnam.com\\\/san-pham\\\/van-tay-sns-3h-4h-series-hand-valve\\\/#breadcrumb\",\"itemListElement\":[{\"@type\":\"ListItem\",\"position\":1,\"name\":\"Home\",\"item\":\"https:\\\/\\\/snsvietnam.com\\\/\"},{\"@type\":\"ListItem\",\"position\":2,\"name\":\"C\u1eeda h\u00e0ng\",\"item\":\"https:\\\/\\\/snsvietnam.com\\\/cua-hang-thiet-bi-sns\\\/\"},{\"@type\":\"ListItem\",\"position\":3,\"name\":\"VAN TAY SNS 3H\\\/4H SERIES\"}]},{\"@type\":\"WebSite\",\"@id\":\"https:\\\/\\\/snsvietnam.com\\\/#website\",\"url\":\"https:\\\/\\\/snsvietnam.com\\\/\",\"name\":\"Thi\u1ebft b\u1ecb kh\u00ed n\u00e9n\",\"description\":\"SNS\",\"publisher\":{\"@id\":\"https:\\\/\\\/snsvietnam.com\\\/#organization\"},\"potentialAction\":[{\"@type\":\"SearchAction\",\"target\":{\"@type\":\"EntryPoint\",\"urlTemplate\":\"https:\\\/\\\/snsvietnam.com\\\/?s={search_term_string}\"},\"query-input\":{\"@type\":\"PropertyValueSpecification\",\"valueRequired\":true,\"valueName\":\"search_term_string\"}}],\"inLanguage\":\"en-US\"},{\"@type\":\"Organization\",\"@id\":\"https:\\\/\\\/snsvietnam.com\\\/#organization\",\"name\":\"Cty Thi\u1ebft B\u1ecb Kh\u00ed N\u00e9n SNS Vi\u1ec7t Nam\",\"url\":\"https:\\\/\\\/snsvietnam.com\\\/\",\"logo\":{\"@type\":\"ImageObject\",\"inLanguage\":\"en-US\",\"@id\":\"https:\\\/\\\/snsvietnam.com\\\/#\\\/schema\\\/logo\\\/image\\\/\",\"url\":\"https:\\\/\\\/snsvietnam.com\\\/wp-content\\\/uploads\\\/2018\\\/05\\\/logo.png\",\"contentUrl\":\"https:\\\/\\\/snsvietnam.com\\\/wp-content\\\/uploads\\\/2018\\\/05\\\/logo.png\",\"width\":320,\"height\":41,\"caption\":\"Cty Thi\u1ebft B\u1ecb Kh\u00ed N\u00e9n SNS Vi\u1ec7t Nam\"},\"image\":{\"@id\":\"https:\\\/\\\/snsvietnam.com\\\/#\\\/schema\\\/logo\\\/image\\\/\"}}]}<\/script>\n<!-- \/ Yoast SEO plugin. -->","yoast_head_json":{"title":"VAN TAY SNS 3H\/4H SERIES","description":"Kh\u00ed n\u00e9n, thi\u1ebft b\u1ecb kh\u00ed n\u00e9n, Thi\u1ebft b\u1ecb kh\u00ed n\u00e9n ch\u1ea5t l\u01b0\u1ee3ng, Thi\u1ebft b\u1ecb kh\u00ed n\u00e9n gi\u00e1 r\u1ebb, Van \u0111i\u1ec7n t\u1eeb sns, Van g\u1ea1t tay, Van g\u1ea1t tay sns, van kh\u00ed n\u00e9n, van kh\u00ed n\u00e9n sns, Van \u0111i\u1ec7n t\u1eeb ch\u1ea5t l\u01b0\u1ee3ng, Van \u0111i\u1ec7n t\u1eeb gi\u00e1 r\u1ebb, Van g\u1ea1t tay ch\u1ea5t l\u01b0\u1ee3ng, Van g\u1ea1t tay gi\u00e1 r\u1ebb, van kh\u00ed n\u00e9n ch\u1ea5t l\u01b0\u1ee3ng, van kh\u00ed n\u00e9n gi\u00e1 r\u1ebb, Van 4V, Van SY","robots":{"index":"index","follow":"follow","max-snippet":"max-snippet:-1","max-image-preview":"max-image-preview:large","max-video-preview":"max-video-preview:-1"},"canonical":"https:\/\/snsvietnam.com\/san-pham\/van-tay-sns-3h-4h-series-hand-valve\/","schema":{"@context":"https:\/\/schema.org","@graph":[{"@type":"WebPage","@id":"https:\/\/snsvietnam.com\/san-pham\/van-tay-sns-3h-4h-series-hand-valve\/","url":"https:\/\/snsvietnam.com\/san-pham\/van-tay-sns-3h-4h-series-hand-valve\/","name":"VAN TAY SNS 3H\/4H SERIES","isPartOf":{"@id":"https:\/\/snsvietnam.com\/#website"},"primaryImageOfPage":{"@id":"https:\/\/snsvietnam.com\/san-pham\/van-tay-sns-3h-4h-series-hand-valve\/#primaryimage"},"image":{"@id":"https:\/\/snsvietnam.com\/san-pham\/van-tay-sns-3h-4h-series-hand-valve\/#primaryimage"},"thumbnailUrl":"https:\/\/snsvietnam.com\/wp-content\/uploads\/2018\/05\/3h-4h.jpg","datePublished":"2018-05-28T10:13:39+00:00","dateModified":"2018-11-28T01:41:18+00:00","description":"Kh\u00ed n\u00e9n, thi\u1ebft b\u1ecb kh\u00ed n\u00e9n, Thi\u1ebft b\u1ecb kh\u00ed n\u00e9n ch\u1ea5t l\u01b0\u1ee3ng, Thi\u1ebft b\u1ecb kh\u00ed n\u00e9n gi\u00e1 r\u1ebb, Van \u0111i\u1ec7n t\u1eeb sns, Van g\u1ea1t tay, Van g\u1ea1t tay sns, van kh\u00ed n\u00e9n, van kh\u00ed n\u00e9n sns, Van \u0111i\u1ec7n t\u1eeb ch\u1ea5t l\u01b0\u1ee3ng, Van \u0111i\u1ec7n t\u1eeb gi\u00e1 r\u1ebb, Van g\u1ea1t tay ch\u1ea5t l\u01b0\u1ee3ng, Van g\u1ea1t tay gi\u00e1 r\u1ebb, van kh\u00ed n\u00e9n ch\u1ea5t l\u01b0\u1ee3ng, van kh\u00ed n\u00e9n gi\u00e1 r\u1ebb, Van 4V, Van SY","breadcrumb":{"@id":"https:\/\/snsvietnam.com\/san-pham\/van-tay-sns-3h-4h-series-hand-valve\/#breadcrumb"},"inLanguage":"en-US","potentialAction":[{"@type":"ReadAction","target":["https:\/\/snsvietnam.com\/san-pham\/van-tay-sns-3h-4h-series-hand-valve\/"]}]},{"@type":"ImageObject","inLanguage":"en-US","@id":"https:\/\/snsvietnam.com\/san-pham\/van-tay-sns-3h-4h-series-hand-valve\/#primaryimage","url":"https:\/\/snsvietnam.com\/wp-content\/uploads\/2018\/05\/3h-4h.jpg","contentUrl":"https:\/\/snsvietnam.com\/wp-content\/uploads\/2018\/05\/3h-4h.jpg","width":500,"height":500},{"@type":"BreadcrumbList","@id":"https:\/\/snsvietnam.com\/san-pham\/van-tay-sns-3h-4h-series-hand-valve\/#breadcrumb","itemListElement":[{"@type":"ListItem","position":1,"name":"Home","item":"https:\/\/snsvietnam.com\/"},{"@type":"ListItem","position":2,"name":"C\u1eeda h\u00e0ng","item":"https:\/\/snsvietnam.com\/cua-hang-thiet-bi-sns\/"},{"@type":"ListItem","position":3,"name":"VAN TAY SNS 3H\/4H SERIES"}]},{"@type":"WebSite","@id":"https:\/\/snsvietnam.com\/#website","url":"https:\/\/snsvietnam.com\/","name":"Thi\u1ebft b\u1ecb kh\u00ed n\u00e9n","description":"SNS","publisher":{"@id":"https:\/\/snsvietnam.com\/#organization"},"potentialAction":[{"@type":"SearchAction","target":{"@type":"EntryPoint","urlTemplate":"https:\/\/snsvietnam.com\/?s={search_term_string}"},"query-input":{"@type":"PropertyValueSpecification","valueRequired":true,"valueName":"search_term_string"}}],"inLanguage":"en-US"},{"@type":"Organization","@id":"https:\/\/snsvietnam.com\/#organization","name":"Cty Thi\u1ebft B\u1ecb Kh\u00ed N\u00e9n SNS Vi\u1ec7t Nam","url":"https:\/\/snsvietnam.com\/","logo":{"@type":"ImageObject","inLanguage":"en-US","@id":"https:\/\/snsvietnam.com\/#\/schema\/logo\/image\/","url":"https:\/\/snsvietnam.com\/wp-content\/uploads\/2018\/05\/logo.png","contentUrl":"https:\/\/snsvietnam.com\/wp-content\/uploads\/2018\/05\/logo.png","width":320,"height":41,"caption":"Cty Thi\u1ebft B\u1ecb Kh\u00ed N\u00e9n SNS Vi\u1ec7t Nam"},"image":{"@id":"https:\/\/snsvietnam.com\/#\/schema\/logo\/image\/"}}]}},"_links":{"self":[{"href":"https:\/\/snsvietnam.com\/en\/wp-json\/wp\/v2\/product\/1766","targetHints":{"allow":["GET"]}}],"collection":[{"href":"https:\/\/snsvietnam.com\/en\/wp-json\/wp\/v2\/product"}],"about":[{"href":"https:\/\/snsvietnam.com\/en\/wp-json\/wp\/v2\/types\/product"}],"replies":[{"embeddable":true,"href":"https:\/\/snsvietnam.com\/en\/wp-json\/wp\/v2\/comments?post=1766"}],"wp:featuredmedia":[{"embeddable":true,"href":"https:\/\/snsvietnam.com\/en\/wp-json\/wp\/v2\/media\/1769"}],"wp:attachment":[{"href":"https:\/\/snsvietnam.com\/en\/wp-json\/wp\/v2\/media?parent=1766"}],"wp:term":[{"taxonomy":"product_brand","embeddable":true,"href":"https:\/\/snsvietnam.com\/en\/wp-json\/wp\/v2\/product_brand?post=1766"},{"taxonomy":"product_cat","embeddable":true,"href":"https:\/\/snsvietnam.com\/en\/wp-json\/wp\/v2\/product_cat?post=1766"},{"taxonomy":"product_tag","embeddable":true,"href":"https:\/\/snsvietnam.com\/en\/wp-json\/wp\/v2\/product_tag?post=1766"}],"curies":[{"name":"wp","href":"https:\/\/api.w.org\/{rel}","templated":true}]}}