{"id":1721,"date":"2018-05-28T14:41:34","date_gmt":"2018-05-28T07:41:34","guid":{"rendered":"https:\/\/snsvietnam.com\/?post_type=product&#038;p=1721"},"modified":"2018-11-28T14:43:00","modified_gmt":"2018-11-28T07:43:00","slug":"phu-kien-khi-nen-bkc-pg","status":"publish","type":"product","link":"https:\/\/snsvietnam.com\/en\/san-pham\/phu-kien-khi-nen-bkc-pg\/","title":{"rendered":"BKC-PG DIFFERENT DIAMETER STRAIGHT"},"content":{"rendered":"<p><img decoding=\"async\" src=\"https:\/\/snsvietnam.com\/wp-content\/uploads\/2018\/05\/BKC-PG-1.jpg\" alt=\"\" width=\"675\" height=\"215\" class=\"alignnone size-full wp-image-1722\" srcset=\"https:\/\/snsvietnam.com\/wp-content\/uploads\/2018\/05\/BKC-PG-1.jpg 675w, https:\/\/snsvietnam.com\/wp-content\/uploads\/2018\/05\/BKC-PG-1-300x96.jpg 300w, https:\/\/snsvietnam.com\/wp-content\/uploads\/2018\/05\/BKC-PG-1-260x83.jpg 260w, https:\/\/snsvietnam.com\/wp-content\/uploads\/2018\/05\/BKC-PG-1-50x16.jpg 50w, https:\/\/snsvietnam.com\/wp-content\/uploads\/2018\/05\/BKC-PG-1-150x48.jpg 150w, https:\/\/snsvietnam.com\/wp-content\/uploads\/2018\/05\/BKC-PG-1-600x191.jpg 600w\" sizes=\"(max-width: 675px) 100vw, 675px\" \/><\/p>","protected":false},"excerpt":{"rendered":"<p><img loading=\"lazy\" decoding=\"async\" src=\"https:\/\/snsvietnam.com\/wp-content\/uploads\/2018\/05\/BKC-PG.jpg\" alt=\"\" width=\"480\" height=\"124\" class=\"alignnone size-full wp-image-1723\" srcset=\"https:\/\/snsvietnam.com\/wp-content\/uploads\/2018\/05\/BKC-PG.jpg 480w, https:\/\/snsvietnam.com\/wp-content\/uploads\/2018\/05\/BKC-PG-300x78.jpg 300w, https:\/\/snsvietnam.com\/wp-content\/uploads\/2018\/05\/BKC-PG-260x67.jpg 260w, https:\/\/snsvietnam.com\/wp-content\/uploads\/2018\/05\/BKC-PG-50x13.jpg 50w, https:\/\/snsvietnam.com\/wp-content\/uploads\/2018\/05\/BKC-PG-150x39.jpg 150w\" sizes=\"(max-width: 480px) 100vw, 480px\" \/><\/p>\n","protected":false},"featured_media":1724,"comment_status":"open","ping_status":"closed","template":"","meta":[],"product_brand":[],"product_cat":[20],"product_tag":[223,39,50,51,221,222,47,208,209,49,220],"class_list":{"0":"post-1721","1":"product","2":"type-product","3":"status-publish","4":"has-post-thumbnail","6":"product_cat-phu-kien-khi-nen-sns","7":"product_tag-cong-tac-cam-bien-sns-chat-luong-cao","8":"product_tag-khi-nen","9":"product_tag-phu-kien-khi-nen","10":"product_tag-phu-kien-khi-nen-sns","11":"product_tag-phu-kien-khi-nen-sns-chat-luong-cao","12":"product_tag-phu-kien-khi-nen-sns-gia-re","13":"product_tag-thiet-bi-khi-nen","14":"product_tag-thiet-bi-khi-nen-chat-luong","15":"product_tag-thiet-bi-khi-nen-gia-re","16":"product_tag-thiet-bi-khi-nen-sns","17":"product_tag-thiet-khi-khi-nen-sns","19":"first","20":"instock","21":"shipping-taxable","22":"purchasable","23":"product-type-simple"},"yoast_head":"<!-- This site is optimized with the Yoast SEO plugin v27.4 - https:\/\/yoast.com\/product\/yoast-seo-wordpress\/ -->\n<title>ph\u1ee5 ki\u1ec7n kh\u00ed n\u00e9n BKC-PG<\/title>\n<meta name=\"description\" content=\"Kh\u00ed n\u00e9n, thi\u1ebft b\u1ecb kh\u00ed n\u00e9n, thi\u1ebft kh\u00ed kh\u00ed n\u00e9n sns, Thi\u1ebft b\u1ecb kh\u00ed n\u00e9n ch\u1ea5t l\u01b0\u1ee3ng, Thi\u1ebft b\u1ecb kh\u00ed n\u00e9n gi\u00e1 r\u1ebb, ph\u1ee5 ki\u1ec7n kh\u00ed n\u00e9n, ph\u1ee5 ki\u1ec7n kh\u00ed n\u00e9n sns, ph\u1ee5 ki\u1ec7n kh\u00ed n\u00e9n sns ch\u1ea5t l\u01b0\u1ee3ng cao, ph\u1ee5 ki\u1ec7n kh\u00ed n\u00e9n sns gi\u00e1 r\u1ebb, c\u00f4ng t\u1eafc c\u1ea3m bi\u1ebfn sns ch\u1ea5t l\u01b0\u1ee3ng cao\" \/>\n<meta name=\"robots\" content=\"index, follow, max-snippet:-1, max-image-preview:large, max-video-preview:-1\" \/>\n<link rel=\"canonical\" href=\"https:\/\/snsvietnam.com\/san-pham\/phu-kien-khi-nen-bkc-pg\/\" \/>\n<script type=\"application\/ld+json\" class=\"yoast-schema-graph\">{\"@context\":\"https:\\\/\\\/schema.org\",\"@graph\":[{\"@type\":\"WebPage\",\"@id\":\"https:\\\/\\\/snsvietnam.com\\\/san-pham\\\/phu-kien-khi-nen-bkc-pg\\\/\",\"url\":\"https:\\\/\\\/snsvietnam.com\\\/san-pham\\\/phu-kien-khi-nen-bkc-pg\\\/\",\"name\":\"ph\u1ee5 ki\u1ec7n kh\u00ed n\u00e9n BKC-PG\",\"isPartOf\":{\"@id\":\"https:\\\/\\\/snsvietnam.com\\\/#website\"},\"primaryImageOfPage\":{\"@id\":\"https:\\\/\\\/snsvietnam.com\\\/san-pham\\\/phu-kien-khi-nen-bkc-pg\\\/#primaryimage\"},\"image\":{\"@id\":\"https:\\\/\\\/snsvietnam.com\\\/san-pham\\\/phu-kien-khi-nen-bkc-pg\\\/#primaryimage\"},\"thumbnailUrl\":\"https:\\\/\\\/snsvietnam.com\\\/wp-content\\\/uploads\\\/2018\\\/05\\\/BKC-PG-Different-Diameter-Straight.jpg\",\"datePublished\":\"2018-05-28T07:41:34+00:00\",\"dateModified\":\"2018-11-28T07:43:00+00:00\",\"description\":\"Kh\u00ed n\u00e9n, thi\u1ebft b\u1ecb kh\u00ed n\u00e9n, thi\u1ebft kh\u00ed kh\u00ed n\u00e9n sns, Thi\u1ebft b\u1ecb kh\u00ed n\u00e9n ch\u1ea5t l\u01b0\u1ee3ng, Thi\u1ebft b\u1ecb kh\u00ed n\u00e9n gi\u00e1 r\u1ebb, ph\u1ee5 ki\u1ec7n kh\u00ed n\u00e9n, ph\u1ee5 ki\u1ec7n kh\u00ed n\u00e9n sns, ph\u1ee5 ki\u1ec7n kh\u00ed n\u00e9n sns ch\u1ea5t l\u01b0\u1ee3ng cao, ph\u1ee5 ki\u1ec7n kh\u00ed n\u00e9n sns gi\u00e1 r\u1ebb, c\u00f4ng t\u1eafc c\u1ea3m bi\u1ebfn sns ch\u1ea5t l\u01b0\u1ee3ng cao\",\"breadcrumb\":{\"@id\":\"https:\\\/\\\/snsvietnam.com\\\/san-pham\\\/phu-kien-khi-nen-bkc-pg\\\/#breadcrumb\"},\"inLanguage\":\"en-US\",\"potentialAction\":[{\"@type\":\"ReadAction\",\"target\":[\"https:\\\/\\\/snsvietnam.com\\\/san-pham\\\/phu-kien-khi-nen-bkc-pg\\\/\"]}]},{\"@type\":\"ImageObject\",\"inLanguage\":\"en-US\",\"@id\":\"https:\\\/\\\/snsvietnam.com\\\/san-pham\\\/phu-kien-khi-nen-bkc-pg\\\/#primaryimage\",\"url\":\"https:\\\/\\\/snsvietnam.com\\\/wp-content\\\/uploads\\\/2018\\\/05\\\/BKC-PG-Different-Diameter-Straight.jpg\",\"contentUrl\":\"https:\\\/\\\/snsvietnam.com\\\/wp-content\\\/uploads\\\/2018\\\/05\\\/BKC-PG-Different-Diameter-Straight.jpg\",\"width\":500,\"height\":500},{\"@type\":\"BreadcrumbList\",\"@id\":\"https:\\\/\\\/snsvietnam.com\\\/san-pham\\\/phu-kien-khi-nen-bkc-pg\\\/#breadcrumb\",\"itemListElement\":[{\"@type\":\"ListItem\",\"position\":1,\"name\":\"Home\",\"item\":\"https:\\\/\\\/snsvietnam.com\\\/\"},{\"@type\":\"ListItem\",\"position\":2,\"name\":\"C\u1eeda h\u00e0ng\",\"item\":\"https:\\\/\\\/snsvietnam.com\\\/cua-hang-thiet-bi-sns\\\/\"},{\"@type\":\"ListItem\",\"position\":3,\"name\":\"BKC-PG DIFFERENT DIAMETER STRAIGHT\"}]},{\"@type\":\"WebSite\",\"@id\":\"https:\\\/\\\/snsvietnam.com\\\/#website\",\"url\":\"https:\\\/\\\/snsvietnam.com\\\/\",\"name\":\"Thi\u1ebft b\u1ecb kh\u00ed n\u00e9n\",\"description\":\"SNS\",\"publisher\":{\"@id\":\"https:\\\/\\\/snsvietnam.com\\\/#organization\"},\"potentialAction\":[{\"@type\":\"SearchAction\",\"target\":{\"@type\":\"EntryPoint\",\"urlTemplate\":\"https:\\\/\\\/snsvietnam.com\\\/?s={search_term_string}\"},\"query-input\":{\"@type\":\"PropertyValueSpecification\",\"valueRequired\":true,\"valueName\":\"search_term_string\"}}],\"inLanguage\":\"en-US\"},{\"@type\":\"Organization\",\"@id\":\"https:\\\/\\\/snsvietnam.com\\\/#organization\",\"name\":\"Cty Thi\u1ebft B\u1ecb Kh\u00ed N\u00e9n SNS Vi\u1ec7t Nam\",\"url\":\"https:\\\/\\\/snsvietnam.com\\\/\",\"logo\":{\"@type\":\"ImageObject\",\"inLanguage\":\"en-US\",\"@id\":\"https:\\\/\\\/snsvietnam.com\\\/#\\\/schema\\\/logo\\\/image\\\/\",\"url\":\"https:\\\/\\\/snsvietnam.com\\\/wp-content\\\/uploads\\\/2018\\\/05\\\/logo.png\",\"contentUrl\":\"https:\\\/\\\/snsvietnam.com\\\/wp-content\\\/uploads\\\/2018\\\/05\\\/logo.png\",\"width\":320,\"height\":41,\"caption\":\"Cty Thi\u1ebft B\u1ecb Kh\u00ed N\u00e9n SNS Vi\u1ec7t Nam\"},\"image\":{\"@id\":\"https:\\\/\\\/snsvietnam.com\\\/#\\\/schema\\\/logo\\\/image\\\/\"}}]}<\/script>\n<!-- \/ Yoast SEO plugin. -->","yoast_head_json":{"title":"ph\u1ee5 ki\u1ec7n kh\u00ed n\u00e9n BKC-PG","description":"Kh\u00ed n\u00e9n, thi\u1ebft b\u1ecb kh\u00ed n\u00e9n, thi\u1ebft kh\u00ed kh\u00ed n\u00e9n sns, Thi\u1ebft b\u1ecb kh\u00ed n\u00e9n ch\u1ea5t l\u01b0\u1ee3ng, Thi\u1ebft b\u1ecb kh\u00ed n\u00e9n gi\u00e1 r\u1ebb, ph\u1ee5 ki\u1ec7n kh\u00ed n\u00e9n, ph\u1ee5 ki\u1ec7n kh\u00ed n\u00e9n sns, ph\u1ee5 ki\u1ec7n kh\u00ed n\u00e9n sns ch\u1ea5t l\u01b0\u1ee3ng cao, ph\u1ee5 ki\u1ec7n kh\u00ed n\u00e9n sns gi\u00e1 r\u1ebb, c\u00f4ng t\u1eafc c\u1ea3m bi\u1ebfn sns ch\u1ea5t l\u01b0\u1ee3ng cao","robots":{"index":"index","follow":"follow","max-snippet":"max-snippet:-1","max-image-preview":"max-image-preview:large","max-video-preview":"max-video-preview:-1"},"canonical":"https:\/\/snsvietnam.com\/san-pham\/phu-kien-khi-nen-bkc-pg\/","schema":{"@context":"https:\/\/schema.org","@graph":[{"@type":"WebPage","@id":"https:\/\/snsvietnam.com\/san-pham\/phu-kien-khi-nen-bkc-pg\/","url":"https:\/\/snsvietnam.com\/san-pham\/phu-kien-khi-nen-bkc-pg\/","name":"ph\u1ee5 ki\u1ec7n kh\u00ed n\u00e9n BKC-PG","isPartOf":{"@id":"https:\/\/snsvietnam.com\/#website"},"primaryImageOfPage":{"@id":"https:\/\/snsvietnam.com\/san-pham\/phu-kien-khi-nen-bkc-pg\/#primaryimage"},"image":{"@id":"https:\/\/snsvietnam.com\/san-pham\/phu-kien-khi-nen-bkc-pg\/#primaryimage"},"thumbnailUrl":"https:\/\/snsvietnam.com\/wp-content\/uploads\/2018\/05\/BKC-PG-Different-Diameter-Straight.jpg","datePublished":"2018-05-28T07:41:34+00:00","dateModified":"2018-11-28T07:43:00+00:00","description":"Kh\u00ed n\u00e9n, thi\u1ebft b\u1ecb kh\u00ed n\u00e9n, thi\u1ebft kh\u00ed kh\u00ed n\u00e9n sns, Thi\u1ebft b\u1ecb kh\u00ed n\u00e9n ch\u1ea5t l\u01b0\u1ee3ng, Thi\u1ebft b\u1ecb kh\u00ed n\u00e9n gi\u00e1 r\u1ebb, ph\u1ee5 ki\u1ec7n kh\u00ed n\u00e9n, ph\u1ee5 ki\u1ec7n kh\u00ed n\u00e9n sns, ph\u1ee5 ki\u1ec7n kh\u00ed n\u00e9n sns ch\u1ea5t l\u01b0\u1ee3ng cao, ph\u1ee5 ki\u1ec7n kh\u00ed n\u00e9n sns gi\u00e1 r\u1ebb, c\u00f4ng t\u1eafc c\u1ea3m bi\u1ebfn sns ch\u1ea5t l\u01b0\u1ee3ng cao","breadcrumb":{"@id":"https:\/\/snsvietnam.com\/san-pham\/phu-kien-khi-nen-bkc-pg\/#breadcrumb"},"inLanguage":"en-US","potentialAction":[{"@type":"ReadAction","target":["https:\/\/snsvietnam.com\/san-pham\/phu-kien-khi-nen-bkc-pg\/"]}]},{"@type":"ImageObject","inLanguage":"en-US","@id":"https:\/\/snsvietnam.com\/san-pham\/phu-kien-khi-nen-bkc-pg\/#primaryimage","url":"https:\/\/snsvietnam.com\/wp-content\/uploads\/2018\/05\/BKC-PG-Different-Diameter-Straight.jpg","contentUrl":"https:\/\/snsvietnam.com\/wp-content\/uploads\/2018\/05\/BKC-PG-Different-Diameter-Straight.jpg","width":500,"height":500},{"@type":"BreadcrumbList","@id":"https:\/\/snsvietnam.com\/san-pham\/phu-kien-khi-nen-bkc-pg\/#breadcrumb","itemListElement":[{"@type":"ListItem","position":1,"name":"Home","item":"https:\/\/snsvietnam.com\/"},{"@type":"ListItem","position":2,"name":"C\u1eeda h\u00e0ng","item":"https:\/\/snsvietnam.com\/cua-hang-thiet-bi-sns\/"},{"@type":"ListItem","position":3,"name":"BKC-PG DIFFERENT DIAMETER STRAIGHT"}]},{"@type":"WebSite","@id":"https:\/\/snsvietnam.com\/#website","url":"https:\/\/snsvietnam.com\/","name":"Thi\u1ebft b\u1ecb kh\u00ed n\u00e9n","description":"SNS","publisher":{"@id":"https:\/\/snsvietnam.com\/#organization"},"potentialAction":[{"@type":"SearchAction","target":{"@type":"EntryPoint","urlTemplate":"https:\/\/snsvietnam.com\/?s={search_term_string}"},"query-input":{"@type":"PropertyValueSpecification","valueRequired":true,"valueName":"search_term_string"}}],"inLanguage":"en-US"},{"@type":"Organization","@id":"https:\/\/snsvietnam.com\/#organization","name":"Cty Thi\u1ebft B\u1ecb Kh\u00ed N\u00e9n SNS Vi\u1ec7t Nam","url":"https:\/\/snsvietnam.com\/","logo":{"@type":"ImageObject","inLanguage":"en-US","@id":"https:\/\/snsvietnam.com\/#\/schema\/logo\/image\/","url":"https:\/\/snsvietnam.com\/wp-content\/uploads\/2018\/05\/logo.png","contentUrl":"https:\/\/snsvietnam.com\/wp-content\/uploads\/2018\/05\/logo.png","width":320,"height":41,"caption":"Cty Thi\u1ebft B\u1ecb Kh\u00ed N\u00e9n SNS Vi\u1ec7t Nam"},"image":{"@id":"https:\/\/snsvietnam.com\/#\/schema\/logo\/image\/"}}]}},"_links":{"self":[{"href":"https:\/\/snsvietnam.com\/en\/wp-json\/wp\/v2\/product\/1721","targetHints":{"allow":["GET"]}}],"collection":[{"href":"https:\/\/snsvietnam.com\/en\/wp-json\/wp\/v2\/product"}],"about":[{"href":"https:\/\/snsvietnam.com\/en\/wp-json\/wp\/v2\/types\/product"}],"replies":[{"embeddable":true,"href":"https:\/\/snsvietnam.com\/en\/wp-json\/wp\/v2\/comments?post=1721"}],"wp:featuredmedia":[{"embeddable":true,"href":"https:\/\/snsvietnam.com\/en\/wp-json\/wp\/v2\/media\/1724"}],"wp:attachment":[{"href":"https:\/\/snsvietnam.com\/en\/wp-json\/wp\/v2\/media?parent=1721"}],"wp:term":[{"taxonomy":"product_brand","embeddable":true,"href":"https:\/\/snsvietnam.com\/en\/wp-json\/wp\/v2\/product_brand?post=1721"},{"taxonomy":"product_cat","embeddable":true,"href":"https:\/\/snsvietnam.com\/en\/wp-json\/wp\/v2\/product_cat?post=1721"},{"taxonomy":"product_tag","embeddable":true,"href":"https:\/\/snsvietnam.com\/en\/wp-json\/wp\/v2\/product_tag?post=1721"}],"curies":[{"name":"wp","href":"https:\/\/api.w.org\/{rel}","templated":true}]}}