{"id":1713,"date":"2018-05-28T14:37:29","date_gmt":"2018-05-28T07:37:29","guid":{"rendered":"https:\/\/snsvietnam.com\/?post_type=product&#038;p=1713"},"modified":"2018-11-28T14:49:56","modified_gmt":"2018-11-28T07:49:56","slug":"co-noi-da-nang-sns-bkc-pm-series","status":"publish","type":"product","link":"https:\/\/snsvietnam.com\/en\/san-pham\/co-noi-da-nang-sns-bkc-pm-series\/","title":{"rendered":"BKC-PM SERIES-BULKHEAD UNION"},"content":{"rendered":"<p><img decoding=\"async\" src=\"https:\/\/snsvietnam.com\/wp-content\/uploads\/2018\/05\/BKC-PM-1.jpg\" alt=\"\" width=\"675\" height=\"177\" class=\"alignnone size-full wp-image-1714\" srcset=\"https:\/\/snsvietnam.com\/wp-content\/uploads\/2018\/05\/BKC-PM-1.jpg 675w, https:\/\/snsvietnam.com\/wp-content\/uploads\/2018\/05\/BKC-PM-1-300x79.jpg 300w, https:\/\/snsvietnam.com\/wp-content\/uploads\/2018\/05\/BKC-PM-1-260x68.jpg 260w, https:\/\/snsvietnam.com\/wp-content\/uploads\/2018\/05\/BKC-PM-1-50x13.jpg 50w, https:\/\/snsvietnam.com\/wp-content\/uploads\/2018\/05\/BKC-PM-1-150x39.jpg 150w, https:\/\/snsvietnam.com\/wp-content\/uploads\/2018\/05\/BKC-PM-1-600x157.jpg 600w\" sizes=\"(max-width: 675px) 100vw, 675px\" \/><\/p>","protected":false},"excerpt":{"rendered":"<p><img loading=\"lazy\" decoding=\"async\" src=\"https:\/\/snsvietnam.com\/wp-content\/uploads\/2018\/05\/BKC-PM.jpg\" alt=\"\" width=\"480\" height=\"139\" class=\"alignnone size-full wp-image-1715\" srcset=\"https:\/\/snsvietnam.com\/wp-content\/uploads\/2018\/05\/BKC-PM.jpg 480w, https:\/\/snsvietnam.com\/wp-content\/uploads\/2018\/05\/BKC-PM-300x87.jpg 300w, https:\/\/snsvietnam.com\/wp-content\/uploads\/2018\/05\/BKC-PM-260x75.jpg 260w, https:\/\/snsvietnam.com\/wp-content\/uploads\/2018\/05\/BKC-PM-50x14.jpg 50w, https:\/\/snsvietnam.com\/wp-content\/uploads\/2018\/05\/BKC-PM-150x43.jpg 150w\" sizes=\"(max-width: 480px) 100vw, 480px\" \/><\/p>\n","protected":false},"featured_media":1716,"comment_status":"open","ping_status":"closed","template":"","meta":[],"product_brand":[],"product_cat":[20],"product_tag":[65,241,245,242,244,243,66,70,39,50,51,47,208,209,49,220],"class_list":{"0":"post-1713","1":"product","2":"type-product","3":"status-publish","4":"has-post-thumbnail","6":"product_cat-phu-kien-khi-nen-sns","7":"product_tag-co-noi","8":"product_tag-co-noi-chat-luong-cao","9":"product_tag-co-noi-da-nang-sns","10":"product_tag-co-noi-gia-re","11":"product_tag-co-noi-inox","12":"product_tag-co-noi-kq2","13":"product_tag-co-noi-sns","14":"product_tag-co-noi-vuong-sns","15":"product_tag-khi-nen","16":"product_tag-phu-kien-khi-nen","17":"product_tag-phu-kien-khi-nen-sns","18":"product_tag-thiet-bi-khi-nen","19":"product_tag-thiet-bi-khi-nen-chat-luong","20":"product_tag-thiet-bi-khi-nen-gia-re","21":"product_tag-thiet-bi-khi-nen-sns","22":"product_tag-thiet-khi-khi-nen-sns","24":"first","25":"instock","26":"shipping-taxable","27":"purchasable","28":"product-type-simple"},"yoast_head":"<!-- This site is optimized with the Yoast SEO plugin v27.4 - https:\/\/yoast.com\/product\/yoast-seo-wordpress\/ -->\n<title>CO N\u1ed0I \u0110A N\u0102NG SNS BKC-PM SERIES<\/title>\n<meta name=\"description\" content=\"Kh\u00ed n\u00e9n, thi\u1ebft b\u1ecb kh\u00ed n\u00e9n, thi\u1ebft kh\u00ed kh\u00ed n\u00e9n sns, Thi\u1ebft b\u1ecb kh\u00ed n\u00e9n ch\u1ea5t l\u01b0\u1ee3ng, Thi\u1ebft b\u1ecb kh\u00ed n\u00e9n gi\u00e1 r\u1ebb, co n\u1ed1i, co n\u1ed1i sns, co n\u1ed1i ch\u1ea5t l\u01b0\u1ee3ng cao, co n\u1ed1i gi\u00e1 r\u1ebb, Co n\u1ed1i KQ2, Co n\u1ed1i Inox, co n\u1ed1i vu\u00f4ng sns, co n\u1ed1i \u0111a n\u0103ng sns\" \/>\n<meta name=\"robots\" content=\"index, follow, max-snippet:-1, max-image-preview:large, max-video-preview:-1\" \/>\n<link rel=\"canonical\" href=\"https:\/\/snsvietnam.com\/san-pham\/co-noi-da-nang-sns-bkc-pm-series\/\" \/>\n<script type=\"application\/ld+json\" class=\"yoast-schema-graph\">{\"@context\":\"https:\\\/\\\/schema.org\",\"@graph\":[{\"@type\":\"WebPage\",\"@id\":\"https:\\\/\\\/snsvietnam.com\\\/san-pham\\\/co-noi-da-nang-sns-bkc-pm-series\\\/\",\"url\":\"https:\\\/\\\/snsvietnam.com\\\/san-pham\\\/co-noi-da-nang-sns-bkc-pm-series\\\/\",\"name\":\"CO N\u1ed0I \u0110A N\u0102NG SNS BKC-PM SERIES\",\"isPartOf\":{\"@id\":\"https:\\\/\\\/snsvietnam.com\\\/#website\"},\"primaryImageOfPage\":{\"@id\":\"https:\\\/\\\/snsvietnam.com\\\/san-pham\\\/co-noi-da-nang-sns-bkc-pm-series\\\/#primaryimage\"},\"image\":{\"@id\":\"https:\\\/\\\/snsvietnam.com\\\/san-pham\\\/co-noi-da-nang-sns-bkc-pm-series\\\/#primaryimage\"},\"thumbnailUrl\":\"https:\\\/\\\/snsvietnam.com\\\/wp-content\\\/uploads\\\/2018\\\/05\\\/BKC-PM-Series-Bulkhead-Union.jpg\",\"datePublished\":\"2018-05-28T07:37:29+00:00\",\"dateModified\":\"2018-11-28T07:49:56+00:00\",\"description\":\"Kh\u00ed n\u00e9n, thi\u1ebft b\u1ecb kh\u00ed n\u00e9n, thi\u1ebft kh\u00ed kh\u00ed n\u00e9n sns, Thi\u1ebft b\u1ecb kh\u00ed n\u00e9n ch\u1ea5t l\u01b0\u1ee3ng, Thi\u1ebft b\u1ecb kh\u00ed n\u00e9n gi\u00e1 r\u1ebb, co n\u1ed1i, co n\u1ed1i sns, co n\u1ed1i ch\u1ea5t l\u01b0\u1ee3ng cao, co n\u1ed1i gi\u00e1 r\u1ebb, Co n\u1ed1i KQ2, Co n\u1ed1i Inox, co n\u1ed1i vu\u00f4ng sns, co n\u1ed1i \u0111a n\u0103ng sns\",\"breadcrumb\":{\"@id\":\"https:\\\/\\\/snsvietnam.com\\\/san-pham\\\/co-noi-da-nang-sns-bkc-pm-series\\\/#breadcrumb\"},\"inLanguage\":\"en-US\",\"potentialAction\":[{\"@type\":\"ReadAction\",\"target\":[\"https:\\\/\\\/snsvietnam.com\\\/san-pham\\\/co-noi-da-nang-sns-bkc-pm-series\\\/\"]}]},{\"@type\":\"ImageObject\",\"inLanguage\":\"en-US\",\"@id\":\"https:\\\/\\\/snsvietnam.com\\\/san-pham\\\/co-noi-da-nang-sns-bkc-pm-series\\\/#primaryimage\",\"url\":\"https:\\\/\\\/snsvietnam.com\\\/wp-content\\\/uploads\\\/2018\\\/05\\\/BKC-PM-Series-Bulkhead-Union.jpg\",\"contentUrl\":\"https:\\\/\\\/snsvietnam.com\\\/wp-content\\\/uploads\\\/2018\\\/05\\\/BKC-PM-Series-Bulkhead-Union.jpg\",\"width\":500,\"height\":500},{\"@type\":\"BreadcrumbList\",\"@id\":\"https:\\\/\\\/snsvietnam.com\\\/san-pham\\\/co-noi-da-nang-sns-bkc-pm-series\\\/#breadcrumb\",\"itemListElement\":[{\"@type\":\"ListItem\",\"position\":1,\"name\":\"Home\",\"item\":\"https:\\\/\\\/snsvietnam.com\\\/\"},{\"@type\":\"ListItem\",\"position\":2,\"name\":\"C\u1eeda h\u00e0ng\",\"item\":\"https:\\\/\\\/snsvietnam.com\\\/cua-hang-thiet-bi-sns\\\/\"},{\"@type\":\"ListItem\",\"position\":3,\"name\":\"CO N\u1ed0I \u0110A N\u0102NG SNS BKC-PM SERIES\"}]},{\"@type\":\"WebSite\",\"@id\":\"https:\\\/\\\/snsvietnam.com\\\/#website\",\"url\":\"https:\\\/\\\/snsvietnam.com\\\/\",\"name\":\"Thi\u1ebft b\u1ecb kh\u00ed n\u00e9n\",\"description\":\"SNS\",\"publisher\":{\"@id\":\"https:\\\/\\\/snsvietnam.com\\\/#organization\"},\"potentialAction\":[{\"@type\":\"SearchAction\",\"target\":{\"@type\":\"EntryPoint\",\"urlTemplate\":\"https:\\\/\\\/snsvietnam.com\\\/?s={search_term_string}\"},\"query-input\":{\"@type\":\"PropertyValueSpecification\",\"valueRequired\":true,\"valueName\":\"search_term_string\"}}],\"inLanguage\":\"en-US\"},{\"@type\":\"Organization\",\"@id\":\"https:\\\/\\\/snsvietnam.com\\\/#organization\",\"name\":\"Cty Thi\u1ebft B\u1ecb Kh\u00ed N\u00e9n SNS Vi\u1ec7t Nam\",\"url\":\"https:\\\/\\\/snsvietnam.com\\\/\",\"logo\":{\"@type\":\"ImageObject\",\"inLanguage\":\"en-US\",\"@id\":\"https:\\\/\\\/snsvietnam.com\\\/#\\\/schema\\\/logo\\\/image\\\/\",\"url\":\"https:\\\/\\\/snsvietnam.com\\\/wp-content\\\/uploads\\\/2018\\\/05\\\/logo.png\",\"contentUrl\":\"https:\\\/\\\/snsvietnam.com\\\/wp-content\\\/uploads\\\/2018\\\/05\\\/logo.png\",\"width\":320,\"height\":41,\"caption\":\"Cty Thi\u1ebft B\u1ecb Kh\u00ed N\u00e9n SNS Vi\u1ec7t Nam\"},\"image\":{\"@id\":\"https:\\\/\\\/snsvietnam.com\\\/#\\\/schema\\\/logo\\\/image\\\/\"}}]}<\/script>\n<!-- \/ Yoast SEO plugin. -->","yoast_head_json":{"title":"CO N\u1ed0I \u0110A N\u0102NG SNS BKC-PM SERIES","description":"Kh\u00ed n\u00e9n, thi\u1ebft b\u1ecb kh\u00ed n\u00e9n, thi\u1ebft kh\u00ed kh\u00ed n\u00e9n sns, Thi\u1ebft b\u1ecb kh\u00ed n\u00e9n ch\u1ea5t l\u01b0\u1ee3ng, Thi\u1ebft b\u1ecb kh\u00ed n\u00e9n gi\u00e1 r\u1ebb, co n\u1ed1i, co n\u1ed1i sns, co n\u1ed1i ch\u1ea5t l\u01b0\u1ee3ng cao, co n\u1ed1i gi\u00e1 r\u1ebb, Co n\u1ed1i KQ2, Co n\u1ed1i Inox, co n\u1ed1i vu\u00f4ng sns, co n\u1ed1i \u0111a n\u0103ng sns","robots":{"index":"index","follow":"follow","max-snippet":"max-snippet:-1","max-image-preview":"max-image-preview:large","max-video-preview":"max-video-preview:-1"},"canonical":"https:\/\/snsvietnam.com\/san-pham\/co-noi-da-nang-sns-bkc-pm-series\/","schema":{"@context":"https:\/\/schema.org","@graph":[{"@type":"WebPage","@id":"https:\/\/snsvietnam.com\/san-pham\/co-noi-da-nang-sns-bkc-pm-series\/","url":"https:\/\/snsvietnam.com\/san-pham\/co-noi-da-nang-sns-bkc-pm-series\/","name":"CO N\u1ed0I \u0110A N\u0102NG SNS BKC-PM SERIES","isPartOf":{"@id":"https:\/\/snsvietnam.com\/#website"},"primaryImageOfPage":{"@id":"https:\/\/snsvietnam.com\/san-pham\/co-noi-da-nang-sns-bkc-pm-series\/#primaryimage"},"image":{"@id":"https:\/\/snsvietnam.com\/san-pham\/co-noi-da-nang-sns-bkc-pm-series\/#primaryimage"},"thumbnailUrl":"https:\/\/snsvietnam.com\/wp-content\/uploads\/2018\/05\/BKC-PM-Series-Bulkhead-Union.jpg","datePublished":"2018-05-28T07:37:29+00:00","dateModified":"2018-11-28T07:49:56+00:00","description":"Kh\u00ed n\u00e9n, thi\u1ebft b\u1ecb kh\u00ed n\u00e9n, thi\u1ebft kh\u00ed kh\u00ed n\u00e9n sns, Thi\u1ebft b\u1ecb kh\u00ed n\u00e9n ch\u1ea5t l\u01b0\u1ee3ng, Thi\u1ebft b\u1ecb kh\u00ed n\u00e9n gi\u00e1 r\u1ebb, co n\u1ed1i, co n\u1ed1i sns, co n\u1ed1i ch\u1ea5t l\u01b0\u1ee3ng cao, co n\u1ed1i gi\u00e1 r\u1ebb, Co n\u1ed1i KQ2, Co n\u1ed1i Inox, co n\u1ed1i vu\u00f4ng sns, co n\u1ed1i \u0111a n\u0103ng sns","breadcrumb":{"@id":"https:\/\/snsvietnam.com\/san-pham\/co-noi-da-nang-sns-bkc-pm-series\/#breadcrumb"},"inLanguage":"en-US","potentialAction":[{"@type":"ReadAction","target":["https:\/\/snsvietnam.com\/san-pham\/co-noi-da-nang-sns-bkc-pm-series\/"]}]},{"@type":"ImageObject","inLanguage":"en-US","@id":"https:\/\/snsvietnam.com\/san-pham\/co-noi-da-nang-sns-bkc-pm-series\/#primaryimage","url":"https:\/\/snsvietnam.com\/wp-content\/uploads\/2018\/05\/BKC-PM-Series-Bulkhead-Union.jpg","contentUrl":"https:\/\/snsvietnam.com\/wp-content\/uploads\/2018\/05\/BKC-PM-Series-Bulkhead-Union.jpg","width":500,"height":500},{"@type":"BreadcrumbList","@id":"https:\/\/snsvietnam.com\/san-pham\/co-noi-da-nang-sns-bkc-pm-series\/#breadcrumb","itemListElement":[{"@type":"ListItem","position":1,"name":"Home","item":"https:\/\/snsvietnam.com\/"},{"@type":"ListItem","position":2,"name":"C\u1eeda h\u00e0ng","item":"https:\/\/snsvietnam.com\/cua-hang-thiet-bi-sns\/"},{"@type":"ListItem","position":3,"name":"CO N\u1ed0I \u0110A N\u0102NG SNS BKC-PM SERIES"}]},{"@type":"WebSite","@id":"https:\/\/snsvietnam.com\/#website","url":"https:\/\/snsvietnam.com\/","name":"Thi\u1ebft b\u1ecb kh\u00ed n\u00e9n","description":"SNS","publisher":{"@id":"https:\/\/snsvietnam.com\/#organization"},"potentialAction":[{"@type":"SearchAction","target":{"@type":"EntryPoint","urlTemplate":"https:\/\/snsvietnam.com\/?s={search_term_string}"},"query-input":{"@type":"PropertyValueSpecification","valueRequired":true,"valueName":"search_term_string"}}],"inLanguage":"en-US"},{"@type":"Organization","@id":"https:\/\/snsvietnam.com\/#organization","name":"Cty Thi\u1ebft B\u1ecb Kh\u00ed N\u00e9n SNS Vi\u1ec7t Nam","url":"https:\/\/snsvietnam.com\/","logo":{"@type":"ImageObject","inLanguage":"en-US","@id":"https:\/\/snsvietnam.com\/#\/schema\/logo\/image\/","url":"https:\/\/snsvietnam.com\/wp-content\/uploads\/2018\/05\/logo.png","contentUrl":"https:\/\/snsvietnam.com\/wp-content\/uploads\/2018\/05\/logo.png","width":320,"height":41,"caption":"Cty Thi\u1ebft B\u1ecb Kh\u00ed N\u00e9n SNS Vi\u1ec7t Nam"},"image":{"@id":"https:\/\/snsvietnam.com\/#\/schema\/logo\/image\/"}}]}},"_links":{"self":[{"href":"https:\/\/snsvietnam.com\/en\/wp-json\/wp\/v2\/product\/1713","targetHints":{"allow":["GET"]}}],"collection":[{"href":"https:\/\/snsvietnam.com\/en\/wp-json\/wp\/v2\/product"}],"about":[{"href":"https:\/\/snsvietnam.com\/en\/wp-json\/wp\/v2\/types\/product"}],"replies":[{"embeddable":true,"href":"https:\/\/snsvietnam.com\/en\/wp-json\/wp\/v2\/comments?post=1713"}],"wp:featuredmedia":[{"embeddable":true,"href":"https:\/\/snsvietnam.com\/en\/wp-json\/wp\/v2\/media\/1716"}],"wp:attachment":[{"href":"https:\/\/snsvietnam.com\/en\/wp-json\/wp\/v2\/media?parent=1713"}],"wp:term":[{"taxonomy":"product_brand","embeddable":true,"href":"https:\/\/snsvietnam.com\/en\/wp-json\/wp\/v2\/product_brand?post=1713"},{"taxonomy":"product_cat","embeddable":true,"href":"https:\/\/snsvietnam.com\/en\/wp-json\/wp\/v2\/product_cat?post=1713"},{"taxonomy":"product_tag","embeddable":true,"href":"https:\/\/snsvietnam.com\/en\/wp-json\/wp\/v2\/product_tag?post=1713"}],"curies":[{"name":"wp","href":"https:\/\/api.w.org\/{rel}","templated":true}]}}