{"id":1697,"date":"2018-05-28T14:29:28","date_gmt":"2018-05-28T07:29:28","guid":{"rendered":"https:\/\/snsvietnam.com\/?post_type=product&#038;p=1697"},"modified":"2018-11-28T15:01:26","modified_gmt":"2018-11-28T08:01:26","slug":"co-noi-chu-t-sns-bmb-series","status":"publish","type":"product","link":"https:\/\/snsvietnam.com\/en\/san-pham\/co-noi-chu-t-sns-bmb-series\/","title":{"rendered":"BMB SERIES-MALE BRANCH TEE"},"content":{"rendered":"<p><img decoding=\"async\" src=\"https:\/\/snsvietnam.com\/wp-content\/uploads\/2018\/05\/BMB-Series-Male-Branch-Tee-1.jpg\" alt=\"\" width=\"1080\" height=\"77\" class=\"alignnone size-full wp-image-1698\" srcset=\"https:\/\/snsvietnam.com\/wp-content\/uploads\/2018\/05\/BMB-Series-Male-Branch-Tee-1.jpg 1080w, https:\/\/snsvietnam.com\/wp-content\/uploads\/2018\/05\/BMB-Series-Male-Branch-Tee-1-300x21.jpg 300w, https:\/\/snsvietnam.com\/wp-content\/uploads\/2018\/05\/BMB-Series-Male-Branch-Tee-1-768x55.jpg 768w, https:\/\/snsvietnam.com\/wp-content\/uploads\/2018\/05\/BMB-Series-Male-Branch-Tee-1-1024x73.jpg 1024w, https:\/\/snsvietnam.com\/wp-content\/uploads\/2018\/05\/BMB-Series-Male-Branch-Tee-1-260x19.jpg 260w, https:\/\/snsvietnam.com\/wp-content\/uploads\/2018\/05\/BMB-Series-Male-Branch-Tee-1-50x4.jpg 50w, https:\/\/snsvietnam.com\/wp-content\/uploads\/2018\/05\/BMB-Series-Male-Branch-Tee-1-150x11.jpg 150w, https:\/\/snsvietnam.com\/wp-content\/uploads\/2018\/05\/BMB-Series-Male-Branch-Tee-1-600x43.jpg 600w\" sizes=\"(max-width: 1080px) 100vw, 1080px\" \/><\/p>","protected":false},"excerpt":{"rendered":"<p><img loading=\"lazy\" decoding=\"async\" src=\"https:\/\/snsvietnam.com\/wp-content\/uploads\/2018\/05\/BMB-Series-Male-Branch-Tee.jpg\" alt=\"\" width=\"480\" height=\"175\" class=\"alignnone size-full wp-image-1699\" srcset=\"https:\/\/snsvietnam.com\/wp-content\/uploads\/2018\/05\/BMB-Series-Male-Branch-Tee.jpg 480w, https:\/\/snsvietnam.com\/wp-content\/uploads\/2018\/05\/BMB-Series-Male-Branch-Tee-300x109.jpg 300w, https:\/\/snsvietnam.com\/wp-content\/uploads\/2018\/05\/BMB-Series-Male-Branch-Tee-260x95.jpg 260w, https:\/\/snsvietnam.com\/wp-content\/uploads\/2018\/05\/BMB-Series-Male-Branch-Tee-50x18.jpg 50w, https:\/\/snsvietnam.com\/wp-content\/uploads\/2018\/05\/BMB-Series-Male-Branch-Tee-150x55.jpg 150w\" sizes=\"(max-width: 480px) 100vw, 480px\" \/><\/p>\n","protected":false},"featured_media":1700,"comment_status":"open","ping_status":"closed","template":"","meta":[],"product_brand":[],"product_cat":[20],"product_tag":[65,66,223,39,50,51,221,222,47,208,209,49,220],"class_list":{"0":"post-1697","1":"product","2":"type-product","3":"status-publish","4":"has-post-thumbnail","6":"product_cat-phu-kien-khi-nen-sns","7":"product_tag-co-noi","8":"product_tag-co-noi-sns","9":"product_tag-cong-tac-cam-bien-sns-chat-luong-cao","10":"product_tag-khi-nen","11":"product_tag-phu-kien-khi-nen","12":"product_tag-phu-kien-khi-nen-sns","13":"product_tag-phu-kien-khi-nen-sns-chat-luong-cao","14":"product_tag-phu-kien-khi-nen-sns-gia-re","15":"product_tag-thiet-bi-khi-nen","16":"product_tag-thiet-bi-khi-nen-chat-luong","17":"product_tag-thiet-bi-khi-nen-gia-re","18":"product_tag-thiet-bi-khi-nen-sns","19":"product_tag-thiet-khi-khi-nen-sns","21":"first","22":"instock","23":"shipping-taxable","24":"purchasable","25":"product-type-simple"},"yoast_head":"<!-- This site is optimized with the Yoast SEO plugin v27.4 - https:\/\/yoast.com\/product\/yoast-seo-wordpress\/ -->\n<title>CO N\u1ed0I CH\u1eee T SNS BMB SERIES<\/title>\n<meta name=\"description\" content=\"Kh\u00ed n\u00e9n, thi\u1ebft b\u1ecb kh\u00ed n\u00e9n, thi\u1ebft kh\u00ed kh\u00ed n\u00e9n sns, Thi\u1ebft b\u1ecb kh\u00ed n\u00e9n ch\u1ea5t l\u01b0\u1ee3ng, Thi\u1ebft b\u1ecb kh\u00ed n\u00e9n gi\u00e1 r\u1ebb, ph\u1ee5 ki\u1ec7n kh\u00ed n\u00e9n, ph\u1ee5 ki\u1ec7n kh\u00ed n\u00e9n sns, ph\u1ee5 ki\u1ec7n kh\u00ed n\u00e9n sns ch\u1ea5t l\u01b0\u1ee3ng cao, ph\u1ee5 ki\u1ec7n kh\u00ed n\u00e9n sns gi\u00e1 r\u1ebb, c\u00f4ng t\u1eafc c\u1ea3m bi\u1ebfn sns ch\u1ea5t l\u01b0\u1ee3ng cao\" \/>\n<meta name=\"robots\" content=\"index, follow, max-snippet:-1, max-image-preview:large, max-video-preview:-1\" \/>\n<link rel=\"canonical\" href=\"https:\/\/snsvietnam.com\/san-pham\/co-noi-chu-t-sns-bmb-series\/\" \/>\n<script type=\"application\/ld+json\" class=\"yoast-schema-graph\">{\"@context\":\"https:\\\/\\\/schema.org\",\"@graph\":[{\"@type\":\"WebPage\",\"@id\":\"https:\\\/\\\/snsvietnam.com\\\/san-pham\\\/co-noi-chu-t-sns-bmb-series\\\/\",\"url\":\"https:\\\/\\\/snsvietnam.com\\\/san-pham\\\/co-noi-chu-t-sns-bmb-series\\\/\",\"name\":\"CO N\u1ed0I CH\u1eee T SNS BMB SERIES\",\"isPartOf\":{\"@id\":\"https:\\\/\\\/snsvietnam.com\\\/#website\"},\"primaryImageOfPage\":{\"@id\":\"https:\\\/\\\/snsvietnam.com\\\/san-pham\\\/co-noi-chu-t-sns-bmb-series\\\/#primaryimage\"},\"image\":{\"@id\":\"https:\\\/\\\/snsvietnam.com\\\/san-pham\\\/co-noi-chu-t-sns-bmb-series\\\/#primaryimage\"},\"thumbnailUrl\":\"https:\\\/\\\/snsvietnam.com\\\/wp-content\\\/uploads\\\/2018\\\/05\\\/BMB-Series-Male-Branch-Tee-2.jpg\",\"datePublished\":\"2018-05-28T07:29:28+00:00\",\"dateModified\":\"2018-11-28T08:01:26+00:00\",\"description\":\"Kh\u00ed n\u00e9n, thi\u1ebft b\u1ecb kh\u00ed n\u00e9n, thi\u1ebft kh\u00ed kh\u00ed n\u00e9n sns, Thi\u1ebft b\u1ecb kh\u00ed n\u00e9n ch\u1ea5t l\u01b0\u1ee3ng, Thi\u1ebft b\u1ecb kh\u00ed n\u00e9n gi\u00e1 r\u1ebb, ph\u1ee5 ki\u1ec7n kh\u00ed n\u00e9n, ph\u1ee5 ki\u1ec7n kh\u00ed n\u00e9n sns, ph\u1ee5 ki\u1ec7n kh\u00ed n\u00e9n sns ch\u1ea5t l\u01b0\u1ee3ng cao, ph\u1ee5 ki\u1ec7n kh\u00ed n\u00e9n sns gi\u00e1 r\u1ebb, c\u00f4ng t\u1eafc c\u1ea3m bi\u1ebfn sns ch\u1ea5t l\u01b0\u1ee3ng cao\",\"breadcrumb\":{\"@id\":\"https:\\\/\\\/snsvietnam.com\\\/san-pham\\\/co-noi-chu-t-sns-bmb-series\\\/#breadcrumb\"},\"inLanguage\":\"en-US\",\"potentialAction\":[{\"@type\":\"ReadAction\",\"target\":[\"https:\\\/\\\/snsvietnam.com\\\/san-pham\\\/co-noi-chu-t-sns-bmb-series\\\/\"]}]},{\"@type\":\"ImageObject\",\"inLanguage\":\"en-US\",\"@id\":\"https:\\\/\\\/snsvietnam.com\\\/san-pham\\\/co-noi-chu-t-sns-bmb-series\\\/#primaryimage\",\"url\":\"https:\\\/\\\/snsvietnam.com\\\/wp-content\\\/uploads\\\/2018\\\/05\\\/BMB-Series-Male-Branch-Tee-2.jpg\",\"contentUrl\":\"https:\\\/\\\/snsvietnam.com\\\/wp-content\\\/uploads\\\/2018\\\/05\\\/BMB-Series-Male-Branch-Tee-2.jpg\",\"width\":500,\"height\":500},{\"@type\":\"BreadcrumbList\",\"@id\":\"https:\\\/\\\/snsvietnam.com\\\/san-pham\\\/co-noi-chu-t-sns-bmb-series\\\/#breadcrumb\",\"itemListElement\":[{\"@type\":\"ListItem\",\"position\":1,\"name\":\"Home\",\"item\":\"https:\\\/\\\/snsvietnam.com\\\/\"},{\"@type\":\"ListItem\",\"position\":2,\"name\":\"C\u1eeda h\u00e0ng\",\"item\":\"https:\\\/\\\/snsvietnam.com\\\/cua-hang-thiet-bi-sns\\\/\"},{\"@type\":\"ListItem\",\"position\":3,\"name\":\"CO N\u1ed0I CH\u1eee T SNS BMB SERIES\"}]},{\"@type\":\"WebSite\",\"@id\":\"https:\\\/\\\/snsvietnam.com\\\/#website\",\"url\":\"https:\\\/\\\/snsvietnam.com\\\/\",\"name\":\"Thi\u1ebft b\u1ecb kh\u00ed n\u00e9n\",\"description\":\"SNS\",\"publisher\":{\"@id\":\"https:\\\/\\\/snsvietnam.com\\\/#organization\"},\"potentialAction\":[{\"@type\":\"SearchAction\",\"target\":{\"@type\":\"EntryPoint\",\"urlTemplate\":\"https:\\\/\\\/snsvietnam.com\\\/?s={search_term_string}\"},\"query-input\":{\"@type\":\"PropertyValueSpecification\",\"valueRequired\":true,\"valueName\":\"search_term_string\"}}],\"inLanguage\":\"en-US\"},{\"@type\":\"Organization\",\"@id\":\"https:\\\/\\\/snsvietnam.com\\\/#organization\",\"name\":\"Cty Thi\u1ebft B\u1ecb Kh\u00ed N\u00e9n SNS Vi\u1ec7t Nam\",\"url\":\"https:\\\/\\\/snsvietnam.com\\\/\",\"logo\":{\"@type\":\"ImageObject\",\"inLanguage\":\"en-US\",\"@id\":\"https:\\\/\\\/snsvietnam.com\\\/#\\\/schema\\\/logo\\\/image\\\/\",\"url\":\"https:\\\/\\\/snsvietnam.com\\\/wp-content\\\/uploads\\\/2018\\\/05\\\/logo.png\",\"contentUrl\":\"https:\\\/\\\/snsvietnam.com\\\/wp-content\\\/uploads\\\/2018\\\/05\\\/logo.png\",\"width\":320,\"height\":41,\"caption\":\"Cty Thi\u1ebft B\u1ecb Kh\u00ed N\u00e9n SNS Vi\u1ec7t Nam\"},\"image\":{\"@id\":\"https:\\\/\\\/snsvietnam.com\\\/#\\\/schema\\\/logo\\\/image\\\/\"}}]}<\/script>\n<!-- \/ Yoast SEO plugin. -->","yoast_head_json":{"title":"CO N\u1ed0I CH\u1eee T SNS BMB SERIES","description":"Kh\u00ed n\u00e9n, thi\u1ebft b\u1ecb kh\u00ed n\u00e9n, thi\u1ebft kh\u00ed kh\u00ed n\u00e9n sns, Thi\u1ebft b\u1ecb kh\u00ed n\u00e9n ch\u1ea5t l\u01b0\u1ee3ng, Thi\u1ebft b\u1ecb kh\u00ed n\u00e9n gi\u00e1 r\u1ebb, ph\u1ee5 ki\u1ec7n kh\u00ed n\u00e9n, ph\u1ee5 ki\u1ec7n kh\u00ed n\u00e9n sns, ph\u1ee5 ki\u1ec7n kh\u00ed n\u00e9n sns ch\u1ea5t l\u01b0\u1ee3ng cao, ph\u1ee5 ki\u1ec7n kh\u00ed n\u00e9n sns gi\u00e1 r\u1ebb, c\u00f4ng t\u1eafc c\u1ea3m bi\u1ebfn sns ch\u1ea5t l\u01b0\u1ee3ng cao","robots":{"index":"index","follow":"follow","max-snippet":"max-snippet:-1","max-image-preview":"max-image-preview:large","max-video-preview":"max-video-preview:-1"},"canonical":"https:\/\/snsvietnam.com\/san-pham\/co-noi-chu-t-sns-bmb-series\/","schema":{"@context":"https:\/\/schema.org","@graph":[{"@type":"WebPage","@id":"https:\/\/snsvietnam.com\/san-pham\/co-noi-chu-t-sns-bmb-series\/","url":"https:\/\/snsvietnam.com\/san-pham\/co-noi-chu-t-sns-bmb-series\/","name":"CO N\u1ed0I CH\u1eee T SNS BMB SERIES","isPartOf":{"@id":"https:\/\/snsvietnam.com\/#website"},"primaryImageOfPage":{"@id":"https:\/\/snsvietnam.com\/san-pham\/co-noi-chu-t-sns-bmb-series\/#primaryimage"},"image":{"@id":"https:\/\/snsvietnam.com\/san-pham\/co-noi-chu-t-sns-bmb-series\/#primaryimage"},"thumbnailUrl":"https:\/\/snsvietnam.com\/wp-content\/uploads\/2018\/05\/BMB-Series-Male-Branch-Tee-2.jpg","datePublished":"2018-05-28T07:29:28+00:00","dateModified":"2018-11-28T08:01:26+00:00","description":"Kh\u00ed n\u00e9n, thi\u1ebft b\u1ecb kh\u00ed n\u00e9n, thi\u1ebft kh\u00ed kh\u00ed n\u00e9n sns, Thi\u1ebft b\u1ecb kh\u00ed n\u00e9n ch\u1ea5t l\u01b0\u1ee3ng, Thi\u1ebft b\u1ecb kh\u00ed n\u00e9n gi\u00e1 r\u1ebb, ph\u1ee5 ki\u1ec7n kh\u00ed n\u00e9n, ph\u1ee5 ki\u1ec7n kh\u00ed n\u00e9n sns, ph\u1ee5 ki\u1ec7n kh\u00ed n\u00e9n sns ch\u1ea5t l\u01b0\u1ee3ng cao, ph\u1ee5 ki\u1ec7n kh\u00ed n\u00e9n sns gi\u00e1 r\u1ebb, c\u00f4ng t\u1eafc c\u1ea3m bi\u1ebfn sns ch\u1ea5t l\u01b0\u1ee3ng cao","breadcrumb":{"@id":"https:\/\/snsvietnam.com\/san-pham\/co-noi-chu-t-sns-bmb-series\/#breadcrumb"},"inLanguage":"en-US","potentialAction":[{"@type":"ReadAction","target":["https:\/\/snsvietnam.com\/san-pham\/co-noi-chu-t-sns-bmb-series\/"]}]},{"@type":"ImageObject","inLanguage":"en-US","@id":"https:\/\/snsvietnam.com\/san-pham\/co-noi-chu-t-sns-bmb-series\/#primaryimage","url":"https:\/\/snsvietnam.com\/wp-content\/uploads\/2018\/05\/BMB-Series-Male-Branch-Tee-2.jpg","contentUrl":"https:\/\/snsvietnam.com\/wp-content\/uploads\/2018\/05\/BMB-Series-Male-Branch-Tee-2.jpg","width":500,"height":500},{"@type":"BreadcrumbList","@id":"https:\/\/snsvietnam.com\/san-pham\/co-noi-chu-t-sns-bmb-series\/#breadcrumb","itemListElement":[{"@type":"ListItem","position":1,"name":"Home","item":"https:\/\/snsvietnam.com\/"},{"@type":"ListItem","position":2,"name":"C\u1eeda h\u00e0ng","item":"https:\/\/snsvietnam.com\/cua-hang-thiet-bi-sns\/"},{"@type":"ListItem","position":3,"name":"CO N\u1ed0I CH\u1eee T SNS BMB SERIES"}]},{"@type":"WebSite","@id":"https:\/\/snsvietnam.com\/#website","url":"https:\/\/snsvietnam.com\/","name":"Thi\u1ebft b\u1ecb kh\u00ed n\u00e9n","description":"SNS","publisher":{"@id":"https:\/\/snsvietnam.com\/#organization"},"potentialAction":[{"@type":"SearchAction","target":{"@type":"EntryPoint","urlTemplate":"https:\/\/snsvietnam.com\/?s={search_term_string}"},"query-input":{"@type":"PropertyValueSpecification","valueRequired":true,"valueName":"search_term_string"}}],"inLanguage":"en-US"},{"@type":"Organization","@id":"https:\/\/snsvietnam.com\/#organization","name":"Cty Thi\u1ebft B\u1ecb Kh\u00ed N\u00e9n SNS Vi\u1ec7t Nam","url":"https:\/\/snsvietnam.com\/","logo":{"@type":"ImageObject","inLanguage":"en-US","@id":"https:\/\/snsvietnam.com\/#\/schema\/logo\/image\/","url":"https:\/\/snsvietnam.com\/wp-content\/uploads\/2018\/05\/logo.png","contentUrl":"https:\/\/snsvietnam.com\/wp-content\/uploads\/2018\/05\/logo.png","width":320,"height":41,"caption":"Cty Thi\u1ebft B\u1ecb Kh\u00ed N\u00e9n SNS Vi\u1ec7t Nam"},"image":{"@id":"https:\/\/snsvietnam.com\/#\/schema\/logo\/image\/"}}]}},"_links":{"self":[{"href":"https:\/\/snsvietnam.com\/en\/wp-json\/wp\/v2\/product\/1697","targetHints":{"allow":["GET"]}}],"collection":[{"href":"https:\/\/snsvietnam.com\/en\/wp-json\/wp\/v2\/product"}],"about":[{"href":"https:\/\/snsvietnam.com\/en\/wp-json\/wp\/v2\/types\/product"}],"replies":[{"embeddable":true,"href":"https:\/\/snsvietnam.com\/en\/wp-json\/wp\/v2\/comments?post=1697"}],"wp:featuredmedia":[{"embeddable":true,"href":"https:\/\/snsvietnam.com\/en\/wp-json\/wp\/v2\/media\/1700"}],"wp:attachment":[{"href":"https:\/\/snsvietnam.com\/en\/wp-json\/wp\/v2\/media?parent=1697"}],"wp:term":[{"taxonomy":"product_brand","embeddable":true,"href":"https:\/\/snsvietnam.com\/en\/wp-json\/wp\/v2\/product_brand?post=1697"},{"taxonomy":"product_cat","embeddable":true,"href":"https:\/\/snsvietnam.com\/en\/wp-json\/wp\/v2\/product_cat?post=1697"},{"taxonomy":"product_tag","embeddable":true,"href":"https:\/\/snsvietnam.com\/en\/wp-json\/wp\/v2\/product_tag?post=1697"}],"curies":[{"name":"wp","href":"https:\/\/api.w.org\/{rel}","templated":true}]}}