{"id":1672,"date":"2018-05-28T14:19:26","date_gmt":"2018-05-28T07:19:26","guid":{"rendered":"https:\/\/snsvietnam.com\/?post_type=product&#038;p=1672"},"modified":"2019-02-12T15:38:44","modified_gmt":"2019-02-12T08:38:44","slug":"co-noi-thang-sns-bpc-series","status":"publish","type":"product","link":"https:\/\/snsvietnam.com\/en\/san-pham\/co-noi-thang-sns-bpc-series\/","title":{"rendered":"BPC SERIES-MALE STRAIGHT"},"content":{"rendered":"<p><img decoding=\"async\" src=\"https:\/\/snsvietnam.com\/wp-content\/uploads\/2018\/05\/BPC-Series-Male-Straight-1.jpg\" alt=\"\" width=\"1080\" height=\"496\" class=\"alignnone size-full wp-image-1673\" srcset=\"https:\/\/snsvietnam.com\/wp-content\/uploads\/2018\/05\/BPC-Series-Male-Straight-1.jpg 1080w, https:\/\/snsvietnam.com\/wp-content\/uploads\/2018\/05\/BPC-Series-Male-Straight-1-300x138.jpg 300w, https:\/\/snsvietnam.com\/wp-content\/uploads\/2018\/05\/BPC-Series-Male-Straight-1-768x353.jpg 768w, https:\/\/snsvietnam.com\/wp-content\/uploads\/2018\/05\/BPC-Series-Male-Straight-1-1024x470.jpg 1024w, https:\/\/snsvietnam.com\/wp-content\/uploads\/2018\/05\/BPC-Series-Male-Straight-1-260x119.jpg 260w, https:\/\/snsvietnam.com\/wp-content\/uploads\/2018\/05\/BPC-Series-Male-Straight-1-50x23.jpg 50w, https:\/\/snsvietnam.com\/wp-content\/uploads\/2018\/05\/BPC-Series-Male-Straight-1-150x69.jpg 150w, https:\/\/snsvietnam.com\/wp-content\/uploads\/2018\/05\/BPC-Series-Male-Straight-1-600x276.jpg 600w\" sizes=\"(max-width: 1080px) 100vw, 1080px\" \/><\/p>","protected":false},"excerpt":{"rendered":"<p><img loading=\"lazy\" decoding=\"async\" src=\"https:\/\/snsvietnam.com\/wp-content\/uploads\/2018\/05\/BPC-Series-Male-Straight.jpg\" alt=\"\" width=\"480\" height=\"186\" class=\"alignnone size-full wp-image-1674\" srcset=\"https:\/\/snsvietnam.com\/wp-content\/uploads\/2018\/05\/BPC-Series-Male-Straight.jpg 480w, https:\/\/snsvietnam.com\/wp-content\/uploads\/2018\/05\/BPC-Series-Male-Straight-300x116.jpg 300w, https:\/\/snsvietnam.com\/wp-content\/uploads\/2018\/05\/BPC-Series-Male-Straight-260x101.jpg 260w, https:\/\/snsvietnam.com\/wp-content\/uploads\/2018\/05\/BPC-Series-Male-Straight-50x19.jpg 50w, https:\/\/snsvietnam.com\/wp-content\/uploads\/2018\/05\/BPC-Series-Male-Straight-150x58.jpg 150w\" sizes=\"(max-width: 480px) 100vw, 480px\" \/><\/p>\n","protected":false},"featured_media":1675,"comment_status":"open","ping_status":"closed","template":"","meta":[],"product_brand":[],"product_cat":[20],"product_tag":[65,241,245,242,244,243,66,68,70,39,50,51,47,208,209,49,220],"class_list":{"0":"post-1672","1":"product","2":"type-product","3":"status-publish","4":"has-post-thumbnail","6":"product_cat-phu-kien-khi-nen-sns","7":"product_tag-co-noi","8":"product_tag-co-noi-chat-luong-cao","9":"product_tag-co-noi-da-nang-sns","10":"product_tag-co-noi-gia-re","11":"product_tag-co-noi-inox","12":"product_tag-co-noi-kq2","13":"product_tag-co-noi-sns","14":"product_tag-co-noi-thang-sns","15":"product_tag-co-noi-vuong-sns","16":"product_tag-khi-nen","17":"product_tag-phu-kien-khi-nen","18":"product_tag-phu-kien-khi-nen-sns","19":"product_tag-thiet-bi-khi-nen","20":"product_tag-thiet-bi-khi-nen-chat-luong","21":"product_tag-thiet-bi-khi-nen-gia-re","22":"product_tag-thiet-bi-khi-nen-sns","23":"product_tag-thiet-khi-khi-nen-sns","25":"first","26":"instock","27":"shipping-taxable","28":"purchasable","29":"product-type-simple"},"yoast_head":"<!-- This site is optimized with the Yoast SEO plugin v27.4 - https:\/\/yoast.com\/product\/yoast-seo-wordpress\/ -->\n<title>CO N\u1ed0I TH\u1eb2NG SNS BPC SERIES<\/title>\n<meta name=\"description\" content=\"Kh\u00ed n\u00e9n, thi\u1ebft b\u1ecb kh\u00ed n\u00e9n, thi\u1ebft kh\u00ed kh\u00ed n\u00e9n sns, Thi\u1ebft b\u1ecb kh\u00ed n\u00e9n ch\u1ea5t l\u01b0\u1ee3ng, Thi\u1ebft b\u1ecb kh\u00ed n\u00e9n gi\u00e1 r\u1ebb, co n\u1ed1i, co n\u1ed1i sns, co n\u1ed1i ch\u1ea5t l\u01b0\u1ee3ng cao, co n\u1ed1i gi\u00e1 r\u1ebb, Co n\u1ed1i KQ2, Co n\u1ed1i Inox, co n\u1ed1i vu\u00f4ng sns, co n\u1ed1i \u0111a n\u0103ng sns\" \/>\n<meta name=\"robots\" content=\"index, follow, max-snippet:-1, max-image-preview:large, max-video-preview:-1\" \/>\n<link rel=\"canonical\" href=\"https:\/\/snsvietnam.com\/san-pham\/co-noi-thang-sns-bpc-series\/\" \/>\n<script type=\"application\/ld+json\" class=\"yoast-schema-graph\">{\"@context\":\"https:\\\/\\\/schema.org\",\"@graph\":[{\"@type\":\"WebPage\",\"@id\":\"https:\\\/\\\/snsvietnam.com\\\/san-pham\\\/co-noi-thang-sns-bpc-series\\\/\",\"url\":\"https:\\\/\\\/snsvietnam.com\\\/san-pham\\\/co-noi-thang-sns-bpc-series\\\/\",\"name\":\"CO N\u1ed0I TH\u1eb2NG SNS BPC SERIES\",\"isPartOf\":{\"@id\":\"https:\\\/\\\/snsvietnam.com\\\/#website\"},\"primaryImageOfPage\":{\"@id\":\"https:\\\/\\\/snsvietnam.com\\\/san-pham\\\/co-noi-thang-sns-bpc-series\\\/#primaryimage\"},\"image\":{\"@id\":\"https:\\\/\\\/snsvietnam.com\\\/san-pham\\\/co-noi-thang-sns-bpc-series\\\/#primaryimage\"},\"thumbnailUrl\":\"https:\\\/\\\/snsvietnam.com\\\/wp-content\\\/uploads\\\/2018\\\/05\\\/BPC-Series-Male-Straight-2.jpg\",\"datePublished\":\"2018-05-28T07:19:26+00:00\",\"dateModified\":\"2019-02-12T08:38:44+00:00\",\"description\":\"Kh\u00ed n\u00e9n, thi\u1ebft b\u1ecb kh\u00ed n\u00e9n, thi\u1ebft kh\u00ed kh\u00ed n\u00e9n sns, Thi\u1ebft b\u1ecb kh\u00ed n\u00e9n ch\u1ea5t l\u01b0\u1ee3ng, Thi\u1ebft b\u1ecb kh\u00ed n\u00e9n gi\u00e1 r\u1ebb, co n\u1ed1i, co n\u1ed1i sns, co n\u1ed1i ch\u1ea5t l\u01b0\u1ee3ng cao, co n\u1ed1i gi\u00e1 r\u1ebb, Co n\u1ed1i KQ2, Co n\u1ed1i Inox, co n\u1ed1i vu\u00f4ng sns, co n\u1ed1i \u0111a n\u0103ng sns\",\"breadcrumb\":{\"@id\":\"https:\\\/\\\/snsvietnam.com\\\/san-pham\\\/co-noi-thang-sns-bpc-series\\\/#breadcrumb\"},\"inLanguage\":\"en-US\",\"potentialAction\":[{\"@type\":\"ReadAction\",\"target\":[\"https:\\\/\\\/snsvietnam.com\\\/san-pham\\\/co-noi-thang-sns-bpc-series\\\/\"]}]},{\"@type\":\"ImageObject\",\"inLanguage\":\"en-US\",\"@id\":\"https:\\\/\\\/snsvietnam.com\\\/san-pham\\\/co-noi-thang-sns-bpc-series\\\/#primaryimage\",\"url\":\"https:\\\/\\\/snsvietnam.com\\\/wp-content\\\/uploads\\\/2018\\\/05\\\/BPC-Series-Male-Straight-2.jpg\",\"contentUrl\":\"https:\\\/\\\/snsvietnam.com\\\/wp-content\\\/uploads\\\/2018\\\/05\\\/BPC-Series-Male-Straight-2.jpg\",\"width\":500,\"height\":500},{\"@type\":\"BreadcrumbList\",\"@id\":\"https:\\\/\\\/snsvietnam.com\\\/san-pham\\\/co-noi-thang-sns-bpc-series\\\/#breadcrumb\",\"itemListElement\":[{\"@type\":\"ListItem\",\"position\":1,\"name\":\"Home\",\"item\":\"https:\\\/\\\/snsvietnam.com\\\/\"},{\"@type\":\"ListItem\",\"position\":2,\"name\":\"C\u1eeda h\u00e0ng\",\"item\":\"https:\\\/\\\/snsvietnam.com\\\/cua-hang-thiet-bi-sns\\\/\"},{\"@type\":\"ListItem\",\"position\":3,\"name\":\"00B0-CO N\u1ed0I TH\u1eb2NG SNS BPC SERIES\"}]},{\"@type\":\"WebSite\",\"@id\":\"https:\\\/\\\/snsvietnam.com\\\/#website\",\"url\":\"https:\\\/\\\/snsvietnam.com\\\/\",\"name\":\"Thi\u1ebft b\u1ecb kh\u00ed n\u00e9n\",\"description\":\"SNS\",\"publisher\":{\"@id\":\"https:\\\/\\\/snsvietnam.com\\\/#organization\"},\"potentialAction\":[{\"@type\":\"SearchAction\",\"target\":{\"@type\":\"EntryPoint\",\"urlTemplate\":\"https:\\\/\\\/snsvietnam.com\\\/?s={search_term_string}\"},\"query-input\":{\"@type\":\"PropertyValueSpecification\",\"valueRequired\":true,\"valueName\":\"search_term_string\"}}],\"inLanguage\":\"en-US\"},{\"@type\":\"Organization\",\"@id\":\"https:\\\/\\\/snsvietnam.com\\\/#organization\",\"name\":\"Cty Thi\u1ebft B\u1ecb Kh\u00ed N\u00e9n SNS Vi\u1ec7t Nam\",\"url\":\"https:\\\/\\\/snsvietnam.com\\\/\",\"logo\":{\"@type\":\"ImageObject\",\"inLanguage\":\"en-US\",\"@id\":\"https:\\\/\\\/snsvietnam.com\\\/#\\\/schema\\\/logo\\\/image\\\/\",\"url\":\"https:\\\/\\\/snsvietnam.com\\\/wp-content\\\/uploads\\\/2018\\\/05\\\/logo.png\",\"contentUrl\":\"https:\\\/\\\/snsvietnam.com\\\/wp-content\\\/uploads\\\/2018\\\/05\\\/logo.png\",\"width\":320,\"height\":41,\"caption\":\"Cty Thi\u1ebft B\u1ecb Kh\u00ed N\u00e9n SNS Vi\u1ec7t Nam\"},\"image\":{\"@id\":\"https:\\\/\\\/snsvietnam.com\\\/#\\\/schema\\\/logo\\\/image\\\/\"}}]}<\/script>\n<!-- \/ Yoast SEO plugin. -->","yoast_head_json":{"title":"CO N\u1ed0I TH\u1eb2NG SNS BPC SERIES","description":"Kh\u00ed n\u00e9n, thi\u1ebft b\u1ecb kh\u00ed n\u00e9n, thi\u1ebft kh\u00ed kh\u00ed n\u00e9n sns, Thi\u1ebft b\u1ecb kh\u00ed n\u00e9n ch\u1ea5t l\u01b0\u1ee3ng, Thi\u1ebft b\u1ecb kh\u00ed n\u00e9n gi\u00e1 r\u1ebb, co n\u1ed1i, co n\u1ed1i sns, co n\u1ed1i ch\u1ea5t l\u01b0\u1ee3ng cao, co n\u1ed1i gi\u00e1 r\u1ebb, Co n\u1ed1i KQ2, Co n\u1ed1i Inox, co n\u1ed1i vu\u00f4ng sns, co n\u1ed1i \u0111a n\u0103ng sns","robots":{"index":"index","follow":"follow","max-snippet":"max-snippet:-1","max-image-preview":"max-image-preview:large","max-video-preview":"max-video-preview:-1"},"canonical":"https:\/\/snsvietnam.com\/san-pham\/co-noi-thang-sns-bpc-series\/","schema":{"@context":"https:\/\/schema.org","@graph":[{"@type":"WebPage","@id":"https:\/\/snsvietnam.com\/san-pham\/co-noi-thang-sns-bpc-series\/","url":"https:\/\/snsvietnam.com\/san-pham\/co-noi-thang-sns-bpc-series\/","name":"CO N\u1ed0I TH\u1eb2NG SNS BPC SERIES","isPartOf":{"@id":"https:\/\/snsvietnam.com\/#website"},"primaryImageOfPage":{"@id":"https:\/\/snsvietnam.com\/san-pham\/co-noi-thang-sns-bpc-series\/#primaryimage"},"image":{"@id":"https:\/\/snsvietnam.com\/san-pham\/co-noi-thang-sns-bpc-series\/#primaryimage"},"thumbnailUrl":"https:\/\/snsvietnam.com\/wp-content\/uploads\/2018\/05\/BPC-Series-Male-Straight-2.jpg","datePublished":"2018-05-28T07:19:26+00:00","dateModified":"2019-02-12T08:38:44+00:00","description":"Kh\u00ed n\u00e9n, thi\u1ebft b\u1ecb kh\u00ed n\u00e9n, thi\u1ebft kh\u00ed kh\u00ed n\u00e9n sns, Thi\u1ebft b\u1ecb kh\u00ed n\u00e9n ch\u1ea5t l\u01b0\u1ee3ng, Thi\u1ebft b\u1ecb kh\u00ed n\u00e9n gi\u00e1 r\u1ebb, co n\u1ed1i, co n\u1ed1i sns, co n\u1ed1i ch\u1ea5t l\u01b0\u1ee3ng cao, co n\u1ed1i gi\u00e1 r\u1ebb, Co n\u1ed1i KQ2, Co n\u1ed1i Inox, co n\u1ed1i vu\u00f4ng sns, co n\u1ed1i \u0111a n\u0103ng sns","breadcrumb":{"@id":"https:\/\/snsvietnam.com\/san-pham\/co-noi-thang-sns-bpc-series\/#breadcrumb"},"inLanguage":"en-US","potentialAction":[{"@type":"ReadAction","target":["https:\/\/snsvietnam.com\/san-pham\/co-noi-thang-sns-bpc-series\/"]}]},{"@type":"ImageObject","inLanguage":"en-US","@id":"https:\/\/snsvietnam.com\/san-pham\/co-noi-thang-sns-bpc-series\/#primaryimage","url":"https:\/\/snsvietnam.com\/wp-content\/uploads\/2018\/05\/BPC-Series-Male-Straight-2.jpg","contentUrl":"https:\/\/snsvietnam.com\/wp-content\/uploads\/2018\/05\/BPC-Series-Male-Straight-2.jpg","width":500,"height":500},{"@type":"BreadcrumbList","@id":"https:\/\/snsvietnam.com\/san-pham\/co-noi-thang-sns-bpc-series\/#breadcrumb","itemListElement":[{"@type":"ListItem","position":1,"name":"Home","item":"https:\/\/snsvietnam.com\/"},{"@type":"ListItem","position":2,"name":"C\u1eeda h\u00e0ng","item":"https:\/\/snsvietnam.com\/cua-hang-thiet-bi-sns\/"},{"@type":"ListItem","position":3,"name":"00B0-CO N\u1ed0I TH\u1eb2NG SNS BPC SERIES"}]},{"@type":"WebSite","@id":"https:\/\/snsvietnam.com\/#website","url":"https:\/\/snsvietnam.com\/","name":"Thi\u1ebft b\u1ecb kh\u00ed n\u00e9n","description":"SNS","publisher":{"@id":"https:\/\/snsvietnam.com\/#organization"},"potentialAction":[{"@type":"SearchAction","target":{"@type":"EntryPoint","urlTemplate":"https:\/\/snsvietnam.com\/?s={search_term_string}"},"query-input":{"@type":"PropertyValueSpecification","valueRequired":true,"valueName":"search_term_string"}}],"inLanguage":"en-US"},{"@type":"Organization","@id":"https:\/\/snsvietnam.com\/#organization","name":"Cty Thi\u1ebft B\u1ecb Kh\u00ed N\u00e9n SNS Vi\u1ec7t Nam","url":"https:\/\/snsvietnam.com\/","logo":{"@type":"ImageObject","inLanguage":"en-US","@id":"https:\/\/snsvietnam.com\/#\/schema\/logo\/image\/","url":"https:\/\/snsvietnam.com\/wp-content\/uploads\/2018\/05\/logo.png","contentUrl":"https:\/\/snsvietnam.com\/wp-content\/uploads\/2018\/05\/logo.png","width":320,"height":41,"caption":"Cty Thi\u1ebft B\u1ecb Kh\u00ed N\u00e9n SNS Vi\u1ec7t Nam"},"image":{"@id":"https:\/\/snsvietnam.com\/#\/schema\/logo\/image\/"}}]}},"_links":{"self":[{"href":"https:\/\/snsvietnam.com\/en\/wp-json\/wp\/v2\/product\/1672","targetHints":{"allow":["GET"]}}],"collection":[{"href":"https:\/\/snsvietnam.com\/en\/wp-json\/wp\/v2\/product"}],"about":[{"href":"https:\/\/snsvietnam.com\/en\/wp-json\/wp\/v2\/types\/product"}],"replies":[{"embeddable":true,"href":"https:\/\/snsvietnam.com\/en\/wp-json\/wp\/v2\/comments?post=1672"}],"wp:featuredmedia":[{"embeddable":true,"href":"https:\/\/snsvietnam.com\/en\/wp-json\/wp\/v2\/media\/1675"}],"wp:attachment":[{"href":"https:\/\/snsvietnam.com\/en\/wp-json\/wp\/v2\/media?parent=1672"}],"wp:term":[{"taxonomy":"product_brand","embeddable":true,"href":"https:\/\/snsvietnam.com\/en\/wp-json\/wp\/v2\/product_brand?post=1672"},{"taxonomy":"product_cat","embeddable":true,"href":"https:\/\/snsvietnam.com\/en\/wp-json\/wp\/v2\/product_cat?post=1672"},{"taxonomy":"product_tag","embeddable":true,"href":"https:\/\/snsvietnam.com\/en\/wp-json\/wp\/v2\/product_tag?post=1672"}],"curies":[{"name":"wp","href":"https:\/\/api.w.org\/{rel}","templated":true}]}}