{"id":1595,"date":"2018-05-28T13:39:14","date_gmt":"2018-05-28T06:39:14","guid":{"rendered":"https:\/\/snsvietnam.com\/?post_type=product&#038;p=1595"},"modified":"2018-10-06T14:13:20","modified_gmt":"2018-10-06T07:13:20","slug":"co-noi-vuong-sns-jph-series","status":"publish","type":"product","link":"https:\/\/snsvietnam.com\/en\/san-pham\/co-noi-vuong-sns-jph-series\/","title":{"rendered":"JPH SERIES-SWING ELBOW"},"content":{"rendered":"<p><img decoding=\"async\" src=\"https:\/\/snsvietnam.com\/wp-content\/uploads\/2018\/05\/JPH-Series-Swing-Elbow-2.jpg\" alt=\"\" width=\"1080\" height=\"371\" class=\"alignnone size-full wp-image-1596\" srcset=\"https:\/\/snsvietnam.com\/wp-content\/uploads\/2018\/05\/JPH-Series-Swing-Elbow-2.jpg 1080w, https:\/\/snsvietnam.com\/wp-content\/uploads\/2018\/05\/JPH-Series-Swing-Elbow-2-300x103.jpg 300w, https:\/\/snsvietnam.com\/wp-content\/uploads\/2018\/05\/JPH-Series-Swing-Elbow-2-768x264.jpg 768w, https:\/\/snsvietnam.com\/wp-content\/uploads\/2018\/05\/JPH-Series-Swing-Elbow-2-1024x352.jpg 1024w, https:\/\/snsvietnam.com\/wp-content\/uploads\/2018\/05\/JPH-Series-Swing-Elbow-2-260x89.jpg 260w, https:\/\/snsvietnam.com\/wp-content\/uploads\/2018\/05\/JPH-Series-Swing-Elbow-2-50x17.jpg 50w, https:\/\/snsvietnam.com\/wp-content\/uploads\/2018\/05\/JPH-Series-Swing-Elbow-2-150x52.jpg 150w, https:\/\/snsvietnam.com\/wp-content\/uploads\/2018\/05\/JPH-Series-Swing-Elbow-2-600x206.jpg 600w\" sizes=\"(max-width: 1080px) 100vw, 1080px\" \/><\/p>","protected":false},"excerpt":{"rendered":"<p><img loading=\"lazy\" decoding=\"async\" src=\"https:\/\/snsvietnam.com\/wp-content\/uploads\/2018\/05\/JPH-Series-Swing-Elbow.jpg\" alt=\"\" width=\"480\" height=\"204\" class=\"alignnone size-full wp-image-1597\" srcset=\"https:\/\/snsvietnam.com\/wp-content\/uploads\/2018\/05\/JPH-Series-Swing-Elbow.jpg 480w, https:\/\/snsvietnam.com\/wp-content\/uploads\/2018\/05\/JPH-Series-Swing-Elbow-300x128.jpg 300w, https:\/\/snsvietnam.com\/wp-content\/uploads\/2018\/05\/JPH-Series-Swing-Elbow-260x111.jpg 260w, https:\/\/snsvietnam.com\/wp-content\/uploads\/2018\/05\/JPH-Series-Swing-Elbow-50x21.jpg 50w, https:\/\/snsvietnam.com\/wp-content\/uploads\/2018\/05\/JPH-Series-Swing-Elbow-150x64.jpg 150w\" sizes=\"(max-width: 480px) 100vw, 480px\" \/><\/p>\n","protected":false},"featured_media":1598,"comment_status":"open","ping_status":"closed","template":"","meta":[],"product_brand":[],"product_cat":[20],"product_tag":[65,66,70,39,50,51,47,49],"class_list":{"0":"post-1595","1":"product","2":"type-product","3":"status-publish","4":"has-post-thumbnail","6":"product_cat-phu-kien-khi-nen-sns","7":"product_tag-co-noi","8":"product_tag-co-noi-sns","9":"product_tag-co-noi-vuong-sns","10":"product_tag-khi-nen","11":"product_tag-phu-kien-khi-nen","12":"product_tag-phu-kien-khi-nen-sns","13":"product_tag-thiet-bi-khi-nen","14":"product_tag-thiet-bi-khi-nen-sns","16":"first","17":"instock","18":"shipping-taxable","19":"purchasable","20":"product-type-simple"},"yoast_head":"<!-- This site is optimized with the Yoast SEO plugin v27.4 - https:\/\/yoast.com\/product\/yoast-seo-wordpress\/ -->\n<title>(Ti\u1ebfng Vi\u1ec7t) CO N\u1ed0I VU\u00d4NG SNS JPH SERIES<\/title>\n<meta name=\"description\" content=\"(Ti\u1ebfng Vi\u1ec7t) thi\u1ebft b\u1ecb kh\u00ed n\u00e9n, thi\u1ebft b\u1ecb kh\u00ed n\u00e9n sns, kh\u00ed n\u00e9n, co n\u1ed1i, co n\u1ed1i sns, ph\u1ee5 ki\u1ec7n kh\u00ed n\u00e9n, ph\u1ee5 ki\u1ec7n kh\u00ed n\u00e9n sns, co n\u1ed1i vu\u00f4ng sns\" \/>\n<meta name=\"robots\" content=\"index, follow, max-snippet:-1, max-image-preview:large, max-video-preview:-1\" \/>\n<link rel=\"canonical\" href=\"https:\/\/snsvietnam.com\/en\/san-pham\/co-noi-vuong-sns-jph-series\/\" \/>\n<script type=\"application\/ld+json\" class=\"yoast-schema-graph\">{\"@context\":\"https:\\\/\\\/schema.org\",\"@graph\":[{\"@type\":\"WebPage\",\"@id\":\"https:\\\/\\\/snsvietnam.com\\\/en\\\/san-pham\\\/co-noi-vuong-sns-jph-series\\\/\",\"url\":\"https:\\\/\\\/snsvietnam.com\\\/en\\\/san-pham\\\/co-noi-vuong-sns-jph-series\\\/\",\"name\":\"(Ti\u1ebfng Vi\u1ec7t) CO N\u1ed0I VU\u00d4NG SNS JPH SERIES\",\"isPartOf\":{\"@id\":\"https:\\\/\\\/snsvietnam.com\\\/#website\"},\"primaryImageOfPage\":{\"@id\":\"https:\\\/\\\/snsvietnam.com\\\/en\\\/san-pham\\\/co-noi-vuong-sns-jph-series\\\/#primaryimage\"},\"image\":{\"@id\":\"https:\\\/\\\/snsvietnam.com\\\/en\\\/san-pham\\\/co-noi-vuong-sns-jph-series\\\/#primaryimage\"},\"thumbnailUrl\":\"https:\\\/\\\/snsvietnam.com\\\/wp-content\\\/uploads\\\/2018\\\/05\\\/JPH-Series-Swing-Elbow-1.jpg\",\"datePublished\":\"2018-05-28T06:39:14+00:00\",\"dateModified\":\"2018-10-06T07:13:20+00:00\",\"description\":\"(Ti\u1ebfng Vi\u1ec7t) thi\u1ebft b\u1ecb kh\u00ed n\u00e9n, thi\u1ebft b\u1ecb kh\u00ed n\u00e9n sns, kh\u00ed n\u00e9n, co n\u1ed1i, co n\u1ed1i sns, ph\u1ee5 ki\u1ec7n kh\u00ed n\u00e9n, ph\u1ee5 ki\u1ec7n kh\u00ed n\u00e9n sns, co n\u1ed1i vu\u00f4ng sns\",\"breadcrumb\":{\"@id\":\"https:\\\/\\\/snsvietnam.com\\\/en\\\/san-pham\\\/co-noi-vuong-sns-jph-series\\\/#breadcrumb\"},\"inLanguage\":\"en-US\",\"potentialAction\":[{\"@type\":\"ReadAction\",\"target\":[\"https:\\\/\\\/snsvietnam.com\\\/en\\\/san-pham\\\/co-noi-vuong-sns-jph-series\\\/\"]}]},{\"@type\":\"ImageObject\",\"inLanguage\":\"en-US\",\"@id\":\"https:\\\/\\\/snsvietnam.com\\\/en\\\/san-pham\\\/co-noi-vuong-sns-jph-series\\\/#primaryimage\",\"url\":\"https:\\\/\\\/snsvietnam.com\\\/wp-content\\\/uploads\\\/2018\\\/05\\\/JPH-Series-Swing-Elbow-1.jpg\",\"contentUrl\":\"https:\\\/\\\/snsvietnam.com\\\/wp-content\\\/uploads\\\/2018\\\/05\\\/JPH-Series-Swing-Elbow-1.jpg\",\"width\":500,\"height\":500},{\"@type\":\"BreadcrumbList\",\"@id\":\"https:\\\/\\\/snsvietnam.com\\\/en\\\/san-pham\\\/co-noi-vuong-sns-jph-series\\\/#breadcrumb\",\"itemListElement\":[{\"@type\":\"ListItem\",\"position\":1,\"name\":\"Home\",\"item\":\"https:\\\/\\\/snsvietnam.com\\\/\"},{\"@type\":\"ListItem\",\"position\":2,\"name\":\"C\u1eeda h\u00e0ng\",\"item\":\"https:\\\/\\\/snsvietnam.com\\\/cua-hang-thiet-bi-sns\\\/\"},{\"@type\":\"ListItem\",\"position\":3,\"name\":\"JPH SERIES-SWING ELBOW\"}]},{\"@type\":\"WebSite\",\"@id\":\"https:\\\/\\\/snsvietnam.com\\\/#website\",\"url\":\"https:\\\/\\\/snsvietnam.com\\\/\",\"name\":\"Thi\u1ebft b\u1ecb kh\u00ed n\u00e9n\",\"description\":\"SNS\",\"publisher\":{\"@id\":\"https:\\\/\\\/snsvietnam.com\\\/#organization\"},\"potentialAction\":[{\"@type\":\"SearchAction\",\"target\":{\"@type\":\"EntryPoint\",\"urlTemplate\":\"https:\\\/\\\/snsvietnam.com\\\/?s={search_term_string}\"},\"query-input\":{\"@type\":\"PropertyValueSpecification\",\"valueRequired\":true,\"valueName\":\"search_term_string\"}}],\"inLanguage\":\"en-US\"},{\"@type\":\"Organization\",\"@id\":\"https:\\\/\\\/snsvietnam.com\\\/#organization\",\"name\":\"Cty Thi\u1ebft B\u1ecb Kh\u00ed N\u00e9n SNS Vi\u1ec7t Nam\",\"url\":\"https:\\\/\\\/snsvietnam.com\\\/\",\"logo\":{\"@type\":\"ImageObject\",\"inLanguage\":\"en-US\",\"@id\":\"https:\\\/\\\/snsvietnam.com\\\/#\\\/schema\\\/logo\\\/image\\\/\",\"url\":\"https:\\\/\\\/snsvietnam.com\\\/wp-content\\\/uploads\\\/2018\\\/05\\\/logo.png\",\"contentUrl\":\"https:\\\/\\\/snsvietnam.com\\\/wp-content\\\/uploads\\\/2018\\\/05\\\/logo.png\",\"width\":320,\"height\":41,\"caption\":\"Cty Thi\u1ebft B\u1ecb Kh\u00ed N\u00e9n SNS Vi\u1ec7t Nam\"},\"image\":{\"@id\":\"https:\\\/\\\/snsvietnam.com\\\/#\\\/schema\\\/logo\\\/image\\\/\"}}]}<\/script>\n<!-- \/ Yoast SEO plugin. -->","yoast_head_json":{"title":"(Ti\u1ebfng Vi\u1ec7t) CO N\u1ed0I VU\u00d4NG SNS JPH SERIES","description":"(Ti\u1ebfng Vi\u1ec7t) thi\u1ebft b\u1ecb kh\u00ed n\u00e9n, thi\u1ebft b\u1ecb kh\u00ed n\u00e9n sns, kh\u00ed n\u00e9n, co n\u1ed1i, co n\u1ed1i sns, ph\u1ee5 ki\u1ec7n kh\u00ed n\u00e9n, ph\u1ee5 ki\u1ec7n kh\u00ed n\u00e9n sns, co n\u1ed1i vu\u00f4ng sns","robots":{"index":"index","follow":"follow","max-snippet":"max-snippet:-1","max-image-preview":"max-image-preview:large","max-video-preview":"max-video-preview:-1"},"canonical":"https:\/\/snsvietnam.com\/en\/san-pham\/co-noi-vuong-sns-jph-series\/","schema":{"@context":"https:\/\/schema.org","@graph":[{"@type":"WebPage","@id":"https:\/\/snsvietnam.com\/en\/san-pham\/co-noi-vuong-sns-jph-series\/","url":"https:\/\/snsvietnam.com\/en\/san-pham\/co-noi-vuong-sns-jph-series\/","name":"(Ti\u1ebfng Vi\u1ec7t) CO N\u1ed0I VU\u00d4NG SNS JPH SERIES","isPartOf":{"@id":"https:\/\/snsvietnam.com\/#website"},"primaryImageOfPage":{"@id":"https:\/\/snsvietnam.com\/en\/san-pham\/co-noi-vuong-sns-jph-series\/#primaryimage"},"image":{"@id":"https:\/\/snsvietnam.com\/en\/san-pham\/co-noi-vuong-sns-jph-series\/#primaryimage"},"thumbnailUrl":"https:\/\/snsvietnam.com\/wp-content\/uploads\/2018\/05\/JPH-Series-Swing-Elbow-1.jpg","datePublished":"2018-05-28T06:39:14+00:00","dateModified":"2018-10-06T07:13:20+00:00","description":"(Ti\u1ebfng Vi\u1ec7t) thi\u1ebft b\u1ecb kh\u00ed n\u00e9n, thi\u1ebft b\u1ecb kh\u00ed n\u00e9n sns, kh\u00ed n\u00e9n, co n\u1ed1i, co n\u1ed1i sns, ph\u1ee5 ki\u1ec7n kh\u00ed n\u00e9n, ph\u1ee5 ki\u1ec7n kh\u00ed n\u00e9n sns, co n\u1ed1i vu\u00f4ng sns","breadcrumb":{"@id":"https:\/\/snsvietnam.com\/en\/san-pham\/co-noi-vuong-sns-jph-series\/#breadcrumb"},"inLanguage":"en-US","potentialAction":[{"@type":"ReadAction","target":["https:\/\/snsvietnam.com\/en\/san-pham\/co-noi-vuong-sns-jph-series\/"]}]},{"@type":"ImageObject","inLanguage":"en-US","@id":"https:\/\/snsvietnam.com\/en\/san-pham\/co-noi-vuong-sns-jph-series\/#primaryimage","url":"https:\/\/snsvietnam.com\/wp-content\/uploads\/2018\/05\/JPH-Series-Swing-Elbow-1.jpg","contentUrl":"https:\/\/snsvietnam.com\/wp-content\/uploads\/2018\/05\/JPH-Series-Swing-Elbow-1.jpg","width":500,"height":500},{"@type":"BreadcrumbList","@id":"https:\/\/snsvietnam.com\/en\/san-pham\/co-noi-vuong-sns-jph-series\/#breadcrumb","itemListElement":[{"@type":"ListItem","position":1,"name":"Home","item":"https:\/\/snsvietnam.com\/"},{"@type":"ListItem","position":2,"name":"C\u1eeda h\u00e0ng","item":"https:\/\/snsvietnam.com\/cua-hang-thiet-bi-sns\/"},{"@type":"ListItem","position":3,"name":"JPH SERIES-SWING ELBOW"}]},{"@type":"WebSite","@id":"https:\/\/snsvietnam.com\/#website","url":"https:\/\/snsvietnam.com\/","name":"Thi\u1ebft b\u1ecb kh\u00ed n\u00e9n","description":"SNS","publisher":{"@id":"https:\/\/snsvietnam.com\/#organization"},"potentialAction":[{"@type":"SearchAction","target":{"@type":"EntryPoint","urlTemplate":"https:\/\/snsvietnam.com\/?s={search_term_string}"},"query-input":{"@type":"PropertyValueSpecification","valueRequired":true,"valueName":"search_term_string"}}],"inLanguage":"en-US"},{"@type":"Organization","@id":"https:\/\/snsvietnam.com\/#organization","name":"Cty Thi\u1ebft B\u1ecb Kh\u00ed N\u00e9n SNS Vi\u1ec7t Nam","url":"https:\/\/snsvietnam.com\/","logo":{"@type":"ImageObject","inLanguage":"en-US","@id":"https:\/\/snsvietnam.com\/#\/schema\/logo\/image\/","url":"https:\/\/snsvietnam.com\/wp-content\/uploads\/2018\/05\/logo.png","contentUrl":"https:\/\/snsvietnam.com\/wp-content\/uploads\/2018\/05\/logo.png","width":320,"height":41,"caption":"Cty Thi\u1ebft B\u1ecb Kh\u00ed N\u00e9n SNS Vi\u1ec7t Nam"},"image":{"@id":"https:\/\/snsvietnam.com\/#\/schema\/logo\/image\/"}}]}},"_links":{"self":[{"href":"https:\/\/snsvietnam.com\/en\/wp-json\/wp\/v2\/product\/1595","targetHints":{"allow":["GET"]}}],"collection":[{"href":"https:\/\/snsvietnam.com\/en\/wp-json\/wp\/v2\/product"}],"about":[{"href":"https:\/\/snsvietnam.com\/en\/wp-json\/wp\/v2\/types\/product"}],"replies":[{"embeddable":true,"href":"https:\/\/snsvietnam.com\/en\/wp-json\/wp\/v2\/comments?post=1595"}],"wp:featuredmedia":[{"embeddable":true,"href":"https:\/\/snsvietnam.com\/en\/wp-json\/wp\/v2\/media\/1598"}],"wp:attachment":[{"href":"https:\/\/snsvietnam.com\/en\/wp-json\/wp\/v2\/media?parent=1595"}],"wp:term":[{"taxonomy":"product_brand","embeddable":true,"href":"https:\/\/snsvietnam.com\/en\/wp-json\/wp\/v2\/product_brand?post=1595"},{"taxonomy":"product_cat","embeddable":true,"href":"https:\/\/snsvietnam.com\/en\/wp-json\/wp\/v2\/product_cat?post=1595"},{"taxonomy":"product_tag","embeddable":true,"href":"https:\/\/snsvietnam.com\/en\/wp-json\/wp\/v2\/product_tag?post=1595"}],"curies":[{"name":"wp","href":"https:\/\/api.w.org\/{rel}","templated":true}]}}