{"id":1519,"date":"2018-05-28T11:10:31","date_gmt":"2018-05-28T04:10:31","guid":{"rendered":"https:\/\/snsvietnam.com\/?post_type=product&#038;p=1519"},"modified":"2018-10-06T15:41:52","modified_gmt":"2018-10-06T08:41:52","slug":"co-noi-ren-thang-sns-klu-series","status":"publish","type":"product","link":"https:\/\/snsvietnam.com\/en\/san-pham\/co-noi-ren-thang-sns-klu-series\/","title":{"rendered":"KLU SERIES-UNION STRAIGHT"},"content":{"rendered":"<p><img fetchpriority=\"high\" decoding=\"async\" class=\"alignnone size-full wp-image-1520\" src=\"https:\/\/snsvietnam.com\/wp-content\/uploads\/2018\/05\/KLU-Series-Union-Straight-1.jpg\" alt=\"\" width=\"1080\" height=\"361\" srcset=\"https:\/\/snsvietnam.com\/wp-content\/uploads\/2018\/05\/KLU-Series-Union-Straight-1.jpg 1080w, https:\/\/snsvietnam.com\/wp-content\/uploads\/2018\/05\/KLU-Series-Union-Straight-1-300x100.jpg 300w, https:\/\/snsvietnam.com\/wp-content\/uploads\/2018\/05\/KLU-Series-Union-Straight-1-768x257.jpg 768w, https:\/\/snsvietnam.com\/wp-content\/uploads\/2018\/05\/KLU-Series-Union-Straight-1-1024x342.jpg 1024w, https:\/\/snsvietnam.com\/wp-content\/uploads\/2018\/05\/KLU-Series-Union-Straight-1-260x87.jpg 260w, https:\/\/snsvietnam.com\/wp-content\/uploads\/2018\/05\/KLU-Series-Union-Straight-1-50x17.jpg 50w, https:\/\/snsvietnam.com\/wp-content\/uploads\/2018\/05\/KLU-Series-Union-Straight-1-150x50.jpg 150w, https:\/\/snsvietnam.com\/wp-content\/uploads\/2018\/05\/KLU-Series-Union-Straight-1-600x201.jpg 600w\" sizes=\"(max-width: 1080px) 100vw, 1080px\" \/><\/p>","protected":false},"excerpt":{"rendered":"<p><img decoding=\"async\" class=\"alignnone size-full wp-image-1521\" src=\"https:\/\/snsvietnam.com\/wp-content\/uploads\/2018\/05\/KLU-Series-Union-Straight.jpg\" alt=\"\" width=\"480\" height=\"139\" srcset=\"https:\/\/snsvietnam.com\/wp-content\/uploads\/2018\/05\/KLU-Series-Union-Straight.jpg 480w, https:\/\/snsvietnam.com\/wp-content\/uploads\/2018\/05\/KLU-Series-Union-Straight-300x87.jpg 300w, https:\/\/snsvietnam.com\/wp-content\/uploads\/2018\/05\/KLU-Series-Union-Straight-260x75.jpg 260w, https:\/\/snsvietnam.com\/wp-content\/uploads\/2018\/05\/KLU-Series-Union-Straight-50x14.jpg 50w, https:\/\/snsvietnam.com\/wp-content\/uploads\/2018\/05\/KLU-Series-Union-Straight-150x43.jpg 150w\" sizes=\"(max-width: 480px) 100vw, 480px\" \/><\/p>\n","protected":false},"featured_media":1522,"comment_status":"open","ping_status":"closed","template":"","meta":[],"product_brand":[],"product_cat":[20],"product_tag":[65,82,66,39,50,51,47,49],"class_list":{"0":"post-1519","1":"product","2":"type-product","3":"status-publish","4":"has-post-thumbnail","6":"product_cat-phu-kien-khi-nen-sns","7":"product_tag-co-noi","8":"product_tag-co-noi-ren-thang-sns","9":"product_tag-co-noi-sns","10":"product_tag-khi-nen","11":"product_tag-phu-kien-khi-nen","12":"product_tag-phu-kien-khi-nen-sns","13":"product_tag-thiet-bi-khi-nen","14":"product_tag-thiet-bi-khi-nen-sns","16":"first","17":"instock","18":"shipping-taxable","19":"purchasable","20":"product-type-simple"},"yoast_head":"<!-- This site is optimized with the Yoast SEO plugin v27.5 - https:\/\/yoast.com\/product\/yoast-seo-wordpress\/ -->\n<title>(Ti\u1ebfng Vi\u1ec7t) CO N\u1ed0I REN TH\u1eb2NG SNS KLU SERIES<\/title>\n<meta name=\"description\" content=\"(Ti\u1ebfng Vi\u1ec7t) thi\u1ebft b\u1ecb kh\u00ed n\u00e9n, thi\u1ebft b\u1ecb kh\u00ed n\u00e9n sns, kh\u00ed n\u00e9n, co n\u1ed1i, co n\u1ed1i sns, ph\u1ee5 ki\u1ec7n kh\u00ed n\u00e9n, ph\u1ee5 ki\u1ec7n kh\u00ed n\u00e9n sns, co n\u1ed1i ren th\u1eb3ng sns\" \/>\n<meta name=\"robots\" content=\"index, follow, max-snippet:-1, max-image-preview:large, max-video-preview:-1\" \/>\n<link rel=\"canonical\" href=\"https:\/\/snsvietnam.com\/en\/san-pham\/co-noi-ren-thang-sns-klu-series\/\" \/>\n<script type=\"application\/ld+json\" class=\"yoast-schema-graph\">{\"@context\":\"https:\\\/\\\/schema.org\",\"@graph\":[{\"@type\":\"WebPage\",\"@id\":\"https:\\\/\\\/snsvietnam.com\\\/en\\\/san-pham\\\/co-noi-ren-thang-sns-klu-series\\\/\",\"url\":\"https:\\\/\\\/snsvietnam.com\\\/en\\\/san-pham\\\/co-noi-ren-thang-sns-klu-series\\\/\",\"name\":\"(Ti\u1ebfng Vi\u1ec7t) CO N\u1ed0I REN TH\u1eb2NG SNS KLU SERIES\",\"isPartOf\":{\"@id\":\"https:\\\/\\\/snsvietnam.com\\\/#website\"},\"primaryImageOfPage\":{\"@id\":\"https:\\\/\\\/snsvietnam.com\\\/en\\\/san-pham\\\/co-noi-ren-thang-sns-klu-series\\\/#primaryimage\"},\"image\":{\"@id\":\"https:\\\/\\\/snsvietnam.com\\\/en\\\/san-pham\\\/co-noi-ren-thang-sns-klu-series\\\/#primaryimage\"},\"thumbnailUrl\":\"https:\\\/\\\/snsvietnam.com\\\/wp-content\\\/uploads\\\/2018\\\/05\\\/KLU-Series-Union-Straight-2.jpg\",\"datePublished\":\"2018-05-28T04:10:31+00:00\",\"dateModified\":\"2018-10-06T08:41:52+00:00\",\"description\":\"(Ti\u1ebfng Vi\u1ec7t) thi\u1ebft b\u1ecb kh\u00ed n\u00e9n, thi\u1ebft b\u1ecb kh\u00ed n\u00e9n sns, kh\u00ed n\u00e9n, co n\u1ed1i, co n\u1ed1i sns, ph\u1ee5 ki\u1ec7n kh\u00ed n\u00e9n, ph\u1ee5 ki\u1ec7n kh\u00ed n\u00e9n sns, co n\u1ed1i ren th\u1eb3ng sns\",\"breadcrumb\":{\"@id\":\"https:\\\/\\\/snsvietnam.com\\\/en\\\/san-pham\\\/co-noi-ren-thang-sns-klu-series\\\/#breadcrumb\"},\"inLanguage\":\"en-US\",\"potentialAction\":[{\"@type\":\"ReadAction\",\"target\":[\"https:\\\/\\\/snsvietnam.com\\\/en\\\/san-pham\\\/co-noi-ren-thang-sns-klu-series\\\/\"]}]},{\"@type\":\"ImageObject\",\"inLanguage\":\"en-US\",\"@id\":\"https:\\\/\\\/snsvietnam.com\\\/en\\\/san-pham\\\/co-noi-ren-thang-sns-klu-series\\\/#primaryimage\",\"url\":\"https:\\\/\\\/snsvietnam.com\\\/wp-content\\\/uploads\\\/2018\\\/05\\\/KLU-Series-Union-Straight-2.jpg\",\"contentUrl\":\"https:\\\/\\\/snsvietnam.com\\\/wp-content\\\/uploads\\\/2018\\\/05\\\/KLU-Series-Union-Straight-2.jpg\",\"width\":500,\"height\":500},{\"@type\":\"BreadcrumbList\",\"@id\":\"https:\\\/\\\/snsvietnam.com\\\/en\\\/san-pham\\\/co-noi-ren-thang-sns-klu-series\\\/#breadcrumb\",\"itemListElement\":[{\"@type\":\"ListItem\",\"position\":1,\"name\":\"Home\",\"item\":\"https:\\\/\\\/snsvietnam.com\\\/\"},{\"@type\":\"ListItem\",\"position\":2,\"name\":\"C\u1eeda h\u00e0ng\",\"item\":\"https:\\\/\\\/snsvietnam.com\\\/cua-hang-thiet-bi-sns\\\/\"},{\"@type\":\"ListItem\",\"position\":3,\"name\":\"KLU SERIES-UNION STRAIGHT\"}]},{\"@type\":\"WebSite\",\"@id\":\"https:\\\/\\\/snsvietnam.com\\\/#website\",\"url\":\"https:\\\/\\\/snsvietnam.com\\\/\",\"name\":\"Thi\u1ebft b\u1ecb kh\u00ed n\u00e9n\",\"description\":\"SNS\",\"publisher\":{\"@id\":\"https:\\\/\\\/snsvietnam.com\\\/#organization\"},\"potentialAction\":[{\"@type\":\"SearchAction\",\"target\":{\"@type\":\"EntryPoint\",\"urlTemplate\":\"https:\\\/\\\/snsvietnam.com\\\/?s={search_term_string}\"},\"query-input\":{\"@type\":\"PropertyValueSpecification\",\"valueRequired\":true,\"valueName\":\"search_term_string\"}}],\"inLanguage\":\"en-US\"},{\"@type\":\"Organization\",\"@id\":\"https:\\\/\\\/snsvietnam.com\\\/#organization\",\"name\":\"Cty Thi\u1ebft B\u1ecb Kh\u00ed N\u00e9n SNS Vi\u1ec7t Nam\",\"url\":\"https:\\\/\\\/snsvietnam.com\\\/\",\"logo\":{\"@type\":\"ImageObject\",\"inLanguage\":\"en-US\",\"@id\":\"https:\\\/\\\/snsvietnam.com\\\/#\\\/schema\\\/logo\\\/image\\\/\",\"url\":\"https:\\\/\\\/snsvietnam.com\\\/wp-content\\\/uploads\\\/2018\\\/05\\\/logo.png\",\"contentUrl\":\"https:\\\/\\\/snsvietnam.com\\\/wp-content\\\/uploads\\\/2018\\\/05\\\/logo.png\",\"width\":320,\"height\":41,\"caption\":\"Cty Thi\u1ebft B\u1ecb Kh\u00ed N\u00e9n SNS Vi\u1ec7t Nam\"},\"image\":{\"@id\":\"https:\\\/\\\/snsvietnam.com\\\/#\\\/schema\\\/logo\\\/image\\\/\"}}]}<\/script>\n<!-- \/ Yoast SEO plugin. -->","yoast_head_json":{"title":"(Ti\u1ebfng Vi\u1ec7t) CO N\u1ed0I REN TH\u1eb2NG SNS KLU SERIES","description":"(Ti\u1ebfng Vi\u1ec7t) thi\u1ebft b\u1ecb kh\u00ed n\u00e9n, thi\u1ebft b\u1ecb kh\u00ed n\u00e9n sns, kh\u00ed n\u00e9n, co n\u1ed1i, co n\u1ed1i sns, ph\u1ee5 ki\u1ec7n kh\u00ed n\u00e9n, ph\u1ee5 ki\u1ec7n kh\u00ed n\u00e9n sns, co n\u1ed1i ren th\u1eb3ng sns","robots":{"index":"index","follow":"follow","max-snippet":"max-snippet:-1","max-image-preview":"max-image-preview:large","max-video-preview":"max-video-preview:-1"},"canonical":"https:\/\/snsvietnam.com\/en\/san-pham\/co-noi-ren-thang-sns-klu-series\/","schema":{"@context":"https:\/\/schema.org","@graph":[{"@type":"WebPage","@id":"https:\/\/snsvietnam.com\/en\/san-pham\/co-noi-ren-thang-sns-klu-series\/","url":"https:\/\/snsvietnam.com\/en\/san-pham\/co-noi-ren-thang-sns-klu-series\/","name":"(Ti\u1ebfng Vi\u1ec7t) CO N\u1ed0I REN TH\u1eb2NG SNS KLU SERIES","isPartOf":{"@id":"https:\/\/snsvietnam.com\/#website"},"primaryImageOfPage":{"@id":"https:\/\/snsvietnam.com\/en\/san-pham\/co-noi-ren-thang-sns-klu-series\/#primaryimage"},"image":{"@id":"https:\/\/snsvietnam.com\/en\/san-pham\/co-noi-ren-thang-sns-klu-series\/#primaryimage"},"thumbnailUrl":"https:\/\/snsvietnam.com\/wp-content\/uploads\/2018\/05\/KLU-Series-Union-Straight-2.jpg","datePublished":"2018-05-28T04:10:31+00:00","dateModified":"2018-10-06T08:41:52+00:00","description":"(Ti\u1ebfng Vi\u1ec7t) thi\u1ebft b\u1ecb kh\u00ed n\u00e9n, thi\u1ebft b\u1ecb kh\u00ed n\u00e9n sns, kh\u00ed n\u00e9n, co n\u1ed1i, co n\u1ed1i sns, ph\u1ee5 ki\u1ec7n kh\u00ed n\u00e9n, ph\u1ee5 ki\u1ec7n kh\u00ed n\u00e9n sns, co n\u1ed1i ren th\u1eb3ng sns","breadcrumb":{"@id":"https:\/\/snsvietnam.com\/en\/san-pham\/co-noi-ren-thang-sns-klu-series\/#breadcrumb"},"inLanguage":"en-US","potentialAction":[{"@type":"ReadAction","target":["https:\/\/snsvietnam.com\/en\/san-pham\/co-noi-ren-thang-sns-klu-series\/"]}]},{"@type":"ImageObject","inLanguage":"en-US","@id":"https:\/\/snsvietnam.com\/en\/san-pham\/co-noi-ren-thang-sns-klu-series\/#primaryimage","url":"https:\/\/snsvietnam.com\/wp-content\/uploads\/2018\/05\/KLU-Series-Union-Straight-2.jpg","contentUrl":"https:\/\/snsvietnam.com\/wp-content\/uploads\/2018\/05\/KLU-Series-Union-Straight-2.jpg","width":500,"height":500},{"@type":"BreadcrumbList","@id":"https:\/\/snsvietnam.com\/en\/san-pham\/co-noi-ren-thang-sns-klu-series\/#breadcrumb","itemListElement":[{"@type":"ListItem","position":1,"name":"Home","item":"https:\/\/snsvietnam.com\/"},{"@type":"ListItem","position":2,"name":"C\u1eeda h\u00e0ng","item":"https:\/\/snsvietnam.com\/cua-hang-thiet-bi-sns\/"},{"@type":"ListItem","position":3,"name":"KLU SERIES-UNION STRAIGHT"}]},{"@type":"WebSite","@id":"https:\/\/snsvietnam.com\/#website","url":"https:\/\/snsvietnam.com\/","name":"Thi\u1ebft b\u1ecb kh\u00ed n\u00e9n","description":"SNS","publisher":{"@id":"https:\/\/snsvietnam.com\/#organization"},"potentialAction":[{"@type":"SearchAction","target":{"@type":"EntryPoint","urlTemplate":"https:\/\/snsvietnam.com\/?s={search_term_string}"},"query-input":{"@type":"PropertyValueSpecification","valueRequired":true,"valueName":"search_term_string"}}],"inLanguage":"en-US"},{"@type":"Organization","@id":"https:\/\/snsvietnam.com\/#organization","name":"Cty Thi\u1ebft B\u1ecb Kh\u00ed N\u00e9n SNS Vi\u1ec7t Nam","url":"https:\/\/snsvietnam.com\/","logo":{"@type":"ImageObject","inLanguage":"en-US","@id":"https:\/\/snsvietnam.com\/#\/schema\/logo\/image\/","url":"https:\/\/snsvietnam.com\/wp-content\/uploads\/2018\/05\/logo.png","contentUrl":"https:\/\/snsvietnam.com\/wp-content\/uploads\/2018\/05\/logo.png","width":320,"height":41,"caption":"Cty Thi\u1ebft B\u1ecb Kh\u00ed N\u00e9n SNS Vi\u1ec7t Nam"},"image":{"@id":"https:\/\/snsvietnam.com\/#\/schema\/logo\/image\/"}}]}},"_links":{"self":[{"href":"https:\/\/snsvietnam.com\/en\/wp-json\/wp\/v2\/product\/1519","targetHints":{"allow":["GET"]}}],"collection":[{"href":"https:\/\/snsvietnam.com\/en\/wp-json\/wp\/v2\/product"}],"about":[{"href":"https:\/\/snsvietnam.com\/en\/wp-json\/wp\/v2\/types\/product"}],"replies":[{"embeddable":true,"href":"https:\/\/snsvietnam.com\/en\/wp-json\/wp\/v2\/comments?post=1519"}],"wp:featuredmedia":[{"embeddable":true,"href":"https:\/\/snsvietnam.com\/en\/wp-json\/wp\/v2\/media\/1522"}],"wp:attachment":[{"href":"https:\/\/snsvietnam.com\/en\/wp-json\/wp\/v2\/media?parent=1519"}],"wp:term":[{"taxonomy":"product_brand","embeddable":true,"href":"https:\/\/snsvietnam.com\/en\/wp-json\/wp\/v2\/product_brand?post=1519"},{"taxonomy":"product_cat","embeddable":true,"href":"https:\/\/snsvietnam.com\/en\/wp-json\/wp\/v2\/product_cat?post=1519"},{"taxonomy":"product_tag","embeddable":true,"href":"https:\/\/snsvietnam.com\/en\/wp-json\/wp\/v2\/product_tag?post=1519"}],"curies":[{"name":"wp","href":"https:\/\/api.w.org\/{rel}","templated":true}]}}