{"id":1481,"date":"2018-05-28T10:53:40","date_gmt":"2018-05-28T03:53:40","guid":{"rendered":"https:\/\/snsvietnam.com\/?post_type=product&#038;p=1481"},"modified":"2019-02-12T15:34:32","modified_gmt":"2019-02-12T08:34:32","slug":"co-noi-sns-kq2u-series","status":"publish","type":"product","link":"https:\/\/snsvietnam.com\/en\/san-pham\/co-noi-sns-kq2u-series\/","title":{"rendered":"KQ2U SERIES-DIFFERENT DIAMETER STRAIGHT"},"content":{"rendered":"<p><img decoding=\"async\" src=\"https:\/\/snsvietnam.com\/wp-content\/uploads\/2018\/05\/KQ2U-a2.jpg\" alt=\"\" width=\"1440\" height=\"154\" class=\"alignnone size-full wp-image-1484\" srcset=\"https:\/\/snsvietnam.com\/wp-content\/uploads\/2018\/05\/KQ2U-a2.jpg 1440w, https:\/\/snsvietnam.com\/wp-content\/uploads\/2018\/05\/KQ2U-a2-300x32.jpg 300w, https:\/\/snsvietnam.com\/wp-content\/uploads\/2018\/05\/KQ2U-a2-768x82.jpg 768w, https:\/\/snsvietnam.com\/wp-content\/uploads\/2018\/05\/KQ2U-a2-1024x110.jpg 1024w, https:\/\/snsvietnam.com\/wp-content\/uploads\/2018\/05\/KQ2U-a2-260x28.jpg 260w, https:\/\/snsvietnam.com\/wp-content\/uploads\/2018\/05\/KQ2U-a2-50x5.jpg 50w, https:\/\/snsvietnam.com\/wp-content\/uploads\/2018\/05\/KQ2U-a2-150x16.jpg 150w, https:\/\/snsvietnam.com\/wp-content\/uploads\/2018\/05\/KQ2U-a2-600x64.jpg 600w\" sizes=\"(max-width: 1440px) 100vw, 1440px\" \/><\/p>","protected":false},"excerpt":{"rendered":"<p><img loading=\"lazy\" decoding=\"async\" src=\"https:\/\/snsvietnam.com\/wp-content\/uploads\/2018\/05\/KQ2U-a1.jpg\" alt=\"\" width=\"480\" height=\"106\" class=\"alignnone size-full wp-image-1482\" srcset=\"https:\/\/snsvietnam.com\/wp-content\/uploads\/2018\/05\/KQ2U-a1.jpg 480w, https:\/\/snsvietnam.com\/wp-content\/uploads\/2018\/05\/KQ2U-a1-300x66.jpg 300w, https:\/\/snsvietnam.com\/wp-content\/uploads\/2018\/05\/KQ2U-a1-260x57.jpg 260w, https:\/\/snsvietnam.com\/wp-content\/uploads\/2018\/05\/KQ2U-a1-50x11.jpg 50w, https:\/\/snsvietnam.com\/wp-content\/uploads\/2018\/05\/KQ2U-a1-150x33.jpg 150w\" sizes=\"(max-width: 480px) 100vw, 480px\" \/><\/p>\n","protected":false},"featured_media":1483,"comment_status":"open","ping_status":"closed","template":"","meta":[],"product_brand":[],"product_cat":[20],"product_tag":[65,66,39,50,51,47,49],"class_list":{"0":"post-1481","1":"product","2":"type-product","3":"status-publish","4":"has-post-thumbnail","6":"product_cat-phu-kien-khi-nen-sns","7":"product_tag-co-noi","8":"product_tag-co-noi-sns","9":"product_tag-khi-nen","10":"product_tag-phu-kien-khi-nen","11":"product_tag-phu-kien-khi-nen-sns","12":"product_tag-thiet-bi-khi-nen","13":"product_tag-thiet-bi-khi-nen-sns","15":"first","16":"instock","17":"shipping-taxable","18":"purchasable","19":"product-type-simple"},"yoast_head":"<!-- This site is optimized with the Yoast SEO plugin v27.4 - https:\/\/yoast.com\/product\/yoast-seo-wordpress\/ -->\n<title>CO N\u1ed0I SNS KQ2U SERIES<\/title>\n<meta name=\"description\" content=\"thi\u1ebft b\u1ecb kh\u00ed n\u00e9n, thi\u1ebft b\u1ecb kh\u00ed n\u00e9n sns, kh\u00ed n\u00e9n, co n\u1ed1i, co n\u1ed1i sns, ph\u1ee5 ki\u1ec7n kh\u00ed n\u00e9n, ph\u1ee5 ki\u1ec7n kh\u00ed n\u00e9n sns\" \/>\n<meta name=\"robots\" content=\"index, follow, max-snippet:-1, max-image-preview:large, max-video-preview:-1\" \/>\n<link rel=\"canonical\" href=\"https:\/\/snsvietnam.com\/san-pham\/co-noi-sns-kq2u-series\/\" \/>\n<script type=\"application\/ld+json\" class=\"yoast-schema-graph\">{\"@context\":\"https:\\\/\\\/schema.org\",\"@graph\":[{\"@type\":\"WebPage\",\"@id\":\"https:\\\/\\\/snsvietnam.com\\\/san-pham\\\/co-noi-sns-kq2u-series\\\/\",\"url\":\"https:\\\/\\\/snsvietnam.com\\\/san-pham\\\/co-noi-sns-kq2u-series\\\/\",\"name\":\"CO N\u1ed0I SNS KQ2U SERIES\",\"isPartOf\":{\"@id\":\"https:\\\/\\\/snsvietnam.com\\\/#website\"},\"primaryImageOfPage\":{\"@id\":\"https:\\\/\\\/snsvietnam.com\\\/san-pham\\\/co-noi-sns-kq2u-series\\\/#primaryimage\"},\"image\":{\"@id\":\"https:\\\/\\\/snsvietnam.com\\\/san-pham\\\/co-noi-sns-kq2u-series\\\/#primaryimage\"},\"thumbnailUrl\":\"https:\\\/\\\/snsvietnam.com\\\/wp-content\\\/uploads\\\/2018\\\/05\\\/KQ2U-Series-Different-Diameter-Straight.jpg\",\"datePublished\":\"2018-05-28T03:53:40+00:00\",\"dateModified\":\"2019-02-12T08:34:32+00:00\",\"description\":\"thi\u1ebft b\u1ecb kh\u00ed n\u00e9n, thi\u1ebft b\u1ecb kh\u00ed n\u00e9n sns, kh\u00ed n\u00e9n, co n\u1ed1i, co n\u1ed1i sns, ph\u1ee5 ki\u1ec7n kh\u00ed n\u00e9n, ph\u1ee5 ki\u1ec7n kh\u00ed n\u00e9n sns\",\"breadcrumb\":{\"@id\":\"https:\\\/\\\/snsvietnam.com\\\/san-pham\\\/co-noi-sns-kq2u-series\\\/#breadcrumb\"},\"inLanguage\":\"en-US\",\"potentialAction\":[{\"@type\":\"ReadAction\",\"target\":[\"https:\\\/\\\/snsvietnam.com\\\/san-pham\\\/co-noi-sns-kq2u-series\\\/\"]}]},{\"@type\":\"ImageObject\",\"inLanguage\":\"en-US\",\"@id\":\"https:\\\/\\\/snsvietnam.com\\\/san-pham\\\/co-noi-sns-kq2u-series\\\/#primaryimage\",\"url\":\"https:\\\/\\\/snsvietnam.com\\\/wp-content\\\/uploads\\\/2018\\\/05\\\/KQ2U-Series-Different-Diameter-Straight.jpg\",\"contentUrl\":\"https:\\\/\\\/snsvietnam.com\\\/wp-content\\\/uploads\\\/2018\\\/05\\\/KQ2U-Series-Different-Diameter-Straight.jpg\",\"width\":500,\"height\":500},{\"@type\":\"BreadcrumbList\",\"@id\":\"https:\\\/\\\/snsvietnam.com\\\/san-pham\\\/co-noi-sns-kq2u-series\\\/#breadcrumb\",\"itemListElement\":[{\"@type\":\"ListItem\",\"position\":1,\"name\":\"Home\",\"item\":\"https:\\\/\\\/snsvietnam.com\\\/\"},{\"@type\":\"ListItem\",\"position\":2,\"name\":\"C\u1eeda h\u00e0ng\",\"item\":\"https:\\\/\\\/snsvietnam.com\\\/cua-hang-thiet-bi-sns\\\/\"},{\"@type\":\"ListItem\",\"position\":3,\"name\":\"00A6-CO N\u1ed0I SNS KQ2U SERIES\"}]},{\"@type\":\"WebSite\",\"@id\":\"https:\\\/\\\/snsvietnam.com\\\/#website\",\"url\":\"https:\\\/\\\/snsvietnam.com\\\/\",\"name\":\"Thi\u1ebft b\u1ecb kh\u00ed n\u00e9n\",\"description\":\"SNS\",\"publisher\":{\"@id\":\"https:\\\/\\\/snsvietnam.com\\\/#organization\"},\"potentialAction\":[{\"@type\":\"SearchAction\",\"target\":{\"@type\":\"EntryPoint\",\"urlTemplate\":\"https:\\\/\\\/snsvietnam.com\\\/?s={search_term_string}\"},\"query-input\":{\"@type\":\"PropertyValueSpecification\",\"valueRequired\":true,\"valueName\":\"search_term_string\"}}],\"inLanguage\":\"en-US\"},{\"@type\":\"Organization\",\"@id\":\"https:\\\/\\\/snsvietnam.com\\\/#organization\",\"name\":\"Cty Thi\u1ebft B\u1ecb Kh\u00ed N\u00e9n SNS Vi\u1ec7t Nam\",\"url\":\"https:\\\/\\\/snsvietnam.com\\\/\",\"logo\":{\"@type\":\"ImageObject\",\"inLanguage\":\"en-US\",\"@id\":\"https:\\\/\\\/snsvietnam.com\\\/#\\\/schema\\\/logo\\\/image\\\/\",\"url\":\"https:\\\/\\\/snsvietnam.com\\\/wp-content\\\/uploads\\\/2018\\\/05\\\/logo.png\",\"contentUrl\":\"https:\\\/\\\/snsvietnam.com\\\/wp-content\\\/uploads\\\/2018\\\/05\\\/logo.png\",\"width\":320,\"height\":41,\"caption\":\"Cty Thi\u1ebft B\u1ecb Kh\u00ed N\u00e9n SNS Vi\u1ec7t Nam\"},\"image\":{\"@id\":\"https:\\\/\\\/snsvietnam.com\\\/#\\\/schema\\\/logo\\\/image\\\/\"}}]}<\/script>\n<!-- \/ Yoast SEO plugin. -->","yoast_head_json":{"title":"CO N\u1ed0I SNS KQ2U SERIES","description":"thi\u1ebft b\u1ecb kh\u00ed n\u00e9n, thi\u1ebft b\u1ecb kh\u00ed n\u00e9n sns, kh\u00ed n\u00e9n, co n\u1ed1i, co n\u1ed1i sns, ph\u1ee5 ki\u1ec7n kh\u00ed n\u00e9n, ph\u1ee5 ki\u1ec7n kh\u00ed n\u00e9n sns","robots":{"index":"index","follow":"follow","max-snippet":"max-snippet:-1","max-image-preview":"max-image-preview:large","max-video-preview":"max-video-preview:-1"},"canonical":"https:\/\/snsvietnam.com\/san-pham\/co-noi-sns-kq2u-series\/","schema":{"@context":"https:\/\/schema.org","@graph":[{"@type":"WebPage","@id":"https:\/\/snsvietnam.com\/san-pham\/co-noi-sns-kq2u-series\/","url":"https:\/\/snsvietnam.com\/san-pham\/co-noi-sns-kq2u-series\/","name":"CO N\u1ed0I SNS KQ2U SERIES","isPartOf":{"@id":"https:\/\/snsvietnam.com\/#website"},"primaryImageOfPage":{"@id":"https:\/\/snsvietnam.com\/san-pham\/co-noi-sns-kq2u-series\/#primaryimage"},"image":{"@id":"https:\/\/snsvietnam.com\/san-pham\/co-noi-sns-kq2u-series\/#primaryimage"},"thumbnailUrl":"https:\/\/snsvietnam.com\/wp-content\/uploads\/2018\/05\/KQ2U-Series-Different-Diameter-Straight.jpg","datePublished":"2018-05-28T03:53:40+00:00","dateModified":"2019-02-12T08:34:32+00:00","description":"thi\u1ebft b\u1ecb kh\u00ed n\u00e9n, thi\u1ebft b\u1ecb kh\u00ed n\u00e9n sns, kh\u00ed n\u00e9n, co n\u1ed1i, co n\u1ed1i sns, ph\u1ee5 ki\u1ec7n kh\u00ed n\u00e9n, ph\u1ee5 ki\u1ec7n kh\u00ed n\u00e9n sns","breadcrumb":{"@id":"https:\/\/snsvietnam.com\/san-pham\/co-noi-sns-kq2u-series\/#breadcrumb"},"inLanguage":"en-US","potentialAction":[{"@type":"ReadAction","target":["https:\/\/snsvietnam.com\/san-pham\/co-noi-sns-kq2u-series\/"]}]},{"@type":"ImageObject","inLanguage":"en-US","@id":"https:\/\/snsvietnam.com\/san-pham\/co-noi-sns-kq2u-series\/#primaryimage","url":"https:\/\/snsvietnam.com\/wp-content\/uploads\/2018\/05\/KQ2U-Series-Different-Diameter-Straight.jpg","contentUrl":"https:\/\/snsvietnam.com\/wp-content\/uploads\/2018\/05\/KQ2U-Series-Different-Diameter-Straight.jpg","width":500,"height":500},{"@type":"BreadcrumbList","@id":"https:\/\/snsvietnam.com\/san-pham\/co-noi-sns-kq2u-series\/#breadcrumb","itemListElement":[{"@type":"ListItem","position":1,"name":"Home","item":"https:\/\/snsvietnam.com\/"},{"@type":"ListItem","position":2,"name":"C\u1eeda h\u00e0ng","item":"https:\/\/snsvietnam.com\/cua-hang-thiet-bi-sns\/"},{"@type":"ListItem","position":3,"name":"00A6-CO N\u1ed0I SNS KQ2U SERIES"}]},{"@type":"WebSite","@id":"https:\/\/snsvietnam.com\/#website","url":"https:\/\/snsvietnam.com\/","name":"Thi\u1ebft b\u1ecb kh\u00ed n\u00e9n","description":"SNS","publisher":{"@id":"https:\/\/snsvietnam.com\/#organization"},"potentialAction":[{"@type":"SearchAction","target":{"@type":"EntryPoint","urlTemplate":"https:\/\/snsvietnam.com\/?s={search_term_string}"},"query-input":{"@type":"PropertyValueSpecification","valueRequired":true,"valueName":"search_term_string"}}],"inLanguage":"en-US"},{"@type":"Organization","@id":"https:\/\/snsvietnam.com\/#organization","name":"Cty Thi\u1ebft B\u1ecb Kh\u00ed N\u00e9n SNS Vi\u1ec7t Nam","url":"https:\/\/snsvietnam.com\/","logo":{"@type":"ImageObject","inLanguage":"en-US","@id":"https:\/\/snsvietnam.com\/#\/schema\/logo\/image\/","url":"https:\/\/snsvietnam.com\/wp-content\/uploads\/2018\/05\/logo.png","contentUrl":"https:\/\/snsvietnam.com\/wp-content\/uploads\/2018\/05\/logo.png","width":320,"height":41,"caption":"Cty Thi\u1ebft B\u1ecb Kh\u00ed N\u00e9n SNS Vi\u1ec7t Nam"},"image":{"@id":"https:\/\/snsvietnam.com\/#\/schema\/logo\/image\/"}}]}},"_links":{"self":[{"href":"https:\/\/snsvietnam.com\/en\/wp-json\/wp\/v2\/product\/1481","targetHints":{"allow":["GET"]}}],"collection":[{"href":"https:\/\/snsvietnam.com\/en\/wp-json\/wp\/v2\/product"}],"about":[{"href":"https:\/\/snsvietnam.com\/en\/wp-json\/wp\/v2\/types\/product"}],"replies":[{"embeddable":true,"href":"https:\/\/snsvietnam.com\/en\/wp-json\/wp\/v2\/comments?post=1481"}],"wp:featuredmedia":[{"embeddable":true,"href":"https:\/\/snsvietnam.com\/en\/wp-json\/wp\/v2\/media\/1483"}],"wp:attachment":[{"href":"https:\/\/snsvietnam.com\/en\/wp-json\/wp\/v2\/media?parent=1481"}],"wp:term":[{"taxonomy":"product_brand","embeddable":true,"href":"https:\/\/snsvietnam.com\/en\/wp-json\/wp\/v2\/product_brand?post=1481"},{"taxonomy":"product_cat","embeddable":true,"href":"https:\/\/snsvietnam.com\/en\/wp-json\/wp\/v2\/product_cat?post=1481"},{"taxonomy":"product_tag","embeddable":true,"href":"https:\/\/snsvietnam.com\/en\/wp-json\/wp\/v2\/product_tag?post=1481"}],"curies":[{"name":"wp","href":"https:\/\/api.w.org\/{rel}","templated":true}]}}