{"id":1469,"date":"2018-05-28T10:45:57","date_gmt":"2018-05-28T03:45:57","guid":{"rendered":"https:\/\/snsvietnam.com\/?post_type=product&#038;p=1469"},"modified":"2018-10-06T16:10:04","modified_gmt":"2018-10-06T09:10:04","slug":"co-noi-vuong-sns-kq2v-series","status":"publish","type":"product","link":"https:\/\/snsvietnam.com\/en\/san-pham\/co-noi-vuong-sns-kq2v-series\/","title":{"rendered":"KQ2V SERIES-UNION ELBOW"},"content":{"rendered":"<p><img decoding=\"async\" src=\"https:\/\/snsvietnam.com\/wp-content\/uploads\/2018\/05\/KQ2V-1.jpg\" alt=\"\" width=\"1440\" height=\"188\" class=\"alignnone size-full wp-image-1470\" srcset=\"https:\/\/snsvietnam.com\/wp-content\/uploads\/2018\/05\/KQ2V-1.jpg 1440w, https:\/\/snsvietnam.com\/wp-content\/uploads\/2018\/05\/KQ2V-1-600x78.jpg 600w, https:\/\/snsvietnam.com\/wp-content\/uploads\/2018\/05\/KQ2V-1-300x39.jpg 300w, https:\/\/snsvietnam.com\/wp-content\/uploads\/2018\/05\/KQ2V-1-768x100.jpg 768w, https:\/\/snsvietnam.com\/wp-content\/uploads\/2018\/05\/KQ2V-1-1024x134.jpg 1024w, https:\/\/snsvietnam.com\/wp-content\/uploads\/2018\/05\/KQ2V-1-260x34.jpg 260w, https:\/\/snsvietnam.com\/wp-content\/uploads\/2018\/05\/KQ2V-1-50x7.jpg 50w, https:\/\/snsvietnam.com\/wp-content\/uploads\/2018\/05\/KQ2V-1-150x20.jpg 150w\" sizes=\"(max-width: 1440px) 100vw, 1440px\" \/><\/p>","protected":false},"excerpt":{"rendered":"<p><img loading=\"lazy\" decoding=\"async\" src=\"https:\/\/snsvietnam.com\/wp-content\/uploads\/2018\/05\/KQ2V.jpg\" alt=\"\" width=\"480\" height=\"204\" class=\"alignnone size-full wp-image-1471\" srcset=\"https:\/\/snsvietnam.com\/wp-content\/uploads\/2018\/05\/KQ2V.jpg 480w, https:\/\/snsvietnam.com\/wp-content\/uploads\/2018\/05\/KQ2V-300x128.jpg 300w, https:\/\/snsvietnam.com\/wp-content\/uploads\/2018\/05\/KQ2V-260x111.jpg 260w, https:\/\/snsvietnam.com\/wp-content\/uploads\/2018\/05\/KQ2V-50x21.jpg 50w, https:\/\/snsvietnam.com\/wp-content\/uploads\/2018\/05\/KQ2V-150x64.jpg 150w\" sizes=\"(max-width: 480px) 100vw, 480px\" \/><\/p>\n","protected":false},"featured_media":1472,"comment_status":"open","ping_status":"closed","template":"","meta":[],"product_brand":[],"product_cat":[20],"product_tag":[65,66,70,39,50,51,47,49],"class_list":{"0":"post-1469","1":"product","2":"type-product","3":"status-publish","4":"has-post-thumbnail","6":"product_cat-phu-kien-khi-nen-sns","7":"product_tag-co-noi","8":"product_tag-co-noi-sns","9":"product_tag-co-noi-vuong-sns","10":"product_tag-khi-nen","11":"product_tag-phu-kien-khi-nen","12":"product_tag-phu-kien-khi-nen-sns","13":"product_tag-thiet-bi-khi-nen","14":"product_tag-thiet-bi-khi-nen-sns","16":"first","17":"instock","18":"shipping-taxable","19":"purchasable","20":"product-type-simple"},"yoast_head":"<!-- This site is optimized with the Yoast SEO plugin v27.4 - https:\/\/yoast.com\/product\/yoast-seo-wordpress\/ -->\n<title>(Ti\u1ebfng Vi\u1ec7t) CO N\u1ed0I VU\u00d4NG SNS KQ2V SERIES<\/title>\n<meta name=\"description\" content=\"(Ti\u1ebfng Vi\u1ec7t) thi\u1ebft b\u1ecb kh\u00ed n\u00e9n, thi\u1ebft b\u1ecb kh\u00ed n\u00e9n sns, kh\u00ed n\u00e9n, co n\u1ed1i, co n\u1ed1i sns, ph\u1ee5 ki\u1ec7n kh\u00ed n\u00e9n, ph\u1ee5 ki\u1ec7n kh\u00ed n\u00e9n sns, co n\u1ed1i vu\u00f4ng sns\" \/>\n<meta name=\"robots\" content=\"index, follow, max-snippet:-1, max-image-preview:large, max-video-preview:-1\" \/>\n<link rel=\"canonical\" href=\"https:\/\/snsvietnam.com\/en\/san-pham\/co-noi-vuong-sns-kq2v-series\/\" \/>\n<script type=\"application\/ld+json\" class=\"yoast-schema-graph\">{\"@context\":\"https:\\\/\\\/schema.org\",\"@graph\":[{\"@type\":\"WebPage\",\"@id\":\"https:\\\/\\\/snsvietnam.com\\\/en\\\/san-pham\\\/co-noi-vuong-sns-kq2v-series\\\/\",\"url\":\"https:\\\/\\\/snsvietnam.com\\\/en\\\/san-pham\\\/co-noi-vuong-sns-kq2v-series\\\/\",\"name\":\"(Ti\u1ebfng Vi\u1ec7t) CO N\u1ed0I VU\u00d4NG SNS KQ2V SERIES\",\"isPartOf\":{\"@id\":\"https:\\\/\\\/snsvietnam.com\\\/#website\"},\"primaryImageOfPage\":{\"@id\":\"https:\\\/\\\/snsvietnam.com\\\/en\\\/san-pham\\\/co-noi-vuong-sns-kq2v-series\\\/#primaryimage\"},\"image\":{\"@id\":\"https:\\\/\\\/snsvietnam.com\\\/en\\\/san-pham\\\/co-noi-vuong-sns-kq2v-series\\\/#primaryimage\"},\"thumbnailUrl\":\"https:\\\/\\\/snsvietnam.com\\\/wp-content\\\/uploads\\\/2018\\\/05\\\/KQ2V-Series-Union-Elbow.jpg\",\"datePublished\":\"2018-05-28T03:45:57+00:00\",\"dateModified\":\"2018-10-06T09:10:04+00:00\",\"description\":\"(Ti\u1ebfng Vi\u1ec7t) thi\u1ebft b\u1ecb kh\u00ed n\u00e9n, thi\u1ebft b\u1ecb kh\u00ed n\u00e9n sns, kh\u00ed n\u00e9n, co n\u1ed1i, co n\u1ed1i sns, ph\u1ee5 ki\u1ec7n kh\u00ed n\u00e9n, ph\u1ee5 ki\u1ec7n kh\u00ed n\u00e9n sns, co n\u1ed1i vu\u00f4ng sns\",\"breadcrumb\":{\"@id\":\"https:\\\/\\\/snsvietnam.com\\\/en\\\/san-pham\\\/co-noi-vuong-sns-kq2v-series\\\/#breadcrumb\"},\"inLanguage\":\"en-US\",\"potentialAction\":[{\"@type\":\"ReadAction\",\"target\":[\"https:\\\/\\\/snsvietnam.com\\\/en\\\/san-pham\\\/co-noi-vuong-sns-kq2v-series\\\/\"]}]},{\"@type\":\"ImageObject\",\"inLanguage\":\"en-US\",\"@id\":\"https:\\\/\\\/snsvietnam.com\\\/en\\\/san-pham\\\/co-noi-vuong-sns-kq2v-series\\\/#primaryimage\",\"url\":\"https:\\\/\\\/snsvietnam.com\\\/wp-content\\\/uploads\\\/2018\\\/05\\\/KQ2V-Series-Union-Elbow.jpg\",\"contentUrl\":\"https:\\\/\\\/snsvietnam.com\\\/wp-content\\\/uploads\\\/2018\\\/05\\\/KQ2V-Series-Union-Elbow.jpg\",\"width\":500,\"height\":500},{\"@type\":\"BreadcrumbList\",\"@id\":\"https:\\\/\\\/snsvietnam.com\\\/en\\\/san-pham\\\/co-noi-vuong-sns-kq2v-series\\\/#breadcrumb\",\"itemListElement\":[{\"@type\":\"ListItem\",\"position\":1,\"name\":\"Home\",\"item\":\"https:\\\/\\\/snsvietnam.com\\\/\"},{\"@type\":\"ListItem\",\"position\":2,\"name\":\"C\u1eeda h\u00e0ng\",\"item\":\"https:\\\/\\\/snsvietnam.com\\\/cua-hang-thiet-bi-sns\\\/\"},{\"@type\":\"ListItem\",\"position\":3,\"name\":\"KQ2V SERIES-UNION ELBOW\"}]},{\"@type\":\"WebSite\",\"@id\":\"https:\\\/\\\/snsvietnam.com\\\/#website\",\"url\":\"https:\\\/\\\/snsvietnam.com\\\/\",\"name\":\"Thi\u1ebft b\u1ecb kh\u00ed n\u00e9n\",\"description\":\"SNS\",\"publisher\":{\"@id\":\"https:\\\/\\\/snsvietnam.com\\\/#organization\"},\"potentialAction\":[{\"@type\":\"SearchAction\",\"target\":{\"@type\":\"EntryPoint\",\"urlTemplate\":\"https:\\\/\\\/snsvietnam.com\\\/?s={search_term_string}\"},\"query-input\":{\"@type\":\"PropertyValueSpecification\",\"valueRequired\":true,\"valueName\":\"search_term_string\"}}],\"inLanguage\":\"en-US\"},{\"@type\":\"Organization\",\"@id\":\"https:\\\/\\\/snsvietnam.com\\\/#organization\",\"name\":\"Cty Thi\u1ebft B\u1ecb Kh\u00ed N\u00e9n SNS Vi\u1ec7t Nam\",\"url\":\"https:\\\/\\\/snsvietnam.com\\\/\",\"logo\":{\"@type\":\"ImageObject\",\"inLanguage\":\"en-US\",\"@id\":\"https:\\\/\\\/snsvietnam.com\\\/#\\\/schema\\\/logo\\\/image\\\/\",\"url\":\"https:\\\/\\\/snsvietnam.com\\\/wp-content\\\/uploads\\\/2018\\\/05\\\/logo.png\",\"contentUrl\":\"https:\\\/\\\/snsvietnam.com\\\/wp-content\\\/uploads\\\/2018\\\/05\\\/logo.png\",\"width\":320,\"height\":41,\"caption\":\"Cty Thi\u1ebft B\u1ecb Kh\u00ed N\u00e9n SNS Vi\u1ec7t Nam\"},\"image\":{\"@id\":\"https:\\\/\\\/snsvietnam.com\\\/#\\\/schema\\\/logo\\\/image\\\/\"}}]}<\/script>\n<!-- \/ Yoast SEO plugin. -->","yoast_head_json":{"title":"(Ti\u1ebfng Vi\u1ec7t) CO N\u1ed0I VU\u00d4NG SNS KQ2V SERIES","description":"(Ti\u1ebfng Vi\u1ec7t) thi\u1ebft b\u1ecb kh\u00ed n\u00e9n, thi\u1ebft b\u1ecb kh\u00ed n\u00e9n sns, kh\u00ed n\u00e9n, co n\u1ed1i, co n\u1ed1i sns, ph\u1ee5 ki\u1ec7n kh\u00ed n\u00e9n, ph\u1ee5 ki\u1ec7n kh\u00ed n\u00e9n sns, co n\u1ed1i vu\u00f4ng sns","robots":{"index":"index","follow":"follow","max-snippet":"max-snippet:-1","max-image-preview":"max-image-preview:large","max-video-preview":"max-video-preview:-1"},"canonical":"https:\/\/snsvietnam.com\/en\/san-pham\/co-noi-vuong-sns-kq2v-series\/","schema":{"@context":"https:\/\/schema.org","@graph":[{"@type":"WebPage","@id":"https:\/\/snsvietnam.com\/en\/san-pham\/co-noi-vuong-sns-kq2v-series\/","url":"https:\/\/snsvietnam.com\/en\/san-pham\/co-noi-vuong-sns-kq2v-series\/","name":"(Ti\u1ebfng Vi\u1ec7t) CO N\u1ed0I VU\u00d4NG SNS KQ2V SERIES","isPartOf":{"@id":"https:\/\/snsvietnam.com\/#website"},"primaryImageOfPage":{"@id":"https:\/\/snsvietnam.com\/en\/san-pham\/co-noi-vuong-sns-kq2v-series\/#primaryimage"},"image":{"@id":"https:\/\/snsvietnam.com\/en\/san-pham\/co-noi-vuong-sns-kq2v-series\/#primaryimage"},"thumbnailUrl":"https:\/\/snsvietnam.com\/wp-content\/uploads\/2018\/05\/KQ2V-Series-Union-Elbow.jpg","datePublished":"2018-05-28T03:45:57+00:00","dateModified":"2018-10-06T09:10:04+00:00","description":"(Ti\u1ebfng Vi\u1ec7t) thi\u1ebft b\u1ecb kh\u00ed n\u00e9n, thi\u1ebft b\u1ecb kh\u00ed n\u00e9n sns, kh\u00ed n\u00e9n, co n\u1ed1i, co n\u1ed1i sns, ph\u1ee5 ki\u1ec7n kh\u00ed n\u00e9n, ph\u1ee5 ki\u1ec7n kh\u00ed n\u00e9n sns, co n\u1ed1i vu\u00f4ng sns","breadcrumb":{"@id":"https:\/\/snsvietnam.com\/en\/san-pham\/co-noi-vuong-sns-kq2v-series\/#breadcrumb"},"inLanguage":"en-US","potentialAction":[{"@type":"ReadAction","target":["https:\/\/snsvietnam.com\/en\/san-pham\/co-noi-vuong-sns-kq2v-series\/"]}]},{"@type":"ImageObject","inLanguage":"en-US","@id":"https:\/\/snsvietnam.com\/en\/san-pham\/co-noi-vuong-sns-kq2v-series\/#primaryimage","url":"https:\/\/snsvietnam.com\/wp-content\/uploads\/2018\/05\/KQ2V-Series-Union-Elbow.jpg","contentUrl":"https:\/\/snsvietnam.com\/wp-content\/uploads\/2018\/05\/KQ2V-Series-Union-Elbow.jpg","width":500,"height":500},{"@type":"BreadcrumbList","@id":"https:\/\/snsvietnam.com\/en\/san-pham\/co-noi-vuong-sns-kq2v-series\/#breadcrumb","itemListElement":[{"@type":"ListItem","position":1,"name":"Home","item":"https:\/\/snsvietnam.com\/"},{"@type":"ListItem","position":2,"name":"C\u1eeda h\u00e0ng","item":"https:\/\/snsvietnam.com\/cua-hang-thiet-bi-sns\/"},{"@type":"ListItem","position":3,"name":"KQ2V SERIES-UNION ELBOW"}]},{"@type":"WebSite","@id":"https:\/\/snsvietnam.com\/#website","url":"https:\/\/snsvietnam.com\/","name":"Thi\u1ebft b\u1ecb kh\u00ed n\u00e9n","description":"SNS","publisher":{"@id":"https:\/\/snsvietnam.com\/#organization"},"potentialAction":[{"@type":"SearchAction","target":{"@type":"EntryPoint","urlTemplate":"https:\/\/snsvietnam.com\/?s={search_term_string}"},"query-input":{"@type":"PropertyValueSpecification","valueRequired":true,"valueName":"search_term_string"}}],"inLanguage":"en-US"},{"@type":"Organization","@id":"https:\/\/snsvietnam.com\/#organization","name":"Cty Thi\u1ebft B\u1ecb Kh\u00ed N\u00e9n SNS Vi\u1ec7t Nam","url":"https:\/\/snsvietnam.com\/","logo":{"@type":"ImageObject","inLanguage":"en-US","@id":"https:\/\/snsvietnam.com\/#\/schema\/logo\/image\/","url":"https:\/\/snsvietnam.com\/wp-content\/uploads\/2018\/05\/logo.png","contentUrl":"https:\/\/snsvietnam.com\/wp-content\/uploads\/2018\/05\/logo.png","width":320,"height":41,"caption":"Cty Thi\u1ebft B\u1ecb Kh\u00ed N\u00e9n SNS Vi\u1ec7t Nam"},"image":{"@id":"https:\/\/snsvietnam.com\/#\/schema\/logo\/image\/"}}]}},"_links":{"self":[{"href":"https:\/\/snsvietnam.com\/en\/wp-json\/wp\/v2\/product\/1469","targetHints":{"allow":["GET"]}}],"collection":[{"href":"https:\/\/snsvietnam.com\/en\/wp-json\/wp\/v2\/product"}],"about":[{"href":"https:\/\/snsvietnam.com\/en\/wp-json\/wp\/v2\/types\/product"}],"replies":[{"embeddable":true,"href":"https:\/\/snsvietnam.com\/en\/wp-json\/wp\/v2\/comments?post=1469"}],"wp:featuredmedia":[{"embeddable":true,"href":"https:\/\/snsvietnam.com\/en\/wp-json\/wp\/v2\/media\/1472"}],"wp:attachment":[{"href":"https:\/\/snsvietnam.com\/en\/wp-json\/wp\/v2\/media?parent=1469"}],"wp:term":[{"taxonomy":"product_brand","embeddable":true,"href":"https:\/\/snsvietnam.com\/en\/wp-json\/wp\/v2\/product_brand?post=1469"},{"taxonomy":"product_cat","embeddable":true,"href":"https:\/\/snsvietnam.com\/en\/wp-json\/wp\/v2\/product_cat?post=1469"},{"taxonomy":"product_tag","embeddable":true,"href":"https:\/\/snsvietnam.com\/en\/wp-json\/wp\/v2\/product_tag?post=1469"}],"curies":[{"name":"wp","href":"https:\/\/api.w.org\/{rel}","templated":true}]}}