{"id":1344,"date":"2018-05-28T09:31:08","date_gmt":"2018-05-28T02:31:08","guid":{"rendered":"https:\/\/snsvietnam.com\/?post_type=product&#038;p=1344"},"modified":"2018-10-06T19:59:24","modified_gmt":"2018-10-06T12:59:24","slug":"co-noi-thang-ren-trong-sns-spcf-series","status":"publish","type":"product","link":"https:\/\/snsvietnam.com\/en\/san-pham\/co-noi-thang-ren-trong-sns-spcf-series\/","title":{"rendered":"SPCF SERIES-FEMALE STRAIGHT"},"content":{"rendered":"<p><img decoding=\"async\" src=\"https:\/\/snsvietnam.com\/wp-content\/uploads\/2018\/05\/SPCF-Series-Female-Straight-1-1.jpg\" alt=\"\" width=\"1080\" height=\"474\" class=\"alignnone size-full wp-image-1345\" srcset=\"https:\/\/snsvietnam.com\/wp-content\/uploads\/2018\/05\/SPCF-Series-Female-Straight-1-1.jpg 1080w, https:\/\/snsvietnam.com\/wp-content\/uploads\/2018\/05\/SPCF-Series-Female-Straight-1-1-300x132.jpg 300w, https:\/\/snsvietnam.com\/wp-content\/uploads\/2018\/05\/SPCF-Series-Female-Straight-1-1-768x337.jpg 768w, https:\/\/snsvietnam.com\/wp-content\/uploads\/2018\/05\/SPCF-Series-Female-Straight-1-1-1024x449.jpg 1024w, https:\/\/snsvietnam.com\/wp-content\/uploads\/2018\/05\/SPCF-Series-Female-Straight-1-1-260x114.jpg 260w, https:\/\/snsvietnam.com\/wp-content\/uploads\/2018\/05\/SPCF-Series-Female-Straight-1-1-50x22.jpg 50w, https:\/\/snsvietnam.com\/wp-content\/uploads\/2018\/05\/SPCF-Series-Female-Straight-1-1-150x66.jpg 150w, https:\/\/snsvietnam.com\/wp-content\/uploads\/2018\/05\/SPCF-Series-Female-Straight-1-1-600x263.jpg 600w\" sizes=\"(max-width: 1080px) 100vw, 1080px\" \/><\/p>","protected":false},"excerpt":{"rendered":"<p><img loading=\"lazy\" decoding=\"async\" src=\"https:\/\/snsvietnam.com\/wp-content\/uploads\/2018\/05\/SPCF-Series-Female-Straight-2.jpg\" alt=\"\" width=\"480\" height=\"161\" class=\"alignnone size-full wp-image-1346\" srcset=\"https:\/\/snsvietnam.com\/wp-content\/uploads\/2018\/05\/SPCF-Series-Female-Straight-2.jpg 480w, https:\/\/snsvietnam.com\/wp-content\/uploads\/2018\/05\/SPCF-Series-Female-Straight-2-300x101.jpg 300w, https:\/\/snsvietnam.com\/wp-content\/uploads\/2018\/05\/SPCF-Series-Female-Straight-2-260x87.jpg 260w, https:\/\/snsvietnam.com\/wp-content\/uploads\/2018\/05\/SPCF-Series-Female-Straight-2-50x17.jpg 50w, https:\/\/snsvietnam.com\/wp-content\/uploads\/2018\/05\/SPCF-Series-Female-Straight-2-150x50.jpg 150w\" sizes=\"(max-width: 480px) 100vw, 480px\" \/><\/p>\n","protected":false},"featured_media":1347,"comment_status":"open","ping_status":"closed","template":"","meta":[],"product_brand":[],"product_cat":[20],"product_tag":[65,66,75,39,50,51,47,49],"class_list":{"0":"post-1344","1":"product","2":"type-product","3":"status-publish","4":"has-post-thumbnail","6":"product_cat-phu-kien-khi-nen-sns","7":"product_tag-co-noi","8":"product_tag-co-noi-sns","9":"product_tag-co-noi-thang-ren-trong-sns","10":"product_tag-khi-nen","11":"product_tag-phu-kien-khi-nen","12":"product_tag-phu-kien-khi-nen-sns","13":"product_tag-thiet-bi-khi-nen","14":"product_tag-thiet-bi-khi-nen-sns","16":"first","17":"instock","18":"shipping-taxable","19":"purchasable","20":"product-type-simple"},"yoast_head":"<!-- This site is optimized with the Yoast SEO plugin v27.4 - https:\/\/yoast.com\/product\/yoast-seo-wordpress\/ -->\n<title>CO N\u1ed0I TH\u1eb2NG REN TRONG SNS SPCF SERIES<\/title>\n<meta name=\"description\" content=\"thi\u1ebft b\u1ecb kh\u00ed n\u00e9n, thi\u1ebft b\u1ecb kh\u00ed n\u00e9n sns, kh\u00ed n\u00e9n, co n\u1ed1i, co n\u1ed1i sns, ph\u1ee5 ki\u1ec7n kh\u00ed n\u00e9n, ph\u1ee5 ki\u1ec7n kh\u00ed n\u00e9n sns, co n\u1ed1i th\u1eb3ng ren trong sns\" \/>\n<meta name=\"robots\" content=\"index, follow, max-snippet:-1, max-image-preview:large, max-video-preview:-1\" \/>\n<link rel=\"canonical\" href=\"https:\/\/snsvietnam.com\/san-pham\/co-noi-thang-ren-trong-sns-spcf-series\/\" \/>\n<script type=\"application\/ld+json\" class=\"yoast-schema-graph\">{\"@context\":\"https:\\\/\\\/schema.org\",\"@graph\":[{\"@type\":\"WebPage\",\"@id\":\"https:\\\/\\\/snsvietnam.com\\\/san-pham\\\/co-noi-thang-ren-trong-sns-spcf-series\\\/\",\"url\":\"https:\\\/\\\/snsvietnam.com\\\/san-pham\\\/co-noi-thang-ren-trong-sns-spcf-series\\\/\",\"name\":\"CO N\u1ed0I TH\u1eb2NG REN TRONG SNS SPCF SERIES\",\"isPartOf\":{\"@id\":\"https:\\\/\\\/snsvietnam.com\\\/#website\"},\"primaryImageOfPage\":{\"@id\":\"https:\\\/\\\/snsvietnam.com\\\/san-pham\\\/co-noi-thang-ren-trong-sns-spcf-series\\\/#primaryimage\"},\"image\":{\"@id\":\"https:\\\/\\\/snsvietnam.com\\\/san-pham\\\/co-noi-thang-ren-trong-sns-spcf-series\\\/#primaryimage\"},\"thumbnailUrl\":\"https:\\\/\\\/snsvietnam.com\\\/wp-content\\\/uploads\\\/2018\\\/05\\\/SPCF-Series-Female-Straight-2-1.jpg\",\"datePublished\":\"2018-05-28T02:31:08+00:00\",\"dateModified\":\"2018-10-06T12:59:24+00:00\",\"description\":\"thi\u1ebft b\u1ecb kh\u00ed n\u00e9n, thi\u1ebft b\u1ecb kh\u00ed n\u00e9n sns, kh\u00ed n\u00e9n, co n\u1ed1i, co n\u1ed1i sns, ph\u1ee5 ki\u1ec7n kh\u00ed n\u00e9n, ph\u1ee5 ki\u1ec7n kh\u00ed n\u00e9n sns, co n\u1ed1i th\u1eb3ng ren trong sns\",\"breadcrumb\":{\"@id\":\"https:\\\/\\\/snsvietnam.com\\\/san-pham\\\/co-noi-thang-ren-trong-sns-spcf-series\\\/#breadcrumb\"},\"inLanguage\":\"en-US\",\"potentialAction\":[{\"@type\":\"ReadAction\",\"target\":[\"https:\\\/\\\/snsvietnam.com\\\/san-pham\\\/co-noi-thang-ren-trong-sns-spcf-series\\\/\"]}]},{\"@type\":\"ImageObject\",\"inLanguage\":\"en-US\",\"@id\":\"https:\\\/\\\/snsvietnam.com\\\/san-pham\\\/co-noi-thang-ren-trong-sns-spcf-series\\\/#primaryimage\",\"url\":\"https:\\\/\\\/snsvietnam.com\\\/wp-content\\\/uploads\\\/2018\\\/05\\\/SPCF-Series-Female-Straight-2-1.jpg\",\"contentUrl\":\"https:\\\/\\\/snsvietnam.com\\\/wp-content\\\/uploads\\\/2018\\\/05\\\/SPCF-Series-Female-Straight-2-1.jpg\",\"width\":500,\"height\":500},{\"@type\":\"BreadcrumbList\",\"@id\":\"https:\\\/\\\/snsvietnam.com\\\/san-pham\\\/co-noi-thang-ren-trong-sns-spcf-series\\\/#breadcrumb\",\"itemListElement\":[{\"@type\":\"ListItem\",\"position\":1,\"name\":\"Home\",\"item\":\"https:\\\/\\\/snsvietnam.com\\\/\"},{\"@type\":\"ListItem\",\"position\":2,\"name\":\"C\u1eeda h\u00e0ng\",\"item\":\"https:\\\/\\\/snsvietnam.com\\\/cua-hang-thiet-bi-sns\\\/\"},{\"@type\":\"ListItem\",\"position\":3,\"name\":\"CO N\u1ed0I TH\u1eb2NG REN TRONG SNS SPCF SERIES\"}]},{\"@type\":\"WebSite\",\"@id\":\"https:\\\/\\\/snsvietnam.com\\\/#website\",\"url\":\"https:\\\/\\\/snsvietnam.com\\\/\",\"name\":\"Thi\u1ebft b\u1ecb kh\u00ed n\u00e9n\",\"description\":\"SNS\",\"publisher\":{\"@id\":\"https:\\\/\\\/snsvietnam.com\\\/#organization\"},\"potentialAction\":[{\"@type\":\"SearchAction\",\"target\":{\"@type\":\"EntryPoint\",\"urlTemplate\":\"https:\\\/\\\/snsvietnam.com\\\/?s={search_term_string}\"},\"query-input\":{\"@type\":\"PropertyValueSpecification\",\"valueRequired\":true,\"valueName\":\"search_term_string\"}}],\"inLanguage\":\"en-US\"},{\"@type\":\"Organization\",\"@id\":\"https:\\\/\\\/snsvietnam.com\\\/#organization\",\"name\":\"Cty Thi\u1ebft B\u1ecb Kh\u00ed N\u00e9n SNS Vi\u1ec7t Nam\",\"url\":\"https:\\\/\\\/snsvietnam.com\\\/\",\"logo\":{\"@type\":\"ImageObject\",\"inLanguage\":\"en-US\",\"@id\":\"https:\\\/\\\/snsvietnam.com\\\/#\\\/schema\\\/logo\\\/image\\\/\",\"url\":\"https:\\\/\\\/snsvietnam.com\\\/wp-content\\\/uploads\\\/2018\\\/05\\\/logo.png\",\"contentUrl\":\"https:\\\/\\\/snsvietnam.com\\\/wp-content\\\/uploads\\\/2018\\\/05\\\/logo.png\",\"width\":320,\"height\":41,\"caption\":\"Cty Thi\u1ebft B\u1ecb Kh\u00ed N\u00e9n SNS Vi\u1ec7t Nam\"},\"image\":{\"@id\":\"https:\\\/\\\/snsvietnam.com\\\/#\\\/schema\\\/logo\\\/image\\\/\"}}]}<\/script>\n<!-- \/ Yoast SEO plugin. -->","yoast_head_json":{"title":"CO N\u1ed0I TH\u1eb2NG REN TRONG SNS SPCF SERIES","description":"thi\u1ebft b\u1ecb kh\u00ed n\u00e9n, thi\u1ebft b\u1ecb kh\u00ed n\u00e9n sns, kh\u00ed n\u00e9n, co n\u1ed1i, co n\u1ed1i sns, ph\u1ee5 ki\u1ec7n kh\u00ed n\u00e9n, ph\u1ee5 ki\u1ec7n kh\u00ed n\u00e9n sns, co n\u1ed1i th\u1eb3ng ren trong sns","robots":{"index":"index","follow":"follow","max-snippet":"max-snippet:-1","max-image-preview":"max-image-preview:large","max-video-preview":"max-video-preview:-1"},"canonical":"https:\/\/snsvietnam.com\/san-pham\/co-noi-thang-ren-trong-sns-spcf-series\/","schema":{"@context":"https:\/\/schema.org","@graph":[{"@type":"WebPage","@id":"https:\/\/snsvietnam.com\/san-pham\/co-noi-thang-ren-trong-sns-spcf-series\/","url":"https:\/\/snsvietnam.com\/san-pham\/co-noi-thang-ren-trong-sns-spcf-series\/","name":"CO N\u1ed0I TH\u1eb2NG REN TRONG SNS SPCF SERIES","isPartOf":{"@id":"https:\/\/snsvietnam.com\/#website"},"primaryImageOfPage":{"@id":"https:\/\/snsvietnam.com\/san-pham\/co-noi-thang-ren-trong-sns-spcf-series\/#primaryimage"},"image":{"@id":"https:\/\/snsvietnam.com\/san-pham\/co-noi-thang-ren-trong-sns-spcf-series\/#primaryimage"},"thumbnailUrl":"https:\/\/snsvietnam.com\/wp-content\/uploads\/2018\/05\/SPCF-Series-Female-Straight-2-1.jpg","datePublished":"2018-05-28T02:31:08+00:00","dateModified":"2018-10-06T12:59:24+00:00","description":"thi\u1ebft b\u1ecb kh\u00ed n\u00e9n, thi\u1ebft b\u1ecb kh\u00ed n\u00e9n sns, kh\u00ed n\u00e9n, co n\u1ed1i, co n\u1ed1i sns, ph\u1ee5 ki\u1ec7n kh\u00ed n\u00e9n, ph\u1ee5 ki\u1ec7n kh\u00ed n\u00e9n sns, co n\u1ed1i th\u1eb3ng ren trong sns","breadcrumb":{"@id":"https:\/\/snsvietnam.com\/san-pham\/co-noi-thang-ren-trong-sns-spcf-series\/#breadcrumb"},"inLanguage":"en-US","potentialAction":[{"@type":"ReadAction","target":["https:\/\/snsvietnam.com\/san-pham\/co-noi-thang-ren-trong-sns-spcf-series\/"]}]},{"@type":"ImageObject","inLanguage":"en-US","@id":"https:\/\/snsvietnam.com\/san-pham\/co-noi-thang-ren-trong-sns-spcf-series\/#primaryimage","url":"https:\/\/snsvietnam.com\/wp-content\/uploads\/2018\/05\/SPCF-Series-Female-Straight-2-1.jpg","contentUrl":"https:\/\/snsvietnam.com\/wp-content\/uploads\/2018\/05\/SPCF-Series-Female-Straight-2-1.jpg","width":500,"height":500},{"@type":"BreadcrumbList","@id":"https:\/\/snsvietnam.com\/san-pham\/co-noi-thang-ren-trong-sns-spcf-series\/#breadcrumb","itemListElement":[{"@type":"ListItem","position":1,"name":"Home","item":"https:\/\/snsvietnam.com\/"},{"@type":"ListItem","position":2,"name":"C\u1eeda h\u00e0ng","item":"https:\/\/snsvietnam.com\/cua-hang-thiet-bi-sns\/"},{"@type":"ListItem","position":3,"name":"CO N\u1ed0I TH\u1eb2NG REN TRONG SNS SPCF SERIES"}]},{"@type":"WebSite","@id":"https:\/\/snsvietnam.com\/#website","url":"https:\/\/snsvietnam.com\/","name":"Thi\u1ebft b\u1ecb kh\u00ed n\u00e9n","description":"SNS","publisher":{"@id":"https:\/\/snsvietnam.com\/#organization"},"potentialAction":[{"@type":"SearchAction","target":{"@type":"EntryPoint","urlTemplate":"https:\/\/snsvietnam.com\/?s={search_term_string}"},"query-input":{"@type":"PropertyValueSpecification","valueRequired":true,"valueName":"search_term_string"}}],"inLanguage":"en-US"},{"@type":"Organization","@id":"https:\/\/snsvietnam.com\/#organization","name":"Cty Thi\u1ebft B\u1ecb Kh\u00ed N\u00e9n SNS Vi\u1ec7t Nam","url":"https:\/\/snsvietnam.com\/","logo":{"@type":"ImageObject","inLanguage":"en-US","@id":"https:\/\/snsvietnam.com\/#\/schema\/logo\/image\/","url":"https:\/\/snsvietnam.com\/wp-content\/uploads\/2018\/05\/logo.png","contentUrl":"https:\/\/snsvietnam.com\/wp-content\/uploads\/2018\/05\/logo.png","width":320,"height":41,"caption":"Cty Thi\u1ebft B\u1ecb Kh\u00ed N\u00e9n SNS Vi\u1ec7t Nam"},"image":{"@id":"https:\/\/snsvietnam.com\/#\/schema\/logo\/image\/"}}]}},"_links":{"self":[{"href":"https:\/\/snsvietnam.com\/en\/wp-json\/wp\/v2\/product\/1344","targetHints":{"allow":["GET"]}}],"collection":[{"href":"https:\/\/snsvietnam.com\/en\/wp-json\/wp\/v2\/product"}],"about":[{"href":"https:\/\/snsvietnam.com\/en\/wp-json\/wp\/v2\/types\/product"}],"replies":[{"embeddable":true,"href":"https:\/\/snsvietnam.com\/en\/wp-json\/wp\/v2\/comments?post=1344"}],"wp:featuredmedia":[{"embeddable":true,"href":"https:\/\/snsvietnam.com\/en\/wp-json\/wp\/v2\/media\/1347"}],"wp:attachment":[{"href":"https:\/\/snsvietnam.com\/en\/wp-json\/wp\/v2\/media?parent=1344"}],"wp:term":[{"taxonomy":"product_brand","embeddable":true,"href":"https:\/\/snsvietnam.com\/en\/wp-json\/wp\/v2\/product_brand?post=1344"},{"taxonomy":"product_cat","embeddable":true,"href":"https:\/\/snsvietnam.com\/en\/wp-json\/wp\/v2\/product_cat?post=1344"},{"taxonomy":"product_tag","embeddable":true,"href":"https:\/\/snsvietnam.com\/en\/wp-json\/wp\/v2\/product_tag?post=1344"}],"curies":[{"name":"wp","href":"https:\/\/api.w.org\/{rel}","templated":true}]}}