{"id":426,"date":"2018-05-18T16:18:11","date_gmt":"2018-05-18T09:18:11","guid":{"rendered":"https:\/\/snsvietnam.com\/?page_id=426"},"modified":"2025-07-01T11:01:48","modified_gmt":"2025-07-01T04:01:48","slug":"lien-he","status":"publish","type":"page","link":"https:\/\/snsvietnam.com\/en\/lien-he\/","title":{"rendered":"Contact Us"},"content":{"rendered":"<p>[vc_row][vc_column width=&#8221;1\/2&#8243;][vc_column_text]<\/p>\n<style>\/*! elementor - v3.23.0 - 05-08-2024 *\/<br \/>.elementor-heading-title{padding:0;margin:0;line-height:1}.elementor-widget-heading .elementor-heading-title[class*=elementor-size-]>a{color:inherit;font-size:inherit;line-height:inherit}.elementor-widget-heading .elementor-heading-title.elementor-size-small{font-size:15px}.elementor-widget-heading .elementor-heading-title.elementor-size-medium{font-size:19px}.elementor-widget-heading .elementor-heading-title.elementor-size-large{font-size:29px}.elementor-widget-heading .elementor-heading-title.elementor-size-xl{font-size:39px}.elementor-widget-heading .elementor-heading-title.elementor-size-xxl{font-size:59px}<\/style>\n<h2>Th\u00f4ng tin li\u00ean h\u1ec7 v\u1edbi ch\u00fang t\u00f4i<\/h2>\n<h4><strong>C\u00d4NG TY C\u1ed4 PH\u1ea6N C\u01a0 \u0110I\u1ec6N T\u1eec NEWSUN ASIA<\/strong><\/h4>\n<p><strong>\u0110\u1ecba ch\u1ec9:<\/strong> No. 9, Nguyen Tri Phuong, Hai Duong Ward, Hai Phong City, Vietnam<\/p>\n<p><strong>S\u0110T: <\/strong>0906032066<\/p>\n<p><strong>Email:<\/strong> chappycaosns@gmail.com<\/p>\n<p style=\"display: none !important;\" data-prefix=\"_wpcf7_ak_\"><label>\u0394<textarea cols=\"45\" maxlength=\"100\" name=\"_wpcf7_ak_hp_textarea\" rows=\"8\"><\/textarea><\/label><input id=\"ak_js_3\" name=\"_wpcf7_ak_js\" type=\"hidden\" value=\"104\" \/><\/p>\n<p><!-- end Contact Form 7 -->[\/vc_column_text][vc_gmaps link=&#8221;#E-8_JTNDaWZyYW1lJTIwc3JjJTNEJTIyaHR0cHMlM0ElMkYlMkZ3d3cuZ29vZ2xlLmNvbSUyRm1hcHMlMkZlbWJlZCUzRnBiJTNEJTIxMW0xOCUyMTFtMTIlMjExbTMlMjExZDc0OS42NTg0OTE5MTQ5NTUxJTIxMmQxMDYuMzM4OTI5MTI5OTE0OTclMjEzZDIwLjk0ODM4NTIxNzYwODcyNCUyMTJtMyUyMTFmMCUyMTJmMCUyMTNmMCUyMTNtMiUyMTFpMTAyNCUyMTJpNzY4JTIxNGYxMy4xJTIxM20zJTIxMW0yJTIxMXMweDMxMzU5YjRlM2QzNmYyMzElMjUzQTB4NzBhMjVhODVkODBkZWZmMyUyMTJ6T1NCT1ozVjU0YnVGYmlCVWNta2dVR2pHc01haGJtY3NJRWpodXFOcElFVEdzTWFoYm1jc0lGWnA0YnVIZENCT1lXMCUyMTVlMSUyMTNtMiUyMTFzdmklMjEycyUyMTR2MTc0MTMzMzAzMTUyNyUyMTVtMiUyMTFzdmklMjEycyUyMiUyMHdpZHRoJTNEJTIyNjAwJTIyJTIwaGVpZ2h0JTNEJTIyNDUwJTIyJTIwc3R5bGUlM0QlMjJib3JkZXIlM0EwJTNCJTIyJTIwYWxsb3dmdWxsc2NyZWVuJTNEJTIyJTIyJTIwbG9hZGluZyUzRCUyMmxhenklMjIlMjByZWZlcnJlcnBvbGljeSUzRCUyMm5vLXJlZmVycmVyLXdoZW4tZG93bmdyYWRlJTIyJTNFJTNDJTJGaWZyYW1lJTNF&#8221;][\/vc_column][vc_column width=&#8221;1\/2&#8243;][vc_column_text]<\/p>\n<h2>G\u1eedi ph\u1ea3n h\u1ed3i cho ch\u00fang t\u00f4i<\/h2>\n<p>[\/vc_column_text]\n<div class=\"wpcf7 no-js\" id=\"wpcf7-f2462-o2\" lang=\"vi\" dir=\"ltr\" data-wpcf7-id=\"2462\">\n<div class=\"screen-reader-response\"><p role=\"status\" aria-live=\"polite\" aria-atomic=\"true\"><\/p> <ul><\/ul><\/div>\n<form action=\"\/en\/wp-json\/wp\/v2\/pages\/426#wpcf7-f2462-o2\" method=\"post\" class=\"wpcf7-form init\" aria-label=\"Form li\u00ean h\u1ec7\" novalidate=\"novalidate\" data-status=\"init\">\n<fieldset class=\"hidden-fields-container\"><input type=\"hidden\" name=\"_wpcf7\" value=\"2462\" \/><input type=\"hidden\" name=\"_wpcf7_version\" value=\"6.1.5\" \/><input type=\"hidden\" name=\"_wpcf7_locale\" value=\"vi\" \/><input type=\"hidden\" name=\"_wpcf7_unit_tag\" value=\"wpcf7-f2462-o2\" \/><input type=\"hidden\" name=\"_wpcf7_container_post\" value=\"0\" \/><input type=\"hidden\" name=\"_wpcf7_posted_data_hash\" value=\"\" \/>\n<\/fieldset>\n<p><label> H\u1ecd v\u00e0 t\u00ean <\/label><br \/>\n<span class=\"wpcf7-form-control-wrap\" data-name=\"your-name\"><input size=\"40\" maxlength=\"400\" class=\"wpcf7-form-control wpcf7-text wpcf7-validates-as-required\" autocomplete=\"name\" aria-required=\"true\" aria-invalid=\"false\" value=\"\" type=\"text\" name=\"your-name\" \/><\/span>\n<\/p>\n<p><label> Email <\/label><br \/>\n<span class=\"wpcf7-form-control-wrap\" data-name=\"your-email\"><input size=\"40\" maxlength=\"400\" class=\"wpcf7-form-control wpcf7-email wpcf7-validates-as-required wpcf7-text wpcf7-validates-as-email\" autocomplete=\"email\" aria-required=\"true\" aria-invalid=\"false\" value=\"\" type=\"email\" name=\"your-email\" \/><\/span>\n<\/p>\n<p><label> S\u1ed1 \u0111i\u1ec7n tho\u1ea1i: <\/label><br \/>\n<span class=\"wpcf7-form-control-wrap\" data-name=\"phone_number\"><input size=\"40\" maxlength=\"400\" class=\"wpcf7-form-control wpcf7-tel wpcf7-validates-as-required wpcf7-text wpcf7-validates-as-tel\" aria-required=\"true\" aria-invalid=\"false\" value=\"\" type=\"tel\" name=\"phone_number\" \/><\/span>\n<\/p>\n<p><label> Ti\u00eau \u0111\u1ec1: <\/label><br \/>\n<span class=\"wpcf7-form-control-wrap\" data-name=\"your-subject\"><input size=\"40\" maxlength=\"400\" class=\"wpcf7-form-control wpcf7-text wpcf7-validates-as-required\" aria-required=\"true\" aria-invalid=\"false\" value=\"\" type=\"text\" name=\"your-subject\" \/><\/span>\n<\/p>\n<p><label> Tin nh\u1eafn c\u1ee7a b\u1ea1n (kh\u00f4ng b\u1eaft bu\u1ed9c) <\/label><br \/>\n<span class=\"wpcf7-form-control-wrap\" data-name=\"your-message\"><textarea cols=\"40\" rows=\"10\" maxlength=\"2000\" class=\"wpcf7-form-control wpcf7-textarea\" aria-invalid=\"false\" name=\"your-message\"><\/textarea><\/span>\n<\/p>\n<p><input class=\"wpcf7-form-control wpcf7-submit has-spinner\" type=\"submit\" value=\"G\u1eedi\" \/>\n<\/p><div class=\"wpcf7-response-output\" aria-hidden=\"true\"><\/div>\n<\/form>\n<\/div>\n[\/vc_column][\/vc_row]<\/p>","protected":false},"excerpt":{"rendered":"<p>[vc_row][vc_column width=&#8221;1\/2&#8243;][vc_column_text] Th\u00f4ng tin li\u00ean h\u1ec7 v\u1edbi ch\u00fang t\u00f4i C\u00d4NG TY C\u1ed4 PH\u1ea6N C\u01a0 \u0110I\u1ec6N T\u1eec NEWSUN ASIA \u0110\u1ecba ch\u1ec9: No. 9, Nguyen Tri Phuong, Hai<span class=\"excerpt-hellip\"> [\u2026]<\/span><\/p>\n","protected":false},"author":1,"featured_media":422,"parent":0,"menu_order":0,"comment_status":"closed","ping_status":"closed","template":"","meta":{"footnotes":""},"class_list":["post-426","page","type-page","status-publish","has-post-thumbnail","hentry"],"yoast_head":"<!-- This site is optimized with the Yoast SEO plugin v27.4 - https:\/\/yoast.com\/product\/yoast-seo-wordpress\/ -->\n<title>Li\u00ean h\u1ec7 v\u1edbi ch\u00fang t\u00f4i - SNS Vi\u1ec7t Nam<\/title>\n<meta name=\"description\" content=\"SNS Chuy\u00ean Cung C\u1ea5p Thi\u1ebft B\u1ecb \u2022 Kh\u00ed n\u00e9n \u2022 Thi\u1ebft b\u1ecb kh\u00ed n\u00e9n SNS \u2022 Xy lanh kh\u00ed n\u00e9n SNS \u2022 Van kh\u00ed n\u00e9n SNS \u2022 B\u1ed9 l\u1ecdc SNS\" \/>\n<meta name=\"robots\" content=\"index, follow, max-snippet:-1, max-image-preview:large, max-video-preview:-1\" \/>\n<link rel=\"canonical\" href=\"https:\/\/snsvietnam.com\/lien-he\/\" \/>\n<meta name=\"twitter:label1\" content=\"Est. reading time\" \/>\n\t<meta name=\"twitter:data1\" content=\"1 minute\" \/>\n<script type=\"application\/ld+json\" class=\"yoast-schema-graph\">{\"@context\":\"https:\\\/\\\/schema.org\",\"@graph\":[{\"@type\":\"WebPage\",\"@id\":\"https:\\\/\\\/snsvietnam.com\\\/lien-he\\\/\",\"url\":\"https:\\\/\\\/snsvietnam.com\\\/lien-he\\\/\",\"name\":\"Li\u00ean h\u1ec7 v\u1edbi ch\u00fang t\u00f4i - SNS Vi\u1ec7t Nam\",\"isPartOf\":{\"@id\":\"https:\\\/\\\/snsvietnam.com\\\/#website\"},\"primaryImageOfPage\":{\"@id\":\"https:\\\/\\\/snsvietnam.com\\\/lien-he\\\/#primaryimage\"},\"image\":{\"@id\":\"https:\\\/\\\/snsvietnam.com\\\/lien-he\\\/#primaryimage\"},\"thumbnailUrl\":\"https:\\\/\\\/snsvietnam.com\\\/wp-content\\\/uploads\\\/2018\\\/05\\\/G62A3967-1.jpg\",\"datePublished\":\"2018-05-18T09:18:11+00:00\",\"dateModified\":\"2025-07-01T04:01:48+00:00\",\"description\":\"SNS Chuy\u00ean Cung C\u1ea5p Thi\u1ebft B\u1ecb \u2022 Kh\u00ed n\u00e9n \u2022 Thi\u1ebft b\u1ecb kh\u00ed n\u00e9n SNS \u2022 Xy lanh kh\u00ed n\u00e9n SNS \u2022 Van kh\u00ed n\u00e9n SNS \u2022 B\u1ed9 l\u1ecdc SNS\",\"breadcrumb\":{\"@id\":\"https:\\\/\\\/snsvietnam.com\\\/lien-he\\\/#breadcrumb\"},\"inLanguage\":\"en-US\",\"potentialAction\":[{\"@type\":\"ReadAction\",\"target\":[\"https:\\\/\\\/snsvietnam.com\\\/lien-he\\\/\"]}]},{\"@type\":\"ImageObject\",\"inLanguage\":\"en-US\",\"@id\":\"https:\\\/\\\/snsvietnam.com\\\/lien-he\\\/#primaryimage\",\"url\":\"https:\\\/\\\/snsvietnam.com\\\/wp-content\\\/uploads\\\/2018\\\/05\\\/G62A3967-1.jpg\",\"contentUrl\":\"https:\\\/\\\/snsvietnam.com\\\/wp-content\\\/uploads\\\/2018\\\/05\\\/G62A3967-1.jpg\",\"width\":975,\"height\":650,\"caption\":\"Thi\u1ebft b\u1ecb kh\u00ed n\u00e9n SNS\"},{\"@type\":\"BreadcrumbList\",\"@id\":\"https:\\\/\\\/snsvietnam.com\\\/lien-he\\\/#breadcrumb\",\"itemListElement\":[{\"@type\":\"ListItem\",\"position\":1,\"name\":\"Home\",\"item\":\"https:\\\/\\\/snsvietnam.com\\\/\"},{\"@type\":\"ListItem\",\"position\":2,\"name\":\"Li\u00ean h\u1ec7 v\u1edbi ch\u00fang t\u00f4i\"}]},{\"@type\":\"WebSite\",\"@id\":\"https:\\\/\\\/snsvietnam.com\\\/#website\",\"url\":\"https:\\\/\\\/snsvietnam.com\\\/\",\"name\":\"Thi\u1ebft b\u1ecb kh\u00ed n\u00e9n\",\"description\":\"SNS\",\"publisher\":{\"@id\":\"https:\\\/\\\/snsvietnam.com\\\/#organization\"},\"potentialAction\":[{\"@type\":\"SearchAction\",\"target\":{\"@type\":\"EntryPoint\",\"urlTemplate\":\"https:\\\/\\\/snsvietnam.com\\\/?s={search_term_string}\"},\"query-input\":{\"@type\":\"PropertyValueSpecification\",\"valueRequired\":true,\"valueName\":\"search_term_string\"}}],\"inLanguage\":\"en-US\"},{\"@type\":\"Organization\",\"@id\":\"https:\\\/\\\/snsvietnam.com\\\/#organization\",\"name\":\"Cty Thi\u1ebft B\u1ecb Kh\u00ed N\u00e9n SNS Vi\u1ec7t Nam\",\"url\":\"https:\\\/\\\/snsvietnam.com\\\/\",\"logo\":{\"@type\":\"ImageObject\",\"inLanguage\":\"en-US\",\"@id\":\"https:\\\/\\\/snsvietnam.com\\\/#\\\/schema\\\/logo\\\/image\\\/\",\"url\":\"https:\\\/\\\/snsvietnam.com\\\/wp-content\\\/uploads\\\/2018\\\/05\\\/logo.png\",\"contentUrl\":\"https:\\\/\\\/snsvietnam.com\\\/wp-content\\\/uploads\\\/2018\\\/05\\\/logo.png\",\"width\":320,\"height\":41,\"caption\":\"Cty Thi\u1ebft B\u1ecb Kh\u00ed N\u00e9n SNS Vi\u1ec7t Nam\"},\"image\":{\"@id\":\"https:\\\/\\\/snsvietnam.com\\\/#\\\/schema\\\/logo\\\/image\\\/\"}}]}<\/script>\n<!-- \/ Yoast SEO plugin. -->","yoast_head_json":{"title":"Li\u00ean h\u1ec7 v\u1edbi ch\u00fang t\u00f4i - SNS Vi\u1ec7t Nam","description":"SNS Chuy\u00ean Cung C\u1ea5p Thi\u1ebft B\u1ecb \u2022 Kh\u00ed n\u00e9n \u2022 Thi\u1ebft b\u1ecb kh\u00ed n\u00e9n SNS \u2022 Xy lanh kh\u00ed n\u00e9n SNS \u2022 Van kh\u00ed n\u00e9n SNS \u2022 B\u1ed9 l\u1ecdc SNS","robots":{"index":"index","follow":"follow","max-snippet":"max-snippet:-1","max-image-preview":"max-image-preview:large","max-video-preview":"max-video-preview:-1"},"canonical":"https:\/\/snsvietnam.com\/lien-he\/","twitter_misc":{"Est. reading time":"1 minute"},"schema":{"@context":"https:\/\/schema.org","@graph":[{"@type":"WebPage","@id":"https:\/\/snsvietnam.com\/lien-he\/","url":"https:\/\/snsvietnam.com\/lien-he\/","name":"Li\u00ean h\u1ec7 v\u1edbi ch\u00fang t\u00f4i - SNS Vi\u1ec7t Nam","isPartOf":{"@id":"https:\/\/snsvietnam.com\/#website"},"primaryImageOfPage":{"@id":"https:\/\/snsvietnam.com\/lien-he\/#primaryimage"},"image":{"@id":"https:\/\/snsvietnam.com\/lien-he\/#primaryimage"},"thumbnailUrl":"https:\/\/snsvietnam.com\/wp-content\/uploads\/2018\/05\/G62A3967-1.jpg","datePublished":"2018-05-18T09:18:11+00:00","dateModified":"2025-07-01T04:01:48+00:00","description":"SNS Chuy\u00ean Cung C\u1ea5p Thi\u1ebft B\u1ecb \u2022 Kh\u00ed n\u00e9n \u2022 Thi\u1ebft b\u1ecb kh\u00ed n\u00e9n SNS \u2022 Xy lanh kh\u00ed n\u00e9n SNS \u2022 Van kh\u00ed n\u00e9n SNS \u2022 B\u1ed9 l\u1ecdc SNS","breadcrumb":{"@id":"https:\/\/snsvietnam.com\/lien-he\/#breadcrumb"},"inLanguage":"en-US","potentialAction":[{"@type":"ReadAction","target":["https:\/\/snsvietnam.com\/lien-he\/"]}]},{"@type":"ImageObject","inLanguage":"en-US","@id":"https:\/\/snsvietnam.com\/lien-he\/#primaryimage","url":"https:\/\/snsvietnam.com\/wp-content\/uploads\/2018\/05\/G62A3967-1.jpg","contentUrl":"https:\/\/snsvietnam.com\/wp-content\/uploads\/2018\/05\/G62A3967-1.jpg","width":975,"height":650,"caption":"Thi\u1ebft b\u1ecb kh\u00ed n\u00e9n SNS"},{"@type":"BreadcrumbList","@id":"https:\/\/snsvietnam.com\/lien-he\/#breadcrumb","itemListElement":[{"@type":"ListItem","position":1,"name":"Home","item":"https:\/\/snsvietnam.com\/"},{"@type":"ListItem","position":2,"name":"Li\u00ean h\u1ec7 v\u1edbi ch\u00fang t\u00f4i"}]},{"@type":"WebSite","@id":"https:\/\/snsvietnam.com\/#website","url":"https:\/\/snsvietnam.com\/","name":"Thi\u1ebft b\u1ecb kh\u00ed n\u00e9n","description":"SNS","publisher":{"@id":"https:\/\/snsvietnam.com\/#organization"},"potentialAction":[{"@type":"SearchAction","target":{"@type":"EntryPoint","urlTemplate":"https:\/\/snsvietnam.com\/?s={search_term_string}"},"query-input":{"@type":"PropertyValueSpecification","valueRequired":true,"valueName":"search_term_string"}}],"inLanguage":"en-US"},{"@type":"Organization","@id":"https:\/\/snsvietnam.com\/#organization","name":"Cty Thi\u1ebft B\u1ecb Kh\u00ed N\u00e9n SNS Vi\u1ec7t Nam","url":"https:\/\/snsvietnam.com\/","logo":{"@type":"ImageObject","inLanguage":"en-US","@id":"https:\/\/snsvietnam.com\/#\/schema\/logo\/image\/","url":"https:\/\/snsvietnam.com\/wp-content\/uploads\/2018\/05\/logo.png","contentUrl":"https:\/\/snsvietnam.com\/wp-content\/uploads\/2018\/05\/logo.png","width":320,"height":41,"caption":"Cty Thi\u1ebft B\u1ecb Kh\u00ed N\u00e9n SNS Vi\u1ec7t Nam"},"image":{"@id":"https:\/\/snsvietnam.com\/#\/schema\/logo\/image\/"}}]}},"rttpg_featured_image_url":{"full":["https:\/\/snsvietnam.com\/wp-content\/uploads\/2018\/05\/G62A3967-1.jpg",975,650,false],"landscape":["https:\/\/snsvietnam.com\/wp-content\/uploads\/2018\/05\/G62A3967-1.jpg",975,650,false],"portraits":["https:\/\/snsvietnam.com\/wp-content\/uploads\/2018\/05\/G62A3967-1.jpg",975,650,false],"thumbnail":["https:\/\/snsvietnam.com\/wp-content\/uploads\/2018\/05\/G62A3967-1-150x150.jpg",150,150,true],"medium":["https:\/\/snsvietnam.com\/wp-content\/uploads\/2018\/05\/G62A3967-1-300x200.jpg",300,200,true],"large":["https:\/\/snsvietnam.com\/wp-content\/uploads\/2018\/05\/G62A3967-1.jpg",975,650,false],"1536x1536":["https:\/\/snsvietnam.com\/wp-content\/uploads\/2018\/05\/G62A3967-1.jpg",975,650,false],"2048x2048":["https:\/\/snsvietnam.com\/wp-content\/uploads\/2018\/05\/G62A3967-1.jpg",975,650,false],"post-thumbnail":["https:\/\/snsvietnam.com\/wp-content\/uploads\/2018\/05\/G62A3967-1-219x146.jpg",219,146,true],"50x50":["https:\/\/snsvietnam.com\/wp-content\/uploads\/2018\/05\/G62A3967-1-50x33.jpg",50,33,true],"clients-slider":["https:\/\/snsvietnam.com\/wp-content\/uploads\/2018\/05\/G62A3967-1-113x75.jpg",113,75,true],"slider-content":["https:\/\/snsvietnam.com\/wp-content\/uploads\/2018\/05\/G62A3967-1.jpg",975,650,false],"testimonials":["https:\/\/snsvietnam.com\/wp-content\/uploads\/2018\/05\/G62A3967-1-85x85.jpg",85,85,true],"blog-navi":["https:\/\/snsvietnam.com\/wp-content\/uploads\/2018\/05\/G62A3967-1-80x80.jpg",80,80,true],"portfolio-mf":["https:\/\/snsvietnam.com\/wp-content\/uploads\/2018\/05\/G62A3967-1.jpg",975,650,false],"portfolio-mf-w":["https:\/\/snsvietnam.com\/wp-content\/uploads\/2018\/05\/G62A3967-1-975x500.jpg",975,500,true],"portfolio-mf-t":["https:\/\/snsvietnam.com\/wp-content\/uploads\/2018\/05\/G62A3967-1-768x650.jpg",768,650,true],"portfolio-list":["https:\/\/snsvietnam.com\/wp-content\/uploads\/2018\/05\/G62A3967-1.jpg",975,650,false],"blog-portfolio":["https:\/\/snsvietnam.com\/wp-content\/uploads\/2018\/05\/G62A3967-1-960x650.jpg",960,650,true],"blog-single":["https:\/\/snsvietnam.com\/wp-content\/uploads\/2018\/05\/G62A3967-1-975x480.jpg",975,480,true],"woocommerce_thumbnail":["https:\/\/snsvietnam.com\/wp-content\/uploads\/2018\/05\/G62A3967-1-300x300.jpg",300,300,true],"woocommerce_single":["https:\/\/snsvietnam.com\/wp-content\/uploads\/2018\/05\/G62A3967-1-600x400.jpg",600,400,true],"woocommerce_gallery_thumbnail":["https:\/\/snsvietnam.com\/wp-content\/uploads\/2018\/05\/G62A3967-1-100x100.jpg",100,100,true]},"rttpg_author":{"display_name":"admin","author_link":"https:\/\/snsvietnam.com\/en\/author\/admin\/"},"rttpg_comment":0,"rttpg_category":null,"rttpg_excerpt":"[vc_row][vc_column width=&#8221;1\/2&#8243;][vc_column_text] Th\u00f4ng tin li\u00ean h\u1ec7 v\u1edbi ch\u00fang t\u00f4i C\u00d4NG TY C\u1ed4 PH\u1ea6N C\u01a0 \u0110I\u1ec6N T\u1eec NEWSUN ASIA \u0110\u1ecba ch\u1ec9: No. 9, Nguyen Tri Phuong, Hai [\u2026]","_links":{"self":[{"href":"https:\/\/snsvietnam.com\/en\/wp-json\/wp\/v2\/pages\/426","targetHints":{"allow":["GET"]}}],"collection":[{"href":"https:\/\/snsvietnam.com\/en\/wp-json\/wp\/v2\/pages"}],"about":[{"href":"https:\/\/snsvietnam.com\/en\/wp-json\/wp\/v2\/types\/page"}],"author":[{"embeddable":true,"href":"https:\/\/snsvietnam.com\/en\/wp-json\/wp\/v2\/users\/1"}],"replies":[{"embeddable":true,"href":"https:\/\/snsvietnam.com\/en\/wp-json\/wp\/v2\/comments?post=426"}],"version-history":[{"count":0,"href":"https:\/\/snsvietnam.com\/en\/wp-json\/wp\/v2\/pages\/426\/revisions"}],"wp:featuredmedia":[{"embeddable":true,"href":"https:\/\/snsvietnam.com\/en\/wp-json\/wp\/v2\/media\/422"}],"wp:attachment":[{"href":"https:\/\/snsvietnam.com\/en\/wp-json\/wp\/v2\/media?parent=426"}],"curies":[{"name":"wp","href":"https:\/\/api.w.org\/{rel}","templated":true}]}}